{"id":4234,"date":"2025-01-21T17:44:42","date_gmt":"2025-01-21T09:44:42","guid":{"rendered":"https:\/\/www.yongjianceramic.com\/?post_type=product&#038;p=4234"},"modified":"2025-01-21T18:06:37","modified_gmt":"2025-01-21T10:06:37","slug":"dinnerware-bulk","status":"publish","type":"product","link":"https:\/\/www.yongjianceramic.com\/pt\/produto\/dinnerware-bulk\/","title":{"rendered":"Lou\u00e7a de cer\u00e2mica azul a granel, Lou\u00e7a de restaurante chique a granel"},"content":{"rendered":"<div class=\"wp-block-columns is-layout-flex wp-container-core-columns-is-layout-9d6595d7 wp-block-columns-is-layout-flex\">\n<div class=\"wp-block-column is-layout-flow wp-block-column-is-layout-flow\">\n<h2 class=\"wp-block-heading\">Servi\u00e7o de jantar Premium a granel Carater\u00edsticas:<\/h2>\n\n\n\n<ul class=\"wp-block-list\">\n<li><strong>O design elegante em azul real\u00e7a a beleza da mesa:<\/strong> A superf\u00edcie desta loi\u00e7a de cer\u00e2mica azul a granel \u00e9 combinada com um design de linhas suaves, tornando-a adequada para restaurantes e hot\u00e9is de alta classe ou utilizada em cenas especiais de banquetes.<\/li>\n\n\n\n<li><strong>V\u00e1rias op\u00e7\u00f5es de tamanho para satisfazer diversas necessidades: <\/strong>Pratos e ta\u00e7as de diferentes tamanhos fazem parte da nossa cole\u00e7\u00e3o de lou\u00e7a de restaurante para satisfazer diferentes utiliza\u00e7\u00f5es, desde o aperitivo, o prato principal at\u00e9 \u00e0 sobremesa, para satisfazer as necessidades de toda a refei\u00e7\u00e3o.<\/li>\n\n\n\n<li><strong>Material cer\u00e2mico de alta qualidade, dur\u00e1vel e f\u00e1cil de limpar: <\/strong>A mat\u00e9ria-prima cer\u00e2mica de alta qualidade \u00e9 utilizada na nossa loi\u00e7a a granel, que \u00e9 robusta e duradoura. A superf\u00edcie \u00e9 resistente a riscos e n\u00e3o se deforma facilmente, \u00e9 f\u00e1cil de limpar e pode ser utilizada em cen\u00e1rios de utiliza\u00e7\u00e3o frequente, como restaurantes e banquetes.<\/li>\n\n\n\n<li><strong>Fornecimento a granel para apoiar necessidades personalizadas: <\/strong>Fornecemos servi\u00e7os de fornecimento a granel para lou\u00e7a de restaurante a granel e apoiamos a personaliza\u00e7\u00e3o de cores, estilos e LOGOTIPO de acordo com as necessidades personalizadas dos clientes, como restaurantes e hot\u00e9is.<\/li>\n<\/ul>\n<\/div>\n\n\n\n<div class=\"wp-block-column is-layout-flow wp-block-column-is-layout-flow\">\n<figure class=\"wp-block-image size-full\"><img fetchpriority=\"high\" decoding=\"async\" width=\"800\" height=\"800\" src=\"https:\/\/www.yongjianceramic.com\/wp-content\/uploads\/2025\/01\/Blue-Ceramic-Dinnerware-Bulk-Fancy-Restaurant-Dishware-Bulk-5.webp\" alt=\"Lou\u00e7a de cer\u00e2mica azul a granel, Lou\u00e7a de restaurante chique a granel-5\" class=\"wp-image-4239\" srcset=\"https:\/\/www.yongjianceramic.com\/wp-content\/uploads\/2025\/01\/Blue-Ceramic-Dinnerware-Bulk-Fancy-Restaurant-Dishware-Bulk-5.webp 800w, https:\/\/www.yongjianceramic.com\/wp-content\/uploads\/2025\/01\/Blue-Ceramic-Dinnerware-Bulk-Fancy-Restaurant-Dishware-Bulk-5-300x300.webp 300w, https:\/\/www.yongjianceramic.com\/wp-content\/uploads\/2025\/01\/Blue-Ceramic-Dinnerware-Bulk-Fancy-Restaurant-Dishware-Bulk-5-150x150.webp 150w, https:\/\/www.yongjianceramic.com\/wp-content\/uploads\/2025\/01\/Blue-Ceramic-Dinnerware-Bulk-Fancy-Restaurant-Dishware-Bulk-5-768x768.webp 768w, https:\/\/www.yongjianceramic.com\/wp-content\/uploads\/2025\/01\/Blue-Ceramic-Dinnerware-Bulk-Fancy-Restaurant-Dishware-Bulk-5-12x12.webp 12w, https:\/\/www.yongjianceramic.com\/wp-content\/uploads\/2025\/01\/Blue-Ceramic-Dinnerware-Bulk-Fancy-Restaurant-Dishware-Bulk-5-285x285.webp 285w, https:\/\/www.yongjianceramic.com\/wp-content\/uploads\/2025\/01\/Blue-Ceramic-Dinnerware-Bulk-Fancy-Restaurant-Dishware-Bulk-5-270x270.webp 270w, https:\/\/www.yongjianceramic.com\/wp-content\/uploads\/2025\/01\/Blue-Ceramic-Dinnerware-Bulk-Fancy-Restaurant-Dishware-Bulk-5-540x540.webp 540w, https:\/\/www.yongjianceramic.com\/wp-content\/uploads\/2025\/01\/Blue-Ceramic-Dinnerware-Bulk-Fancy-Restaurant-Dishware-Bulk-5-660x660.webp 660w\" sizes=\"(max-width: 800px) 100vw, 800px\" \/><\/figure>\n<\/div>\n<\/div>","protected":false},"excerpt":{"rendered":"<div class=\"lRu31\" dir=\"ltr\">Bem-vindo \u00e0 compra de lou\u00e7a de restaurante a granel. A nossa lou\u00e7a de cer\u00e2mica azul a granel \u00e9 elegante e sofisticada, incluindo pratos e tigelas de v\u00e1rios tamanhos, adequados para a apresenta\u00e7\u00e3o de v\u00e1rios pratos. Cer\u00e2mica selecionada de alta qualidade, dur\u00e1vel e f\u00e1cil de limpar, especialmente adequada para restaurantes e hot\u00e9is de luxo.<\/div>\n<div dir=\"ltr\">\n<table style=\"border-collapse: collapse; width: 327.02pt;\" border=\"0\" width=\"654\" cellspacing=\"0\" cellpadding=\"0\">\n<tbody>\n<tr style=\"height: 16.50pt;\">\n<td class=\"et3\" style=\"height: 16.50pt; width: 127.20pt;\" width=\"254\" height=\"33\">Fabricante<\/td>\n<td class=\"et3\" style=\"width: 200.15pt;\" width=\"400\">Yongjian<\/td>\n<\/tr>\n<tr style=\"height: 16.50pt;\">\n<td class=\"et3\" style=\"height: 16.50pt;\" height=\"33\">Modelo n.<\/td>\n<td class=\"et4\" style=\"width: 200.15pt;\" width=\"400\">YJ-102<\/td>\n<\/tr>\n<tr style=\"height: 16.50pt;\">\n<td class=\"et5\" style=\"height: 16.50pt; width: 127.20pt;\" width=\"254\" height=\"33\">Tipo de lou\u00e7a<\/td>\n<td class=\"et5\" style=\"width: 200.15pt;\" width=\"400\">Pratos, travessas, ta\u00e7as<\/td>\n<\/tr>\n<tr style=\"height: 16.50pt;\">\n<td class=\"et3\" style=\"height: 16.50pt;\" height=\"33\">T\u00e9cnica<\/td>\n<td class=\"et3\">Efeito de esmalte de forno<\/td>\n<\/tr>\n<tr style=\"height: 16.50pt;\">\n<td class=\"et3\" style=\"height: 16.50pt;\" height=\"33\">Material<\/td>\n<td class=\"et3\">Porcelana<\/td>\n<\/tr>\n<tr style=\"height: 33.00pt;\">\n<td class=\"et6\" style=\"height: 33.00pt;\" height=\"66\">Aplic\u00e1vel<\/td>\n<td class=\"et5\" style=\"width: 200.15pt;\" width=\"400\">Esterilizador, M\u00e1quina de lavar loi\u00e7a, Forno, Micro-ondas<\/td>\n<\/tr>\n<tr style=\"height: 16.50pt;\">\n<td class=\"et3\" style=\"height: 16.50pt;\" height=\"33\">Dimens\u00e3o<\/td>\n<td class=\"et3\">Como imagem<\/td>\n<\/tr>\n<tr style=\"height: 16.50pt;\">\n<td class=\"et3\" style=\"height: 16.50pt;\" height=\"33\">MOQ<\/td>\n<td class=\"et3\">500 unidades<\/td>\n<\/tr>\n<tr style=\"height: 16.50pt;\">\n<td class=\"et3\" style=\"height: 16.50pt;\" height=\"33\">Personalizado<\/td>\n<td class=\"et3\">Cor\/tamanho\/log\u00f3tipo\/embalagem<\/td>\n<\/tr>\n<\/tbody>\n<\/table>\n<\/div>\n<div class=\"UdTY9 WdefRb\" aria-hidden=\"true\" data-location=\"2\">\u00a0<\/div>","protected":false},"featured_media":4237,"comment_status":"closed","ping_status":"closed","template":"","meta":{"_acf_changed":false},"product_brand":[],"product_cat":[64,85],"product_tag":[81],"class_list":{"0":"post-4234","1":"product","2":"type-product","3":"status-publish","4":"has-post-thumbnail","6":"product_cat-dinnerware-sets","7":"product_cat-wholesale-dinnerware-sets","8":"product_tag-modern-design-dinnerware-set-wholesale","10":"first","11":"instock","12":"shipping-taxable","13":"product-type-simple"},"acf":[],"_links":{"self":[{"href":"https:\/\/www.yongjianceramic.com\/pt\/wp-json\/wp\/v2\/product\/4234","targetHints":{"allow":["GET"]}}],"collection":[{"href":"https:\/\/www.yongjianceramic.com\/pt\/wp-json\/wp\/v2\/product"}],"about":[{"href":"https:\/\/www.yongjianceramic.com\/pt\/wp-json\/wp\/v2\/types\/product"}],"replies":[{"embeddable":true,"href":"https:\/\/www.yongjianceramic.com\/pt\/wp-json\/wp\/v2\/comments?post=4234"}],"wp:featuredmedia":[{"embeddable":true,"href":"https:\/\/www.yongjianceramic.com\/pt\/wp-json\/wp\/v2\/media\/4237"}],"wp:attachment":[{"href":"https:\/\/www.yongjianceramic.com\/pt\/wp-json\/wp\/v2\/media?parent=4234"}],"wp:term":[{"taxonomy":"product_brand","embeddable":true,"href":"https:\/\/www.yongjianceramic.com\/pt\/wp-json\/wp\/v2\/product_brand?post=4234"},{"taxonomy":"product_cat","embeddable":true,"href":"https:\/\/www.yongjianceramic.com\/pt\/wp-json\/wp\/v2\/product_cat?post=4234"},{"taxonomy":"product_tag","embeddable":true,"href":"https:\/\/www.yongjianceramic.com\/pt\/wp-json\/wp\/v2\/product_tag?post=4234"}],"curies":[{"name":"wp","href":"https:\/\/api.w.org\/{rel}","templated":true}]}}