{"id":4241,"date":"2025-01-21T17:59:54","date_gmt":"2025-01-21T09:59:54","guid":{"rendered":"https:\/\/www.yongjianceramic.com\/?post_type=product&#038;p=4241"},"modified":"2025-01-21T18:09:15","modified_gmt":"2025-01-21T10:09:15","slug":"wholesale-china-dinnerware","status":"publish","type":"product","link":"https:\/\/www.yongjianceramic.com\/pt\/produto\/wholesale-china-dinnerware\/","title":{"rendered":"Design Criativo Por Atacado de Lou\u00e7a de Jantar da China, Pratos e Ta\u00e7as Azuis a Granel"},"content":{"rendered":"<div class=\"wp-block-columns is-layout-flex wp-container-core-columns-is-layout-9d6595d7 wp-block-columns-is-layout-flex\">\n<div class=\"wp-block-column is-layout-flow wp-block-column-is-layout-flow\">\n<h2 class=\"wp-block-heading\">Servi\u00e7o de jantar Premium Wholesale China Carater\u00edsticas:<\/h2>\n\n\n\n<ul class=\"wp-block-list\">\n<li><strong>Design criativo \u00fanico, beleza art\u00edstica:<\/strong> A nossa loi\u00e7a de porcelana por atacado adopta tecnologia de mudan\u00e7a de forno, e o esmalte azul escuro flui naturalmente, mostrando uma textura profunda como o c\u00e9u noturno. Cada pe\u00e7a de lou\u00e7a de mesa \u00e9 uma obra de arte \u00fanica.<\/li>\n\n\n\n<li><strong>Combina\u00e7\u00e3o de v\u00e1rios tamanhos, praticidade abrangente: <\/strong>A nossa loi\u00e7a de porcelana por atacado inclui pratos e tigelas de v\u00e1rios tamanhos, desde aperitivos a pratos principais e sobremesas, que satisfazem plenamente as necessidades de utiliza\u00e7\u00e3o \u00e0 mesa e proporcionam comodidade e beleza para as refei\u00e7\u00f5es.<\/li>\n\n\n\n<li><strong>Materiais de alta qualidade, duradouros: <\/strong>Estes pratos e ta\u00e7as a granel s\u00e3o selecionados a partir de cer\u00e2mica cozida a alta temperatura, com superf\u00edcies suaves e delicadas, excelente resist\u00eancia aos riscos, dur\u00e1vel e f\u00e1cil de limpar, adequada para uma utiliza\u00e7\u00e3o frequente em ambientes dom\u00e9sticos e comerciais.<\/li>\n\n\n\n<li><strong>Fornecimento a granel para satisfazer necessidades personalizadas: <\/strong>Os nossos pratos e ta\u00e7as a granel suportam o fornecimento em grande escala e podem fornecer personaliza\u00e7\u00e3o exclusiva de acordo com as necessidades do cliente, incluindo tamanho, cor e design de log\u00f3tipo, adequado para compras comerciais, como restaurantes e hot\u00e9is.<\/li>\n<\/ul>\n<\/div>\n\n\n\n<div class=\"wp-block-column is-layout-flow wp-block-column-is-layout-flow\">\n<figure class=\"wp-block-image size-full\"><img fetchpriority=\"high\" decoding=\"async\" width=\"800\" height=\"800\" src=\"https:\/\/www.yongjianceramic.com\/wp-content\/uploads\/2025\/01\/Creative-Design-Wholesale-China-Dinnerware-Blue-Bulk-Plates-And-Bowls-4.webp\" alt=\"Design criativo por atacado de lou\u00e7a de jantar da China, pratos e tigelas azuis a granel-4\" class=\"wp-image-4245\" srcset=\"https:\/\/www.yongjianceramic.com\/wp-content\/uploads\/2025\/01\/Creative-Design-Wholesale-China-Dinnerware-Blue-Bulk-Plates-And-Bowls-4.webp 800w, https:\/\/www.yongjianceramic.com\/wp-content\/uploads\/2025\/01\/Creative-Design-Wholesale-China-Dinnerware-Blue-Bulk-Plates-And-Bowls-4-300x300.webp 300w, https:\/\/www.yongjianceramic.com\/wp-content\/uploads\/2025\/01\/Creative-Design-Wholesale-China-Dinnerware-Blue-Bulk-Plates-And-Bowls-4-150x150.webp 150w, https:\/\/www.yongjianceramic.com\/wp-content\/uploads\/2025\/01\/Creative-Design-Wholesale-China-Dinnerware-Blue-Bulk-Plates-And-Bowls-4-768x768.webp 768w, https:\/\/www.yongjianceramic.com\/wp-content\/uploads\/2025\/01\/Creative-Design-Wholesale-China-Dinnerware-Blue-Bulk-Plates-And-Bowls-4-12x12.webp 12w, https:\/\/www.yongjianceramic.com\/wp-content\/uploads\/2025\/01\/Creative-Design-Wholesale-China-Dinnerware-Blue-Bulk-Plates-And-Bowls-4-285x285.webp 285w, https:\/\/www.yongjianceramic.com\/wp-content\/uploads\/2025\/01\/Creative-Design-Wholesale-China-Dinnerware-Blue-Bulk-Plates-And-Bowls-4-270x270.webp 270w, https:\/\/www.yongjianceramic.com\/wp-content\/uploads\/2025\/01\/Creative-Design-Wholesale-China-Dinnerware-Blue-Bulk-Plates-And-Bowls-4-540x540.webp 540w, https:\/\/www.yongjianceramic.com\/wp-content\/uploads\/2025\/01\/Creative-Design-Wholesale-China-Dinnerware-Blue-Bulk-Plates-And-Bowls-4-660x660.webp 660w\" sizes=\"(max-width: 800px) 100vw, 800px\" \/><\/figure>\n<\/div>\n<\/div>","protected":false},"excerpt":{"rendered":"<div class=\"lRu31\" dir=\"ltr\">Bem-vindo \u00e0 compra de pratos e ta\u00e7as a granel. A nossa loi\u00e7a de porcelana azul escura por atacado com design criativo integra a beleza art\u00edstica na mesa de jantar, incluindo pratos e tigelas de v\u00e1rios tamanhos para satisfazer as necessidades de toda a refei\u00e7\u00e3o.<\/div>\n<div dir=\"ltr\">\n<table style=\"border-collapse: collapse; width: 327.02pt;\" border=\"0\" width=\"654\" cellspacing=\"0\" cellpadding=\"0\">\n<tbody>\n<tr style=\"height: 16.50pt;\">\n<td class=\"et3\" style=\"height: 16.50pt; width: 127.20pt;\" width=\"254\" height=\"33\">Fabricante<\/td>\n<td class=\"et3\" style=\"width: 200.15pt;\" width=\"400\">Yongjian<\/td>\n<\/tr>\n<tr style=\"height: 16.50pt;\">\n<td class=\"et3\" style=\"height: 16.50pt;\" height=\"33\">Modelo n.<\/td>\n<td class=\"et4\" style=\"width: 200.15pt;\" width=\"400\">YJ-103<\/td>\n<\/tr>\n<tr style=\"height: 16.50pt;\">\n<td class=\"et5\" style=\"height: 16.50pt; width: 127.20pt;\" width=\"254\" height=\"33\">Tipo de lou\u00e7a<\/td>\n<td class=\"et5\" style=\"width: 200.15pt;\" width=\"400\">Pratos, travessas, ta\u00e7as<\/td>\n<\/tr>\n<tr style=\"height: 16.50pt;\">\n<td class=\"et3\" style=\"height: 16.50pt;\" height=\"33\">T\u00e9cnica<\/td>\n<td class=\"et3\">Efeito de esmalte de forno<\/td>\n<\/tr>\n<tr style=\"height: 16.50pt;\">\n<td class=\"et3\" style=\"height: 16.50pt;\" height=\"33\">Material<\/td>\n<td class=\"et3\">Porcelana<\/td>\n<\/tr>\n<tr style=\"height: 33.00pt;\">\n<td class=\"et6\" style=\"height: 33.00pt;\" height=\"66\">Aplic\u00e1vel<\/td>\n<td class=\"et5\" style=\"width: 200.15pt;\" width=\"400\">Esterilizador, M\u00e1quina de lavar loi\u00e7a, Forno, Micro-ondas<\/td>\n<\/tr>\n<tr style=\"height: 16.50pt;\">\n<td class=\"et3\" style=\"height: 16.50pt;\" height=\"33\">Dimens\u00e3o<\/td>\n<td class=\"et3\">Como imagem<\/td>\n<\/tr>\n<tr style=\"height: 16.50pt;\">\n<td class=\"et3\" style=\"height: 16.50pt;\" height=\"33\">MOQ<\/td>\n<td class=\"et3\">500 unidades<\/td>\n<\/tr>\n<tr style=\"height: 16.50pt;\">\n<td class=\"et3\" style=\"height: 16.50pt;\" height=\"33\">Personalizado<\/td>\n<td class=\"et3\">Cor\/tamanho\/log\u00f3tipo\/embalagem<\/td>\n<\/tr>\n<\/tbody>\n<\/table>\n<\/div>\n<div class=\"UdTY9 WdefRb\" aria-hidden=\"true\" data-location=\"2\">\u00a0<\/div>","protected":false},"featured_media":4243,"comment_status":"closed","ping_status":"closed","template":"","meta":{"_acf_changed":false},"product_brand":[],"product_cat":[64,82],"product_tag":[81],"class_list":{"0":"post-4241","1":"product","2":"type-product","3":"status-publish","4":"has-post-thumbnail","6":"product_cat-dinnerware-sets","7":"product_cat-bulk-dinnerware-sets","8":"product_tag-modern-design-dinnerware-set-wholesale","10":"first","11":"instock","12":"shipping-taxable","13":"product-type-simple"},"acf":[],"_links":{"self":[{"href":"https:\/\/www.yongjianceramic.com\/pt\/wp-json\/wp\/v2\/product\/4241","targetHints":{"allow":["GET"]}}],"collection":[{"href":"https:\/\/www.yongjianceramic.com\/pt\/wp-json\/wp\/v2\/product"}],"about":[{"href":"https:\/\/www.yongjianceramic.com\/pt\/wp-json\/wp\/v2\/types\/product"}],"replies":[{"embeddable":true,"href":"https:\/\/www.yongjianceramic.com\/pt\/wp-json\/wp\/v2\/comments?post=4241"}],"wp:featuredmedia":[{"embeddable":true,"href":"https:\/\/www.yongjianceramic.com\/pt\/wp-json\/wp\/v2\/media\/4243"}],"wp:attachment":[{"href":"https:\/\/www.yongjianceramic.com\/pt\/wp-json\/wp\/v2\/media?parent=4241"}],"wp:term":[{"taxonomy":"product_brand","embeddable":true,"href":"https:\/\/www.yongjianceramic.com\/pt\/wp-json\/wp\/v2\/product_brand?post=4241"},{"taxonomy":"product_cat","embeddable":true,"href":"https:\/\/www.yongjianceramic.com\/pt\/wp-json\/wp\/v2\/product_cat?post=4241"},{"taxonomy":"product_tag","embeddable":true,"href":"https:\/\/www.yongjianceramic.com\/pt\/wp-json\/wp\/v2\/product_tag?post=4241"}],"curies":[{"name":"wp","href":"https:\/\/api.w.org\/{rel}","templated":true}]}}