{"id":4247,"date":"2025-01-21T18:29:36","date_gmt":"2025-01-21T10:29:36","guid":{"rendered":"https:\/\/www.yongjianceramic.com\/?post_type=product&#038;p=4247"},"modified":"2025-01-21T18:38:02","modified_gmt":"2025-01-21T10:38:02","slug":"wholesale-ceramic-dinnerware","status":"publish","type":"product","link":"https:\/\/www.yongjianceramic.com\/pt\/produto\/wholesale-ceramic-dinnerware\/","title":{"rendered":"Lou\u00e7a de cer\u00e2mica com desenho animado por atacado, conjuntos de lou\u00e7a comercial a granel"},"content":{"rendered":"<div class=\"wp-block-columns is-layout-flex wp-container-core-columns-is-layout-9d6595d7 wp-block-columns-is-layout-flex\">\n<div class=\"wp-block-column is-layout-flow wp-block-column-is-layout-flow\">\n<h2 class=\"wp-block-heading\">Servi\u00e7o de jantar em cer\u00e2mica por grosso de qualidade superior Carater\u00edsticas:<\/h2>\n\n\n\n<ul class=\"wp-block-list\">\n<li><strong>Design inovador em estilo cartoon: <\/strong>Esta loi\u00e7a de cer\u00e2mica por atacado \u00e9 decorada com linhas pontilhadas \u00fanicas, apresentando um estilo de desenho animado bidimensional. O seu aspeto \u00e9 interessante, conferindo um ambiente relaxante e agrad\u00e1vel \u00e0s refei\u00e7\u00f5es, e \u00e9 muito apreciado pelas fam\u00edlias e pelos jovens consumidores.<\/li>\n\n\n\n<li><strong>Diversas op\u00e7\u00f5es de cores e tamanhos: <\/strong>Os nossos conjuntos de loi\u00e7a comercial a granel oferecem uma cor rica e uma variedade de combina\u00e7\u00f5es de tamanhos, desde pequenas tigelas a pratos grandes, adaptando-se de forma flex\u00edvel a diferentes pratos e cen\u00e1rios de refei\u00e7\u00f5es para satisfazer diversas necessidades.<\/li>\n\n\n\n<li><strong>Cer\u00e2mica de alta qualidade, duradoura: <\/strong>A nossa lou\u00e7a de cer\u00e2mica por atacado \u00e9 feita de cer\u00e2mica cozida a alta temperatura, que tem excelente resist\u00eancia a riscos e manchas, f\u00e1cil de limpar e adequada para cenas comerciais de alta frequ\u00eancia, como restaurantes ou caf\u00e9s.<\/li>\n\n\n\n<li><strong>Fornecimento a granel e personaliza\u00e7\u00e3o: <\/strong>Apoiamos o fornecimento em grande escala de conjuntos de loi\u00e7a comercial a granel para satisfazer as necessidades de aquisi\u00e7\u00e3o comercial, e podemos fornecer servi\u00e7os de personaliza\u00e7\u00e3o exclusivos, incluindo correspond\u00eancia de cores e design LOGO, para ajudar as marcas a criar uma experi\u00eancia gastron\u00f3mica personalizada.<\/li>\n<\/ul>\n<\/div>\n\n\n\n<div class=\"wp-block-column is-layout-flow wp-block-column-is-layout-flow\">\n<figure class=\"wp-block-image size-full\"><img fetchpriority=\"high\" decoding=\"async\" width=\"800\" height=\"800\" src=\"https:\/\/www.yongjianceramic.com\/wp-content\/uploads\/2025\/01\/Cartoon-Design-Wholesale-dinnerware-Commercial-Crockery-Sets-Bulk-7.webp\" alt=\"Lou\u00e7a de cer\u00e2mica com desenho animado, conjuntos de lou\u00e7a comercial a granel-1\" class=\"wp-image-4254\" srcset=\"https:\/\/www.yongjianceramic.com\/wp-content\/uploads\/2025\/01\/Cartoon-Design-Wholesale-dinnerware-Commercial-Crockery-Sets-Bulk-7.webp 800w, https:\/\/www.yongjianceramic.com\/wp-content\/uploads\/2025\/01\/Cartoon-Design-Wholesale-dinnerware-Commercial-Crockery-Sets-Bulk-7-300x300.webp 300w, https:\/\/www.yongjianceramic.com\/wp-content\/uploads\/2025\/01\/Cartoon-Design-Wholesale-dinnerware-Commercial-Crockery-Sets-Bulk-7-150x150.webp 150w, https:\/\/www.yongjianceramic.com\/wp-content\/uploads\/2025\/01\/Cartoon-Design-Wholesale-dinnerware-Commercial-Crockery-Sets-Bulk-7-768x768.webp 768w, https:\/\/www.yongjianceramic.com\/wp-content\/uploads\/2025\/01\/Cartoon-Design-Wholesale-dinnerware-Commercial-Crockery-Sets-Bulk-7-12x12.webp 12w, https:\/\/www.yongjianceramic.com\/wp-content\/uploads\/2025\/01\/Cartoon-Design-Wholesale-dinnerware-Commercial-Crockery-Sets-Bulk-7-285x285.webp 285w, https:\/\/www.yongjianceramic.com\/wp-content\/uploads\/2025\/01\/Cartoon-Design-Wholesale-dinnerware-Commercial-Crockery-Sets-Bulk-7-270x270.webp 270w, https:\/\/www.yongjianceramic.com\/wp-content\/uploads\/2025\/01\/Cartoon-Design-Wholesale-dinnerware-Commercial-Crockery-Sets-Bulk-7-540x540.webp 540w, https:\/\/www.yongjianceramic.com\/wp-content\/uploads\/2025\/01\/Cartoon-Design-Wholesale-dinnerware-Commercial-Crockery-Sets-Bulk-7-660x660.webp 660w\" sizes=\"(max-width: 800px) 100vw, 800px\" \/><\/figure>\n<\/div>\n<\/div>","protected":false},"excerpt":{"rendered":"<div class=\"lRu31\" dir=\"ltr\">Bem-vindo \u00e0 compra de conjuntos de loi\u00e7a comercial. Esta lou\u00e7a de cer\u00e2mica por atacado, estilo desenho animado, \u00e9 decorada com linhas pontilhadas exclusivas para criar um efeito bidimensional, o que \u00e9 interessante. Oferece uma variedade de cores e tamanhos para atender \u00e0s necessidades de v\u00e1rias cenas e suporta fornecimento e personaliza\u00e7\u00e3o em grande escala.<\/div>\n<div dir=\"ltr\">\n<table style=\"border-collapse: collapse; width: 327.02pt;\" border=\"0\" width=\"654\" cellspacing=\"0\" cellpadding=\"0\">\n<tbody>\n<tr style=\"height: 16.50pt;\">\n<td class=\"et3\" style=\"height: 16.50pt; width: 127.20pt;\" width=\"254\" height=\"33\">Fabricante<\/td>\n<td class=\"et3\" style=\"width: 200.15pt;\" width=\"400\">Yongjian<\/td>\n<\/tr>\n<tr style=\"height: 16.50pt;\">\n<td class=\"et3\" style=\"height: 16.50pt;\" height=\"33\">Modelo n.<\/td>\n<td class=\"et4\" style=\"width: 200.15pt;\" width=\"400\">YJ-104<\/td>\n<\/tr>\n<tr style=\"height: 16.50pt;\">\n<td class=\"et5\" style=\"height: 16.50pt; width: 127.20pt;\" width=\"254\" height=\"33\">Tipo de lou\u00e7a<\/td>\n<td class=\"et5\" style=\"width: 200.15pt;\" width=\"400\">Pratos, travessas, ta\u00e7as<\/td>\n<\/tr>\n<tr style=\"height: 16.50pt;\">\n<td class=\"et3\" style=\"height: 16.50pt;\" height=\"33\">T\u00e9cnica<\/td>\n<td class=\"et3\">Efeito de esmalte de forno<\/td>\n<\/tr>\n<tr style=\"height: 16.50pt;\">\n<td class=\"et3\" style=\"height: 16.50pt;\" height=\"33\">Material<\/td>\n<td class=\"et3\">Porcelana<\/td>\n<\/tr>\n<tr style=\"height: 33.00pt;\">\n<td class=\"et6\" style=\"height: 33.00pt;\" height=\"66\">Aplic\u00e1vel<\/td>\n<td class=\"et5\" style=\"width: 200.15pt;\" width=\"400\">Esterilizador, M\u00e1quina de lavar loi\u00e7a, Forno, Micro-ondas<\/td>\n<\/tr>\n<tr style=\"height: 16.50pt;\">\n<td class=\"et3\" style=\"height: 16.50pt;\" height=\"33\">Dimens\u00e3o<\/td>\n<td class=\"et3\">Como imagem<\/td>\n<\/tr>\n<tr style=\"height: 16.50pt;\">\n<td class=\"et3\" style=\"height: 16.50pt;\" height=\"33\">MOQ<\/td>\n<td class=\"et3\">500 unidades<\/td>\n<\/tr>\n<tr style=\"height: 16.50pt;\">\n<td class=\"et3\" style=\"height: 16.50pt;\" height=\"33\">Personalizado<\/td>\n<td class=\"et3\">Cor\/tamanho\/log\u00f3tipo\/embalagem<\/td>\n<\/tr>\n<\/tbody>\n<\/table>\n<\/div>\n<div class=\"UdTY9 WdefRb\" aria-hidden=\"true\" data-location=\"2\">\u00a0<\/div>","protected":false},"featured_media":4255,"comment_status":"closed","ping_status":"closed","template":"","meta":{"_acf_changed":false},"product_brand":[],"product_cat":[64,82],"product_tag":[81],"class_list":{"0":"post-4247","1":"product","2":"type-product","3":"status-publish","4":"has-post-thumbnail","6":"product_cat-dinnerware-sets","7":"product_cat-bulk-dinnerware-sets","8":"product_tag-modern-design-dinnerware-set-wholesale","10":"first","11":"instock","12":"shipping-taxable","13":"product-type-simple"},"acf":[],"_links":{"self":[{"href":"https:\/\/www.yongjianceramic.com\/pt\/wp-json\/wp\/v2\/product\/4247","targetHints":{"allow":["GET"]}}],"collection":[{"href":"https:\/\/www.yongjianceramic.com\/pt\/wp-json\/wp\/v2\/product"}],"about":[{"href":"https:\/\/www.yongjianceramic.com\/pt\/wp-json\/wp\/v2\/types\/product"}],"replies":[{"embeddable":true,"href":"https:\/\/www.yongjianceramic.com\/pt\/wp-json\/wp\/v2\/comments?post=4247"}],"wp:featuredmedia":[{"embeddable":true,"href":"https:\/\/www.yongjianceramic.com\/pt\/wp-json\/wp\/v2\/media\/4255"}],"wp:attachment":[{"href":"https:\/\/www.yongjianceramic.com\/pt\/wp-json\/wp\/v2\/media?parent=4247"}],"wp:term":[{"taxonomy":"product_brand","embeddable":true,"href":"https:\/\/www.yongjianceramic.com\/pt\/wp-json\/wp\/v2\/product_brand?post=4247"},{"taxonomy":"product_cat","embeddable":true,"href":"https:\/\/www.yongjianceramic.com\/pt\/wp-json\/wp\/v2\/product_cat?post=4247"},{"taxonomy":"product_tag","embeddable":true,"href":"https:\/\/www.yongjianceramic.com\/pt\/wp-json\/wp\/v2\/product_tag?post=4247"}],"curies":[{"name":"wp","href":"https:\/\/api.w.org\/{rel}","templated":true}]}}