{"id":4283,"date":"2025-02-08T16:28:25","date_gmt":"2025-02-08T08:28:25","guid":{"rendered":"https:\/\/www.yongjianceramic.com\/?post_type=product&#038;p=4283"},"modified":"2025-02-08T16:41:59","modified_gmt":"2025-02-08T08:41:59","slug":"ramen-bowls-bulk","status":"publish","type":"product","link":"https:\/\/www.yongjianceramic.com\/pt\/produto\/ramen-bowls-bulk\/","title":{"rendered":"Tigelas de Ramen Japonesas Cl\u00e1ssicas a granel, Tigelas para Servir para Restaurantes"},"content":{"rendered":"<div class=\"wp-block-columns is-layout-flex wp-container-core-columns-is-layout-9d6595d7 wp-block-columns-is-layout-flex\">\n<div class=\"wp-block-column is-layout-flow wp-block-column-is-layout-flow\">\n<h2 class=\"wp-block-heading\">Tigelas de Ramen Premium Carater\u00edsticas a granel:<\/h2>\n\n\n\n<ul class=\"wp-block-list\">\n<li><strong>Design cl\u00e1ssico japon\u00eas retro:<\/strong> Este conjunto de tigelas de ramen em cer\u00e2mica adopta o estilo cl\u00e1ssico japon\u00eas retro, com linhas elegantes e suaves, e o design \u00e9 inspirado nas tigelas de ramen tradicionais. O seu design retro \u00e9 rico em patrim\u00f3nio cultural e moderno, o que \u00e9 muito adequado para exibir o tradicional ramen japon\u00eas, sopa de massa e outras iguarias.<\/li>\n\n\n\n<li><strong>Fundo da ta\u00e7a antiderrapante, est\u00e1vel e duradouro: <\/strong>O fundo antiderrapante evita que a tigela escorregue, garantindo durabilidade devido \u00e0 tecnologia antiderrapante adoptada no fundo das tigelas de servi\u00e7o de restaurante por atacado. N\u00e3o s\u00f3 evita que os utens\u00edlios de mesa escorreguem, como tamb\u00e9m acrescenta muita estabilidade durante a utiliza\u00e7\u00e3o. Pode garantir a estabilidade das ta\u00e7as durante a az\u00e1fama dos restaurantes e durante as refei\u00e7\u00f5es di\u00e1rias da fam\u00edlia, o que pode reduzir os derrames e o derrame de ta\u00e7as.<\/li>\n\n\n\n<li><strong>Est\u00e3o dispon\u00edveis tr\u00eas tamanhos: <\/strong>Estas tigelas de cer\u00e2mica para ramen v\u00eam em tr\u00eas tamanhos, nomeadamente 7,5, 8 e 9 polegadas, que podem ser utilizadas de acordo com diferentes tipos de ramen, sopa de noodles, saladas ou acompanhamentos. Quer se trate de uma pequena por\u00e7\u00e3o de sopa de massa ou de uma grande tigela de massa, pode encontrar o tamanho mais adequado.<\/li>\n\n\n\n<li><strong>Cozedura a alta temperatura, duradoura e resistente: <\/strong>O nosso restaurante que serve tigelas por atacado \u00e9 feito a partir da melhor mat\u00e9ria-prima cer\u00e2mica. \u00c9 cozido a alta temperatura, de modo que o corpo da tigela \u00e9 duro e resistente ao calor e arranh\u00f5es; a superf\u00edcie \u00e9 lisa e brilhante para facilitar a limpeza.<\/li>\n<\/ul>\n<\/div>\n\n\n\n<div class=\"wp-block-column is-vertically-aligned-center is-layout-flow wp-block-column-is-layout-flow\"><div class=\"wp-block-image\">\n<figure class=\"aligncenter size-full\"><img fetchpriority=\"high\" decoding=\"async\" width=\"720\" height=\"720\" src=\"https:\/\/www.yongjianceramic.com\/wp-content\/uploads\/2025\/02\/Classic-Japanese-Ramen-Bowls-Bulk-Restaurant-Supply-Serving-Bowls-3.jpg\" alt=\"Tigelas de Ramen Japonesas Cl\u00e1ssicas a Granel, Tigelas para Servir para Restaurantes - 3\" class=\"wp-image-4286\" srcset=\"https:\/\/www.yongjianceramic.com\/wp-content\/uploads\/2025\/02\/Classic-Japanese-Ramen-Bowls-Bulk-Restaurant-Supply-Serving-Bowls-3.jpg 720w, https:\/\/www.yongjianceramic.com\/wp-content\/uploads\/2025\/02\/Classic-Japanese-Ramen-Bowls-Bulk-Restaurant-Supply-Serving-Bowls-3-300x300.jpg 300w, https:\/\/www.yongjianceramic.com\/wp-content\/uploads\/2025\/02\/Classic-Japanese-Ramen-Bowls-Bulk-Restaurant-Supply-Serving-Bowls-3-150x150.jpg 150w, https:\/\/www.yongjianceramic.com\/wp-content\/uploads\/2025\/02\/Classic-Japanese-Ramen-Bowls-Bulk-Restaurant-Supply-Serving-Bowls-3-12x12.jpg 12w, https:\/\/www.yongjianceramic.com\/wp-content\/uploads\/2025\/02\/Classic-Japanese-Ramen-Bowls-Bulk-Restaurant-Supply-Serving-Bowls-3-285x285.jpg 285w, https:\/\/www.yongjianceramic.com\/wp-content\/uploads\/2025\/02\/Classic-Japanese-Ramen-Bowls-Bulk-Restaurant-Supply-Serving-Bowls-3-270x270.jpg 270w, https:\/\/www.yongjianceramic.com\/wp-content\/uploads\/2025\/02\/Classic-Japanese-Ramen-Bowls-Bulk-Restaurant-Supply-Serving-Bowls-3-540x540.jpg 540w, https:\/\/www.yongjianceramic.com\/wp-content\/uploads\/2025\/02\/Classic-Japanese-Ramen-Bowls-Bulk-Restaurant-Supply-Serving-Bowls-3-660x660.jpg 660w\" sizes=\"(max-width: 720px) 100vw, 720px\" \/><\/figure>\n<\/div><\/div>\n<\/div>","protected":false},"excerpt":{"rendered":"<p>Bem-vindo \u00e0 compra de tigelas para servir em restaurantes. As nossas ta\u00e7as de cer\u00e2mica para ramen a granel adoptam um design cl\u00e1ssico japon\u00eas retro, o fundo da ta\u00e7a \u00e9 antiderrapante e existem 3 tamanhos \u00e0 escolha, adequados para ramen, sopa de massa, saladas e outras iguarias.<\/p>\n<table style=\"border-collapse: collapse; width: 365.02pt;\" border=\"0\" width=\"365\" cellspacing=\"0\" cellpadding=\"0\">\n<tbody>\n<tr style=\"height: 17.60pt;\">\n<td class=\"et3\" style=\"height: 17.60pt; width: 120.25pt;\" width=\"120\" height=\"17\">Fabricante<\/td>\n<td class=\"et3\" style=\"width: 245.25pt;\" width=\"245\">Yongjian<\/td>\n<\/tr>\n<tr style=\"height: 18.00pt;\">\n<td class=\"et3\" style=\"height: 18.00pt;\" height=\"18\">Modelo n.<\/td>\n<td class=\"et4\" style=\"width: 245.25pt;\" width=\"245\">YJ-B02<\/td>\n<\/tr>\n<tr style=\"height: 18.00pt;\">\n<td class=\"et3\" style=\"height: 18.00pt;\" height=\"18\">Tipo de produto<\/td>\n<td class=\"et4\" style=\"width: 245.25pt;\" width=\"245\">Tigela de sopa e ramen<\/td>\n<\/tr>\n<tr style=\"height: 17.60pt;\">\n<td class=\"et3\" style=\"height: 17.60pt;\" height=\"17\">Material<\/td>\n<td class=\"et3\">Porcelana<\/td>\n<\/tr>\n<tr style=\"height: 17.60pt;\">\n<td class=\"et5\" style=\"height: 17.60pt;\" height=\"17\">Cor<\/td>\n<td class=\"et3\">Branco\/preto<\/td>\n<\/tr>\n<tr style=\"height: 18.00pt;\">\n<td class=\"et3\" style=\"height: 18.00pt;\" height=\"18\">Dimens\u00e3o<\/td>\n<td class=\"et4\" style=\"width: 245.25pt;\" width=\"245\">\n<p>7 polegadas:18,5*18,5*7,5, 8 polegadas:19,4*19,4*8, 9 polegadas:23*23*10<\/p>\n<\/td>\n<\/tr>\n<tr style=\"height: 17.60pt;\">\n<td class=\"et3\" style=\"height: 17.60pt;\" height=\"17\">MOQ<\/td>\n<td class=\"et3\">500 unidades<\/td>\n<\/tr>\n<tr style=\"height: 17.60pt;\">\n<td class=\"et3\" style=\"height: 17.60pt;\" height=\"17\">Personalizado<\/td>\n<td class=\"et3\">Cor\/tamanho\/log\u00f3tipo\/embalagem<\/td>\n<\/tr>\n<\/tbody>\n<\/table>","protected":false},"featured_media":4287,"comment_status":"closed","ping_status":"closed","template":"","meta":{"_acf_changed":false},"product_brand":[],"product_cat":[73,63],"product_tag":[88],"class_list":{"0":"post-4283","1":"product","2":"type-product","3":"status-publish","4":"has-post-thumbnail","6":"product_cat-bulk-soup-bowls","7":"product_cat-wholesale-bowls","8":"product_tag-japanese-style-dinnerware-set-wholesale","10":"first","11":"instock","12":"shipping-taxable","13":"product-type-simple"},"acf":[],"_links":{"self":[{"href":"https:\/\/www.yongjianceramic.com\/pt\/wp-json\/wp\/v2\/product\/4283","targetHints":{"allow":["GET"]}}],"collection":[{"href":"https:\/\/www.yongjianceramic.com\/pt\/wp-json\/wp\/v2\/product"}],"about":[{"href":"https:\/\/www.yongjianceramic.com\/pt\/wp-json\/wp\/v2\/types\/product"}],"replies":[{"embeddable":true,"href":"https:\/\/www.yongjianceramic.com\/pt\/wp-json\/wp\/v2\/comments?post=4283"}],"wp:featuredmedia":[{"embeddable":true,"href":"https:\/\/www.yongjianceramic.com\/pt\/wp-json\/wp\/v2\/media\/4287"}],"wp:attachment":[{"href":"https:\/\/www.yongjianceramic.com\/pt\/wp-json\/wp\/v2\/media?parent=4283"}],"wp:term":[{"taxonomy":"product_brand","embeddable":true,"href":"https:\/\/www.yongjianceramic.com\/pt\/wp-json\/wp\/v2\/product_brand?post=4283"},{"taxonomy":"product_cat","embeddable":true,"href":"https:\/\/www.yongjianceramic.com\/pt\/wp-json\/wp\/v2\/product_cat?post=4283"},{"taxonomy":"product_tag","embeddable":true,"href":"https:\/\/www.yongjianceramic.com\/pt\/wp-json\/wp\/v2\/product_tag?post=4283"}],"curies":[{"name":"wp","href":"https:\/\/api.w.org\/{rel}","templated":true}]}}