{"id":4296,"date":"2025-02-19T15:10:54","date_gmt":"2025-02-19T07:10:54","guid":{"rendered":"https:\/\/www.yongjianceramic.com\/?post_type=product&#038;p=4296"},"modified":"2025-02-19T15:10:57","modified_gmt":"2025-02-19T07:10:57","slug":"bespoke-dinnerware","status":"publish","type":"product","link":"https:\/\/www.yongjianceramic.com\/pt\/produto\/bespoke-dinnerware\/","title":{"rendered":"Servi\u00e7o de jantar delicado e personalizado a granel, pratos e ta\u00e7as por grosso"},"content":{"rendered":"<div class=\"wp-block-columns is-layout-flex wp-container-core-columns-is-layout-9d6595d7 wp-block-columns-is-layout-flex\">\n<div class=\"wp-block-column is-layout-flow wp-block-column-is-layout-flow\">\n<h2 class=\"wp-block-heading\">Servi\u00e7o de jantar Premium Bespoke Carater\u00edsticas:<\/h2>\n\n\n\n<ul class=\"wp-block-list\">\n<li><strong>Design cl\u00e1ssico de duas cores, simples mas de alta qualidade: <\/strong>Este servi\u00e7o de jantar personalizado tem o esquema de cores branco e azul-marinho, que, na sua simplicidade, \u00e9 elegante. \u00c9 compat\u00edvel com uma s\u00e9rie de designs de mesas de jantar e pode dar um toque de classe e bom gosto ao ambiente de jantar, quer seja para consumo familiar quotidiano ou para grandes banquetes.<\/li>\n\n\n\n<li><strong>Tecnologia de esmalte fosco, toque confort\u00e1vel e antiderrapante: <\/strong>Os nossos pratos e ta\u00e7as para venda por grosso s\u00e3o submetidos a um tratamento especial de esmalte fosco, com um toque suave e delicado. N\u00e3o s\u00f3 \u00e9 antiderrapante e f\u00e1cil de segurar, como tamb\u00e9m n\u00e3o deixa marcas de impress\u00f5es digitais. N\u00e3o s\u00f3 \u00e9 pr\u00e1tico, como tamb\u00e9m est\u00e1 na moda, acrescentando um luxo discreto \u00e0 loi\u00e7a.<\/li>\n\n\n\n<li><strong>Material cer\u00e2mico de alta resist\u00eancia, dur\u00e1vel e f\u00e1cil de limpar: <\/strong>A nossa loi\u00e7a personalizada \u00e9 produzida em cer\u00e2mica de alta qualidade, cozida a altas temperaturas e n\u00e3o \u00e9 f\u00e1cil de usar, \u00e9 duradoura e resistente. A superf\u00edcie \u00e9 lisa e f\u00e1cil de limpar e \u00e9 perfeita para uma utiliza\u00e7\u00e3o regular na restaura\u00e7\u00e3o dom\u00e9stica ou empresarial e manter-se-\u00e1 como nova durante anos.<\/li>\n\n\n\n<li><strong>Servi\u00e7o de personaliza\u00e7\u00e3o em massa para responder \u00e0s necessidades personalizadas:<\/strong> Os nossos pratos e ta\u00e7as por atacado podem ser mudados de cor, esmaltados ou impressos com log\u00f3tipos, padr\u00f5es ou texto de acordo com os clientes. Atrav\u00e9s da personaliza\u00e7\u00e3o, crie um estilo de marca pessoal e aumente o conhecimento da marca.<\/li>\n<\/ul>\n<\/div>\n\n\n\n<div class=\"wp-block-column is-layout-flow wp-block-column-is-layout-flow\">\n<figure class=\"wp-block-image size-full\"><img fetchpriority=\"high\" decoding=\"async\" width=\"800\" height=\"800\" src=\"https:\/\/www.yongjianceramic.com\/wp-content\/uploads\/2025\/02\/Tableware-Set-Supplier-Custom-Ceramic-Bowl-Chinese-Teaware-Wholesale-Reactive-Glazed-20.webp\" alt=\"Servi\u00e7o de jantar delicado e personalizado a granel, pratos e ta\u00e7as por grosso-2\" class=\"wp-image-4316\" srcset=\"https:\/\/www.yongjianceramic.com\/wp-content\/uploads\/2025\/02\/Tableware-Set-Supplier-Custom-Ceramic-Bowl-Chinese-Teaware-Wholesale-Reactive-Glazed-20.webp 800w, https:\/\/www.yongjianceramic.com\/wp-content\/uploads\/2025\/02\/Tableware-Set-Supplier-Custom-Ceramic-Bowl-Chinese-Teaware-Wholesale-Reactive-Glazed-20-300x300.webp 300w, https:\/\/www.yongjianceramic.com\/wp-content\/uploads\/2025\/02\/Tableware-Set-Supplier-Custom-Ceramic-Bowl-Chinese-Teaware-Wholesale-Reactive-Glazed-20-150x150.webp 150w, https:\/\/www.yongjianceramic.com\/wp-content\/uploads\/2025\/02\/Tableware-Set-Supplier-Custom-Ceramic-Bowl-Chinese-Teaware-Wholesale-Reactive-Glazed-20-768x768.webp 768w, https:\/\/www.yongjianceramic.com\/wp-content\/uploads\/2025\/02\/Tableware-Set-Supplier-Custom-Ceramic-Bowl-Chinese-Teaware-Wholesale-Reactive-Glazed-20-12x12.webp 12w, https:\/\/www.yongjianceramic.com\/wp-content\/uploads\/2025\/02\/Tableware-Set-Supplier-Custom-Ceramic-Bowl-Chinese-Teaware-Wholesale-Reactive-Glazed-20-285x285.webp 285w, https:\/\/www.yongjianceramic.com\/wp-content\/uploads\/2025\/02\/Tableware-Set-Supplier-Custom-Ceramic-Bowl-Chinese-Teaware-Wholesale-Reactive-Glazed-20-270x270.webp 270w, https:\/\/www.yongjianceramic.com\/wp-content\/uploads\/2025\/02\/Tableware-Set-Supplier-Custom-Ceramic-Bowl-Chinese-Teaware-Wholesale-Reactive-Glazed-20-540x540.webp 540w, https:\/\/www.yongjianceramic.com\/wp-content\/uploads\/2025\/02\/Tableware-Set-Supplier-Custom-Ceramic-Bowl-Chinese-Teaware-Wholesale-Reactive-Glazed-20-660x660.webp 660w\" sizes=\"(max-width: 800px) 100vw, 800px\" \/><\/figure>\n<\/div>\n<\/div>\n\n\n\n<p><\/p>","protected":false},"excerpt":{"rendered":"<p>Bem-vindo \u00e0 compra de pratos e ta\u00e7as por grosso. A nossa loi\u00e7a por medida em branco e azul escuro apresenta um padr\u00e3o de esmalte fosco, que \u00e9 delicado e elegante. O material cer\u00e2mico de alta qualidade \u00e9 seguro, dur\u00e1vel e permite a personaliza\u00e7\u00e3o em massa.<\/p>\n<table style=\"border-collapse: collapse; width: 327.02pt;\" border=\"0\" width=\"654\" cellspacing=\"0\" cellpadding=\"0\">\n<tbody>\n<tr style=\"height: 16.50pt;\">\n<td class=\"et3\" style=\"height: 16.50pt; width: 127.20pt;\" width=\"254\" height=\"33\">Fabricante<\/td>\n<td class=\"et3\" style=\"width: 200.15pt;\" width=\"400\">Yongjian<\/td>\n<\/tr>\n<tr style=\"height: 16.50pt;\">\n<td class=\"et3\" style=\"height: 16.50pt;\" height=\"33\">Modelo n.<\/td>\n<td class=\"et4\" style=\"width: 200.15pt;\" width=\"400\">YJ-104<\/td>\n<\/tr>\n<tr style=\"height: 16.50pt;\">\n<td class=\"et5\" style=\"height: 16.50pt; width: 127.20pt;\" width=\"254\" height=\"33\">Tipo de lou\u00e7a<\/td>\n<td class=\"et5\" style=\"width: 200.15pt;\" width=\"400\">Pratos, travessas, ta\u00e7as<\/td>\n<\/tr>\n<tr style=\"height: 16.50pt;\">\n<td class=\"et3\" style=\"height: 16.50pt;\" height=\"33\">T\u00e9cnica<\/td>\n<td class=\"et3\">Efeito de esmalte de forno<\/td>\n<\/tr>\n<tr style=\"height: 16.50pt;\">\n<td class=\"et3\" style=\"height: 16.50pt;\" height=\"33\">Material<\/td>\n<td class=\"et3\">Porcelana<\/td>\n<\/tr>\n<tr style=\"height: 33.00pt;\">\n<td class=\"et6\" style=\"height: 33.00pt;\" height=\"66\">Aplic\u00e1vel<\/td>\n<td class=\"et5\" style=\"width: 200.15pt;\" width=\"400\">Esterilizador, M\u00e1quina de lavar loi\u00e7a, Forno, Micro-ondas<\/td>\n<\/tr>\n<tr style=\"height: 16.50pt;\">\n<td class=\"et3\" style=\"height: 16.50pt;\" height=\"33\">Dimens\u00e3o<\/td>\n<td class=\"et3\">Como imagem<\/td>\n<\/tr>\n<tr style=\"height: 16.50pt;\">\n<td class=\"et3\" style=\"height: 16.50pt;\" height=\"33\">MOQ<\/td>\n<td class=\"et3\">500 unidades<\/td>\n<\/tr>\n<tr style=\"height: 16.50pt;\">\n<td class=\"et3\" style=\"height: 16.50pt;\" height=\"33\">Personalizado<\/td>\n<td class=\"et3\">Cor\/tamanho\/log\u00f3tipo\/embalagem<\/td>\n<\/tr>\n<\/tbody>\n<\/table>","protected":false},"featured_media":4315,"comment_status":"closed","ping_status":"closed","template":"","meta":{"_acf_changed":false},"product_brand":[],"product_cat":[64,82,85],"product_tag":[81,86],"class_list":{"0":"post-4296","1":"product","2":"type-product","3":"status-publish","4":"has-post-thumbnail","6":"product_cat-dinnerware-sets","7":"product_cat-bulk-dinnerware-sets","8":"product_cat-wholesale-dinnerware-sets","9":"product_tag-modern-design-dinnerware-set-wholesale","10":"product_tag-oriental-style-dinnerware-wholesale","12":"first","13":"instock","14":"shipping-taxable","15":"product-type-simple"},"acf":[],"_links":{"self":[{"href":"https:\/\/www.yongjianceramic.com\/pt\/wp-json\/wp\/v2\/product\/4296","targetHints":{"allow":["GET"]}}],"collection":[{"href":"https:\/\/www.yongjianceramic.com\/pt\/wp-json\/wp\/v2\/product"}],"about":[{"href":"https:\/\/www.yongjianceramic.com\/pt\/wp-json\/wp\/v2\/types\/product"}],"replies":[{"embeddable":true,"href":"https:\/\/www.yongjianceramic.com\/pt\/wp-json\/wp\/v2\/comments?post=4296"}],"wp:featuredmedia":[{"embeddable":true,"href":"https:\/\/www.yongjianceramic.com\/pt\/wp-json\/wp\/v2\/media\/4315"}],"wp:attachment":[{"href":"https:\/\/www.yongjianceramic.com\/pt\/wp-json\/wp\/v2\/media?parent=4296"}],"wp:term":[{"taxonomy":"product_brand","embeddable":true,"href":"https:\/\/www.yongjianceramic.com\/pt\/wp-json\/wp\/v2\/product_brand?post=4296"},{"taxonomy":"product_cat","embeddable":true,"href":"https:\/\/www.yongjianceramic.com\/pt\/wp-json\/wp\/v2\/product_cat?post=4296"},{"taxonomy":"product_tag","embeddable":true,"href":"https:\/\/www.yongjianceramic.com\/pt\/wp-json\/wp\/v2\/product_tag?post=4296"}],"curies":[{"name":"wp","href":"https:\/\/api.w.org\/{rel}","templated":true}]}}