{"id":4318,"date":"2025-02-19T14:47:17","date_gmt":"2025-02-19T06:47:17","guid":{"rendered":"https:\/\/www.yongjianceramic.com\/?post_type=product&#038;p=4318"},"modified":"2025-02-19T14:47:20","modified_gmt":"2025-02-19T06:47:20","slug":"soy-sauce-dishes-wholesale","status":"publish","type":"product","link":"https:\/\/www.yongjianceramic.com\/pt\/produto\/soy-sauce-dishes-wholesale\/","title":{"rendered":"Pratos de cer\u00e2mica para molho de soja por atacado, tigelas pequenas para mergulhar a granel"},"content":{"rendered":"<div class=\"wp-block-columns is-layout-flex wp-container-core-columns-is-layout-9d6595d7 wp-block-columns-is-layout-flex\">\n<div class=\"wp-block-column is-layout-flow wp-block-column-is-layout-flow\">\n<h2 class=\"wp-block-heading\">Pratos de Molho de Soja Premium Carater\u00edsticas por atacado:<\/h2>\n\n\n\n<ul class=\"wp-block-list\">\n<li><strong>Tecnologia de mudan\u00e7a de forno, obras de arte \u00fanicas: <\/strong>Os nossos pratos de molho de soja por atacado s\u00e3o feitos usando a tecnologia tradicional de mudan\u00e7a de forno, e cada prato de molho de soja tem uma textura \u00fanica de esmalte e efeito de gradiente de cor.<\/li>\n\n\n\n<li><strong>Requintado e compacto, economiza espa\u00e7o: <\/strong>Estas pequenas tigelas de imers\u00e3o a granel s\u00e3o requintadas e pequenas, feitas para guardar molho de soja, vinagre ou outro molho de imers\u00e3o, n\u00e3o ocupam muito espa\u00e7o na mesa de jantar, s\u00e3o f\u00e1ceis de guardar e, portanto, uma escolha requintada para refei\u00e7\u00f5es em fam\u00edlia ou refei\u00e7\u00f5es japonesas.<\/li>\n\n\n\n<li><strong>Cer\u00e2mica de alta qualidade, segura e duradoura: <\/strong>Estes pratos de molho de soja s\u00e3o feitos de materiais cer\u00e2micos de qualidade que foram cozidos a alta temperatura e t\u00eam um acabamento duro, n\u00e3o podem ser facilmente partidos, n\u00e3o s\u00e3o t\u00f3xicos e s\u00e3o amigos do ambiente.<\/li>\n\n\n\n<li><strong>Fornecimento a granel, apoio a servi\u00e7os personalizados: <\/strong>Fornecemos servi\u00e7os por atacado para pequenas tigelas de imers\u00e3o a granel, adequadas para restaurantes, lojas de comida japonesa ou actividades comerciais para comprar em grandes quantidades, e apoiamos servi\u00e7os personalizados e fornecemos amostras.<\/li>\n<\/ul>\n<\/div>\n\n\n\n<div class=\"wp-block-column is-layout-flow wp-block-column-is-layout-flow\">\n<figure class=\"wp-block-image size-full\"><img fetchpriority=\"high\" decoding=\"async\" width=\"800\" height=\"800\" src=\"https:\/\/www.yongjianceramic.com\/wp-content\/uploads\/2025\/02\/Wholesale-And-Custom-Ceramic-Plates-Sauce-Dishes-Bulk-Crockery-1.jpg\" alt=\"Pratos de cer\u00e2mica para molho de soja por atacado, pequenas tigelas de imers\u00e3o a granel-1\" class=\"wp-image-4319\" srcset=\"https:\/\/www.yongjianceramic.com\/wp-content\/uploads\/2025\/02\/Wholesale-And-Custom-Ceramic-Plates-Sauce-Dishes-Bulk-Crockery-1.jpg 800w, https:\/\/www.yongjianceramic.com\/wp-content\/uploads\/2025\/02\/Wholesale-And-Custom-Ceramic-Plates-Sauce-Dishes-Bulk-Crockery-1-300x300.jpg 300w, https:\/\/www.yongjianceramic.com\/wp-content\/uploads\/2025\/02\/Wholesale-And-Custom-Ceramic-Plates-Sauce-Dishes-Bulk-Crockery-1-150x150.jpg 150w, https:\/\/www.yongjianceramic.com\/wp-content\/uploads\/2025\/02\/Wholesale-And-Custom-Ceramic-Plates-Sauce-Dishes-Bulk-Crockery-1-768x768.jpg 768w, https:\/\/www.yongjianceramic.com\/wp-content\/uploads\/2025\/02\/Wholesale-And-Custom-Ceramic-Plates-Sauce-Dishes-Bulk-Crockery-1-12x12.jpg 12w, https:\/\/www.yongjianceramic.com\/wp-content\/uploads\/2025\/02\/Wholesale-And-Custom-Ceramic-Plates-Sauce-Dishes-Bulk-Crockery-1-285x285.jpg 285w, https:\/\/www.yongjianceramic.com\/wp-content\/uploads\/2025\/02\/Wholesale-And-Custom-Ceramic-Plates-Sauce-Dishes-Bulk-Crockery-1-270x270.jpg 270w, https:\/\/www.yongjianceramic.com\/wp-content\/uploads\/2025\/02\/Wholesale-And-Custom-Ceramic-Plates-Sauce-Dishes-Bulk-Crockery-1-540x540.jpg 540w, https:\/\/www.yongjianceramic.com\/wp-content\/uploads\/2025\/02\/Wholesale-And-Custom-Ceramic-Plates-Sauce-Dishes-Bulk-Crockery-1-660x660.jpg 660w\" sizes=\"(max-width: 800px) 100vw, 800px\" \/><\/figure>\n<\/div>\n<\/div>\n\n\n\n<p><\/p>","protected":false},"excerpt":{"rendered":"<p>Bem-vindo \u00e0 compra de pequenas tigelas de imers\u00e3o a granel. Estes pratos de molho de soja com tecnologia de mudan\u00e7a de forno por atacado s\u00e3o primorosamente projetados com beleza art\u00edstica \u00fanica, adequados para segurar molho de soja ou molhos de imers\u00e3o. Suporta personaliza\u00e7\u00e3o a granel, \u00e9 a escolha perfeita para restaurantes, lojas de comida japonesa ou jantares em fam\u00edlia.<\/p>\n<table style=\"border-collapse: collapse; width: 327.02pt;\" border=\"0\" width=\"654\" cellspacing=\"0\" cellpadding=\"0\">\n<tbody>\n<tr style=\"height: 16.50pt;\">\n<td class=\"et3\" style=\"height: 16.50pt; width: 127.20pt;\" width=\"254\" height=\"33\">Fabricante<\/td>\n<td class=\"et3\" style=\"width: 200.15pt;\" width=\"400\">Yongjian<\/td>\n<\/tr>\n<tr style=\"height: 16.50pt;\">\n<td class=\"et3\" style=\"height: 16.50pt;\" height=\"33\">Modelo n.<\/td>\n<td class=\"et4\" style=\"width: 200.15pt;\" width=\"400\">YJ-105<\/td>\n<\/tr>\n<tr style=\"height: 16.50pt;\">\n<td class=\"et3\" style=\"height: 16.50pt;\" height=\"33\">Tipo de produto<\/td>\n<td class=\"et3\">Prato de molho<\/td>\n<\/tr>\n<tr style=\"height: 16.50pt;\">\n<td class=\"et3\" style=\"height: 16.50pt;\" height=\"33\">Material<\/td>\n<td class=\"et3\">Porcelana<\/td>\n<\/tr>\n<tr style=\"height: 16.50pt;\">\n<td class=\"et5\" style=\"height: 16.50pt;\" height=\"33\">Cor<\/td>\n<td class=\"et3\">6 desenhos<\/td>\n<\/tr>\n<tr style=\"height: 16.50pt;\">\n<td class=\"et3\" style=\"height: 16.50pt;\" height=\"33\">Dimens\u00e3o<\/td>\n<td class=\"et6\" style=\"width: 200.15pt;\" width=\"400\">10,5*6,6*2,5cm<\/td>\n<\/tr>\n<tr style=\"height: 16.50pt;\">\n<td class=\"et3\" style=\"height: 16.50pt;\" height=\"33\">MOQ<\/td>\n<td class=\"et3\">500 unidades<\/td>\n<\/tr>\n<tr style=\"height: 16.50pt;\">\n<td class=\"et3\" style=\"height: 16.50pt;\" height=\"33\">Personalizado<\/td>\n<td class=\"et3\">Cor\/tamanho\/log\u00f3tipo\/embalagem<\/td>\n<\/tr>\n<\/tbody>\n<\/table>\n<p>&nbsp;<\/p>","protected":false},"featured_media":4323,"comment_status":"closed","ping_status":"closed","template":"","meta":{"_acf_changed":false},"product_brand":[],"product_cat":[62,92],"product_tag":[88],"class_list":{"0":"post-4318","1":"product","2":"type-product","3":"status-publish","4":"has-post-thumbnail","6":"product_cat-ceramic-plates-wholesale","7":"product_cat-small-dishes-wholesale","8":"product_tag-japanese-style-dinnerware-set-wholesale","10":"first","11":"instock","12":"shipping-taxable","13":"product-type-simple"},"acf":[],"_links":{"self":[{"href":"https:\/\/www.yongjianceramic.com\/pt\/wp-json\/wp\/v2\/product\/4318","targetHints":{"allow":["GET"]}}],"collection":[{"href":"https:\/\/www.yongjianceramic.com\/pt\/wp-json\/wp\/v2\/product"}],"about":[{"href":"https:\/\/www.yongjianceramic.com\/pt\/wp-json\/wp\/v2\/types\/product"}],"replies":[{"embeddable":true,"href":"https:\/\/www.yongjianceramic.com\/pt\/wp-json\/wp\/v2\/comments?post=4318"}],"wp:featuredmedia":[{"embeddable":true,"href":"https:\/\/www.yongjianceramic.com\/pt\/wp-json\/wp\/v2\/media\/4323"}],"wp:attachment":[{"href":"https:\/\/www.yongjianceramic.com\/pt\/wp-json\/wp\/v2\/media?parent=4318"}],"wp:term":[{"taxonomy":"product_brand","embeddable":true,"href":"https:\/\/www.yongjianceramic.com\/pt\/wp-json\/wp\/v2\/product_brand?post=4318"},{"taxonomy":"product_cat","embeddable":true,"href":"https:\/\/www.yongjianceramic.com\/pt\/wp-json\/wp\/v2\/product_cat?post=4318"},{"taxonomy":"product_tag","embeddable":true,"href":"https:\/\/www.yongjianceramic.com\/pt\/wp-json\/wp\/v2\/product_tag?post=4318"}],"curies":[{"name":"wp","href":"https:\/\/api.w.org\/{rel}","templated":true}]}}