{"id":4429,"date":"2025-03-20T14:58:30","date_gmt":"2025-03-20T06:58:30","guid":{"rendered":"https:\/\/www.yongjianceramic.com\/?post_type=product&#038;p=4429"},"modified":"2025-03-20T14:58:31","modified_gmt":"2025-03-20T06:58:31","slug":"wholesale-baking-pans","status":"publish","type":"product","link":"https:\/\/www.yongjianceramic.com\/pt\/produto\/wholesale-baking-pans\/","title":{"rendered":"Assadeiras redondas por atacado, assadeiras de cer\u00e2mica vermelha a granel"},"content":{"rendered":"<div class=\"wp-block-columns is-layout-flex wp-container-core-columns-is-layout-9d6595d7 wp-block-columns-is-layout-flex\">\n<div class=\"wp-block-column is-layout-flow wp-block-column-is-layout-flow\">\n<h2 class=\"wp-block-heading\">Formas de cozimento Premium Wholesale Carater\u00edsticas:<\/h2>\n\n\n\n<ul class=\"wp-block-list\">\n<li><strong>Combina\u00e7\u00e3o de cores retro:<\/strong> Os nossos tabuleiros por atacado t\u00eam uma base de esmalte vermelho cl\u00e1ssico com padr\u00e3o branco pintado \u00e0 m\u00e3o e pega castanha, oferecendo um estilo retro \u00fanico, que \u00e9 adequado para casa e restaurantes de alta qualidade.<\/li>\n\n\n\n<li><strong>Resistente ao calor e \u00e0 fissura\u00e7\u00e3o:<\/strong> Estes recipientes para pastelaria em cer\u00e2mica s\u00e3o cozidos a alta temperatura e podem suportar a cozedura a alta temperatura. N\u00e3o estalam nem se deformam. Podem ser utilizados no forno, no micro-ondas, na fritadeira e noutros aparelhos de cozedura.<\/li>\n\n\n\n<li><strong>Est\u00e1vel e f\u00e1cil de segurar:<\/strong> Estes tabuleiros de cozinha para venda por grosso t\u00eam um design ergon\u00f3mico e as pegas castanhas s\u00e3o f\u00e1ceis de agarrar e confort\u00e1veis de transportar. Mesmo os alimentos quentes podem ser facilmente transportados, o que \u00e9 melhor para a seguran\u00e7a na utiliza\u00e7\u00e3o.<\/li>\n\n\n\n<li><strong>Forte car\u00e1cter pr\u00e1tico: <\/strong>O nosso recipiente de cer\u00e2mica para cozer a granel pode ser aplicado a uma variedade de iguarias, tais como arroz cozido, bolo cozido, vegetais assados, massa cozida, etc. Tamb\u00e9m pode ser utilizado como expositor de mesa. \u00c9 uma \u00f3ptima op\u00e7\u00e3o para restaurantes e cozinhas dom\u00e9sticas.<\/li>\n<\/ul>\n<\/div>\n\n\n\n<div class=\"wp-block-column is-layout-flow wp-block-column-is-layout-flow\">\n<figure class=\"wp-block-image size-full\"><img fetchpriority=\"high\" decoding=\"async\" width=\"1600\" height=\"1600\" src=\"https:\/\/www.yongjianceramic.com\/wp-content\/uploads\/2025\/03\/Bulk-Dinnerware-Sets-Bohemian-Style-Red-Color-Pasta-Bowls-Custom-Dinner-Plate-Crockery-manufacturers-2.webp\" alt=\"Formas redondas para pastelaria por atacado, cer\u00e2mica vermelha para pastelaria Bulk-1\" class=\"wp-image-4431\" srcset=\"https:\/\/www.yongjianceramic.com\/wp-content\/uploads\/2025\/03\/Bulk-Dinnerware-Sets-Bohemian-Style-Red-Color-Pasta-Bowls-Custom-Dinner-Plate-Crockery-manufacturers-2.webp 1600w, https:\/\/www.yongjianceramic.com\/wp-content\/uploads\/2025\/03\/Bulk-Dinnerware-Sets-Bohemian-Style-Red-Color-Pasta-Bowls-Custom-Dinner-Plate-Crockery-manufacturers-2-300x300.webp 300w, https:\/\/www.yongjianceramic.com\/wp-content\/uploads\/2025\/03\/Bulk-Dinnerware-Sets-Bohemian-Style-Red-Color-Pasta-Bowls-Custom-Dinner-Plate-Crockery-manufacturers-2-150x150.webp 150w, https:\/\/www.yongjianceramic.com\/wp-content\/uploads\/2025\/03\/Bulk-Dinnerware-Sets-Bohemian-Style-Red-Color-Pasta-Bowls-Custom-Dinner-Plate-Crockery-manufacturers-2-768x768.webp 768w, https:\/\/www.yongjianceramic.com\/wp-content\/uploads\/2025\/03\/Bulk-Dinnerware-Sets-Bohemian-Style-Red-Color-Pasta-Bowls-Custom-Dinner-Plate-Crockery-manufacturers-2-12x12.webp 12w, https:\/\/www.yongjianceramic.com\/wp-content\/uploads\/2025\/03\/Bulk-Dinnerware-Sets-Bohemian-Style-Red-Color-Pasta-Bowls-Custom-Dinner-Plate-Crockery-manufacturers-2-285x285.webp 285w, https:\/\/www.yongjianceramic.com\/wp-content\/uploads\/2025\/03\/Bulk-Dinnerware-Sets-Bohemian-Style-Red-Color-Pasta-Bowls-Custom-Dinner-Plate-Crockery-manufacturers-2-270x270.webp 270w, https:\/\/www.yongjianceramic.com\/wp-content\/uploads\/2025\/03\/Bulk-Dinnerware-Sets-Bohemian-Style-Red-Color-Pasta-Bowls-Custom-Dinner-Plate-Crockery-manufacturers-2-540x540.webp 540w, https:\/\/www.yongjianceramic.com\/wp-content\/uploads\/2025\/03\/Bulk-Dinnerware-Sets-Bohemian-Style-Red-Color-Pasta-Bowls-Custom-Dinner-Plate-Crockery-manufacturers-2-660x660.webp 660w\" sizes=\"(max-width: 1600px) 100vw, 1600px\" \/><\/figure>\n<\/div>\n<\/div>","protected":false},"excerpt":{"rendered":"<p>Bem-vindo ao comprar panelas por grosso. Esta forma redonda de cer\u00e2mica vermelha para pastelaria a granel tem uma base vermelha com pegas castanhas e padr\u00f5es brancos. \u00c9 um design retro e cl\u00e1ssico, adequado para cozer em casa, em restaurantes e caf\u00e9s. Pode ser utilizada no forno, no micro-ondas, na m\u00e1quina de lavar lou\u00e7a e para fins funcionais e decorativos.<\/p>\n<table style=\"border-collapse: collapse; width: 327.02pt;\" border=\"0\" width=\"654\" cellspacing=\"0\" cellpadding=\"0\">\n<tbody>\n<tr style=\"height: 16.50pt;\">\n<td class=\"et3\" style=\"height: 16.50pt; width: 127.20pt;\" width=\"254\" height=\"33\">Fabricante<\/td>\n<td class=\"et3\" style=\"width: 200.15pt;\" width=\"400\">Yongjian<\/td>\n<\/tr>\n<tr style=\"height: 16.50pt;\">\n<td class=\"et3\" style=\"height: 16.50pt;\" height=\"33\">Modelo n.<\/td>\n<td class=\"et4\" style=\"width: 200.15pt;\" width=\"400\">YJ-111<\/td>\n<\/tr>\n<tr style=\"height: 16.50pt;\">\n<td class=\"et3\" style=\"height: 16.50pt;\" height=\"33\">Tipo de produto<\/td>\n<td class=\"et3\">Prato de servir<\/td>\n<\/tr>\n<tr style=\"height: 16.50pt;\">\n<td class=\"et3\" style=\"height: 16.50pt;\" height=\"33\">Material<\/td>\n<td class=\"et3\">Porcelana<\/td>\n<\/tr>\n<tr style=\"height: 16.50pt;\">\n<td class=\"et5\" style=\"height: 16.50pt;\" height=\"33\">Cor<\/td>\n<td class=\"et3\">Como imagem<\/td>\n<\/tr>\n<tr style=\"height: 16.50pt;\">\n<td class=\"et3\" style=\"height: 16.50pt;\" height=\"33\">Dimens\u00e3o<\/td>\n<td class=\"et6\" style=\"width: 200.15pt;\" width=\"400\">26*23*4,3cm<\/td>\n<\/tr>\n<tr style=\"height: 16.50pt;\">\n<td class=\"et3\" style=\"height: 16.50pt;\" height=\"33\">MOQ<\/td>\n<td class=\"et3\">500 unidades<\/td>\n<\/tr>\n<tr style=\"height: 16.50pt;\">\n<td class=\"et3\" style=\"height: 16.50pt;\" height=\"33\">Personalizado<\/td>\n<td class=\"et3\">Cor\/tamanho\/log\u00f3tipo\/embalagem<\/td>\n<\/tr>\n<\/tbody>\n<\/table>","protected":false},"featured_media":4430,"comment_status":"closed","ping_status":"closed","template":"","meta":{"_acf_changed":false},"product_brand":[],"product_cat":[62,99],"product_tag":[],"class_list":{"0":"post-4429","1":"product","2":"type-product","3":"status-publish","4":"has-post-thumbnail","6":"product_cat-ceramic-plates-wholesale","7":"product_cat-baking-dishes-wholesale","9":"first","10":"instock","11":"shipping-taxable","12":"product-type-simple"},"acf":[],"_links":{"self":[{"href":"https:\/\/www.yongjianceramic.com\/pt\/wp-json\/wp\/v2\/product\/4429","targetHints":{"allow":["GET"]}}],"collection":[{"href":"https:\/\/www.yongjianceramic.com\/pt\/wp-json\/wp\/v2\/product"}],"about":[{"href":"https:\/\/www.yongjianceramic.com\/pt\/wp-json\/wp\/v2\/types\/product"}],"replies":[{"embeddable":true,"href":"https:\/\/www.yongjianceramic.com\/pt\/wp-json\/wp\/v2\/comments?post=4429"}],"wp:featuredmedia":[{"embeddable":true,"href":"https:\/\/www.yongjianceramic.com\/pt\/wp-json\/wp\/v2\/media\/4430"}],"wp:attachment":[{"href":"https:\/\/www.yongjianceramic.com\/pt\/wp-json\/wp\/v2\/media?parent=4429"}],"wp:term":[{"taxonomy":"product_brand","embeddable":true,"href":"https:\/\/www.yongjianceramic.com\/pt\/wp-json\/wp\/v2\/product_brand?post=4429"},{"taxonomy":"product_cat","embeddable":true,"href":"https:\/\/www.yongjianceramic.com\/pt\/wp-json\/wp\/v2\/product_cat?post=4429"},{"taxonomy":"product_tag","embeddable":true,"href":"https:\/\/www.yongjianceramic.com\/pt\/wp-json\/wp\/v2\/product_tag?post=4429"}],"curies":[{"name":"wp","href":"https:\/\/api.w.org\/{rel}","templated":true}]}}