{"id":4436,"date":"2025-03-20T14:46:54","date_gmt":"2025-03-20T06:46:54","guid":{"rendered":"https:\/\/www.yongjianceramic.com\/?post_type=product&#038;p=4436"},"modified":"2025-03-20T14:46:56","modified_gmt":"2025-03-20T06:46:56","slug":"bakeware-wholesale","status":"publish","type":"product","link":"https:\/\/www.yongjianceramic.com\/pt\/produto\/bakeware-wholesale\/","title":{"rendered":"Bakeware de estilo bo\u00e9mio por atacado, pratos de ca\u00e7arola personalizados"},"content":{"rendered":"<div class=\"wp-block-columns is-layout-flex wp-container-core-columns-is-layout-9d6595d7 wp-block-columns-is-layout-flex\">\n<div class=\"wp-block-column is-layout-flow wp-block-column-is-layout-flow\">\n<h2 class=\"wp-block-heading\">Bakeware de cer\u00e2mica premium Carater\u00edsticas por atacado:<\/h2>\n\n\n\n<ul class=\"wp-block-list\">\n<li><strong>Estilo bo\u00e9mio:<\/strong> Este utens\u00edlio de cer\u00e2mica para cozer por atacado tem um esmalte verde e uma decora\u00e7\u00e3o branca pintada \u00e0 m\u00e3o e uma pega retro castanha, a marca de um forte estilo bo\u00e9mio.<\/li>\n\n\n\n<li><strong>Resistente ao calor e duradouro: <\/strong>As nossas ca\u00e7arolas personalizadas s\u00e3o compostas por materiais cer\u00e2micos de primeira qualidade, cozidos a alta temperatura, suportam cozedura a alta temperatura, n\u00e3o racham e podem ser colocadas diretamente no forno, no micro-ondas e na m\u00e1quina de lavar lou\u00e7a, adequadas para uso dom\u00e9stico frequente e uso comercial.<\/li>\n\n\n\n<li><strong>Pega ergon\u00f3mica: <\/strong>A pega castanha vintage dos nossos utens\u00edlios de pastelaria em cer\u00e2mica para venda por grosso tem um design ergon\u00f3mico, \u00e9 f\u00e1cil de agarrar, antiderrapante, confort\u00e1vel de agarrar e f\u00e1cil de manusear para cozer e servir sem esfor\u00e7o.<\/li>\n\n\n\n<li><strong>Design polivalente: <\/strong>Estas ca\u00e7arolas personalizadas foram concebidas para v\u00e1rias prepara\u00e7\u00f5es alimentares, como arroz cozido, legumes assados, massa cozida, sobremesas cozidas, etc. Tamb\u00e9m podem ser utilizadas como pratos decorativos para dar mais calor \u00e0 mesa de jantar.<\/li>\n<\/ul>\n<\/div>\n\n\n\n<div class=\"wp-block-column is-layout-flow wp-block-column-is-layout-flow\">\n<figure class=\"wp-block-image size-full\"><img fetchpriority=\"high\" decoding=\"async\" width=\"1600\" height=\"1600\" src=\"https:\/\/www.yongjianceramic.com\/wp-content\/uploads\/2025\/03\/Bohemian-Style-Green-Color-Baking-Plate-Ceramic-Plates-Suppliers-Wholesale-Pasta-Bowls-3.webp\" alt=\"Bakeware de estilo bo\u00e9mio por atacado, pratos de ca\u00e7arola personalizados-3\" class=\"wp-image-4445\" srcset=\"https:\/\/www.yongjianceramic.com\/wp-content\/uploads\/2025\/03\/Bohemian-Style-Green-Color-Baking-Plate-Ceramic-Plates-Suppliers-Wholesale-Pasta-Bowls-3.webp 1600w, https:\/\/www.yongjianceramic.com\/wp-content\/uploads\/2025\/03\/Bohemian-Style-Green-Color-Baking-Plate-Ceramic-Plates-Suppliers-Wholesale-Pasta-Bowls-3-300x300.webp 300w, https:\/\/www.yongjianceramic.com\/wp-content\/uploads\/2025\/03\/Bohemian-Style-Green-Color-Baking-Plate-Ceramic-Plates-Suppliers-Wholesale-Pasta-Bowls-3-150x150.webp 150w, https:\/\/www.yongjianceramic.com\/wp-content\/uploads\/2025\/03\/Bohemian-Style-Green-Color-Baking-Plate-Ceramic-Plates-Suppliers-Wholesale-Pasta-Bowls-3-768x768.webp 768w, https:\/\/www.yongjianceramic.com\/wp-content\/uploads\/2025\/03\/Bohemian-Style-Green-Color-Baking-Plate-Ceramic-Plates-Suppliers-Wholesale-Pasta-Bowls-3-12x12.webp 12w, https:\/\/www.yongjianceramic.com\/wp-content\/uploads\/2025\/03\/Bohemian-Style-Green-Color-Baking-Plate-Ceramic-Plates-Suppliers-Wholesale-Pasta-Bowls-3-285x285.webp 285w, https:\/\/www.yongjianceramic.com\/wp-content\/uploads\/2025\/03\/Bohemian-Style-Green-Color-Baking-Plate-Ceramic-Plates-Suppliers-Wholesale-Pasta-Bowls-3-270x270.webp 270w, https:\/\/www.yongjianceramic.com\/wp-content\/uploads\/2025\/03\/Bohemian-Style-Green-Color-Baking-Plate-Ceramic-Plates-Suppliers-Wholesale-Pasta-Bowls-3-540x540.webp 540w, https:\/\/www.yongjianceramic.com\/wp-content\/uploads\/2025\/03\/Bohemian-Style-Green-Color-Baking-Plate-Ceramic-Plates-Suppliers-Wholesale-Pasta-Bowls-3-660x660.webp 660w\" sizes=\"(max-width: 1600px) 100vw, 1600px\" \/><\/figure>\n<\/div>\n<\/div>","protected":false},"excerpt":{"rendered":"<p>Bem-vindo \u00e0 compra de utens\u00edlios de cozinha em cer\u00e2mica por grosso. Os nossos pratos de ca\u00e7arola personalizados de estilo bo\u00e9mio apresentam uma cor verde e um padr\u00e3o branco, repletos da atmosfera ex\u00f3tica e colorida da Bo\u00e9mia. \u00c9 resistente ao calor, f\u00e1cil de limpar e pode ir ao forno\/micro-ondas\/lava-lou\u00e7as.<\/p>\n<table style=\"border-collapse: collapse; width: 327.02pt;\" border=\"0\" width=\"654\" cellspacing=\"0\" cellpadding=\"0\">\n<tbody>\n<tr style=\"height: 16.50pt;\">\n<td class=\"et3\" style=\"height: 16.50pt; width: 127.20pt;\" width=\"254\" height=\"33\">Fabricante<\/td>\n<td class=\"et3\" style=\"width: 200.15pt;\" width=\"400\">Yongjian<\/td>\n<\/tr>\n<tr style=\"height: 16.50pt;\">\n<td class=\"et3\" style=\"height: 16.50pt;\" height=\"33\">Modelo n.<\/td>\n<td class=\"et4\" style=\"width: 200.15pt;\" width=\"400\">YJ-112<\/td>\n<\/tr>\n<tr style=\"height: 16.50pt;\">\n<td class=\"et3\" style=\"height: 16.50pt;\" height=\"33\">Tipo de produto<\/td>\n<td class=\"et3\">Prato de servir<\/td>\n<\/tr>\n<tr style=\"height: 16.50pt;\">\n<td class=\"et3\" style=\"height: 16.50pt;\" height=\"33\">Material<\/td>\n<td class=\"et3\">Porcelana<\/td>\n<\/tr>\n<tr style=\"height: 16.50pt;\">\n<td class=\"et5\" style=\"height: 16.50pt;\" height=\"33\">Cor<\/td>\n<td class=\"et3\">Como imagem<\/td>\n<\/tr>\n<tr style=\"height: 16.50pt;\">\n<td class=\"et3\" style=\"height: 16.50pt;\" height=\"33\">Dimens\u00e3o<\/td>\n<td class=\"et6\" style=\"width: 200.15pt;\" width=\"400\">26*23*4,3cm<\/td>\n<\/tr>\n<tr style=\"height: 16.50pt;\">\n<td class=\"et3\" style=\"height: 16.50pt;\" height=\"33\">MOQ<\/td>\n<td class=\"et3\">500 unidades<\/td>\n<\/tr>\n<tr style=\"height: 16.50pt;\">\n<td class=\"et3\" style=\"height: 16.50pt;\" height=\"33\">Personalizado<\/td>\n<td class=\"et3\">Cor\/tamanho\/log\u00f3tipo\/embalagem<\/td>\n<\/tr>\n<\/tbody>\n<\/table>","protected":false},"featured_media":4443,"comment_status":"closed","ping_status":"closed","template":"","meta":{"_acf_changed":false},"product_brand":[],"product_cat":[99,62],"product_tag":[],"class_list":{"0":"post-4436","1":"product","2":"type-product","3":"status-publish","4":"has-post-thumbnail","6":"product_cat-baking-dishes-wholesale","7":"product_cat-ceramic-plates-wholesale","9":"first","10":"instock","11":"shipping-taxable","12":"product-type-simple"},"acf":[],"_links":{"self":[{"href":"https:\/\/www.yongjianceramic.com\/pt\/wp-json\/wp\/v2\/product\/4436","targetHints":{"allow":["GET"]}}],"collection":[{"href":"https:\/\/www.yongjianceramic.com\/pt\/wp-json\/wp\/v2\/product"}],"about":[{"href":"https:\/\/www.yongjianceramic.com\/pt\/wp-json\/wp\/v2\/types\/product"}],"replies":[{"embeddable":true,"href":"https:\/\/www.yongjianceramic.com\/pt\/wp-json\/wp\/v2\/comments?post=4436"}],"wp:featuredmedia":[{"embeddable":true,"href":"https:\/\/www.yongjianceramic.com\/pt\/wp-json\/wp\/v2\/media\/4443"}],"wp:attachment":[{"href":"https:\/\/www.yongjianceramic.com\/pt\/wp-json\/wp\/v2\/media?parent=4436"}],"wp:term":[{"taxonomy":"product_brand","embeddable":true,"href":"https:\/\/www.yongjianceramic.com\/pt\/wp-json\/wp\/v2\/product_brand?post=4436"},{"taxonomy":"product_cat","embeddable":true,"href":"https:\/\/www.yongjianceramic.com\/pt\/wp-json\/wp\/v2\/product_cat?post=4436"},{"taxonomy":"product_tag","embeddable":true,"href":"https:\/\/www.yongjianceramic.com\/pt\/wp-json\/wp\/v2\/product_tag?post=4436"}],"curies":[{"name":"wp","href":"https:\/\/api.w.org\/{rel}","templated":true}]}}