{"id":4475,"date":"2025-04-08T12:22:40","date_gmt":"2025-04-08T04:22:40","guid":{"rendered":"https:\/\/www.yongjianceramic.com\/?post_type=product&#038;p=4475"},"modified":"2025-04-08T12:22:43","modified_gmt":"2025-04-08T04:22:43","slug":"baking-pans-wholesale","status":"publish","type":"product","link":"https:\/\/www.yongjianceramic.com\/pt\/produto\/baking-pans-wholesale\/","title":{"rendered":"Assadeiras de cer\u00e2mica modernas por atacado com cor azul de luxo"},"content":{"rendered":"<div class=\"wp-block-columns is-layout-flex wp-container-core-columns-is-layout-9d6595d7 wp-block-columns-is-layout-flex\">\n<div class=\"wp-block-column is-layout-flow wp-block-column-is-layout-flow\">\n<h2 class=\"wp-block-heading\">Formas de cozimento premium Carater\u00edsticas por atacado:<\/h2>\n\n\n\n<ul class=\"wp-block-list\">\n<li><strong>Conjunto de pastelaria, combina\u00e7\u00e3o de v\u00e1rios tamanhos: <\/strong>Os nossos tabuleiros de cer\u00e2mica por atacado est\u00e3o dispon\u00edveis em tr\u00eas tamanhos, que podem ser livremente combinados de acordo com as diferentes necessidades de cozedura. Adequadas para cozer, gratinar, grelhar e outros pratos, satisfazem as necessidades da restaura\u00e7\u00e3o familiar e comercial.<\/li>\n\n\n\n<li><strong>Branco no interior e cinzento-azul no exterior, simples e avan\u00e7ado: <\/strong>O interior deste forno de cozinha por atacado \u00e9 de esmalte branco puro, e o exterior \u00e9 azul-cinza escuro, mostrando um estilo simples e contempor\u00e2neo, adequado para v\u00e1rias configura\u00e7\u00f5es de mesa, e tornando o todo mais bonito.<\/li>\n\n\n\n<li><strong>Cer\u00e2mica resistente a altas temperaturas, amplamente aplic\u00e1vel: <\/strong>Estes tabuleiros de cer\u00e2mica s\u00e3o fabricados em cer\u00e2mica cozida a alta temperatura, com melhor resist\u00eancia ao calor e podem ser cozinhados com seguran\u00e7a em fornos micro-ondas, fornos, etc.<\/li>\n\n\n\n<li><strong>Esmalte liso, f\u00e1cil de limpar: <\/strong>O esmalte dos nossos utens\u00edlios de cozinha por atacado \u00e9 denso e suave, n\u00e3o \u00e9 f\u00e1cil de absorver manchas de \u00f3leo, \u00e9 resistente a riscos, \u00e9 simples de limpar e n\u00e3o causa preocupa\u00e7\u00f5es na utiliza\u00e7\u00e3o di\u00e1ria.<\/li>\n<\/ul>\n<\/div>\n\n\n\n<div class=\"wp-block-column is-layout-flow wp-block-column-is-layout-flow\">\n<figure class=\"wp-block-image size-full\"><img fetchpriority=\"high\" decoding=\"async\" width=\"1200\" height=\"1200\" src=\"https:\/\/www.yongjianceramic.com\/wp-content\/uploads\/2025\/04\/Modern-Bakingware-Set-Custom-Dinner-Plates-White-With-Blue-Color-Soup-Bowls-Tableware-Set-Factory-Bulk-3.webp\" alt=\"Assadeiras de cer\u00e2mica modernas por atacado com cor azul de luxo-1\" class=\"wp-image-4478\" srcset=\"https:\/\/www.yongjianceramic.com\/wp-content\/uploads\/2025\/04\/Modern-Bakingware-Set-Custom-Dinner-Plates-White-With-Blue-Color-Soup-Bowls-Tableware-Set-Factory-Bulk-3.webp 1200w, https:\/\/www.yongjianceramic.com\/wp-content\/uploads\/2025\/04\/Modern-Bakingware-Set-Custom-Dinner-Plates-White-With-Blue-Color-Soup-Bowls-Tableware-Set-Factory-Bulk-3-300x300.webp 300w, https:\/\/www.yongjianceramic.com\/wp-content\/uploads\/2025\/04\/Modern-Bakingware-Set-Custom-Dinner-Plates-White-With-Blue-Color-Soup-Bowls-Tableware-Set-Factory-Bulk-3-150x150.webp 150w, https:\/\/www.yongjianceramic.com\/wp-content\/uploads\/2025\/04\/Modern-Bakingware-Set-Custom-Dinner-Plates-White-With-Blue-Color-Soup-Bowls-Tableware-Set-Factory-Bulk-3-768x768.webp 768w, https:\/\/www.yongjianceramic.com\/wp-content\/uploads\/2025\/04\/Modern-Bakingware-Set-Custom-Dinner-Plates-White-With-Blue-Color-Soup-Bowls-Tableware-Set-Factory-Bulk-3-12x12.webp 12w, https:\/\/www.yongjianceramic.com\/wp-content\/uploads\/2025\/04\/Modern-Bakingware-Set-Custom-Dinner-Plates-White-With-Blue-Color-Soup-Bowls-Tableware-Set-Factory-Bulk-3-285x285.webp 285w, https:\/\/www.yongjianceramic.com\/wp-content\/uploads\/2025\/04\/Modern-Bakingware-Set-Custom-Dinner-Plates-White-With-Blue-Color-Soup-Bowls-Tableware-Set-Factory-Bulk-3-270x270.webp 270w, https:\/\/www.yongjianceramic.com\/wp-content\/uploads\/2025\/04\/Modern-Bakingware-Set-Custom-Dinner-Plates-White-With-Blue-Color-Soup-Bowls-Tableware-Set-Factory-Bulk-3-540x540.webp 540w, https:\/\/www.yongjianceramic.com\/wp-content\/uploads\/2025\/04\/Modern-Bakingware-Set-Custom-Dinner-Plates-White-With-Blue-Color-Soup-Bowls-Tableware-Set-Factory-Bulk-3-660x660.webp 660w\" sizes=\"(max-width: 1200px) 100vw, 1200px\" \/><\/figure>\n<\/div>\n<\/div>\n\n\n\n<p><\/p>","protected":false},"excerpt":{"rendered":"<div class=\"lRu31\" dir=\"ltr\">Bem-vindo ao comprar panelas de cer\u00e2mica por grosso. Este moderno utens\u00edlio de cozinha por atacado tem um interior branco e um exterior cinzento-azulado escuro. \u00c9 bonito e est\u00e1 na moda. \u00c9 fornecido em tr\u00eas tamanhos e \u00e9 perfeito para v\u00e1rios pratos como gratinado e guisado.<\/p>\n<div class=\"OvtS8d\">\n<table style=\"border-collapse: collapse; width: 327.02pt;\" border=\"0\" width=\"654\" cellspacing=\"0\" cellpadding=\"0\">\n<tbody>\n<tr style=\"height: 16.50pt;\">\n<td class=\"et3\" style=\"height: 16.50pt; width: 127.20pt;\" width=\"254\" height=\"33\">Fabricante<\/td>\n<td class=\"et3\" style=\"width: 200.15pt;\" width=\"400\">Yongjian<\/td>\n<\/tr>\n<tr style=\"height: 16.50pt;\">\n<td class=\"et3\" style=\"height: 16.50pt;\" height=\"33\">Modelo n.<\/td>\n<td class=\"et4\" style=\"width: 200.15pt;\" width=\"400\">YJ-113<\/td>\n<\/tr>\n<tr style=\"height: 16.50pt;\">\n<td class=\"et3\" style=\"height: 16.50pt;\" height=\"33\">Tipo de produto<\/td>\n<td class=\"et3\">Prato de servir<\/td>\n<\/tr>\n<tr style=\"height: 16.50pt;\">\n<td class=\"et3\" style=\"height: 16.50pt;\" height=\"33\">Material<\/td>\n<td class=\"et3\">Porcelana<\/td>\n<\/tr>\n<tr style=\"height: 16.50pt;\">\n<td class=\"et5\" style=\"height: 16.50pt;\" height=\"33\">Cor<\/td>\n<td class=\"et3\">Como imagem<\/td>\n<\/tr>\n<tr style=\"height: 49.50pt;\">\n<td class=\"et3\" style=\"height: 49.50pt;\" height=\"99\">Dimens\u00e3o<\/td>\n<td class=\"et6\" style=\"width: 200.15pt;\" width=\"400\">21*15*5cm 25,4*19*5,5cm 30,5*21,6*5,8cm<\/td>\n<\/tr>\n<tr style=\"height: 16.50pt;\">\n<td class=\"et3\" style=\"height: 16.50pt;\" height=\"33\">MOQ<\/td>\n<td class=\"et3\">500 unidades<\/td>\n<\/tr>\n<tr style=\"height: 16.50pt;\">\n<td class=\"et3\" style=\"height: 16.50pt;\" height=\"33\">Personalizado<\/td>\n<td class=\"et3\">Cor\/tamanho\/log\u00f3tipo\/embalagem<\/td>\n<\/tr>\n<\/tbody>\n<\/table>\n<\/div>\n<div id=\"ow17\">\u00a0<\/div>\n<\/div>\n<div class=\"UdTY9 WdefRb\" aria-hidden=\"true\" data-location=\"2\">\u00a0<\/div>","protected":false},"featured_media":4480,"comment_status":"closed","ping_status":"closed","template":"","meta":{"_acf_changed":false},"product_brand":[],"product_cat":[99,62],"product_tag":[],"class_list":{"0":"post-4475","1":"product","2":"type-product","3":"status-publish","4":"has-post-thumbnail","6":"product_cat-baking-dishes-wholesale","7":"product_cat-ceramic-plates-wholesale","9":"first","10":"instock","11":"shipping-taxable","12":"product-type-simple"},"acf":[],"_links":{"self":[{"href":"https:\/\/www.yongjianceramic.com\/pt\/wp-json\/wp\/v2\/product\/4475","targetHints":{"allow":["GET"]}}],"collection":[{"href":"https:\/\/www.yongjianceramic.com\/pt\/wp-json\/wp\/v2\/product"}],"about":[{"href":"https:\/\/www.yongjianceramic.com\/pt\/wp-json\/wp\/v2\/types\/product"}],"replies":[{"embeddable":true,"href":"https:\/\/www.yongjianceramic.com\/pt\/wp-json\/wp\/v2\/comments?post=4475"}],"wp:featuredmedia":[{"embeddable":true,"href":"https:\/\/www.yongjianceramic.com\/pt\/wp-json\/wp\/v2\/media\/4480"}],"wp:attachment":[{"href":"https:\/\/www.yongjianceramic.com\/pt\/wp-json\/wp\/v2\/media?parent=4475"}],"wp:term":[{"taxonomy":"product_brand","embeddable":true,"href":"https:\/\/www.yongjianceramic.com\/pt\/wp-json\/wp\/v2\/product_brand?post=4475"},{"taxonomy":"product_cat","embeddable":true,"href":"https:\/\/www.yongjianceramic.com\/pt\/wp-json\/wp\/v2\/product_cat?post=4475"},{"taxonomy":"product_tag","embeddable":true,"href":"https:\/\/www.yongjianceramic.com\/pt\/wp-json\/wp\/v2\/product_tag?post=4475"}],"curies":[{"name":"wp","href":"https:\/\/api.w.org\/{rel}","templated":true}]}}