{"id":4481,"date":"2025-04-08T12:13:23","date_gmt":"2025-04-08T04:13:23","guid":{"rendered":"https:\/\/www.yongjianceramic.com\/?post_type=product&#038;p=4481"},"modified":"2025-04-08T12:13:50","modified_gmt":"2025-04-08T04:13:50","slug":"baking-dishes-wholesale","status":"publish","type":"product","link":"https:\/\/www.yongjianceramic.com\/pt\/produto\/baking-dishes-wholesale\/","title":{"rendered":"Pratos de cer\u00e2mica para assar por atacado, ca\u00e7arolas para assar a granel"},"content":{"rendered":"<div class=\"wp-block-columns is-layout-flex wp-container-core-columns-is-layout-9d6595d7 wp-block-columns-is-layout-flex\">\n<div class=\"wp-block-column is-layout-flow wp-block-column-is-layout-flow\">\n<h2 class=\"wp-block-heading\">Pratos para assar Premium Carater\u00edsticas por atacado:<\/h2>\n\n\n\n<ul class=\"wp-block-list\">\n<li><strong>Tabuleiro quadrado, moderno e pr\u00e1tico: <\/strong>Os nossos pratos de cer\u00e2mica para assar por atacado t\u00eam uma forma quadrada que proporciona um espa\u00e7o mais acess\u00edvel e \u00e9 simples de adicionar os ingredientes. Pode ser utilizada em muitos m\u00e9todos de cozedura diferentes, como gratinar, cozer, estufar, etc.<\/li>\n\n\n\n<li><strong>Combina\u00e7\u00e3o cl\u00e1ssica de cores, simples e vers\u00e1til: <\/strong>O corpo branco puro da nossa loi\u00e7a de cer\u00e2mica para pastelaria por atacado \u00e9 combinado com um delicado rebordo preto, simples mas elegante, adequado para qualquer mesa de jantar, ideal para fam\u00edlias e servi\u00e7os de catering.<\/li>\n\n\n\n<li><strong>Cer\u00e2mica de alta temperatura, resistente ao calor e est\u00e1vel:<\/strong> Estes pratos de cer\u00e2mica para assar por atacado possuem uma excelente resist\u00eancia ao calor e podem ser utilizados com seguran\u00e7a em fornos, fornos de micro-ondas, etc., para que os alimentos sejam aquecidos uniformemente e a cozedura se torne mais f\u00e1cil.<\/li>\n\n\n\n<li><strong>Esmalte liso, f\u00e1cil de limpar e manter:<\/strong> O nosso esmalte para pastelaria de cer\u00e2mica por atacado \u00e9 suave e fino, n\u00e3o \u00e9 f\u00e1cil de absorver manchas de \u00f3leo, resistente a riscos, f\u00e1cil de limpar ap\u00f3s a utiliza\u00e7\u00e3o, especialmente para hot\u00e9is e restaurantes de uso di\u00e1rio.<\/li>\n<\/ul>\n<\/div>\n\n\n\n<div class=\"wp-block-column is-layout-flow wp-block-column-is-layout-flow\">\n<figure class=\"wp-block-image size-full\"><img fetchpriority=\"high\" decoding=\"async\" width=\"800\" height=\"800\" src=\"https:\/\/www.yongjianceramic.com\/wp-content\/uploads\/2025\/04\/Wholesale-Ceramic-Crockery-Backing-Plate-Ceramic-Bakeware-Serving-Bowls-Dinnerware-Manufacturers-2-1.webp\" alt=\"Pratos de cer\u00e2mica para assar por atacado, ca\u00e7arolas para assar a granel-2\" class=\"wp-image-4490\" srcset=\"https:\/\/www.yongjianceramic.com\/wp-content\/uploads\/2025\/04\/Wholesale-Ceramic-Crockery-Backing-Plate-Ceramic-Bakeware-Serving-Bowls-Dinnerware-Manufacturers-2-1.webp 800w, https:\/\/www.yongjianceramic.com\/wp-content\/uploads\/2025\/04\/Wholesale-Ceramic-Crockery-Backing-Plate-Ceramic-Bakeware-Serving-Bowls-Dinnerware-Manufacturers-2-1-300x300.webp 300w, https:\/\/www.yongjianceramic.com\/wp-content\/uploads\/2025\/04\/Wholesale-Ceramic-Crockery-Backing-Plate-Ceramic-Bakeware-Serving-Bowls-Dinnerware-Manufacturers-2-1-150x150.webp 150w, https:\/\/www.yongjianceramic.com\/wp-content\/uploads\/2025\/04\/Wholesale-Ceramic-Crockery-Backing-Plate-Ceramic-Bakeware-Serving-Bowls-Dinnerware-Manufacturers-2-1-768x768.webp 768w, https:\/\/www.yongjianceramic.com\/wp-content\/uploads\/2025\/04\/Wholesale-Ceramic-Crockery-Backing-Plate-Ceramic-Bakeware-Serving-Bowls-Dinnerware-Manufacturers-2-1-12x12.webp 12w, https:\/\/www.yongjianceramic.com\/wp-content\/uploads\/2025\/04\/Wholesale-Ceramic-Crockery-Backing-Plate-Ceramic-Bakeware-Serving-Bowls-Dinnerware-Manufacturers-2-1-285x285.webp 285w, https:\/\/www.yongjianceramic.com\/wp-content\/uploads\/2025\/04\/Wholesale-Ceramic-Crockery-Backing-Plate-Ceramic-Bakeware-Serving-Bowls-Dinnerware-Manufacturers-2-1-270x270.webp 270w, https:\/\/www.yongjianceramic.com\/wp-content\/uploads\/2025\/04\/Wholesale-Ceramic-Crockery-Backing-Plate-Ceramic-Bakeware-Serving-Bowls-Dinnerware-Manufacturers-2-1-540x540.webp 540w, https:\/\/www.yongjianceramic.com\/wp-content\/uploads\/2025\/04\/Wholesale-Ceramic-Crockery-Backing-Plate-Ceramic-Bakeware-Serving-Bowls-Dinnerware-Manufacturers-2-1-660x660.webp 660w\" sizes=\"(max-width: 800px) 100vw, 800px\" \/><\/figure>\n<\/div>\n<\/div>","protected":false},"excerpt":{"rendered":"<p>Bem-vindo \u00e0 compra de assadeiras de cer\u00e2mica por atacado. Os nossos pratos quadrados para assar por atacado adoptam um design simples em branco com moldura preta, moderno e elegante, adequado para assar, gratinar, estufar e outros pratos, adequado tanto para casa como para a restaura\u00e7\u00e3o comercial.<\/p>\n<table style=\"border-collapse: collapse; width: 327.02pt;\" border=\"0\" width=\"654\" cellspacing=\"0\" cellpadding=\"0\">\n<tbody>\n<tr style=\"height: 16.50pt;\">\n<td class=\"et3\" style=\"height: 16.50pt; width: 127.20pt;\" width=\"254\" height=\"33\">Fabricante<\/td>\n<td class=\"et3\" style=\"width: 200.15pt;\" width=\"400\">Yongjian<\/td>\n<\/tr>\n<tr style=\"height: 16.50pt;\">\n<td class=\"et3\" style=\"height: 16.50pt;\" height=\"33\">Modelo n.<\/td>\n<td class=\"et4\" style=\"width: 200.15pt;\" width=\"400\">YJ-114<\/td>\n<\/tr>\n<tr style=\"height: 16.50pt;\">\n<td class=\"et3\" style=\"height: 16.50pt;\" height=\"33\">Tipo de produto<\/td>\n<td class=\"et3\">Prato de servir<\/td>\n<\/tr>\n<tr style=\"height: 16.50pt;\">\n<td class=\"et3\" style=\"height: 16.50pt;\" height=\"33\">Material<\/td>\n<td class=\"et3\">Porcelana<\/td>\n<\/tr>\n<tr style=\"height: 16.50pt;\">\n<td class=\"et5\" style=\"height: 16.50pt;\" height=\"33\">Cor<\/td>\n<td class=\"et3\">Como imagem<\/td>\n<\/tr>\n<tr style=\"height: 16.50pt;\">\n<td class=\"et3\" style=\"height: 16.50pt;\" height=\"33\">Dimens\u00e3o<\/td>\n<td class=\"et6\" style=\"width: 200.15pt;\" width=\"400\">14,5*11,5*5,5cm<\/td>\n<\/tr>\n<tr style=\"height: 16.50pt;\">\n<td class=\"et3\" style=\"height: 16.50pt;\" height=\"33\">MOQ<\/td>\n<td class=\"et3\">500 unidades<\/td>\n<\/tr>\n<tr style=\"height: 16.50pt;\">\n<td class=\"et3\" style=\"height: 16.50pt;\" height=\"33\">Personalizado<\/td>\n<td class=\"et3\">Cor\/tamanho\/log\u00f3tipo\/embalagem<\/td>\n<\/tr>\n<\/tbody>\n<\/table>","protected":false},"featured_media":4489,"comment_status":"closed","ping_status":"closed","template":"","meta":{"_acf_changed":false},"product_brand":[],"product_cat":[99,63,75],"product_tag":[],"class_list":{"0":"post-4481","1":"product","2":"type-product","3":"status-publish","4":"has-post-thumbnail","6":"product_cat-baking-dishes-wholesale","7":"product_cat-wholesale-bowls","8":"product_cat-handled-bowls-wholesale","10":"first","11":"instock","12":"shipping-taxable","13":"product-type-simple"},"acf":[],"_links":{"self":[{"href":"https:\/\/www.yongjianceramic.com\/pt\/wp-json\/wp\/v2\/product\/4481","targetHints":{"allow":["GET"]}}],"collection":[{"href":"https:\/\/www.yongjianceramic.com\/pt\/wp-json\/wp\/v2\/product"}],"about":[{"href":"https:\/\/www.yongjianceramic.com\/pt\/wp-json\/wp\/v2\/types\/product"}],"replies":[{"embeddable":true,"href":"https:\/\/www.yongjianceramic.com\/pt\/wp-json\/wp\/v2\/comments?post=4481"}],"wp:featuredmedia":[{"embeddable":true,"href":"https:\/\/www.yongjianceramic.com\/pt\/wp-json\/wp\/v2\/media\/4489"}],"wp:attachment":[{"href":"https:\/\/www.yongjianceramic.com\/pt\/wp-json\/wp\/v2\/media?parent=4481"}],"wp:term":[{"taxonomy":"product_brand","embeddable":true,"href":"https:\/\/www.yongjianceramic.com\/pt\/wp-json\/wp\/v2\/product_brand?post=4481"},{"taxonomy":"product_cat","embeddable":true,"href":"https:\/\/www.yongjianceramic.com\/pt\/wp-json\/wp\/v2\/product_cat?post=4481"},{"taxonomy":"product_tag","embeddable":true,"href":"https:\/\/www.yongjianceramic.com\/pt\/wp-json\/wp\/v2\/product_tag?post=4481"}],"curies":[{"name":"wp","href":"https:\/\/api.w.org\/{rel}","templated":true}]}}