{"id":4510,"date":"2025-04-14T14:37:00","date_gmt":"2025-04-14T06:37:00","guid":{"rendered":"https:\/\/www.yongjianceramic.com\/?post_type=product&#038;p=4510"},"modified":"2025-04-14T14:37:02","modified_gmt":"2025-04-14T06:37:02","slug":"ceramic-tea-cups-wholesale","status":"publish","type":"product","link":"https:\/\/www.yongjianceramic.com\/pt\/produto\/ceramic-tea-cups-wholesale\/","title":{"rendered":"X\u00edcaras de ch\u00e1 de cer\u00e2mica por atacado, x\u00edcaras de ch\u00e1 japonesas redondas e retas a granel"},"content":{"rendered":"<div class=\"wp-block-columns is-layout-flex wp-container-core-columns-is-layout-9d6595d7 wp-block-columns-is-layout-flex\">\n<div class=\"wp-block-column is-layout-flow wp-block-column-is-layout-flow\">\n<h2 class=\"wp-block-heading\">Ch\u00e1venas de ch\u00e1 de cer\u00e2mica Premium Carater\u00edsticas por atacado:<\/h2>\n\n\n\n<ul class=\"wp-block-list\">\n<li><strong>Forma reta cl\u00e1ssica, confort\u00e1vel e f\u00e1cil de segurar:<\/strong> O corpo da x\u00edcara dessas x\u00edcaras de ch\u00e1 de cer\u00e2mica no atacado adota um design simples de cilindro reto com linhas elegantes, sensa\u00e7\u00e3o confort\u00e1vel e ader\u00eancia est\u00e1vel, adequado para ch\u00e1 di\u00e1rio, \u00e1gua, caf\u00e9 e outros fins.<\/li>\n\n\n\n<li><strong>Capacidade de 300 ml, pr\u00e1tica e vers\u00e1til:<\/strong> Com um design de capacidade normal, estas ch\u00e1venas de ch\u00e1 japonesas a granel s\u00e3o adequadas para escrit\u00f3rios, casas, restaurantes e outros locais, para satisfazer as necessidades di\u00e1rias de consumo sem serem demasiado volumosas.<\/li>\n\n\n\n<li><strong>Cozedura de cer\u00e2mica a alta temperatura, segura e saud\u00e1vel: <\/strong>Fabricadas com mat\u00e9rias-primas cer\u00e2micas de alta qualidade e cozidas a alta temperatura, as nossas ch\u00e1venas de ch\u00e1 de cer\u00e2mica por atacado n\u00e3o cont\u00eam subst\u00e2ncias nocivas, s\u00e3o resistentes \u00e0 altern\u00e2ncia de frio e calor, s\u00e3o saud\u00e1veis e amigas do ambiente, e mais seguras para uma utiliza\u00e7\u00e3o a longo prazo.<\/li>\n\n\n\n<li>Personaliza\u00e7\u00e3o de suporte, cria\u00e7\u00e3o de marca exclusiva: Cores, padr\u00f5es, LOGO, etc. podem ser personalizados a pedido, estas ch\u00e1venas de ch\u00e1 japonesas a granel s\u00e3o adequadas para personaliza\u00e7\u00e3o de presentes, marcas de com\u00e9rcio eletr\u00f3nico, cadeias de restaurantes e outros grupos de clientes, para aumentar a exclusividade da marca.<\/li>\n<\/ul>\n<\/div>\n\n\n\n<div class=\"wp-block-column is-layout-flow wp-block-column-is-layout-flow\">\n<figure class=\"wp-block-image size-full\"><img fetchpriority=\"high\" decoding=\"async\" width=\"800\" height=\"800\" src=\"https:\/\/www.yongjianceramic.com\/wp-content\/uploads\/2025\/04\/china-dinnerware-ceramic-custom-mugschinese-ceramic-tea-cups-6.webp\" alt=\"X\u00edcaras de ch\u00e1 de cer\u00e2mica por atacado, x\u00edcaras de ch\u00e1 japonesas redondas e retas a granel-1\" class=\"wp-image-4516\" srcset=\"https:\/\/www.yongjianceramic.com\/wp-content\/uploads\/2025\/04\/china-dinnerware-ceramic-custom-mugschinese-ceramic-tea-cups-6.webp 800w, https:\/\/www.yongjianceramic.com\/wp-content\/uploads\/2025\/04\/china-dinnerware-ceramic-custom-mugschinese-ceramic-tea-cups-6-300x300.webp 300w, https:\/\/www.yongjianceramic.com\/wp-content\/uploads\/2025\/04\/china-dinnerware-ceramic-custom-mugschinese-ceramic-tea-cups-6-150x150.webp 150w, https:\/\/www.yongjianceramic.com\/wp-content\/uploads\/2025\/04\/china-dinnerware-ceramic-custom-mugschinese-ceramic-tea-cups-6-768x768.webp 768w, https:\/\/www.yongjianceramic.com\/wp-content\/uploads\/2025\/04\/china-dinnerware-ceramic-custom-mugschinese-ceramic-tea-cups-6-12x12.webp 12w, https:\/\/www.yongjianceramic.com\/wp-content\/uploads\/2025\/04\/china-dinnerware-ceramic-custom-mugschinese-ceramic-tea-cups-6-285x285.webp 285w, https:\/\/www.yongjianceramic.com\/wp-content\/uploads\/2025\/04\/china-dinnerware-ceramic-custom-mugschinese-ceramic-tea-cups-6-270x270.webp 270w, https:\/\/www.yongjianceramic.com\/wp-content\/uploads\/2025\/04\/china-dinnerware-ceramic-custom-mugschinese-ceramic-tea-cups-6-540x540.webp 540w, https:\/\/www.yongjianceramic.com\/wp-content\/uploads\/2025\/04\/china-dinnerware-ceramic-custom-mugschinese-ceramic-tea-cups-6-660x660.webp 660w\" sizes=\"(max-width: 800px) 100vw, 800px\" \/><\/figure>\n<\/div>\n<\/div>","protected":false},"excerpt":{"rendered":"<p>Bem-vindo ao comprar ch\u00e1venas de ch\u00e1 de cer\u00e2mica por atacado. Nossas x\u00edcaras de ch\u00e1 japonesas a granel s\u00e3o de linhas simples e f\u00e1ceis de manusear, adequadas para o uso di\u00e1rio, como degustar ch\u00e1 e beber \u00e1gua. Feito de cer\u00e2mica de alta temperatura, \u00e9 saud\u00e1vel e seguro, e oferece suporte a v\u00e1rias op\u00e7\u00f5es de personaliza\u00e7\u00e3o, adequadas para casa, escrit\u00f3rio e cen\u00e1rios de personaliza\u00e7\u00e3o de marca.<\/p>\n<table style=\"border-collapse: collapse; width: 327.02pt;\" border=\"0\" width=\"654\" cellspacing=\"0\" cellpadding=\"0\">\n<tbody>\n<tr style=\"height: 16.50pt;\">\n<td class=\"et3\" style=\"height: 16.50pt; width: 127.20pt;\" width=\"254\" height=\"33\">Fabricante<\/td>\n<td class=\"et3\" style=\"width: 200.15pt;\" width=\"400\">Yongjian<\/td>\n<\/tr>\n<tr style=\"height: 16.50pt;\">\n<td class=\"et3\" style=\"height: 16.50pt;\" height=\"33\">Modelo n.<\/td>\n<td class=\"et4\" style=\"width: 200.15pt;\" width=\"400\">YJ-116<\/td>\n<\/tr>\n<tr style=\"height: 16.50pt;\">\n<td class=\"et3\" style=\"height: 16.50pt;\" height=\"33\">Tipo de produto<\/td>\n<td class=\"et3\">Ch\u00e1venas e pires<\/td>\n<\/tr>\n<tr style=\"height: 16.50pt;\">\n<td class=\"et3\" style=\"height: 16.50pt;\" height=\"33\">Material<\/td>\n<td class=\"et3\">Porcelana<\/td>\n<\/tr>\n<tr style=\"height: 16.50pt;\">\n<td class=\"et5\" style=\"height: 16.50pt;\" height=\"33\">Cor<\/td>\n<td class=\"et3\">Como imagem<\/td>\n<\/tr>\n<tr style=\"height: 16.50pt;\">\n<td class=\"et3\" style=\"height: 16.50pt;\" height=\"33\">Dimens\u00e3o<\/td>\n<td class=\"et6\" style=\"width: 200.15pt;\" width=\"400\">7,2*7,2*10cm<\/td>\n<\/tr>\n<tr style=\"height: 16.50pt;\">\n<td class=\"et3\" style=\"height: 16.50pt;\" height=\"33\">MOQ<\/td>\n<td class=\"et3\">500 unidades<\/td>\n<\/tr>\n<tr style=\"height: 16.50pt;\">\n<td class=\"et3\" style=\"height: 16.50pt;\" height=\"33\">Personalizado<\/td>\n<td class=\"et3\">Cor\/tamanho\/log\u00f3tipo\/embalagem<\/td>\n<\/tr>\n<\/tbody>\n<\/table>","protected":false},"featured_media":4511,"comment_status":"closed","ping_status":"closed","template":"","meta":{"_acf_changed":false},"product_brand":[],"product_cat":[65,91],"product_tag":[88,86],"class_list":{"0":"post-4510","1":"product","2":"type-product","3":"status-publish","4":"has-post-thumbnail","6":"product_cat-wholesale-cups-and-mugs","7":"product_cat-wholesale-mugs","8":"product_tag-japanese-style-dinnerware-set-wholesale","9":"product_tag-oriental-style-dinnerware-wholesale","11":"first","12":"instock","13":"shipping-taxable","14":"product-type-simple"},"acf":[],"_links":{"self":[{"href":"https:\/\/www.yongjianceramic.com\/pt\/wp-json\/wp\/v2\/product\/4510","targetHints":{"allow":["GET"]}}],"collection":[{"href":"https:\/\/www.yongjianceramic.com\/pt\/wp-json\/wp\/v2\/product"}],"about":[{"href":"https:\/\/www.yongjianceramic.com\/pt\/wp-json\/wp\/v2\/types\/product"}],"replies":[{"embeddable":true,"href":"https:\/\/www.yongjianceramic.com\/pt\/wp-json\/wp\/v2\/comments?post=4510"}],"wp:featuredmedia":[{"embeddable":true,"href":"https:\/\/www.yongjianceramic.com\/pt\/wp-json\/wp\/v2\/media\/4511"}],"wp:attachment":[{"href":"https:\/\/www.yongjianceramic.com\/pt\/wp-json\/wp\/v2\/media?parent=4510"}],"wp:term":[{"taxonomy":"product_brand","embeddable":true,"href":"https:\/\/www.yongjianceramic.com\/pt\/wp-json\/wp\/v2\/product_brand?post=4510"},{"taxonomy":"product_cat","embeddable":true,"href":"https:\/\/www.yongjianceramic.com\/pt\/wp-json\/wp\/v2\/product_cat?post=4510"},{"taxonomy":"product_tag","embeddable":true,"href":"https:\/\/www.yongjianceramic.com\/pt\/wp-json\/wp\/v2\/product_tag?post=4510"}],"curies":[{"name":"wp","href":"https:\/\/api.w.org\/{rel}","templated":true}]}}