{"id":4521,"date":"2025-04-14T14:23:46","date_gmt":"2025-04-14T06:23:46","guid":{"rendered":"https:\/\/www.yongjianceramic.com\/?post_type=product&#038;p=4521"},"modified":"2025-04-14T14:23:48","modified_gmt":"2025-04-14T06:23:48","slug":"ceramic-spoon-rest-bulk","status":"publish","type":"product","link":"https:\/\/www.yongjianceramic.com\/pt\/produto\/ceramic-spoon-rest-bulk\/","title":{"rendered":"Requintado descanso de colher de cer\u00e2mica a granel, descanso de pauzinho por atacado"},"content":{"rendered":"<div class=\"wp-block-columns is-layout-flex wp-container-core-columns-is-layout-9d6595d7 wp-block-columns-is-layout-flex\">\n<div class=\"wp-block-column is-layout-flow wp-block-column-is-layout-flow\">\n<h2 class=\"wp-block-heading\">Descanso de colher em cer\u00e2mica Premium Carater\u00edsticas a granel:<\/h2>\n\n\n\n<ul class=\"wp-block-list\">\n<li><strong>Desenho em forma de pipa, cheio de significado: <\/strong>Inspirada no antigo instrumento musical chin\u00eas \"Pipa\", a forma deste descanso de colher em cer\u00e2mica \u00e9 refinada e \u00fanica, combinando cultura e funcionalidade, injectando um toque cl\u00e1ssico na mesa de jantar.<\/li>\n\n\n\n<li><strong>Estilo cl\u00e1ssico chin\u00eas, herdeiro da est\u00e9tica oriental: <\/strong>O estilo de design da nossa colher e pauzinho descansa por atacado \u00e9 rico em estilo chin\u00eas, com linhas suaves e textura firme. \u00c9 uma escolha ideal para restaurantes chineses, casas de ch\u00e1 e outros locais para criar uma atmosfera oriental.<\/li>\n\n\n\n<li><strong>Cor de esmalte reactiva, \u00fanica e avan\u00e7ada:<\/strong> Cada colher de cer\u00e2mica \u00e9 cozinhada com tecnologia de mudan\u00e7a de forno, e a cor do esmalte flui naturalmente e muda ricamente, apresentando um efeito art\u00edstico \u00fanico, mostrando a beleza do trabalho manual.<\/li>\n\n\n\n<li><strong>Utiliza\u00e7\u00e3o multifuncional, os utens\u00edlios de mesa s\u00e3o limpos e ordenados: <\/strong>Os nossos descansos para colheres e pauzinhos tamb\u00e9m podem ser utilizados para colocar facas e garfos para evitar o contacto direto entre os utens\u00edlios de mesa e o tampo da mesa e melhorar a limpeza e a etiqueta geral da mesa.<\/li>\n<\/ul>\n<\/div>\n\n\n\n<div class=\"wp-block-column is-layout-flow wp-block-column-is-layout-flow\">\n<figure class=\"wp-block-image size-full\"><img fetchpriority=\"high\" decoding=\"async\" width=\"800\" height=\"800\" src=\"https:\/\/www.yongjianceramic.com\/wp-content\/uploads\/2025\/04\/wholesale-ceramic-crockerybulk-dinnerwarebest-china-tableware-5.webp\" alt=\"Requintado descanso de colher de cer\u00e2mica a granel, descanso de pauzinho por atacado-1\" class=\"wp-image-4526\" srcset=\"https:\/\/www.yongjianceramic.com\/wp-content\/uploads\/2025\/04\/wholesale-ceramic-crockerybulk-dinnerwarebest-china-tableware-5.webp 800w, https:\/\/www.yongjianceramic.com\/wp-content\/uploads\/2025\/04\/wholesale-ceramic-crockerybulk-dinnerwarebest-china-tableware-5-300x300.webp 300w, https:\/\/www.yongjianceramic.com\/wp-content\/uploads\/2025\/04\/wholesale-ceramic-crockerybulk-dinnerwarebest-china-tableware-5-150x150.webp 150w, https:\/\/www.yongjianceramic.com\/wp-content\/uploads\/2025\/04\/wholesale-ceramic-crockerybulk-dinnerwarebest-china-tableware-5-768x768.webp 768w, https:\/\/www.yongjianceramic.com\/wp-content\/uploads\/2025\/04\/wholesale-ceramic-crockerybulk-dinnerwarebest-china-tableware-5-12x12.webp 12w, https:\/\/www.yongjianceramic.com\/wp-content\/uploads\/2025\/04\/wholesale-ceramic-crockerybulk-dinnerwarebest-china-tableware-5-285x285.webp 285w, https:\/\/www.yongjianceramic.com\/wp-content\/uploads\/2025\/04\/wholesale-ceramic-crockerybulk-dinnerwarebest-china-tableware-5-270x270.webp 270w, https:\/\/www.yongjianceramic.com\/wp-content\/uploads\/2025\/04\/wholesale-ceramic-crockerybulk-dinnerwarebest-china-tableware-5-540x540.webp 540w, https:\/\/www.yongjianceramic.com\/wp-content\/uploads\/2025\/04\/wholesale-ceramic-crockerybulk-dinnerwarebest-china-tableware-5-660x660.webp 660w\" sizes=\"(max-width: 800px) 100vw, 800px\" \/><\/figure>\n<\/div>\n<\/div>","protected":false},"excerpt":{"rendered":"<p>Bem-vindo \u00e0 compra de descansos para colheres e pauzinhos por grosso. Este descanso de colher em cer\u00e2mica combina o estilo cl\u00e1ssico chin\u00eas com a tecnologia de esmalte reativo para mostrar a eleg\u00e2ncia oriental. O design \u00e9 requintado e \u00fanico, e tamb\u00e9m pode ser utilizado como suporte para pauzinhos, colheres e garfos.<\/p>\n<table style=\"border-collapse: collapse; width: 327.02pt;\" border=\"0\" width=\"654\" cellspacing=\"0\" cellpadding=\"0\">\n<tbody>\n<tr style=\"height: 16.50pt;\">\n<td class=\"et3\" style=\"height: 16.50pt; width: 127.20pt;\" width=\"254\" height=\"33\">Fabricante<\/td>\n<td class=\"et3\" style=\"width: 200.15pt;\" width=\"400\">Yongjian<\/td>\n<\/tr>\n<tr style=\"height: 16.50pt;\">\n<td class=\"et3\" style=\"height: 16.50pt;\" height=\"33\">Modelo n.<\/td>\n<td class=\"et4\" style=\"width: 200.15pt;\" width=\"400\">YJ-117<\/td>\n<\/tr>\n<tr style=\"height: 16.50pt;\">\n<td class=\"et3\" style=\"height: 16.50pt;\" height=\"33\">Tipo de produto<\/td>\n<td class=\"et3\">Talheres<\/td>\n<\/tr>\n<tr style=\"height: 16.50pt;\">\n<td class=\"et3\" style=\"height: 16.50pt;\" height=\"33\">Material<\/td>\n<td class=\"et3\">Porcelana<\/td>\n<\/tr>\n<tr style=\"height: 16.50pt;\">\n<td class=\"et5\" style=\"height: 16.50pt;\" height=\"33\">Cor<\/td>\n<td class=\"et3\">Como imagem<\/td>\n<\/tr>\n<tr style=\"height: 16.50pt;\">\n<td class=\"et3\" style=\"height: 16.50pt;\" height=\"33\">Dimens\u00e3o<\/td>\n<td class=\"et6\" style=\"width: 200.15pt;\" width=\"400\">8,8*1,7cm<\/td>\n<\/tr>\n<tr style=\"height: 16.50pt;\">\n<td class=\"et3\" style=\"height: 16.50pt;\" height=\"33\">MOQ<\/td>\n<td class=\"et3\">500 unidades<\/td>\n<\/tr>\n<tr style=\"height: 16.50pt;\">\n<td class=\"et3\" style=\"height: 16.50pt;\" height=\"33\">Personalizado<\/td>\n<td class=\"et3\">Cor\/tamanho\/log\u00f3tipo\/embalagem<\/td>\n<\/tr>\n<\/tbody>\n<\/table>","protected":false},"featured_media":4522,"comment_status":"closed","ping_status":"closed","template":"","meta":{"_acf_changed":false},"product_brand":[],"product_cat":[80,89],"product_tag":[88,86],"class_list":{"0":"post-4521","1":"product","2":"type-product","3":"status-publish","4":"has-post-thumbnail","6":"product_cat-wholesale-ceramic-cutlery","7":"product_cat-ceramic-bulk-spoons","8":"product_tag-japanese-style-dinnerware-set-wholesale","9":"product_tag-oriental-style-dinnerware-wholesale","11":"first","12":"instock","13":"shipping-taxable","14":"product-type-simple"},"acf":[],"_links":{"self":[{"href":"https:\/\/www.yongjianceramic.com\/pt\/wp-json\/wp\/v2\/product\/4521","targetHints":{"allow":["GET"]}}],"collection":[{"href":"https:\/\/www.yongjianceramic.com\/pt\/wp-json\/wp\/v2\/product"}],"about":[{"href":"https:\/\/www.yongjianceramic.com\/pt\/wp-json\/wp\/v2\/types\/product"}],"replies":[{"embeddable":true,"href":"https:\/\/www.yongjianceramic.com\/pt\/wp-json\/wp\/v2\/comments?post=4521"}],"wp:featuredmedia":[{"embeddable":true,"href":"https:\/\/www.yongjianceramic.com\/pt\/wp-json\/wp\/v2\/media\/4522"}],"wp:attachment":[{"href":"https:\/\/www.yongjianceramic.com\/pt\/wp-json\/wp\/v2\/media?parent=4521"}],"wp:term":[{"taxonomy":"product_brand","embeddable":true,"href":"https:\/\/www.yongjianceramic.com\/pt\/wp-json\/wp\/v2\/product_brand?post=4521"},{"taxonomy":"product_cat","embeddable":true,"href":"https:\/\/www.yongjianceramic.com\/pt\/wp-json\/wp\/v2\/product_cat?post=4521"},{"taxonomy":"product_tag","embeddable":true,"href":"https:\/\/www.yongjianceramic.com\/pt\/wp-json\/wp\/v2\/product_tag?post=4521"}],"curies":[{"name":"wp","href":"https:\/\/api.w.org\/{rel}","templated":true}]}}