{"id":4536,"date":"2025-04-14T11:57:57","date_gmt":"2025-04-14T03:57:57","guid":{"rendered":"https:\/\/www.yongjianceramic.com\/?post_type=product&#038;p=4536"},"modified":"2025-04-14T11:57:59","modified_gmt":"2025-04-14T03:57:59","slug":"tokkuri-and-sake-cups-wholesale","status":"publish","type":"product","link":"https:\/\/www.yongjianceramic.com\/pt\/produto\/tokkuri-and-sake-cups-wholesale\/","title":{"rendered":"Tokkuri japon\u00eas e copos de saqu\u00ea por atacado, conjuntos de saqu\u00ea personalizados"},"content":{"rendered":"<div class=\"wp-block-columns is-layout-flex wp-container-core-columns-is-layout-9d6595d7 wp-block-columns-is-layout-flex\">\n<div class=\"wp-block-column is-layout-flow wp-block-column-is-layout-flow\">\n<h2 class=\"wp-block-heading\">Copos Premium Tokkuri e Sake por atacado Carater\u00edsticas:<\/h2>\n\n\n\n<ul class=\"wp-block-list\">\n<li><strong>Pote de saqu\u00ea com copo, design de conjunto completo:<\/strong> Este conjunto de copos Tokkuri e de saqu\u00e9 inclui um pote de saqu\u00e9 e um copo, com um estilo unificado e f\u00e1cil de utilizar, adequado para beber diariamente ou para entreter convidados, refor\u00e7ando o sentido ritual de beber.<\/li>\n\n\n\n<li><strong>Design com padr\u00e3o de m\u00e1rmore, textura de alta qualidade: <\/strong>A superf\u00edcie dos nossos conjuntos de saqu\u00e9 personalizados est\u00e1 decorada com uma textura de m\u00e1rmore \u00fanica, que \u00e9 natural e suave, simples e nobre, com efeitos visuais extraordin\u00e1rios e uma est\u00e9tica moderna.<\/li>\n\n\n\n<li><strong>Estilo japon\u00eas, simples e elegante: <\/strong>O nosso conjunto grossista de copos Tokkuri e de saqu\u00e9 \u00e9 inspirado na est\u00e9tica japonesa, com formas suaves e cores elegantes, integrando a cultura oriental e a est\u00e9tica moderna, adequado para casa, casas de ch\u00e1 e restaurantes japoneses.<\/li>\n\n\n\n<li><strong>Cer\u00e2mica cozida a alta temperatura, segura e duradoura: <\/strong>Este conjunto de saqu\u00e9 personalizado \u00e9 fabricado com tecnologia de cer\u00e2mica de alta temperatura, o esmalte \u00e9 delicado e suave, resistente ao calor e \u00e0s fissuras, adequado para beber vinho quente, e f\u00e1cil de limpar e de manter diariamente.<\/li>\n<\/ul>\n<\/div>\n\n\n\n<div class=\"wp-block-column is-layout-flow wp-block-column-is-layout-flow\">\n<figure class=\"wp-block-image size-full\"><img fetchpriority=\"high\" decoding=\"async\" width=\"800\" height=\"800\" src=\"https:\/\/www.yongjianceramic.com\/wp-content\/uploads\/2025\/04\/dinnerware-manufacturerscrockery-wholesalecupsaucer-6.webp\" alt=\"Tokkuri japon\u00eas e copos de saqu\u00ea por atacado, conjuntos de saqu\u00ea personalizados-1\" class=\"wp-image-4542\" srcset=\"https:\/\/www.yongjianceramic.com\/wp-content\/uploads\/2025\/04\/dinnerware-manufacturerscrockery-wholesalecupsaucer-6.webp 800w, https:\/\/www.yongjianceramic.com\/wp-content\/uploads\/2025\/04\/dinnerware-manufacturerscrockery-wholesalecupsaucer-6-300x300.webp 300w, https:\/\/www.yongjianceramic.com\/wp-content\/uploads\/2025\/04\/dinnerware-manufacturerscrockery-wholesalecupsaucer-6-150x150.webp 150w, https:\/\/www.yongjianceramic.com\/wp-content\/uploads\/2025\/04\/dinnerware-manufacturerscrockery-wholesalecupsaucer-6-768x768.webp 768w, https:\/\/www.yongjianceramic.com\/wp-content\/uploads\/2025\/04\/dinnerware-manufacturerscrockery-wholesalecupsaucer-6-12x12.webp 12w, https:\/\/www.yongjianceramic.com\/wp-content\/uploads\/2025\/04\/dinnerware-manufacturerscrockery-wholesalecupsaucer-6-285x285.webp 285w, https:\/\/www.yongjianceramic.com\/wp-content\/uploads\/2025\/04\/dinnerware-manufacturerscrockery-wholesalecupsaucer-6-270x270.webp 270w, https:\/\/www.yongjianceramic.com\/wp-content\/uploads\/2025\/04\/dinnerware-manufacturerscrockery-wholesalecupsaucer-6-540x540.webp 540w, https:\/\/www.yongjianceramic.com\/wp-content\/uploads\/2025\/04\/dinnerware-manufacturerscrockery-wholesalecupsaucer-6-660x660.webp 660w\" sizes=\"(max-width: 800px) 100vw, 800px\" \/><\/figure>\n<\/div>\n<\/div>\n\n\n\n<p><\/p>","protected":false},"excerpt":{"rendered":"<p>Bem-vindo \u00e0 compra de conjuntos de saqu\u00e9 personalizados. Os nossos Tokkuri e Sake Cups Wholesale t\u00eam um design elegante e mostram um sentido de cerim\u00f3nia. A textura \u00fanica de m\u00e1rmore \u00e9 combinada com material cer\u00e2mico de alta temperatura, que \u00e9 bonito e pr\u00e1tico, adequado para casa, restaurante japon\u00eas ou espa\u00e7o de ch\u00e1 e vinho.<\/p>\n<table style=\"border-collapse: collapse; width: 327.02pt;\" border=\"0\" width=\"654\" cellspacing=\"0\" cellpadding=\"0\">\n<tbody>\n<tr style=\"height: 16.50pt;\">\n<td class=\"et3\" style=\"height: 16.50pt; width: 127.20pt;\" width=\"254\" height=\"33\">Fabricante<\/td>\n<td class=\"et3\" style=\"width: 200.15pt;\" width=\"400\">Yongjian<\/td>\n<\/tr>\n<tr style=\"height: 16.50pt;\">\n<td class=\"et3\" style=\"height: 16.50pt;\" height=\"33\">Modelo n.<\/td>\n<td class=\"et4\" style=\"width: 200.15pt;\" width=\"400\">YJ-118<\/td>\n<\/tr>\n<tr style=\"height: 16.50pt;\">\n<td class=\"et3\" style=\"height: 16.50pt;\" height=\"33\">Tipo de produto<\/td>\n<td class=\"et3\">Ch\u00e1venas e pires<\/td>\n<\/tr>\n<tr style=\"height: 16.50pt;\">\n<td class=\"et3\" style=\"height: 16.50pt;\" height=\"33\">Material<\/td>\n<td class=\"et3\">Porcelana<\/td>\n<\/tr>\n<tr style=\"height: 16.50pt;\">\n<td class=\"et5\" style=\"height: 16.50pt;\" height=\"33\">Cor<\/td>\n<td class=\"et3\">Como imagem<\/td>\n<\/tr>\n<tr style=\"height: 33.00pt;\">\n<td class=\"et3\" style=\"height: 33.00pt;\" height=\"66\">Dimens\u00e3o<\/td>\n<td class=\"et6\" style=\"width: 200.15pt;\" width=\"400\">Pote: 13,5*4,5cm Copo: 5,2*5,2*4,5cm<\/td>\n<\/tr>\n<tr style=\"height: 16.50pt;\">\n<td class=\"et3\" style=\"height: 16.50pt;\" height=\"33\">MOQ<\/td>\n<td class=\"et3\">500 unidades<\/td>\n<\/tr>\n<tr style=\"height: 16.50pt;\">\n<td class=\"et3\" style=\"height: 16.50pt;\" height=\"33\">Personalizado<\/td>\n<td class=\"et3\">Cor\/tamanho\/log\u00f3tipo\/embalagem<\/td>\n<\/tr>\n<\/tbody>\n<\/table>","protected":false},"featured_media":4539,"comment_status":"closed","ping_status":"closed","template":"","meta":{"_acf_changed":false},"product_brand":[],"product_cat":[65,90],"product_tag":[88],"class_list":{"0":"post-4536","1":"product","2":"type-product","3":"status-publish","4":"has-post-thumbnail","6":"product_cat-wholesale-cups-and-mugs","7":"product_cat-wholesale-tea-sets","8":"product_tag-japanese-style-dinnerware-set-wholesale","10":"first","11":"instock","12":"shipping-taxable","13":"product-type-simple"},"acf":[],"_links":{"self":[{"href":"https:\/\/www.yongjianceramic.com\/pt\/wp-json\/wp\/v2\/product\/4536","targetHints":{"allow":["GET"]}}],"collection":[{"href":"https:\/\/www.yongjianceramic.com\/pt\/wp-json\/wp\/v2\/product"}],"about":[{"href":"https:\/\/www.yongjianceramic.com\/pt\/wp-json\/wp\/v2\/types\/product"}],"replies":[{"embeddable":true,"href":"https:\/\/www.yongjianceramic.com\/pt\/wp-json\/wp\/v2\/comments?post=4536"}],"wp:featuredmedia":[{"embeddable":true,"href":"https:\/\/www.yongjianceramic.com\/pt\/wp-json\/wp\/v2\/media\/4539"}],"wp:attachment":[{"href":"https:\/\/www.yongjianceramic.com\/pt\/wp-json\/wp\/v2\/media?parent=4536"}],"wp:term":[{"taxonomy":"product_brand","embeddable":true,"href":"https:\/\/www.yongjianceramic.com\/pt\/wp-json\/wp\/v2\/product_brand?post=4536"},{"taxonomy":"product_cat","embeddable":true,"href":"https:\/\/www.yongjianceramic.com\/pt\/wp-json\/wp\/v2\/product_cat?post=4536"},{"taxonomy":"product_tag","embeddable":true,"href":"https:\/\/www.yongjianceramic.com\/pt\/wp-json\/wp\/v2\/product_tag?post=4536"}],"curies":[{"name":"wp","href":"https:\/\/api.w.org\/{rel}","templated":true}]}}