{"id":4546,"date":"2025-04-13T17:01:59","date_gmt":"2025-04-13T09:01:59","guid":{"rendered":"https:\/\/www.yongjianceramic.com\/?post_type=product&#038;p=4546"},"modified":"2025-04-13T17:02:02","modified_gmt":"2025-04-13T09:02:02","slug":"wholesale-coffee-mug","status":"publish","type":"product","link":"https:\/\/www.yongjianceramic.com\/pt\/produto\/wholesale-coffee-mug\/","title":{"rendered":"Caneca de caf\u00e9 por atacado da f\u00e1brica, copo de cer\u00e2mica com esmalte reativo a granel"},"content":{"rendered":"<div class=\"wp-block-columns is-layout-flex wp-container-core-columns-is-layout-9d6595d7 wp-block-columns-is-layout-flex\">\n<div class=\"wp-block-column is-layout-flow wp-block-column-is-layout-flow\">\n<h2 class=\"wp-block-heading\">Caneca de caf\u00e9 Premium Wholesale Carater\u00edsticas:<\/h2>\n\n\n\n<ul class=\"wp-block-list\">\n<li><strong>Grande capacidade de 500 ml, satisfazendo as necessidades de v\u00e1rias bebidas: <\/strong>O design de grande capacidade desta caneca de caf\u00e9 por atacado \u00e9 adequado para uma variedade de bebidas de pequeno-almo\u00e7o, como leite, caf\u00e9, papas de aveia, sumo, etc.<\/li>\n\n\n\n<li><strong>Forma simples, funcional e duradoura: <\/strong>Esta ch\u00e1vena de cer\u00e2mica a granel apresenta linhas minimalistas e um design simples mas subtil. \u00c9 adequada para qualquer tipo de ocasi\u00e3o, como uso dom\u00e9stico, caf\u00e9s, hot\u00e9is, etc., e \u00e9 f\u00e1cil de misturar em diferentes estilos de mesas de jantar.<\/li>\n\n\n\n<li><strong>Cozedura de cer\u00e2mica a alta temperatura, segura e duradoura: <\/strong>Fabricada com materiais cer\u00e2micos de alta qualidade, cozida a alta temperatura, esta caneca de caf\u00e9 por atacado tem boa resist\u00eancia ao calor e estabilidade, pode ser utilizada em fornos de micro-ondas e m\u00e1quinas de lavar lou\u00e7a, e mais livre de preocupa\u00e7\u00f5es para uso di\u00e1rio.<\/li>\n\n\n\n<li><strong>Suportar a personaliza\u00e7\u00e3o para satisfazer a personaliza\u00e7\u00e3o da marca: <\/strong>A compra do nosso copo de cer\u00e2mica a granel permite a personaliza\u00e7\u00e3o de cores, padr\u00f5es, LOGOTIPO, etc., adequado para a promo\u00e7\u00e3o da marca, presentes de com\u00e9rcio eletr\u00f3nico ou catering em cadeia, para criar copos personalizados exclusivos.<\/li>\n<\/ul>\n<\/div>\n\n\n\n<div class=\"wp-block-column is-layout-flow wp-block-column-is-layout-flow\">\n<figure class=\"wp-block-image size-full\"><img fetchpriority=\"high\" decoding=\"async\" width=\"800\" height=\"800\" src=\"https:\/\/www.yongjianceramic.com\/wp-content\/uploads\/2025\/04\/ceramic-custom-mugstableware-ceramic-wholesalecrockery-manufacturers-7.webp\" alt=\"Caneca de caf\u00e9 por atacado da f\u00e1brica, copo de cer\u00e2mica com esmalte reativo a granel-7\" class=\"wp-image-4553\" srcset=\"https:\/\/www.yongjianceramic.com\/wp-content\/uploads\/2025\/04\/ceramic-custom-mugstableware-ceramic-wholesalecrockery-manufacturers-7.webp 800w, https:\/\/www.yongjianceramic.com\/wp-content\/uploads\/2025\/04\/ceramic-custom-mugstableware-ceramic-wholesalecrockery-manufacturers-7-300x300.webp 300w, https:\/\/www.yongjianceramic.com\/wp-content\/uploads\/2025\/04\/ceramic-custom-mugstableware-ceramic-wholesalecrockery-manufacturers-7-150x150.webp 150w, https:\/\/www.yongjianceramic.com\/wp-content\/uploads\/2025\/04\/ceramic-custom-mugstableware-ceramic-wholesalecrockery-manufacturers-7-768x768.webp 768w, https:\/\/www.yongjianceramic.com\/wp-content\/uploads\/2025\/04\/ceramic-custom-mugstableware-ceramic-wholesalecrockery-manufacturers-7-12x12.webp 12w, https:\/\/www.yongjianceramic.com\/wp-content\/uploads\/2025\/04\/ceramic-custom-mugstableware-ceramic-wholesalecrockery-manufacturers-7-285x285.webp 285w, https:\/\/www.yongjianceramic.com\/wp-content\/uploads\/2025\/04\/ceramic-custom-mugstableware-ceramic-wholesalecrockery-manufacturers-7-270x270.webp 270w, https:\/\/www.yongjianceramic.com\/wp-content\/uploads\/2025\/04\/ceramic-custom-mugstableware-ceramic-wholesalecrockery-manufacturers-7-540x540.webp 540w, https:\/\/www.yongjianceramic.com\/wp-content\/uploads\/2025\/04\/ceramic-custom-mugstableware-ceramic-wholesalecrockery-manufacturers-7-660x660.webp 660w\" sizes=\"(max-width: 800px) 100vw, 800px\" \/><\/figure>\n<\/div>\n<\/div>","protected":false},"excerpt":{"rendered":"<p>Bem-vindo ao comprar ch\u00e1venas de cer\u00e2mica a granel. Esta caneca de caf\u00e9 por grosso de 500 ml \u00e9 funcional e tem um design simples e elegante. \u00c9 de uso geral para conter v\u00e1rias bebidas quentes, como leite e caf\u00e9. Utiliza cer\u00e2mica de alta temperatura, tornando-a segura, dur\u00e1vel e tamb\u00e9m permite a personaliza\u00e7\u00e3o individual, perfeita para uso dom\u00e9stico e comercial.<\/p>\n<table style=\"border-collapse: collapse; width: 327.02pt;\" border=\"0\" width=\"654\" cellspacing=\"0\" cellpadding=\"0\">\n<tbody>\n<tr style=\"height: 16.50pt;\">\n<td class=\"et3\" style=\"height: 16.50pt; width: 127.20pt;\" width=\"254\" height=\"33\">Fabricante<\/td>\n<td class=\"et3\" style=\"width: 200.15pt;\" width=\"400\">Yongjian<\/td>\n<\/tr>\n<tr style=\"height: 16.50pt;\">\n<td class=\"et3\" style=\"height: 16.50pt;\" height=\"33\">Modelo n.<\/td>\n<td class=\"et4\" style=\"width: 200.15pt;\" width=\"400\">YJ-119<\/td>\n<\/tr>\n<tr style=\"height: 16.50pt;\">\n<td class=\"et3\" style=\"height: 16.50pt;\" height=\"33\">Tipo de produto<\/td>\n<td class=\"et3\">Ch\u00e1venas e pires<\/td>\n<\/tr>\n<tr style=\"height: 16.50pt;\">\n<td class=\"et3\" style=\"height: 16.50pt;\" height=\"33\">Material<\/td>\n<td class=\"et3\">Porcelana<\/td>\n<\/tr>\n<tr style=\"height: 16.50pt;\">\n<td class=\"et5\" style=\"height: 16.50pt;\" height=\"33\">Cor<\/td>\n<td class=\"et3\">Como imagem<\/td>\n<\/tr>\n<tr style=\"height: 16.50pt;\">\n<td class=\"et3\" style=\"height: 16.50pt;\" height=\"33\">Dimens\u00e3o<\/td>\n<td class=\"et6\" style=\"width: 200.15pt;\" width=\"400\">10,6*10,6*8,2cm<\/td>\n<\/tr>\n<tr style=\"height: 16.50pt;\">\n<td class=\"et3\" style=\"height: 16.50pt;\" height=\"33\">MOQ<\/td>\n<td class=\"et3\">500 unidades<\/td>\n<\/tr>\n<tr style=\"height: 16.50pt;\">\n<td class=\"et3\" style=\"height: 16.50pt;\" height=\"33\">Personalizado<\/td>\n<td class=\"et3\">Cor\/tamanho\/log\u00f3tipo\/embalagem<\/td>\n<\/tr>\n<\/tbody>\n<\/table>","protected":false},"featured_media":4549,"comment_status":"closed","ping_status":"closed","template":"","meta":{"_acf_changed":false},"product_brand":[],"product_cat":[65,91],"product_tag":[88,81,86],"class_list":{"0":"post-4546","1":"product","2":"type-product","3":"status-publish","4":"has-post-thumbnail","6":"product_cat-wholesale-cups-and-mugs","7":"product_cat-wholesale-mugs","8":"product_tag-japanese-style-dinnerware-set-wholesale","9":"product_tag-modern-design-dinnerware-set-wholesale","10":"product_tag-oriental-style-dinnerware-wholesale","12":"first","13":"instock","14":"shipping-taxable","15":"product-type-simple"},"acf":[],"_links":{"self":[{"href":"https:\/\/www.yongjianceramic.com\/pt\/wp-json\/wp\/v2\/product\/4546","targetHints":{"allow":["GET"]}}],"collection":[{"href":"https:\/\/www.yongjianceramic.com\/pt\/wp-json\/wp\/v2\/product"}],"about":[{"href":"https:\/\/www.yongjianceramic.com\/pt\/wp-json\/wp\/v2\/types\/product"}],"replies":[{"embeddable":true,"href":"https:\/\/www.yongjianceramic.com\/pt\/wp-json\/wp\/v2\/comments?post=4546"}],"wp:featuredmedia":[{"embeddable":true,"href":"https:\/\/www.yongjianceramic.com\/pt\/wp-json\/wp\/v2\/media\/4549"}],"wp:attachment":[{"href":"https:\/\/www.yongjianceramic.com\/pt\/wp-json\/wp\/v2\/media?parent=4546"}],"wp:term":[{"taxonomy":"product_brand","embeddable":true,"href":"https:\/\/www.yongjianceramic.com\/pt\/wp-json\/wp\/v2\/product_brand?post=4546"},{"taxonomy":"product_cat","embeddable":true,"href":"https:\/\/www.yongjianceramic.com\/pt\/wp-json\/wp\/v2\/product_cat?post=4546"},{"taxonomy":"product_tag","embeddable":true,"href":"https:\/\/www.yongjianceramic.com\/pt\/wp-json\/wp\/v2\/product_tag?post=4546"}],"curies":[{"name":"wp","href":"https:\/\/api.w.org\/{rel}","templated":true}]}}