{"id":4560,"date":"2025-04-21T11:13:48","date_gmt":"2025-04-21T03:13:48","guid":{"rendered":"https:\/\/www.yongjianceramic.com\/?post_type=product&#038;p=4560"},"modified":"2025-04-21T11:13:50","modified_gmt":"2025-04-21T03:13:50","slug":"sushi-plates-wholesale","status":"publish","type":"product","link":"https:\/\/www.yongjianceramic.com\/pt\/produto\/sushi-plates-wholesale\/","title":{"rendered":"Pratos de cer\u00e2mica para sushi por atacado, pratos de forma irregular de 10\/12 polegadas a granel"},"content":{"rendered":"<div class=\"wp-block-columns is-layout-flex wp-container-core-columns-is-layout-9d6595d7 wp-block-columns-is-layout-flex\">\n<div class=\"wp-block-column is-layout-flow wp-block-column-is-layout-flow\">\n<h2 class=\"wp-block-heading\">Pratos de Sushi Premium Carater\u00edsticas por atacado:<\/h2>\n\n\n\n<ul class=\"wp-block-list\">\n<li><strong>V\u00e1rias op\u00e7\u00f5es de tamanho para satisfazer diferentes necessidades:<\/strong> Os nossos pratos de sushi de cer\u00e2mica por atacado est\u00e3o dispon\u00edveis em 3 tamanhos, incluindo 10 polegadas e 12 polegadas, adequados para pratos principais, aperitivos, sobremesas e outros fins para atender \u00e0s necessidades de chapeamento diversificado.<\/li>\n\n\n\n<li><strong>Design de forma especial, quebrando a forma tradicional: <\/strong>O design de bordos irregulares destes pratos de sushi a granel quebra o clich\u00e9 quadrado, aumenta o impacto visual e cria uma boa sensa\u00e7\u00e3o art\u00edstica para a mesa de jantar, o que \u00e9 adequado para restaurantes de estilo moderno ou art\u00edstico.<\/li>\n\n\n\n<li><strong>Artesanato em relevo, textura tridimensional: <\/strong>A superf\u00edcie dos nossos pratos de sushi de cer\u00e2mica por atacado adopta artesanato em relevo, com padr\u00f5es requintados e sensa\u00e7\u00e3o de m\u00e3o rica, combinada com textura de cer\u00e2mica, mostrando temperamento sofisticado e elegante.<\/li>\n\n\n\n<li><strong>Tr\u00eas cores s\u00e3o opcionais, e o estilo \u00e9 vers\u00e1til:<\/strong> Os nossos pratos de sushi a granel t\u00eam tr\u00eas tons de cor, dispon\u00edveis para corresponder a diferentes estilos de mesas de jantar, adequados para casa, restaurante, hotel e outros cen\u00e1rios.<\/li>\n<\/ul>\n<\/div>\n\n\n\n<div class=\"wp-block-column is-layout-flow wp-block-column-is-layout-flow\">\n<figure class=\"wp-block-image size-full\"><img fetchpriority=\"high\" decoding=\"async\" width=\"800\" height=\"800\" src=\"https:\/\/www.yongjianceramic.com\/wp-content\/uploads\/2025\/04\/ceramic-dinnerware-manufacturerwholesale-charger-platesbulk-dinnerware-sets-9.webp\" alt=\"Pratos de cer\u00e2mica para sushi por atacado, pratos de forma irregular de 10\/12 polegadas a granel-9\" class=\"wp-image-4569\" srcset=\"https:\/\/www.yongjianceramic.com\/wp-content\/uploads\/2025\/04\/ceramic-dinnerware-manufacturerwholesale-charger-platesbulk-dinnerware-sets-9.webp 800w, https:\/\/www.yongjianceramic.com\/wp-content\/uploads\/2025\/04\/ceramic-dinnerware-manufacturerwholesale-charger-platesbulk-dinnerware-sets-9-300x300.webp 300w, https:\/\/www.yongjianceramic.com\/wp-content\/uploads\/2025\/04\/ceramic-dinnerware-manufacturerwholesale-charger-platesbulk-dinnerware-sets-9-150x150.webp 150w, https:\/\/www.yongjianceramic.com\/wp-content\/uploads\/2025\/04\/ceramic-dinnerware-manufacturerwholesale-charger-platesbulk-dinnerware-sets-9-768x768.webp 768w, https:\/\/www.yongjianceramic.com\/wp-content\/uploads\/2025\/04\/ceramic-dinnerware-manufacturerwholesale-charger-platesbulk-dinnerware-sets-9-12x12.webp 12w, https:\/\/www.yongjianceramic.com\/wp-content\/uploads\/2025\/04\/ceramic-dinnerware-manufacturerwholesale-charger-platesbulk-dinnerware-sets-9-285x285.webp 285w, https:\/\/www.yongjianceramic.com\/wp-content\/uploads\/2025\/04\/ceramic-dinnerware-manufacturerwholesale-charger-platesbulk-dinnerware-sets-9-270x270.webp 270w, https:\/\/www.yongjianceramic.com\/wp-content\/uploads\/2025\/04\/ceramic-dinnerware-manufacturerwholesale-charger-platesbulk-dinnerware-sets-9-540x540.webp 540w, https:\/\/www.yongjianceramic.com\/wp-content\/uploads\/2025\/04\/ceramic-dinnerware-manufacturerwholesale-charger-platesbulk-dinnerware-sets-9-660x660.webp 660w\" sizes=\"(max-width: 800px) 100vw, 800px\" \/><\/figure>\n<\/div>\n<\/div>\n\n\n\n<p><\/p>","protected":false},"excerpt":{"rendered":"<p>Bem-vindo \u00e0 compra de pratos de sushi a granel. Os nossos pratos de sushi rectangulares de cer\u00e2mica em relevo est\u00e3o dispon\u00edveis em 3 tamanhos e 3 cores. Combina relevo e design de borda irregular, com textura de alta qualidade e forma \u00fanica. \u00c9 a escolha ideal para espa\u00e7os de jantar modernos e sofisticados.<\/p>\n<table style=\"border-collapse: collapse; width: 327.02pt;\" border=\"0\" width=\"654\" cellspacing=\"0\" cellpadding=\"0\">\n<tbody>\n<tr style=\"height: 16.50pt;\">\n<td class=\"et3\" style=\"height: 16.50pt; width: 127.20pt;\" width=\"254\" height=\"33\">Fabricante<\/td>\n<td class=\"et3\" style=\"width: 200.15pt;\" width=\"400\">Yongjian<\/td>\n<\/tr>\n<tr style=\"height: 16.50pt;\">\n<td class=\"et3\" style=\"height: 16.50pt;\" height=\"33\">Modelo n.<\/td>\n<td class=\"et4\" style=\"width: 200.15pt;\" width=\"400\">YJ-120<\/td>\n<\/tr>\n<tr style=\"height: 16.50pt;\">\n<td class=\"et3\" style=\"height: 16.50pt;\" height=\"33\">Tipo de produto<\/td>\n<td class=\"et3\">Prato de servir<\/td>\n<\/tr>\n<tr style=\"height: 16.50pt;\">\n<td class=\"et3\" style=\"height: 16.50pt;\" height=\"33\">Material<\/td>\n<td class=\"et3\">Porcelana<\/td>\n<\/tr>\n<tr style=\"height: 16.50pt;\">\n<td class=\"et5\" style=\"height: 16.50pt;\" height=\"33\">Cor<\/td>\n<td class=\"et3\">Como imagem<\/td>\n<\/tr>\n<tr style=\"height: 33.00pt;\">\n<td class=\"et3\" style=\"height: 33.00pt;\" height=\"66\">Dimens\u00e3o<\/td>\n<td class=\"et6\" style=\"width: 200.15pt;\" width=\"400\">26*10,5*2,5cm 31*12*2cm<\/td>\n<\/tr>\n<tr style=\"height: 16.50pt;\">\n<td class=\"et3\" style=\"height: 16.50pt;\" height=\"33\">MOQ<\/td>\n<td class=\"et3\">500 unidades<\/td>\n<\/tr>\n<tr style=\"height: 16.50pt;\">\n<td class=\"et3\" style=\"height: 16.50pt;\" height=\"33\">Personalizado<\/td>\n<td class=\"et3\">Cor\/tamanho\/log\u00f3tipo\/embalagem<\/td>\n<\/tr>\n<\/tbody>\n<\/table>","protected":false},"featured_media":4561,"comment_status":"closed","ping_status":"closed","template":"","meta":{"_acf_changed":false},"product_brand":[],"product_cat":[62,76],"product_tag":[88,81],"class_list":{"0":"post-4560","1":"product","2":"type-product","3":"status-publish","4":"has-post-thumbnail","6":"product_cat-ceramic-plates-wholesale","7":"product_cat-wholesale-serving-platters","8":"product_tag-japanese-style-dinnerware-set-wholesale","9":"product_tag-modern-design-dinnerware-set-wholesale","11":"first","12":"instock","13":"shipping-taxable","14":"product-type-simple"},"acf":[],"_links":{"self":[{"href":"https:\/\/www.yongjianceramic.com\/pt\/wp-json\/wp\/v2\/product\/4560","targetHints":{"allow":["GET"]}}],"collection":[{"href":"https:\/\/www.yongjianceramic.com\/pt\/wp-json\/wp\/v2\/product"}],"about":[{"href":"https:\/\/www.yongjianceramic.com\/pt\/wp-json\/wp\/v2\/types\/product"}],"replies":[{"embeddable":true,"href":"https:\/\/www.yongjianceramic.com\/pt\/wp-json\/wp\/v2\/comments?post=4560"}],"wp:featuredmedia":[{"embeddable":true,"href":"https:\/\/www.yongjianceramic.com\/pt\/wp-json\/wp\/v2\/media\/4561"}],"wp:attachment":[{"href":"https:\/\/www.yongjianceramic.com\/pt\/wp-json\/wp\/v2\/media?parent=4560"}],"wp:term":[{"taxonomy":"product_brand","embeddable":true,"href":"https:\/\/www.yongjianceramic.com\/pt\/wp-json\/wp\/v2\/product_brand?post=4560"},{"taxonomy":"product_cat","embeddable":true,"href":"https:\/\/www.yongjianceramic.com\/pt\/wp-json\/wp\/v2\/product_cat?post=4560"},{"taxonomy":"product_tag","embeddable":true,"href":"https:\/\/www.yongjianceramic.com\/pt\/wp-json\/wp\/v2\/product_tag?post=4560"}],"curies":[{"name":"wp","href":"https:\/\/api.w.org\/{rel}","templated":true}]}}