{"id":4591,"date":"2025-04-21T10:38:26","date_gmt":"2025-04-21T02:38:26","guid":{"rendered":"https:\/\/www.yongjianceramic.com\/?post_type=product&#038;p=4591"},"modified":"2025-04-21T10:38:28","modified_gmt":"2025-04-21T02:38:28","slug":"serving-plates-wholesale","status":"publish","type":"product","link":"https:\/\/www.yongjianceramic.com\/pt\/produto\/serving-plates-wholesale\/","title":{"rendered":"Pratos de servi\u00e7o profundos de 8 polegadas por atacado, pratos redondos a granel"},"content":{"rendered":"<div class=\"wp-block-columns is-layout-flex wp-container-core-columns-is-layout-9d6595d7 wp-block-columns-is-layout-flex\">\n<div class=\"wp-block-column is-layout-flow wp-block-column-is-layout-flow\">\n<h2 class=\"wp-block-heading\">Pratos de servir Premium Carater\u00edsticas por atacado:<\/h2>\n\n\n\n<ul class=\"wp-block-list\">\n<li><strong>Processo de vidrado reativo, o vidrado flui naturalmente: <\/strong>Usando o processo de esmalte reativo de alta temperatura, a cor do esmalte dos nossos pratos de servir profundos por atacado apresenta mudan\u00e7as \u00fanicas, camadas de cores ricas e textura de alta qualidade, mostrando a beleza do artesanato oriental.<\/li>\n\n\n\n<li><strong>Design de placa com 8 polegadas de profundidade, pr\u00e1tico e diversificado:<\/strong> O tamanho normal de 8 polegadas \u00e9 combinado com uma forma de prato mais profunda. Com capacidade suficiente, os nossos pratos de jantar em cer\u00e2mica a granel s\u00e3o adequados para massas, saladas, arroz com caril, pratos cozinhados e outros pratos, satisfazendo as necessidades di\u00e1rias e comerciais de restaura\u00e7\u00e3o.<\/li>\n\n\n\n<li><strong>Cer\u00e2mica de alta temperatura, segura e duradoura:<\/strong> Fabricados em barro de alta qualidade, cozido a alta temperatura, os nossos pratos de servir fundos por atacado s\u00e3o resistentes ao calor e aos riscos, adequados para micro-ondas, fornos e m\u00e1quinas de lavar lou\u00e7a, pr\u00e1ticos e bonitos.<\/li>\n\n\n\n<li><strong>Suporte \u00e0 personaliza\u00e7\u00e3o para atender a v\u00e1rias necessidades:<\/strong> As cores, os log\u00f3tipos ou os desenhos podem ser personalizados de acordo com as suas necessidades. Estes pratos de cer\u00e2mica a granel podem ser utilizados por restaurantes, hot\u00e9is e marcas de lojas online para criar loi\u00e7a personalizada distinta.<\/li>\n<\/ul>\n<\/div>\n\n\n\n<div class=\"wp-block-column is-layout-flow wp-block-column-is-layout-flow\">\n<figure class=\"wp-block-image size-full\"><img fetchpriority=\"high\" decoding=\"async\" width=\"800\" height=\"800\" src=\"https:\/\/www.yongjianceramic.com\/wp-content\/uploads\/2025\/04\/custom-made-crockeryceramic-plate-manufacturerceramic-dinner-set-wholesale-1.webp\" alt=\"Pratos de servi\u00e7o profundos de 8 polegadas por atacado, pratos redondos a granel-5\" class=\"wp-image-4592\" srcset=\"https:\/\/www.yongjianceramic.com\/wp-content\/uploads\/2025\/04\/custom-made-crockeryceramic-plate-manufacturerceramic-dinner-set-wholesale-1.webp 800w, https:\/\/www.yongjianceramic.com\/wp-content\/uploads\/2025\/04\/custom-made-crockeryceramic-plate-manufacturerceramic-dinner-set-wholesale-1-300x300.webp 300w, https:\/\/www.yongjianceramic.com\/wp-content\/uploads\/2025\/04\/custom-made-crockeryceramic-plate-manufacturerceramic-dinner-set-wholesale-1-150x150.webp 150w, https:\/\/www.yongjianceramic.com\/wp-content\/uploads\/2025\/04\/custom-made-crockeryceramic-plate-manufacturerceramic-dinner-set-wholesale-1-768x768.webp 768w, https:\/\/www.yongjianceramic.com\/wp-content\/uploads\/2025\/04\/custom-made-crockeryceramic-plate-manufacturerceramic-dinner-set-wholesale-1-12x12.webp 12w, https:\/\/www.yongjianceramic.com\/wp-content\/uploads\/2025\/04\/custom-made-crockeryceramic-plate-manufacturerceramic-dinner-set-wholesale-1-285x285.webp 285w, https:\/\/www.yongjianceramic.com\/wp-content\/uploads\/2025\/04\/custom-made-crockeryceramic-plate-manufacturerceramic-dinner-set-wholesale-1-270x270.webp 270w, https:\/\/www.yongjianceramic.com\/wp-content\/uploads\/2025\/04\/custom-made-crockeryceramic-plate-manufacturerceramic-dinner-set-wholesale-1-540x540.webp 540w, https:\/\/www.yongjianceramic.com\/wp-content\/uploads\/2025\/04\/custom-made-crockeryceramic-plate-manufacturerceramic-dinner-set-wholesale-1-660x660.webp 660w\" sizes=\"(max-width: 800px) 100vw, 800px\" \/><\/figure>\n<\/div>\n<\/div>","protected":false},"excerpt":{"rendered":"<div class=\"lRu31\" dir=\"ltr\">Bem-vindo \u00e0 compra de pratos de jantar de cer\u00e2mica a granel. Estes pratos de servir com 8 polegadas de profundidade utilizam tecnologia de esmalte reativo, t\u00eam uma cor de esmalte \u00fanica e natural, uma forma pr\u00e1tica e bonita, adequada para uma variedade de pratos. <\/p>\n<div class=\"OvtS8d\">\n<table style=\"border-collapse: collapse; width: 327.02pt;\" border=\"0\" width=\"654\" cellspacing=\"0\" cellpadding=\"0\">\n<tbody>\n<tr style=\"height: 16.50pt;\">\n<td class=\"et3\" style=\"height: 16.50pt; width: 127.20pt;\" width=\"254\" height=\"33\">Fabricante<\/td>\n<td class=\"et3\" style=\"width: 200.15pt;\" width=\"400\">Yongjian<\/td>\n<\/tr>\n<tr style=\"height: 16.50pt;\">\n<td class=\"et3\" style=\"height: 16.50pt;\" height=\"33\">Modelo n.<\/td>\n<td class=\"et4\" style=\"width: 200.15pt;\" width=\"400\">YJ-122<\/td>\n<\/tr>\n<tr style=\"height: 16.50pt;\">\n<td class=\"et3\" style=\"height: 16.50pt;\" height=\"33\">Tipo de produto<\/td>\n<td class=\"et3\">Prato fundo<\/td>\n<\/tr>\n<tr style=\"height: 16.50pt;\">\n<td class=\"et3\" style=\"height: 16.50pt;\" height=\"33\">Material<\/td>\n<td class=\"et3\">Porcelana<\/td>\n<\/tr>\n<tr style=\"height: 16.50pt;\">\n<td class=\"et5\" style=\"height: 16.50pt;\" height=\"33\">Cor<\/td>\n<td class=\"et3\">Como imagem<\/td>\n<\/tr>\n<tr style=\"height: 16.50pt;\">\n<td class=\"et3\" style=\"height: 16.50pt;\" height=\"33\">Dimens\u00e3o<\/td>\n<td class=\"et6\" style=\"width: 200.15pt;\" width=\"400\">20,5*20,5*4,2cm<\/td>\n<\/tr>\n<tr style=\"height: 16.50pt;\">\n<td class=\"et3\" style=\"height: 16.50pt;\" height=\"33\">MOQ<\/td>\n<td class=\"et3\">500 unidades<\/td>\n<\/tr>\n<tr style=\"height: 16.50pt;\">\n<td class=\"et3\" style=\"height: 16.50pt;\" height=\"33\">Personalizado<\/td>\n<td class=\"et3\">Cor\/tamanho\/log\u00f3tipo\/embalagem<\/td>\n<\/tr>\n<\/tbody>\n<\/table>\n<\/div>\n<div id=\"ow23\">\u00a0<\/div>\n<\/div>\n<div dir=\"ltr\">\u00a0<\/div>\n<div class=\"UdTY9 WdefRb\" aria-hidden=\"true\" data-location=\"2\">\u00a0<\/div>","protected":false},"featured_media":4602,"comment_status":"closed","ping_status":"closed","template":"","meta":{"_acf_changed":false},"product_brand":[],"product_cat":[62,77,93,76],"product_tag":[88,81],"class_list":{"0":"post-4591","1":"product","2":"type-product","3":"status-publish","4":"has-post-thumbnail","6":"product_cat-ceramic-plates-wholesale","7":"product_cat-deep-plates-wholesale","8":"product_cat-bulk-dinner-plates","9":"product_cat-wholesale-serving-platters","10":"product_tag-japanese-style-dinnerware-set-wholesale","11":"product_tag-modern-design-dinnerware-set-wholesale","13":"first","14":"instock","15":"shipping-taxable","16":"product-type-simple"},"acf":[],"_links":{"self":[{"href":"https:\/\/www.yongjianceramic.com\/pt\/wp-json\/wp\/v2\/product\/4591","targetHints":{"allow":["GET"]}}],"collection":[{"href":"https:\/\/www.yongjianceramic.com\/pt\/wp-json\/wp\/v2\/product"}],"about":[{"href":"https:\/\/www.yongjianceramic.com\/pt\/wp-json\/wp\/v2\/types\/product"}],"replies":[{"embeddable":true,"href":"https:\/\/www.yongjianceramic.com\/pt\/wp-json\/wp\/v2\/comments?post=4591"}],"wp:featuredmedia":[{"embeddable":true,"href":"https:\/\/www.yongjianceramic.com\/pt\/wp-json\/wp\/v2\/media\/4602"}],"wp:attachment":[{"href":"https:\/\/www.yongjianceramic.com\/pt\/wp-json\/wp\/v2\/media?parent=4591"}],"wp:term":[{"taxonomy":"product_brand","embeddable":true,"href":"https:\/\/www.yongjianceramic.com\/pt\/wp-json\/wp\/v2\/product_brand?post=4591"},{"taxonomy":"product_cat","embeddable":true,"href":"https:\/\/www.yongjianceramic.com\/pt\/wp-json\/wp\/v2\/product_cat?post=4591"},{"taxonomy":"product_tag","embeddable":true,"href":"https:\/\/www.yongjianceramic.com\/pt\/wp-json\/wp\/v2\/product_tag?post=4591"}],"curies":[{"name":"wp","href":"https:\/\/api.w.org\/{rel}","templated":true}]}}