{"id":4634,"date":"2025-05-06T15:20:40","date_gmt":"2025-05-06T07:20:40","guid":{"rendered":"https:\/\/www.yongjianceramic.com\/?post_type=product&#038;p=4634"},"modified":"2025-05-06T15:20:43","modified_gmt":"2025-05-06T07:20:43","slug":"wholesale-dinner-sets","status":"publish","type":"product","link":"https:\/\/www.yongjianceramic.com\/pt\/produto\/wholesale-dinner-sets\/","title":{"rendered":"Servi\u00e7o de jantar por atacado com esmalte reativo, lou\u00e7a comercial"},"content":{"rendered":"<div class=\"wp-block-columns is-layout-flex wp-container-core-columns-is-layout-9d6595d7 wp-block-columns-is-layout-flex\">\n<div class=\"wp-block-column is-layout-flow wp-block-column-is-layout-flow\">\n<h2 class=\"wp-block-heading\">Conjuntos de jantar Premium Wholesale Carater\u00edsticas:<\/h2>\n\n\n\n<ul class=\"wp-block-list\">\n<li><strong>Configura\u00e7\u00e3o de loi\u00e7a dupla, pr\u00e1tica e atenciosa: <\/strong>Os nossos conjuntos de jantar por atacado incluem a combina\u00e7\u00e3o b\u00e1sica de tigela e prato necess\u00e1ria, adequada para casais, fam\u00edlias ou hot\u00e9is para refei\u00e7\u00f5es para duas pessoas, com uma combina\u00e7\u00e3o razo\u00e1vel e grande praticidade.<\/li>\n\n\n\n<li><strong>Textura de m\u00e1rmore, textura de alta qualidade: <\/strong>Estes conjuntos de loi\u00e7a comercial a granel adoptam um design em m\u00e1rmore e a textura natural \u00e9 escalonada, criando uma atmosfera calma e elegante na mesa de jantar.<\/li>\n\n\n\n<li><strong>Tecnologia de esmalte reativo, camadas de cores ricas: <\/strong>Combinada com a tecnologia de esmalte de rea\u00e7\u00e3o em forno, cada pe\u00e7a destes conjuntos de jantar por atacado tem uma textura ligeiramente diferente, \u00fanica e art\u00edstica.<\/li>\n\n\n\n<li><strong>Adequado para hot\u00e9is e locais de restaura\u00e7\u00e3o de alta qualidade: <\/strong>A cozedura de cer\u00e2mica a alta temperatura, resistente ao calor e ao desgaste, com uma estrutura est\u00e1vel, os nossos conjuntos de loi\u00e7a comercial a granel s\u00e3o amplamente utilizados em cen\u00e1rios comerciais, tais como hot\u00e9is, restaurantes de luxo e casas de fam\u00edlia, log\u00f3tipos personaliz\u00e1veis e apoio a compras a granel.<\/li>\n<\/ul>\n<\/div>\n\n\n\n<div class=\"wp-block-column is-layout-flow wp-block-column-is-layout-flow\">\n<figure class=\"wp-block-image size-full\"><img fetchpriority=\"high\" decoding=\"async\" width=\"800\" height=\"800\" src=\"https:\/\/www.yongjianceramic.com\/wp-content\/uploads\/2025\/05\/china-dinnerwarewholesale-and-custom-ceramic-platesceramic-bowl-supplier-2.webp\" alt=\"Servi\u00e7o de jantar por atacado com esmalte reativo, lou\u00e7a comercial-2\" class=\"wp-image-4636\" srcset=\"https:\/\/www.yongjianceramic.com\/wp-content\/uploads\/2025\/05\/china-dinnerwarewholesale-and-custom-ceramic-platesceramic-bowl-supplier-2.webp 800w, https:\/\/www.yongjianceramic.com\/wp-content\/uploads\/2025\/05\/china-dinnerwarewholesale-and-custom-ceramic-platesceramic-bowl-supplier-2-300x300.webp 300w, https:\/\/www.yongjianceramic.com\/wp-content\/uploads\/2025\/05\/china-dinnerwarewholesale-and-custom-ceramic-platesceramic-bowl-supplier-2-150x150.webp 150w, https:\/\/www.yongjianceramic.com\/wp-content\/uploads\/2025\/05\/china-dinnerwarewholesale-and-custom-ceramic-platesceramic-bowl-supplier-2-768x768.webp 768w, https:\/\/www.yongjianceramic.com\/wp-content\/uploads\/2025\/05\/china-dinnerwarewholesale-and-custom-ceramic-platesceramic-bowl-supplier-2-12x12.webp 12w, https:\/\/www.yongjianceramic.com\/wp-content\/uploads\/2025\/05\/china-dinnerwarewholesale-and-custom-ceramic-platesceramic-bowl-supplier-2-285x285.webp 285w, https:\/\/www.yongjianceramic.com\/wp-content\/uploads\/2025\/05\/china-dinnerwarewholesale-and-custom-ceramic-platesceramic-bowl-supplier-2-270x270.webp 270w, https:\/\/www.yongjianceramic.com\/wp-content\/uploads\/2025\/05\/china-dinnerwarewholesale-and-custom-ceramic-platesceramic-bowl-supplier-2-540x540.webp 540w, https:\/\/www.yongjianceramic.com\/wp-content\/uploads\/2025\/05\/china-dinnerwarewholesale-and-custom-ceramic-platesceramic-bowl-supplier-2-660x660.webp 660w\" sizes=\"(max-width: 800px) 100vw, 800px\" \/><\/figure>\n<\/div>\n<\/div>","protected":false},"excerpt":{"rendered":"<p>Bem-vindo \u00e0 compra de conjuntos de loi\u00e7a comercial a granel. Os nossos conjuntos de jantar por atacado combinam padr\u00e3o de m\u00e1rmore e tecnologia de esmalte reativo para apresentar um efeito visual natural e elegante. T\u00eam uma configura\u00e7\u00e3o razo\u00e1vel e uma textura de alta qualidade, adequada para hot\u00e9is, restaurantes de luxo e cen\u00e1rios de vida requintados.<\/p>\n<table style=\"border-collapse: collapse; width: 327.02pt;\" border=\"0\" width=\"654\" cellspacing=\"0\" cellpadding=\"0\">\n<tbody>\n<tr style=\"height: 16.50pt;\">\n<td class=\"et3\" style=\"height: 16.50pt; width: 127.20pt;\" width=\"254\" height=\"33\">Fabricante<\/td>\n<td class=\"et3\" style=\"width: 200.15pt;\" width=\"400\">Yongjian<\/td>\n<\/tr>\n<tr style=\"height: 16.50pt;\">\n<td class=\"et3\" style=\"height: 16.50pt;\" height=\"33\">Modelo n.<\/td>\n<td class=\"et4\" style=\"width: 200.15pt;\" width=\"400\">YJ-124<\/td>\n<\/tr>\n<tr style=\"height: 16.50pt;\">\n<td class=\"et5\" style=\"height: 16.50pt; width: 127.20pt;\" width=\"254\" height=\"33\">Tipo de lou\u00e7a<\/td>\n<td class=\"et5\" style=\"width: 200.15pt;\" width=\"400\">Pratos, travessas, ta\u00e7as<\/td>\n<\/tr>\n<tr style=\"height: 16.50pt;\">\n<td class=\"et3\" style=\"height: 16.50pt;\" height=\"33\">T\u00e9cnica<\/td>\n<td class=\"et3\">Efeito de esmalte de forno<\/td>\n<\/tr>\n<tr style=\"height: 16.50pt;\">\n<td class=\"et3\" style=\"height: 16.50pt;\" height=\"33\">Material<\/td>\n<td class=\"et3\">Porcelana<\/td>\n<\/tr>\n<tr style=\"height: 33.00pt;\">\n<td class=\"et6\" style=\"height: 33.00pt;\" height=\"66\">Aplic\u00e1vel<\/td>\n<td class=\"et5\" style=\"width: 200.15pt;\" width=\"400\">Esterilizador, M\u00e1quina de lavar loi\u00e7a, Forno, Micro-ondas<\/td>\n<\/tr>\n<tr style=\"height: 16.50pt;\">\n<td class=\"et3\" style=\"height: 16.50pt;\" height=\"33\">Dimens\u00e3o<\/td>\n<td class=\"et3\">Como imagem<\/td>\n<\/tr>\n<tr style=\"height: 16.50pt;\">\n<td class=\"et3\" style=\"height: 16.50pt;\" height=\"33\">MOQ<\/td>\n<td class=\"et3\">500 unidades<\/td>\n<\/tr>\n<tr style=\"height: 16.50pt;\">\n<td class=\"et3\" style=\"height: 16.50pt;\" height=\"33\">Personalizado<\/td>\n<td class=\"et3\">Cor\/tamanho\/log\u00f3tipo\/embalagem<\/td>\n<\/tr>\n<\/tbody>\n<\/table>","protected":false},"featured_media":4639,"comment_status":"closed","ping_status":"closed","template":"","meta":{"_acf_changed":false},"product_brand":[],"product_cat":[64,87,85],"product_tag":[88,86],"class_list":{"0":"post-4634","1":"product","2":"type-product","3":"status-publish","4":"has-post-thumbnail","6":"product_cat-dinnerware-sets","7":"product_cat-tableware-wholesale","8":"product_cat-wholesale-dinnerware-sets","9":"product_tag-japanese-style-dinnerware-set-wholesale","10":"product_tag-oriental-style-dinnerware-wholesale","12":"first","13":"instock","14":"shipping-taxable","15":"product-type-simple"},"acf":[],"_links":{"self":[{"href":"https:\/\/www.yongjianceramic.com\/pt\/wp-json\/wp\/v2\/product\/4634","targetHints":{"allow":["GET"]}}],"collection":[{"href":"https:\/\/www.yongjianceramic.com\/pt\/wp-json\/wp\/v2\/product"}],"about":[{"href":"https:\/\/www.yongjianceramic.com\/pt\/wp-json\/wp\/v2\/types\/product"}],"replies":[{"embeddable":true,"href":"https:\/\/www.yongjianceramic.com\/pt\/wp-json\/wp\/v2\/comments?post=4634"}],"wp:featuredmedia":[{"embeddable":true,"href":"https:\/\/www.yongjianceramic.com\/pt\/wp-json\/wp\/v2\/media\/4639"}],"wp:attachment":[{"href":"https:\/\/www.yongjianceramic.com\/pt\/wp-json\/wp\/v2\/media?parent=4634"}],"wp:term":[{"taxonomy":"product_brand","embeddable":true,"href":"https:\/\/www.yongjianceramic.com\/pt\/wp-json\/wp\/v2\/product_brand?post=4634"},{"taxonomy":"product_cat","embeddable":true,"href":"https:\/\/www.yongjianceramic.com\/pt\/wp-json\/wp\/v2\/product_cat?post=4634"},{"taxonomy":"product_tag","embeddable":true,"href":"https:\/\/www.yongjianceramic.com\/pt\/wp-json\/wp\/v2\/product_tag?post=4634"}],"curies":[{"name":"wp","href":"https:\/\/api.w.org\/{rel}","templated":true}]}}