{"id":4641,"date":"2025-05-06T14:42:15","date_gmt":"2025-05-06T06:42:15","guid":{"rendered":"https:\/\/www.yongjianceramic.com\/?post_type=product&#038;p=4641"},"modified":"2025-05-06T14:42:17","modified_gmt":"2025-05-06T06:42:17","slug":"wholesale-pasta-bowls","status":"publish","type":"product","link":"https:\/\/www.yongjianceramic.com\/pt\/produto\/wholesale-pasta-bowls\/","title":{"rendered":"Ta\u00e7as para massas por grosso com gradiente de 7,5 polegadas, ta\u00e7as de cer\u00e2mica a granel"},"content":{"rendered":"<div class=\"wp-block-columns is-layout-flex wp-container-core-columns-is-layout-9d6595d7 wp-block-columns-is-layout-flex\">\n<div class=\"wp-block-column is-layout-flow wp-block-column-is-layout-flow\">\n<h2 class=\"wp-block-heading\">Ta\u00e7as para massas Premium Wholesale Carater\u00edsticas:<\/h2>\n\n\n\n<ul class=\"wp-block-list\">\n<li><strong>Tecnologia de esmalte reativo, apresenta\u00e7\u00e3o de cor \u00fanica: <\/strong>As nossas ta\u00e7as para massas por atacado s\u00e3o fabricadas atrav\u00e9s da tecnologia tradicional de mudan\u00e7a de forno, o esmalte flui naturalmente e tem camadas distintas. Cada prato apresenta um efeito \u00fanico, com um grande sentido de beleza artesanal.<\/li>\n\n\n\n<li><strong>Tamanho de 7,5 polegadas, amplamente aplic\u00e1vel: <\/strong>Design de calibre moderado, as nossas tigelas de cer\u00e2mica a granel podem ser utilizadas para massas, saladas, arroz, sobremesas e outras refei\u00e7\u00f5es di\u00e1rias, tanto pr\u00e1ticas como bonitas.<\/li>\n\n\n\n<li><strong>Prato profundo curvo, design anti-transbordamento: <\/strong>Estas ta\u00e7as para massas por atacado s\u00e3o ligeiramente fundas, o que evita eficazmente que a sopa transborde, melhora a experi\u00eancia gastron\u00f3mica e \u00e9 adequada para uma variedade de pratos em casa ou no restaurante.<\/li>\n\n\n\n<li><strong>Adequado para a restaura\u00e7\u00e3o dom\u00e9stica e comercial: <\/strong>Com uma forma elegante e uma textura s\u00f3lida, estas ta\u00e7as de cer\u00e2mica a granel s\u00e3o adequadas para utiliza\u00e7\u00e3o di\u00e1ria em casa, caf\u00e9s, restaurantes e outros locais, podendo suportar log\u00f3tipos personalizados e encomendas a granel<\/li>\n<\/ul>\n<\/div>\n\n\n\n<div class=\"wp-block-column is-layout-flow wp-block-column-is-layout-flow\">\n<figure class=\"wp-block-image size-full\"><img fetchpriority=\"high\" decoding=\"async\" width=\"800\" height=\"800\" src=\"https:\/\/www.yongjianceramic.com\/wp-content\/uploads\/2025\/05\/bulk-pasta-bowlscustom-dinner-platescustom-made-ceramic-dinnerware-8.webp\" alt=\"Ta\u00e7as para massas com gradiente de 7,5 polegadas, ta\u00e7as de cer\u00e2mica a granel-4\" class=\"wp-image-4649\" srcset=\"https:\/\/www.yongjianceramic.com\/wp-content\/uploads\/2025\/05\/bulk-pasta-bowlscustom-dinner-platescustom-made-ceramic-dinnerware-8.webp 800w, https:\/\/www.yongjianceramic.com\/wp-content\/uploads\/2025\/05\/bulk-pasta-bowlscustom-dinner-platescustom-made-ceramic-dinnerware-8-300x300.webp 300w, https:\/\/www.yongjianceramic.com\/wp-content\/uploads\/2025\/05\/bulk-pasta-bowlscustom-dinner-platescustom-made-ceramic-dinnerware-8-150x150.webp 150w, https:\/\/www.yongjianceramic.com\/wp-content\/uploads\/2025\/05\/bulk-pasta-bowlscustom-dinner-platescustom-made-ceramic-dinnerware-8-768x768.webp 768w, https:\/\/www.yongjianceramic.com\/wp-content\/uploads\/2025\/05\/bulk-pasta-bowlscustom-dinner-platescustom-made-ceramic-dinnerware-8-12x12.webp 12w, https:\/\/www.yongjianceramic.com\/wp-content\/uploads\/2025\/05\/bulk-pasta-bowlscustom-dinner-platescustom-made-ceramic-dinnerware-8-285x285.webp 285w, https:\/\/www.yongjianceramic.com\/wp-content\/uploads\/2025\/05\/bulk-pasta-bowlscustom-dinner-platescustom-made-ceramic-dinnerware-8-270x270.webp 270w, https:\/\/www.yongjianceramic.com\/wp-content\/uploads\/2025\/05\/bulk-pasta-bowlscustom-dinner-platescustom-made-ceramic-dinnerware-8-540x540.webp 540w, https:\/\/www.yongjianceramic.com\/wp-content\/uploads\/2025\/05\/bulk-pasta-bowlscustom-dinner-platescustom-made-ceramic-dinnerware-8-660x660.webp 660w\" sizes=\"(max-width: 800px) 100vw, 800px\" \/><\/figure>\n<\/div>\n<\/div>","protected":false},"excerpt":{"rendered":"<p>Bem-vindo ao comprar tigelas de cer\u00e2mica a granel. As nossas tigelas de massa por atacado de 7,5 polegadas s\u00e3o cozidas com um processo \u00fanico de vitrifica\u00e7\u00e3o reactiva. A cor flui naturalmente, e o formato do prato \u00e9 pr\u00e1tico e elegante. \u00c9 adequado para servir todos os tipos de alimentos b\u00e1sicos e saladas. \u00c9 uma escolha ideal para fam\u00edlias e locais de restaura\u00e7\u00e3o de alta qualidade.<\/p>\n<table style=\"border-collapse: collapse; width: 327.02pt;\" border=\"0\" width=\"654\" cellspacing=\"0\" cellpadding=\"0\">\n<tbody>\n<tr style=\"height: 16.50pt;\">\n<td class=\"et3\" style=\"height: 16.50pt; width: 127.20pt;\" width=\"254\" height=\"33\">Fabricante<\/td>\n<td class=\"et3\" style=\"width: 200.15pt;\" width=\"400\">Yongjian<\/td>\n<\/tr>\n<tr style=\"height: 16.50pt;\">\n<td class=\"et3\" style=\"height: 16.50pt;\" height=\"33\">Modelo n.<\/td>\n<td class=\"et4\" style=\"width: 200.15pt;\" width=\"400\">YJ-125<\/td>\n<\/tr>\n<tr style=\"height: 16.50pt;\">\n<td class=\"et3\" style=\"height: 16.50pt;\" height=\"33\">Tipo de produto<\/td>\n<td class=\"et3\">Prato de jantar<\/td>\n<\/tr>\n<tr style=\"height: 16.50pt;\">\n<td class=\"et3\" style=\"height: 16.50pt;\" height=\"33\">Material<\/td>\n<td class=\"et3\">Porcelana<\/td>\n<\/tr>\n<tr style=\"height: 16.50pt;\">\n<td class=\"et5\" style=\"height: 16.50pt;\" height=\"33\">Cor<\/td>\n<td class=\"et3\">Como imagem<\/td>\n<\/tr>\n<tr style=\"height: 16.50pt;\">\n<td class=\"et3\" style=\"height: 16.50pt;\" height=\"33\">Dimens\u00e3o<\/td>\n<td class=\"et6\" style=\"width: 200.15pt;\" width=\"400\">18*18*6cm<\/td>\n<\/tr>\n<tr style=\"height: 16.50pt;\">\n<td class=\"et3\" style=\"height: 16.50pt;\" height=\"33\">MOQ<\/td>\n<td class=\"et3\">500 unidades<\/td>\n<\/tr>\n<tr style=\"height: 16.50pt;\">\n<td class=\"et3\" style=\"height: 16.50pt;\" height=\"33\">Personalizado<\/td>\n<td class=\"et3\">Cor\/tamanho\/log\u00f3tipo\/embalagem<\/td>\n<\/tr>\n<\/tbody>\n<\/table>","protected":false},"featured_media":4642,"comment_status":"closed","ping_status":"closed","template":"","meta":{"_acf_changed":false},"product_brand":[],"product_cat":[63,74,73],"product_tag":[88,81],"class_list":{"0":"post-4641","1":"product","2":"type-product","3":"status-publish","4":"has-post-thumbnail","6":"product_cat-wholesale-bowls","7":"product_cat-bulk-serving-bowls","8":"product_cat-bulk-soup-bowls","9":"product_tag-japanese-style-dinnerware-set-wholesale","10":"product_tag-modern-design-dinnerware-set-wholesale","12":"first","13":"instock","14":"shipping-taxable","15":"product-type-simple"},"acf":[],"_links":{"self":[{"href":"https:\/\/www.yongjianceramic.com\/pt\/wp-json\/wp\/v2\/product\/4641","targetHints":{"allow":["GET"]}}],"collection":[{"href":"https:\/\/www.yongjianceramic.com\/pt\/wp-json\/wp\/v2\/product"}],"about":[{"href":"https:\/\/www.yongjianceramic.com\/pt\/wp-json\/wp\/v2\/types\/product"}],"replies":[{"embeddable":true,"href":"https:\/\/www.yongjianceramic.com\/pt\/wp-json\/wp\/v2\/comments?post=4641"}],"wp:featuredmedia":[{"embeddable":true,"href":"https:\/\/www.yongjianceramic.com\/pt\/wp-json\/wp\/v2\/media\/4642"}],"wp:attachment":[{"href":"https:\/\/www.yongjianceramic.com\/pt\/wp-json\/wp\/v2\/media?parent=4641"}],"wp:term":[{"taxonomy":"product_brand","embeddable":true,"href":"https:\/\/www.yongjianceramic.com\/pt\/wp-json\/wp\/v2\/product_brand?post=4641"},{"taxonomy":"product_cat","embeddable":true,"href":"https:\/\/www.yongjianceramic.com\/pt\/wp-json\/wp\/v2\/product_cat?post=4641"},{"taxonomy":"product_tag","embeddable":true,"href":"https:\/\/www.yongjianceramic.com\/pt\/wp-json\/wp\/v2\/product_tag?post=4641"}],"curies":[{"name":"wp","href":"https:\/\/api.w.org\/{rel}","templated":true}]}}