{"id":4663,"date":"2025-05-06T14:29:41","date_gmt":"2025-05-06T06:29:41","guid":{"rendered":"https:\/\/www.yongjianceramic.com\/?post_type=product&#038;p=4663"},"modified":"2025-05-06T14:29:44","modified_gmt":"2025-05-06T06:29:44","slug":"wholesale-serving-dishes","status":"publish","type":"product","link":"https:\/\/www.yongjianceramic.com\/pt\/produto\/wholesale-serving-dishes\/","title":{"rendered":"Forma de folha Pratos de servir por atacado, pratos de sushi a granel"},"content":{"rendered":"<div class=\"wp-block-columns is-layout-flex wp-container-core-columns-is-layout-9d6595d7 wp-block-columns-is-layout-flex\">\n<div class=\"wp-block-column is-layout-flow wp-block-column-is-layout-flow\">\n<h2 class=\"wp-block-heading\">Pratos de servir Premium Wholesale Carater\u00edsticas:<\/h2>\n\n\n\n<ul class=\"wp-block-list\">\n<li><strong>Design em forma de folha, natural e flex\u00edvel:<\/strong> Estes pratos de servir por atacado adoptam um design \u00fanico em forma de folha, com linhas suaves, inspiradas em elementos naturais, acrescentando um toque de estilo fresco e elegante \u00e0 mesa de jantar.<\/li>\n\n\n\n<li><strong>M\u00faltiplas op\u00e7\u00f5es de cores, combina\u00e7\u00e3o rica: <\/strong>As nossas placas de Sushi a granel oferecem 4 op\u00e7\u00f5es de cores de esmalte, cada cor foi cuidadosamente misturada e pode ser utilizada numa \u00fanica cor ou misturada e combinada para satisfazer as necessidades de diferentes estilos de restaurantes e combina\u00e7\u00f5es.<\/li>\n\n\n\n<li><strong>Esmalte brilhante, textura delicada: <\/strong>A superf\u00edcie destes pratos de servir por atacado \u00e9 tratada com esmalte brilhante, a cor \u00e9 brilhante e o reflexo \u00e9 suave, o que o torna mais sofisticado, f\u00e1cil de limpar e n\u00e3o \u00e9 f\u00e1cil de absorver manchas de \u00f3leo.<\/li>\n\n\n\n<li><strong>Adequado para hot\u00e9is e restaurantes, suporta personaliza\u00e7\u00e3o:<\/strong> Estes pratos de sushi a granel s\u00e3o concebidos para ambientes de restaura\u00e7\u00e3o comercial, podem ser utilizados como prato principal, prato de sobremesa ou prato de exposi\u00e7\u00e3o decorativo, suportam a personaliza\u00e7\u00e3o de lotes para satisfazer necessidades personalizadas.<\/li>\n<\/ul>\n<\/div>\n\n\n\n<div class=\"wp-block-column is-layout-flow wp-block-column-is-layout-flow\">\n<figure class=\"wp-block-image size-full\"><img fetchpriority=\"high\" decoding=\"async\" width=\"800\" height=\"800\" src=\"https:\/\/www.yongjianceramic.com\/wp-content\/uploads\/2025\/05\/china-tablewarewholesale-and-custom-ceramic-platesbulk-dishes-3.webp\" alt=\"Pratos de servir por atacado em forma de folha, pratos de sushi a granel-11\" class=\"wp-image-4665\" srcset=\"https:\/\/www.yongjianceramic.com\/wp-content\/uploads\/2025\/05\/china-tablewarewholesale-and-custom-ceramic-platesbulk-dishes-3.webp 800w, https:\/\/www.yongjianceramic.com\/wp-content\/uploads\/2025\/05\/china-tablewarewholesale-and-custom-ceramic-platesbulk-dishes-3-300x300.webp 300w, https:\/\/www.yongjianceramic.com\/wp-content\/uploads\/2025\/05\/china-tablewarewholesale-and-custom-ceramic-platesbulk-dishes-3-150x150.webp 150w, https:\/\/www.yongjianceramic.com\/wp-content\/uploads\/2025\/05\/china-tablewarewholesale-and-custom-ceramic-platesbulk-dishes-3-768x768.webp 768w, https:\/\/www.yongjianceramic.com\/wp-content\/uploads\/2025\/05\/china-tablewarewholesale-and-custom-ceramic-platesbulk-dishes-3-12x12.webp 12w, https:\/\/www.yongjianceramic.com\/wp-content\/uploads\/2025\/05\/china-tablewarewholesale-and-custom-ceramic-platesbulk-dishes-3-285x285.webp 285w, https:\/\/www.yongjianceramic.com\/wp-content\/uploads\/2025\/05\/china-tablewarewholesale-and-custom-ceramic-platesbulk-dishes-3-270x270.webp 270w, https:\/\/www.yongjianceramic.com\/wp-content\/uploads\/2025\/05\/china-tablewarewholesale-and-custom-ceramic-platesbulk-dishes-3-540x540.webp 540w, https:\/\/www.yongjianceramic.com\/wp-content\/uploads\/2025\/05\/china-tablewarewholesale-and-custom-ceramic-platesbulk-dishes-3-660x660.webp 660w\" sizes=\"(max-width: 800px) 100vw, 800px\" \/><\/figure>\n<\/div>\n<\/div>","protected":false},"excerpt":{"rendered":"<p>Bem-vindo \u00e0 compra de pratos de servir por atacado. Os nossos pratos de sushi em cer\u00e2mica, em forma de folha, t\u00eam uma forma \u00fanica e est\u00e3o dispon\u00edveis em quatro cores. Combinam a est\u00e9tica natural com fun\u00e7\u00f5es pr\u00e1ticas e s\u00e3o adequados para uma variedade de cen\u00e1rios de refei\u00e7\u00f5es, como hot\u00e9is e restaurantes.<\/p>\n<table style=\"border-collapse: collapse; width: 327.02pt;\" border=\"0\" width=\"654\" cellspacing=\"0\" cellpadding=\"0\">\n<tbody>\n<tr style=\"height: 16.50pt;\">\n<td class=\"et3\" style=\"height: 16.50pt; width: 127.20pt;\" width=\"254\" height=\"33\">Fabricante<\/td>\n<td class=\"et3\" style=\"width: 200.15pt;\" width=\"400\">Yongjian<\/td>\n<\/tr>\n<tr style=\"height: 16.50pt;\">\n<td class=\"et3\" style=\"height: 16.50pt;\" height=\"33\">Modelo n.<\/td>\n<td class=\"et4\" style=\"width: 200.15pt;\" width=\"400\">YJ-127<\/td>\n<\/tr>\n<tr style=\"height: 16.50pt;\">\n<td class=\"et3\" style=\"height: 16.50pt;\" height=\"33\">Tipo de produto<\/td>\n<td class=\"et3\">Prato de servir<\/td>\n<\/tr>\n<tr style=\"height: 16.50pt;\">\n<td class=\"et3\" style=\"height: 16.50pt;\" height=\"33\">Material<\/td>\n<td class=\"et3\">Porcelana<\/td>\n<\/tr>\n<tr style=\"height: 16.50pt;\">\n<td class=\"et5\" style=\"height: 16.50pt;\" height=\"33\">Cor<\/td>\n<td class=\"et3\">Como imagem<\/td>\n<\/tr>\n<tr style=\"height: 16.50pt;\">\n<td class=\"et3\" style=\"height: 16.50pt;\" height=\"33\">Dimens\u00e3o<\/td>\n<td class=\"et6\" style=\"width: 200.15pt;\" width=\"400\">27*8,5*2,6cm<\/td>\n<\/tr>\n<tr style=\"height: 16.50pt;\">\n<td class=\"et3\" style=\"height: 16.50pt;\" height=\"33\">MOQ<\/td>\n<td class=\"et3\">500 unidades<\/td>\n<\/tr>\n<tr style=\"height: 16.50pt;\">\n<td class=\"et3\" style=\"height: 16.50pt;\" height=\"33\">Personalizado<\/td>\n<td class=\"et3\">Cor\/tamanho\/log\u00f3tipo\/embalagem<\/td>\n<\/tr>\n<\/tbody>\n<\/table>","protected":false},"featured_media":4667,"comment_status":"closed","ping_status":"closed","template":"","meta":{"_acf_changed":false},"product_brand":[],"product_cat":[62,76],"product_tag":[88,81],"class_list":{"0":"post-4663","1":"product","2":"type-product","3":"status-publish","4":"has-post-thumbnail","6":"product_cat-ceramic-plates-wholesale","7":"product_cat-wholesale-serving-platters","8":"product_tag-japanese-style-dinnerware-set-wholesale","9":"product_tag-modern-design-dinnerware-set-wholesale","11":"first","12":"instock","13":"shipping-taxable","14":"product-type-simple"},"acf":[],"_links":{"self":[{"href":"https:\/\/www.yongjianceramic.com\/pt\/wp-json\/wp\/v2\/product\/4663","targetHints":{"allow":["GET"]}}],"collection":[{"href":"https:\/\/www.yongjianceramic.com\/pt\/wp-json\/wp\/v2\/product"}],"about":[{"href":"https:\/\/www.yongjianceramic.com\/pt\/wp-json\/wp\/v2\/types\/product"}],"replies":[{"embeddable":true,"href":"https:\/\/www.yongjianceramic.com\/pt\/wp-json\/wp\/v2\/comments?post=4663"}],"wp:featuredmedia":[{"embeddable":true,"href":"https:\/\/www.yongjianceramic.com\/pt\/wp-json\/wp\/v2\/media\/4667"}],"wp:attachment":[{"href":"https:\/\/www.yongjianceramic.com\/pt\/wp-json\/wp\/v2\/media?parent=4663"}],"wp:term":[{"taxonomy":"product_brand","embeddable":true,"href":"https:\/\/www.yongjianceramic.com\/pt\/wp-json\/wp\/v2\/product_brand?post=4663"},{"taxonomy":"product_cat","embeddable":true,"href":"https:\/\/www.yongjianceramic.com\/pt\/wp-json\/wp\/v2\/product_cat?post=4663"},{"taxonomy":"product_tag","embeddable":true,"href":"https:\/\/www.yongjianceramic.com\/pt\/wp-json\/wp\/v2\/product_tag?post=4663"}],"curies":[{"name":"wp","href":"https:\/\/api.w.org\/{rel}","templated":true}]}}