{"id":4719,"date":"2025-05-10T11:41:17","date_gmt":"2025-05-10T03:41:17","guid":{"rendered":"https:\/\/www.yongjianceramic.com\/?post_type=product&#038;p=4719"},"modified":"2025-05-10T11:41:19","modified_gmt":"2025-05-10T03:41:19","slug":"tea-cups-in-bulk","status":"publish","type":"product","link":"https:\/\/www.yongjianceramic.com\/pt\/produto\/tea-cups-in-bulk\/","title":{"rendered":"Ch\u00e1venas de ch\u00e1 em cer\u00e2mica japonesa com desenhos animados a granel com caixa de oferta"},"content":{"rendered":"<div class=\"wp-block-columns is-layout-flex wp-container-core-columns-is-layout-9d6595d7 wp-block-columns-is-layout-flex\">\n<div class=\"wp-block-column is-layout-flow wp-block-column-is-layout-flow\">\n<h2 class=\"wp-block-heading\">Ch\u00e1venas de ch\u00e1 Premium a granel Carater\u00edsticas:<\/h2>\n\n\n\n<ul class=\"wp-block-list\">\n<li><strong>Desenho animado criativo, cheio de divers\u00e3o:<\/strong> Estas ch\u00e1venas de ch\u00e1 a granel s\u00e3o concebidas com diferentes padr\u00f5es de desenhos animados, com formas vivas e interessantes, cheias de infantilidade e personalidade, que aumentam a divers\u00e3o de beber ch\u00e1 e s\u00e3o adequadas para uso familiar di\u00e1rio ou como presentes.<\/li>\n\n\n\n<li><strong>Estilo japon\u00eas, forma requintada: <\/strong>Estas ch\u00e1venas de cer\u00e2mica por atacado incorporam elementos simples japoneses, com linhas suaves e ch\u00e1venas arredondadas, que s\u00e3o simultaneamente culturais e modernos.<\/li>\n\n\n\n<li><strong>Embalagem em caixa de cor requintada, uma boa escolha para presentes: <\/strong>Estas ch\u00e1venas de ch\u00e1 a granel s\u00e3o cuidadosamente embaladas numa caixa de cor de alta qualidade com uma embalagem de alta qualidade, que pode ser um excelente presente de Natal, presente de empresa ou lembran\u00e7a, pr\u00e1tico e de recorda\u00e7\u00e3o.<\/li>\n\n\n\n<li><strong>Cer\u00e2mica de alta temperatura, segura e saud\u00e1vel: <\/strong>As nossas ch\u00e1venas de cer\u00e2mica por atacado n\u00e3o t\u00eam subst\u00e2ncias t\u00f3xicas, s\u00e3o resistentes a fissuras e ao calor, e s\u00e3o seguras e fi\u00e1veis para usar todos os dias. \u00c9 apropriado para caf\u00e9 quente, ch\u00e1, leite e outras bebidas.<\/li>\n<\/ul>\n<\/div>\n\n\n\n<div class=\"wp-block-column is-layout-flow wp-block-column-is-layout-flow\">\n<figure class=\"wp-block-image size-full\"><img fetchpriority=\"high\" decoding=\"async\" width=\"800\" height=\"800\" src=\"https:\/\/www.yongjianceramic.com\/wp-content\/uploads\/2025\/05\/ceramic-dinnerware-wholesalewholesale-tableware-setchinese-ceramic-tea-cups-5.webp\" alt=\"Ch\u00e1venas de ch\u00e1 em cer\u00e2mica japonesa dos desenhos animados a granel com caixa de oferta-5\" class=\"wp-image-4724\" srcset=\"https:\/\/www.yongjianceramic.com\/wp-content\/uploads\/2025\/05\/ceramic-dinnerware-wholesalewholesale-tableware-setchinese-ceramic-tea-cups-5.webp 800w, https:\/\/www.yongjianceramic.com\/wp-content\/uploads\/2025\/05\/ceramic-dinnerware-wholesalewholesale-tableware-setchinese-ceramic-tea-cups-5-300x300.webp 300w, https:\/\/www.yongjianceramic.com\/wp-content\/uploads\/2025\/05\/ceramic-dinnerware-wholesalewholesale-tableware-setchinese-ceramic-tea-cups-5-150x150.webp 150w, https:\/\/www.yongjianceramic.com\/wp-content\/uploads\/2025\/05\/ceramic-dinnerware-wholesalewholesale-tableware-setchinese-ceramic-tea-cups-5-768x768.webp 768w, https:\/\/www.yongjianceramic.com\/wp-content\/uploads\/2025\/05\/ceramic-dinnerware-wholesalewholesale-tableware-setchinese-ceramic-tea-cups-5-12x12.webp 12w, https:\/\/www.yongjianceramic.com\/wp-content\/uploads\/2025\/05\/ceramic-dinnerware-wholesalewholesale-tableware-setchinese-ceramic-tea-cups-5-285x285.webp 285w, https:\/\/www.yongjianceramic.com\/wp-content\/uploads\/2025\/05\/ceramic-dinnerware-wholesalewholesale-tableware-setchinese-ceramic-tea-cups-5-270x270.webp 270w, https:\/\/www.yongjianceramic.com\/wp-content\/uploads\/2025\/05\/ceramic-dinnerware-wholesalewholesale-tableware-setchinese-ceramic-tea-cups-5-540x540.webp 540w, https:\/\/www.yongjianceramic.com\/wp-content\/uploads\/2025\/05\/ceramic-dinnerware-wholesalewholesale-tableware-setchinese-ceramic-tea-cups-5-660x660.webp 660w\" sizes=\"(max-width: 800px) 100vw, 800px\" \/><\/figure>\n<\/div>\n<\/div>","protected":false},"excerpt":{"rendered":"<p>Bem-vindo a comprar ch\u00e1venas de ch\u00e1 de cer\u00e2mica a granel. As nossas ch\u00e1venas de cer\u00e2mica japonesas com design de desenhos animados t\u00eam diferentes padr\u00f5es, emparelhados com embalagens de caixa de cores requintadas. \u00c9 cheio de criatividade e de oferta, e \u00e9 uma escolha ideal para beber ch\u00e1 em casa ou para presentes de festivais.<\/p>\n<table style=\"border-collapse: collapse; width: 327.02pt;\" border=\"0\" width=\"654\" cellspacing=\"0\" cellpadding=\"0\">\n<tbody>\n<tr style=\"height: 16.50pt;\">\n<td class=\"et3\" style=\"height: 16.50pt; width: 127.20pt;\" width=\"254\" height=\"33\">Fabricante<\/td>\n<td class=\"et3\" style=\"width: 200.15pt;\" width=\"400\">Yongjian<\/td>\n<\/tr>\n<tr style=\"height: 16.50pt;\">\n<td class=\"et3\" style=\"height: 16.50pt;\" height=\"33\">Modelo n.<\/td>\n<td class=\"et4\" style=\"width: 200.15pt;\" width=\"400\">YJ-129<\/td>\n<\/tr>\n<tr style=\"height: 16.50pt;\">\n<td class=\"et3\" style=\"height: 16.50pt;\" height=\"33\">Tipo de produto<\/td>\n<td class=\"et3\">Ch\u00e1venas e pires<\/td>\n<\/tr>\n<tr style=\"height: 16.50pt;\">\n<td class=\"et3\" style=\"height: 16.50pt;\" height=\"33\">Material<\/td>\n<td class=\"et3\">Porcelana<\/td>\n<\/tr>\n<tr style=\"height: 16.50pt;\">\n<td class=\"et5\" style=\"height: 16.50pt;\" height=\"33\">Cor<\/td>\n<td class=\"et3\">Como imagem<\/td>\n<\/tr>\n<tr style=\"height: 16.50pt;\">\n<td class=\"et3\" style=\"height: 16.50pt;\" height=\"33\">Dimens\u00e3o<\/td>\n<td class=\"et6\" style=\"width: 200.15pt;\" width=\"400\">7*7*7,8cm<\/td>\n<\/tr>\n<tr style=\"height: 16.50pt;\">\n<td class=\"et3\" style=\"height: 16.50pt;\" height=\"33\">MOQ<\/td>\n<td class=\"et3\">500 unidades<\/td>\n<\/tr>\n<tr style=\"height: 16.50pt;\">\n<td class=\"et3\" style=\"height: 16.50pt;\" height=\"33\">Personalizado<\/td>\n<td class=\"et3\">Cor\/tamanho\/log\u00f3tipo\/embalagem<\/td>\n<\/tr>\n<\/tbody>\n<\/table>","protected":false},"featured_media":4721,"comment_status":"closed","ping_status":"closed","template":"","meta":{"_acf_changed":false},"product_brand":[],"product_cat":[65,91],"product_tag":[88],"class_list":{"0":"post-4719","1":"product","2":"type-product","3":"status-publish","4":"has-post-thumbnail","6":"product_cat-wholesale-cups-and-mugs","7":"product_cat-wholesale-mugs","8":"product_tag-japanese-style-dinnerware-set-wholesale","10":"first","11":"instock","12":"shipping-taxable","13":"product-type-simple"},"acf":[],"_links":{"self":[{"href":"https:\/\/www.yongjianceramic.com\/pt\/wp-json\/wp\/v2\/product\/4719","targetHints":{"allow":["GET"]}}],"collection":[{"href":"https:\/\/www.yongjianceramic.com\/pt\/wp-json\/wp\/v2\/product"}],"about":[{"href":"https:\/\/www.yongjianceramic.com\/pt\/wp-json\/wp\/v2\/types\/product"}],"replies":[{"embeddable":true,"href":"https:\/\/www.yongjianceramic.com\/pt\/wp-json\/wp\/v2\/comments?post=4719"}],"wp:featuredmedia":[{"embeddable":true,"href":"https:\/\/www.yongjianceramic.com\/pt\/wp-json\/wp\/v2\/media\/4721"}],"wp:attachment":[{"href":"https:\/\/www.yongjianceramic.com\/pt\/wp-json\/wp\/v2\/media?parent=4719"}],"wp:term":[{"taxonomy":"product_brand","embeddable":true,"href":"https:\/\/www.yongjianceramic.com\/pt\/wp-json\/wp\/v2\/product_brand?post=4719"},{"taxonomy":"product_cat","embeddable":true,"href":"https:\/\/www.yongjianceramic.com\/pt\/wp-json\/wp\/v2\/product_cat?post=4719"},{"taxonomy":"product_tag","embeddable":true,"href":"https:\/\/www.yongjianceramic.com\/pt\/wp-json\/wp\/v2\/product_tag?post=4719"}],"curies":[{"name":"wp","href":"https:\/\/api.w.org\/{rel}","templated":true}]}}