{"id":4733,"date":"2025-05-10T11:23:18","date_gmt":"2025-05-10T03:23:18","guid":{"rendered":"https:\/\/www.yongjianceramic.com\/?post_type=product&#038;p=4733"},"modified":"2025-05-10T11:23:22","modified_gmt":"2025-05-10T03:23:22","slug":"wholesale-salad-bowls","status":"publish","type":"product","link":"https:\/\/www.yongjianceramic.com\/pt\/produto\/wholesale-salad-bowls\/","title":{"rendered":"Tigelas de salada por atacado de 8,25 polegadas, tigelas com esmalte reativo a granel"},"content":{"rendered":"<div class=\"wp-block-columns is-layout-flex wp-container-core-columns-is-layout-9d6595d7 wp-block-columns-is-layout-flex\">\n<div class=\"wp-block-column is-layout-flow wp-block-column-is-layout-flow\">\n<h2 class=\"wp-block-heading\">Saladeiras Premium Wholesale Carater\u00edsticas:<\/h2>\n\n\n\n<ul class=\"wp-block-list\">\n<li><strong>Esmalte reativo, camadas ricas: <\/strong>Estas ta\u00e7as de salada por atacado utilizam tecnologia de mudan\u00e7a de forno a alta temperatura, o esmalte flui naturalmente, apresentando uma textura de cor \u00fanica, real\u00e7ando a textura artesanal e a atmosfera art\u00edstica.<\/li>\n\n\n\n<li><strong>Tr\u00eas op\u00e7\u00f5es de cores, estilo vers\u00e1til: <\/strong>As nossas ta\u00e7as de vidro reativo a granel oferecem tr\u00eas combina\u00e7\u00f5es de cores cl\u00e1ssicas, que podem ser combinadas livremente com o estilo da mesa para satisfazer as necessidades de decora\u00e7\u00e3o de diferentes restaurantes ou casas.<\/li>\n\n\n\n<li><strong>Tamanho grande de 8,25 polegadas, pr\u00e1tico e multifuncional: <\/strong>As nossas ta\u00e7as de salada por atacado t\u00eam um design amplo e profundo, capacidade suficiente, adequadas para saladas, massas, guisados, etc., adequadas para uso di\u00e1rio e comercial.<\/li>\n\n\n\n<li><strong>Cer\u00e2mica de alta temperatura, dur\u00e1vel e f\u00e1cil de limpar: <\/strong>Ap\u00f3s a cozedura a alta temperatura, estas ta\u00e7as de cer\u00e2mica a granel s\u00e3o robustas, resistentes ao calor e \u00e0s fissuras, o esmalte \u00e9 liso e n\u00e3o \u00e9 f\u00e1cil de absorver manchas de \u00f3leo, f\u00e1cil de limpar e adequado para uma utiliza\u00e7\u00e3o frequente.<\/li>\n<\/ul>\n<\/div>\n\n\n\n<div class=\"wp-block-column is-layout-flow wp-block-column-is-layout-flow\">\n<figure class=\"wp-block-image size-full\"><img fetchpriority=\"high\" decoding=\"async\" width=\"800\" height=\"800\" src=\"https:\/\/www.yongjianceramic.com\/wp-content\/uploads\/2025\/05\/ceramic-dinner-set-wholesalecustom-salad-bowlscrockery-factory-6.webp\" alt=\"Ta\u00e7as de salada por atacado de 8,25 polegadas, ta\u00e7as com esmalte reativo a granel-6\" class=\"wp-image-4739\" srcset=\"https:\/\/www.yongjianceramic.com\/wp-content\/uploads\/2025\/05\/ceramic-dinner-set-wholesalecustom-salad-bowlscrockery-factory-6.webp 800w, https:\/\/www.yongjianceramic.com\/wp-content\/uploads\/2025\/05\/ceramic-dinner-set-wholesalecustom-salad-bowlscrockery-factory-6-300x300.webp 300w, https:\/\/www.yongjianceramic.com\/wp-content\/uploads\/2025\/05\/ceramic-dinner-set-wholesalecustom-salad-bowlscrockery-factory-6-150x150.webp 150w, https:\/\/www.yongjianceramic.com\/wp-content\/uploads\/2025\/05\/ceramic-dinner-set-wholesalecustom-salad-bowlscrockery-factory-6-768x768.webp 768w, https:\/\/www.yongjianceramic.com\/wp-content\/uploads\/2025\/05\/ceramic-dinner-set-wholesalecustom-salad-bowlscrockery-factory-6-12x12.webp 12w, https:\/\/www.yongjianceramic.com\/wp-content\/uploads\/2025\/05\/ceramic-dinner-set-wholesalecustom-salad-bowlscrockery-factory-6-285x285.webp 285w, https:\/\/www.yongjianceramic.com\/wp-content\/uploads\/2025\/05\/ceramic-dinner-set-wholesalecustom-salad-bowlscrockery-factory-6-270x270.webp 270w, https:\/\/www.yongjianceramic.com\/wp-content\/uploads\/2025\/05\/ceramic-dinner-set-wholesalecustom-salad-bowlscrockery-factory-6-540x540.webp 540w, https:\/\/www.yongjianceramic.com\/wp-content\/uploads\/2025\/05\/ceramic-dinner-set-wholesalecustom-salad-bowlscrockery-factory-6-660x660.webp 660w\" sizes=\"(max-width: 800px) 100vw, 800px\" \/><\/figure>\n<\/div>\n<\/div>","protected":false},"excerpt":{"rendered":"<p>Bem-vindo \u00e0 compra de ta\u00e7as de salada por grosso. Esta ta\u00e7a de cer\u00e2mica reactiva vidrada de 8,25 polegadas utiliza um processo de vidragem \u00fanico e est\u00e1 dispon\u00edvel em tr\u00eas cores. \u00c9 pr\u00e1tica e bonita, e \u00e9 um utens\u00edlio de mesa ideal para saladas, massas e outros pratos em casa e em restaurantes.<\/p>\n<table style=\"border-collapse: collapse; width: 327.02pt;\" border=\"0\" width=\"654\" cellspacing=\"0\" cellpadding=\"0\">\n<tbody>\n<tr style=\"height: 16.50pt;\">\n<td class=\"et3\" style=\"height: 16.50pt; width: 127.20pt;\" width=\"254\" height=\"33\">Fabricante<\/td>\n<td class=\"et3\" style=\"width: 200.15pt;\" width=\"400\">Yongjian<\/td>\n<\/tr>\n<tr style=\"height: 16.50pt;\">\n<td class=\"et3\" style=\"height: 16.50pt;\" height=\"33\">Modelo n.<\/td>\n<td class=\"et4\" style=\"width: 200.15pt;\" width=\"400\">YJ-130<\/td>\n<\/tr>\n<tr style=\"height: 16.50pt;\">\n<td class=\"et3\" style=\"height: 16.50pt;\" height=\"33\">Tipo de produto<\/td>\n<td class=\"et3\">Tigelas para sopa e ramen<\/td>\n<\/tr>\n<tr style=\"height: 16.50pt;\">\n<td class=\"et3\" style=\"height: 16.50pt;\" height=\"33\">Material<\/td>\n<td class=\"et3\">Porcelana<\/td>\n<\/tr>\n<tr style=\"height: 16.50pt;\">\n<td class=\"et5\" style=\"height: 16.50pt;\" height=\"33\">Cor<\/td>\n<td class=\"et3\">Como imagem<\/td>\n<\/tr>\n<tr style=\"height: 16.50pt;\">\n<td class=\"et3\" style=\"height: 16.50pt;\" height=\"33\">Dimens\u00e3o<\/td>\n<td class=\"et6\" style=\"width: 200.15pt;\" width=\"400\">20*20*8,6cm<\/td>\n<\/tr>\n<tr style=\"height: 16.50pt;\">\n<td class=\"et3\" style=\"height: 16.50pt;\" height=\"33\">MOQ<\/td>\n<td class=\"et3\">500 unidades<\/td>\n<\/tr>\n<tr style=\"height: 16.50pt;\">\n<td class=\"et3\" style=\"height: 16.50pt;\" height=\"33\">Personalizado<\/td>\n<td class=\"et3\">Cor\/tamanho\/log\u00f3tipo\/embalagem<\/td>\n<\/tr>\n<\/tbody>\n<\/table>","protected":false},"featured_media":4735,"comment_status":"closed","ping_status":"closed","template":"","meta":{"_acf_changed":false},"product_brand":[],"product_cat":[63,74,73],"product_tag":[88,81],"class_list":{"0":"post-4733","1":"product","2":"type-product","3":"status-publish","4":"has-post-thumbnail","6":"product_cat-wholesale-bowls","7":"product_cat-bulk-serving-bowls","8":"product_cat-bulk-soup-bowls","9":"product_tag-japanese-style-dinnerware-set-wholesale","10":"product_tag-modern-design-dinnerware-set-wholesale","12":"first","13":"instock","14":"shipping-taxable","15":"product-type-simple"},"acf":[],"_links":{"self":[{"href":"https:\/\/www.yongjianceramic.com\/pt\/wp-json\/wp\/v2\/product\/4733","targetHints":{"allow":["GET"]}}],"collection":[{"href":"https:\/\/www.yongjianceramic.com\/pt\/wp-json\/wp\/v2\/product"}],"about":[{"href":"https:\/\/www.yongjianceramic.com\/pt\/wp-json\/wp\/v2\/types\/product"}],"replies":[{"embeddable":true,"href":"https:\/\/www.yongjianceramic.com\/pt\/wp-json\/wp\/v2\/comments?post=4733"}],"wp:featuredmedia":[{"embeddable":true,"href":"https:\/\/www.yongjianceramic.com\/pt\/wp-json\/wp\/v2\/media\/4735"}],"wp:attachment":[{"href":"https:\/\/www.yongjianceramic.com\/pt\/wp-json\/wp\/v2\/media?parent=4733"}],"wp:term":[{"taxonomy":"product_brand","embeddable":true,"href":"https:\/\/www.yongjianceramic.com\/pt\/wp-json\/wp\/v2\/product_brand?post=4733"},{"taxonomy":"product_cat","embeddable":true,"href":"https:\/\/www.yongjianceramic.com\/pt\/wp-json\/wp\/v2\/product_cat?post=4733"},{"taxonomy":"product_tag","embeddable":true,"href":"https:\/\/www.yongjianceramic.com\/pt\/wp-json\/wp\/v2\/product_tag?post=4733"}],"curies":[{"name":"wp","href":"https:\/\/api.w.org\/{rel}","templated":true}]}}