{"id":4743,"date":"2025-05-10T11:11:23","date_gmt":"2025-05-10T03:11:23","guid":{"rendered":"https:\/\/www.yongjianceramic.com\/?post_type=product&#038;p=4743"},"modified":"2025-05-10T11:11:26","modified_gmt":"2025-05-10T03:11:26","slug":"porcelain-dinner-plates-bulk","status":"publish","type":"product","link":"https:\/\/www.yongjianceramic.com\/pt\/produto\/porcelain-dinner-plates-bulk\/","title":{"rendered":"Pratos de jantar de porcelana a granel, pratos de massa Tigelas por atacado"},"content":{"rendered":"<div class=\"wp-block-columns is-layout-flex wp-container-core-columns-is-layout-9d6595d7 wp-block-columns-is-layout-flex\">\n<div class=\"wp-block-column is-layout-flow wp-block-column-is-layout-flow\">\n<h2 class=\"wp-block-heading\">Pratos de jantar de porcelana Premium Carater\u00edsticas a granel:<\/h2>\n\n\n\n<ul class=\"wp-block-list\">\n<li><strong>Especialmente concebido para massas, profundidade moderada: <\/strong>Combinando as carater\u00edsticas estruturais do prato e da tigela, estes pratos de porcelana a granel s\u00e3o adequados para massas, saladas, guisados e outros pratos, anti-transbordamento e anti-derrame, e melhoram a experi\u00eancia de jantar.<\/li>\n\n\n\n<li><strong>Aplic\u00e1vel em v\u00e1rios cen\u00e1rios, adequado para casamentos e restaurantes: <\/strong>Com uma forma elegante e uma textura de alta qualidade, os nossos pratos e tigelas para massas por atacado s\u00e3o adequados para ocasi\u00f5es formais, como banquetes de casamento, hot\u00e9is, restaurantes e jantares familiares di\u00e1rios, pr\u00e1ticos e com estilo.<\/li>\n\n\n\n<li><strong>Design personaliz\u00e1vel, suporte de padr\u00f5es exclusivos:<\/strong> Fornecer servi\u00e7os de personaliza\u00e7\u00e3o, os nossos pratos de porcelana a granel podem imprimir LOGOTIPO ou padr\u00f5es exclusivos, satisfazer as necessidades de marca de restaurantes ou personaliza\u00e7\u00e3o de casamentos, e criar loi\u00e7a exclusiva.<\/li>\n\n\n\n<li><strong>Cer\u00e2mica de alta qualidade, cozedura a alta temperatura: <\/strong>O esmalte \u00e9 liso e requintado com tecnologia de alto fogo, resistente ao calor e dur\u00e1vel, estes pratos e tigelas para massas por atacado s\u00e3o compat\u00edveis com aparelhos de cozinha modernos, como fornos micro-ondas e m\u00e1quinas de lavar lou\u00e7a, e f\u00e1ceis de limpar e manter diariamente.<\/li>\n<\/ul>\n<\/div>\n\n\n\n<div class=\"wp-block-column is-layout-flow wp-block-column-is-layout-flow\">\n<figure class=\"wp-block-image size-full\"><img fetchpriority=\"high\" decoding=\"async\" width=\"800\" height=\"800\" src=\"https:\/\/www.yongjianceramic.com\/wp-content\/uploads\/2025\/05\/custom-pasta-bowlswholesale-ceramic-dinnerwarewedding-plates-wholesale-4.webp\" alt=\"Pratos de jantar de porcelana a granel, pratos de massa Tigelas por atacado-6\" class=\"wp-image-4747\" srcset=\"https:\/\/www.yongjianceramic.com\/wp-content\/uploads\/2025\/05\/custom-pasta-bowlswholesale-ceramic-dinnerwarewedding-plates-wholesale-4.webp 800w, https:\/\/www.yongjianceramic.com\/wp-content\/uploads\/2025\/05\/custom-pasta-bowlswholesale-ceramic-dinnerwarewedding-plates-wholesale-4-300x300.webp 300w, https:\/\/www.yongjianceramic.com\/wp-content\/uploads\/2025\/05\/custom-pasta-bowlswholesale-ceramic-dinnerwarewedding-plates-wholesale-4-150x150.webp 150w, https:\/\/www.yongjianceramic.com\/wp-content\/uploads\/2025\/05\/custom-pasta-bowlswholesale-ceramic-dinnerwarewedding-plates-wholesale-4-768x768.webp 768w, https:\/\/www.yongjianceramic.com\/wp-content\/uploads\/2025\/05\/custom-pasta-bowlswholesale-ceramic-dinnerwarewedding-plates-wholesale-4-12x12.webp 12w, https:\/\/www.yongjianceramic.com\/wp-content\/uploads\/2025\/05\/custom-pasta-bowlswholesale-ceramic-dinnerwarewedding-plates-wholesale-4-285x285.webp 285w, https:\/\/www.yongjianceramic.com\/wp-content\/uploads\/2025\/05\/custom-pasta-bowlswholesale-ceramic-dinnerwarewedding-plates-wholesale-4-270x270.webp 270w, https:\/\/www.yongjianceramic.com\/wp-content\/uploads\/2025\/05\/custom-pasta-bowlswholesale-ceramic-dinnerwarewedding-plates-wholesale-4-540x540.webp 540w, https:\/\/www.yongjianceramic.com\/wp-content\/uploads\/2025\/05\/custom-pasta-bowlswholesale-ceramic-dinnerwarewedding-plates-wholesale-4-660x660.webp 660w\" sizes=\"(max-width: 800px) 100vw, 800px\" \/><\/figure>\n<\/div>\n<\/div>","protected":false},"excerpt":{"rendered":"<p>Bem-vindo \u00e0 compra de pratos de porcelana a granel. Os nossos pratos e tigelas para massas por atacado t\u00eam um design simples e v\u00e1rias especifica\u00e7\u00f5es, adequados para uso dom\u00e9stico di\u00e1rio e restaura\u00e7\u00e3o comercial. Eles s\u00e3o uma combina\u00e7\u00e3o ideal de alta qualidade e praticidade. A venda por grosso e a personaliza\u00e7\u00e3o s\u00e3o bem-vindas.<\/p>\n<table style=\"border-collapse: collapse; width: 327.02pt;\" border=\"0\" width=\"654\" cellspacing=\"0\" cellpadding=\"0\">\n<tbody>\n<tr style=\"height: 16.50pt;\">\n<td class=\"et3\" style=\"height: 16.50pt; width: 127.20pt;\" width=\"254\" height=\"33\">Fabricante<\/td>\n<td class=\"et3\" style=\"width: 200.15pt;\" width=\"400\">Yongjian<\/td>\n<\/tr>\n<tr style=\"height: 16.50pt;\">\n<td class=\"et3\" style=\"height: 16.50pt;\" height=\"33\">Modelo n.<\/td>\n<td class=\"et4\" style=\"width: 200.15pt;\" width=\"400\">YJ-131<\/td>\n<\/tr>\n<tr style=\"height: 16.50pt;\">\n<td class=\"et3\" style=\"height: 16.50pt;\" height=\"33\">Tipo de produto<\/td>\n<td class=\"et3\">Tigelas de servir e de salada<\/td>\n<\/tr>\n<tr style=\"height: 16.50pt;\">\n<td class=\"et3\" style=\"height: 16.50pt;\" height=\"33\">Material<\/td>\n<td class=\"et3\">Porcelana<\/td>\n<\/tr>\n<tr style=\"height: 16.50pt;\">\n<td class=\"et5\" style=\"height: 16.50pt;\" height=\"33\">Cor<\/td>\n<td class=\"et3\">Como imagem<\/td>\n<\/tr>\n<tr style=\"height: 16.50pt;\">\n<td class=\"et3\" style=\"height: 16.50pt;\" height=\"33\">Dimens\u00e3o<\/td>\n<td class=\"et6\" style=\"width: 200.15pt;\" width=\"400\">22*22*6cm<\/td>\n<\/tr>\n<tr style=\"height: 16.50pt;\">\n<td class=\"et3\" style=\"height: 16.50pt;\" height=\"33\">MOQ<\/td>\n<td class=\"et3\">500 unidades<\/td>\n<\/tr>\n<tr style=\"height: 16.50pt;\">\n<td class=\"et3\" style=\"height: 16.50pt;\" height=\"33\">Personalizado<\/td>\n<td class=\"et3\">Cor\/tamanho\/log\u00f3tipo\/embalagem<\/td>\n<\/tr>\n<\/tbody>\n<\/table>","protected":false},"featured_media":4748,"comment_status":"closed","ping_status":"closed","template":"","meta":{"_acf_changed":false},"product_brand":[],"product_cat":[77,63,62,73],"product_tag":[81],"class_list":{"0":"post-4743","1":"product","2":"type-product","3":"status-publish","4":"has-post-thumbnail","6":"product_cat-deep-plates-wholesale","7":"product_cat-wholesale-bowls","8":"product_cat-ceramic-plates-wholesale","9":"product_cat-bulk-soup-bowls","10":"product_tag-modern-design-dinnerware-set-wholesale","12":"first","13":"instock","14":"shipping-taxable","15":"product-type-simple"},"acf":[],"_links":{"self":[{"href":"https:\/\/www.yongjianceramic.com\/pt\/wp-json\/wp\/v2\/product\/4743","targetHints":{"allow":["GET"]}}],"collection":[{"href":"https:\/\/www.yongjianceramic.com\/pt\/wp-json\/wp\/v2\/product"}],"about":[{"href":"https:\/\/www.yongjianceramic.com\/pt\/wp-json\/wp\/v2\/types\/product"}],"replies":[{"embeddable":true,"href":"https:\/\/www.yongjianceramic.com\/pt\/wp-json\/wp\/v2\/comments?post=4743"}],"wp:featuredmedia":[{"embeddable":true,"href":"https:\/\/www.yongjianceramic.com\/pt\/wp-json\/wp\/v2\/media\/4748"}],"wp:attachment":[{"href":"https:\/\/www.yongjianceramic.com\/pt\/wp-json\/wp\/v2\/media?parent=4743"}],"wp:term":[{"taxonomy":"product_brand","embeddable":true,"href":"https:\/\/www.yongjianceramic.com\/pt\/wp-json\/wp\/v2\/product_brand?post=4743"},{"taxonomy":"product_cat","embeddable":true,"href":"https:\/\/www.yongjianceramic.com\/pt\/wp-json\/wp\/v2\/product_cat?post=4743"},{"taxonomy":"product_tag","embeddable":true,"href":"https:\/\/www.yongjianceramic.com\/pt\/wp-json\/wp\/v2\/product_tag?post=4743"}],"curies":[{"name":"wp","href":"https:\/\/api.w.org\/{rel}","templated":true}]}}