{"id":4762,"date":"2025-05-19T17:36:59","date_gmt":"2025-05-19T09:36:59","guid":{"rendered":"https:\/\/www.yongjianceramic.com\/?post_type=product&#038;p=4762"},"modified":"2025-05-19T17:37:18","modified_gmt":"2025-05-19T09:37:18","slug":"wholesale-catering-serving-dishes","status":"publish","type":"product","link":"https:\/\/www.yongjianceramic.com\/pt\/produto\/wholesale-catering-serving-dishes\/","title":{"rendered":"Pratos de servi\u00e7o de catering por atacado irregulares para restaurante"},"content":{"rendered":"<div class=\"wp-block-columns is-layout-flex wp-container-core-columns-is-layout-9d6595d7 wp-block-columns-is-layout-flex\">\n<div class=\"wp-block-column is-layout-flow wp-block-column-is-layout-flow\">\n<h2 class=\"wp-block-heading\">Pratos de servi\u00e7o de catering por atacado Premium Carater\u00edsticas:<\/h2>\n\n\n\n<ul class=\"wp-block-list\">\n<li><strong>Forma de placa de rocha, personalidade \u00fanica: <\/strong>Estes pratos de catering por atacado adoptam um design irregular em forma de placa de rocha, suave e natural, como a pedra natural, com um forte sentido de arte e beleza na moda, elevando o n\u00edvel visual da mesa de jantar.<\/li>\n\n\n\n<li><strong>Gradiente azul escuro e branco, visualmente elegante: <\/strong>O esmalte branco no interior deste prato de cer\u00e2mica a granel contrasta com o gradiente de azul-escuro no bordo, e a grada\u00e7\u00e3o de cores \u00e9 suave, criando um efeito visual profundo e tranquilo, exibindo uma personalidade de luxo moderada.<\/li>\n\n\n\n<li><strong>Adequado para restaurantes e hot\u00e9is, com bom sentido de mobili\u00e1rio: <\/strong>De excelente apar\u00eancia e sensa\u00e7\u00e3o de luxo, estes pratos de catering por atacado s\u00e3o muito adequados para restaurantes e hot\u00e9is de luxo, podem ganhar pontos pelos pratos e enriquecer todo o ritual de jantar.<\/li>\n\n\n\n<li><strong>Material cer\u00e2mico de alta qualidade, resistente ao calor e duradouro: <\/strong>Fabricado em cer\u00e2mica de alta temperatura, este prato de cer\u00e2mica a granel \u00e9 resistente ao calor e dur\u00e1vel, sendo ideal para utiliza\u00e7\u00e3o em m\u00e1quinas de lavar lou\u00e7a, fornos micro-ondas e outros ambientes de cozinha, f\u00e1cil de limpar e perfeito para utiliza\u00e7\u00e3o repetida.<\/li>\n<\/ul>\n<\/div>\n\n\n\n<div class=\"wp-block-column is-layout-flow wp-block-column-is-layout-flow\">\n<figure class=\"wp-block-image size-full\"><img fetchpriority=\"high\" decoding=\"async\" width=\"800\" height=\"800\" src=\"https:\/\/www.yongjianceramic.com\/wp-content\/uploads\/2025\/05\/crockery-manufacturers-china-dinnerwaretable-chargers-bulk-3.webp\" alt=\"Pratos de servi\u00e7o de catering por atacado irregulares para restaurante-1\" class=\"wp-image-4765\" srcset=\"https:\/\/www.yongjianceramic.com\/wp-content\/uploads\/2025\/05\/crockery-manufacturers-china-dinnerwaretable-chargers-bulk-3.webp 800w, https:\/\/www.yongjianceramic.com\/wp-content\/uploads\/2025\/05\/crockery-manufacturers-china-dinnerwaretable-chargers-bulk-3-300x300.webp 300w, https:\/\/www.yongjianceramic.com\/wp-content\/uploads\/2025\/05\/crockery-manufacturers-china-dinnerwaretable-chargers-bulk-3-150x150.webp 150w, https:\/\/www.yongjianceramic.com\/wp-content\/uploads\/2025\/05\/crockery-manufacturers-china-dinnerwaretable-chargers-bulk-3-768x768.webp 768w, https:\/\/www.yongjianceramic.com\/wp-content\/uploads\/2025\/05\/crockery-manufacturers-china-dinnerwaretable-chargers-bulk-3-12x12.webp 12w, https:\/\/www.yongjianceramic.com\/wp-content\/uploads\/2025\/05\/crockery-manufacturers-china-dinnerwaretable-chargers-bulk-3-285x285.webp 285w, https:\/\/www.yongjianceramic.com\/wp-content\/uploads\/2025\/05\/crockery-manufacturers-china-dinnerwaretable-chargers-bulk-3-270x270.webp 270w, https:\/\/www.yongjianceramic.com\/wp-content\/uploads\/2025\/05\/crockery-manufacturers-china-dinnerwaretable-chargers-bulk-3-540x540.webp 540w, https:\/\/www.yongjianceramic.com\/wp-content\/uploads\/2025\/05\/crockery-manufacturers-china-dinnerwaretable-chargers-bulk-3-660x660.webp 660w\" sizes=\"(max-width: 800px) 100vw, 800px\" \/><\/figure>\n<\/div>\n<\/div>","protected":false},"excerpt":{"rendered":"<p>Bem-vindo \u00e0 compra de pratos de servi\u00e7o de catering por atacado. Este prato de cer\u00e2mica em forma de placa de pedra a granel combina um design gradiente branco e azul escuro, \u00e9 especial em textura e combina arte e fun\u00e7\u00e3o. \u00c9 altamente aplic\u00e1vel para restaurantes e hot\u00e9is de luxo e \u00e9 ideal como uma escolha de decora\u00e7\u00e3o de mesa.<\/p>\n<table style=\"border-collapse: collapse; width: 327.02pt;\" border=\"0\" width=\"654\" cellspacing=\"0\" cellpadding=\"0\">\n<tbody>\n<tr style=\"height: 16.50pt;\">\n<td class=\"et3\" style=\"height: 16.50pt; width: 127.20pt;\" width=\"254\" height=\"33\">Fabricante<\/td>\n<td class=\"et3\" style=\"width: 200.15pt;\" width=\"400\">Yongjian<\/td>\n<\/tr>\n<tr style=\"height: 16.50pt;\">\n<td class=\"et3\" style=\"height: 16.50pt;\" height=\"33\">Modelo n.<\/td>\n<td class=\"et4\" style=\"width: 200.15pt;\" width=\"400\">YJ-132<\/td>\n<\/tr>\n<tr style=\"height: 16.50pt;\">\n<td class=\"et3\" style=\"height: 16.50pt;\" height=\"33\">Tipo de produto<\/td>\n<td class=\"et3\">Prato de servir<\/td>\n<\/tr>\n<tr style=\"height: 16.50pt;\">\n<td class=\"et3\" style=\"height: 16.50pt;\" height=\"33\">Material<\/td>\n<td class=\"et3\">Porcelana<\/td>\n<\/tr>\n<tr style=\"height: 16.50pt;\">\n<td class=\"et5\" style=\"height: 16.50pt;\" height=\"33\">Cor<\/td>\n<td class=\"et3\">Como imagem<\/td>\n<\/tr>\n<tr style=\"height: 16.50pt;\">\n<td class=\"et3\" style=\"height: 16.50pt;\" height=\"33\">Dimens\u00e3o<\/td>\n<td class=\"et6\" style=\"width: 200.15pt;\" width=\"400\">22*21,5*4,5cm<\/td>\n<\/tr>\n<tr style=\"height: 16.50pt;\">\n<td class=\"et3\" style=\"height: 16.50pt;\" height=\"33\">MOQ<\/td>\n<td class=\"et3\">500 unidades<\/td>\n<\/tr>\n<tr style=\"height: 16.50pt;\">\n<td class=\"et3\" style=\"height: 16.50pt;\" height=\"33\">Personalizado<\/td>\n<td class=\"et3\">Cor\/tamanho\/log\u00f3tipo\/embalagem<\/td>\n<\/tr>\n<\/tbody>\n<\/table>","protected":false},"featured_media":4763,"comment_status":"closed","ping_status":"closed","template":"","meta":{"_acf_changed":false},"product_brand":[],"product_cat":[62,76],"product_tag":[81],"class_list":{"0":"post-4762","1":"product","2":"type-product","3":"status-publish","4":"has-post-thumbnail","6":"product_cat-ceramic-plates-wholesale","7":"product_cat-wholesale-serving-platters","8":"product_tag-modern-design-dinnerware-set-wholesale","10":"first","11":"instock","12":"shipping-taxable","13":"product-type-simple"},"acf":[],"_links":{"self":[{"href":"https:\/\/www.yongjianceramic.com\/pt\/wp-json\/wp\/v2\/product\/4762","targetHints":{"allow":["GET"]}}],"collection":[{"href":"https:\/\/www.yongjianceramic.com\/pt\/wp-json\/wp\/v2\/product"}],"about":[{"href":"https:\/\/www.yongjianceramic.com\/pt\/wp-json\/wp\/v2\/types\/product"}],"replies":[{"embeddable":true,"href":"https:\/\/www.yongjianceramic.com\/pt\/wp-json\/wp\/v2\/comments?post=4762"}],"wp:featuredmedia":[{"embeddable":true,"href":"https:\/\/www.yongjianceramic.com\/pt\/wp-json\/wp\/v2\/media\/4763"}],"wp:attachment":[{"href":"https:\/\/www.yongjianceramic.com\/pt\/wp-json\/wp\/v2\/media?parent=4762"}],"wp:term":[{"taxonomy":"product_brand","embeddable":true,"href":"https:\/\/www.yongjianceramic.com\/pt\/wp-json\/wp\/v2\/product_brand?post=4762"},{"taxonomy":"product_cat","embeddable":true,"href":"https:\/\/www.yongjianceramic.com\/pt\/wp-json\/wp\/v2\/product_cat?post=4762"},{"taxonomy":"product_tag","embeddable":true,"href":"https:\/\/www.yongjianceramic.com\/pt\/wp-json\/wp\/v2\/product_tag?post=4762"}],"curies":[{"name":"wp","href":"https:\/\/api.w.org\/{rel}","templated":true}]}}