{"id":4769,"date":"2025-05-19T17:25:56","date_gmt":"2025-05-19T09:25:56","guid":{"rendered":"https:\/\/www.yongjianceramic.com\/?post_type=product&#038;p=4769"},"modified":"2025-05-19T17:25:59","modified_gmt":"2025-05-19T09:25:59","slug":"white-ceramic-plates-wholesale","status":"publish","type":"product","link":"https:\/\/www.yongjianceramic.com\/pt\/produto\/white-ceramic-plates-wholesale\/","title":{"rendered":"Venda quente de placas de cer\u00e2mica branca fosca por atacado para massas"},"content":{"rendered":"<div class=\"wp-block-columns is-layout-flex wp-container-core-columns-is-layout-9d6595d7 wp-block-columns-is-layout-flex\">\n<div class=\"wp-block-column is-layout-flow wp-block-column-is-layout-flow\">\n<h2 class=\"wp-block-heading\">Placas de cer\u00e2mica branca premium Carater\u00edsticas por atacado:<\/h2>\n\n\n\n<ul class=\"wp-block-list\">\n<li><strong>Combina\u00e7\u00e3o de pratos duplos, camadas ricas:<\/strong> Estes pratos de cer\u00e2mica branca por atacado t\u00eam 2 estilos diferentes, com uma correspond\u00eancia de tamanho razo\u00e1vel, que podem ser empilhados ou colocados separadamente para satisfazer diversas necessidades de refei\u00e7\u00f5es e ter mais camadas de vis\u00e3o.<\/li>\n\n\n\n<li><strong>Cheio de sentido de design e com uma forma \u00fanica:<\/strong> Os nossos pratos de cer\u00e2mica a granel adoptam linhas engenhosas, esmalte ou design de contorno, mostrando a combina\u00e7\u00e3o de moderno e arte, adequado para restaurantes ou cenas de casamento que se concentram na beleza e no gosto.<\/li>\n\n\n\n<li><strong>Personaliza\u00e7\u00e3o topo de gama, melhora o estilo de jantar: <\/strong>Padr\u00f5es personalizados, log\u00f3tipos ou cores podem ser criados de acordo com as necessidades do cliente para criar utens\u00edlios de mesa exclusivos, estes pratos de cer\u00e2mica branca por atacado s\u00e3o adequados para banquetes de alta qualidade, celebra\u00e7\u00f5es de casamento e espa\u00e7os de restaura\u00e7\u00e3o de marca.<\/li>\n\n\n\n<li><strong>Material cer\u00e2mico de alta qualidade, resistente ao calor e duradouro: <\/strong>Adoptando a tecnologia de cozedura de cer\u00e2mica a alta temperatura, o esmalte destas placas de cer\u00e2mica a granel \u00e9 suave e delicado, resistente ao desgaste e aos riscos, e suporta cozinhas modernas, como fornos micro-ondas e m\u00e1quinas de lavar lou\u00e7a, o que \u00e9 conveniente para a manuten\u00e7\u00e3o di\u00e1ria.<\/li>\n<\/ul>\n<\/div>\n\n\n\n<div class=\"wp-block-column is-layout-flow wp-block-column-is-layout-flow\">\n<figure class=\"wp-block-image size-full\"><img fetchpriority=\"high\" decoding=\"async\" width=\"800\" height=\"800\" src=\"https:\/\/www.yongjianceramic.com\/wp-content\/uploads\/2025\/05\/Dinnerware-China-Custom-Ceramic-Plates-Bulk-Pasta-Plate-4.webp\" alt=\"Venda quente de placas de cer\u00e2mica branca fosca por atacado para massa-1\" class=\"wp-image-4773\" srcset=\"https:\/\/www.yongjianceramic.com\/wp-content\/uploads\/2025\/05\/Dinnerware-China-Custom-Ceramic-Plates-Bulk-Pasta-Plate-4.webp 800w, https:\/\/www.yongjianceramic.com\/wp-content\/uploads\/2025\/05\/Dinnerware-China-Custom-Ceramic-Plates-Bulk-Pasta-Plate-4-300x300.webp 300w, https:\/\/www.yongjianceramic.com\/wp-content\/uploads\/2025\/05\/Dinnerware-China-Custom-Ceramic-Plates-Bulk-Pasta-Plate-4-150x150.webp 150w, https:\/\/www.yongjianceramic.com\/wp-content\/uploads\/2025\/05\/Dinnerware-China-Custom-Ceramic-Plates-Bulk-Pasta-Plate-4-768x768.webp 768w, https:\/\/www.yongjianceramic.com\/wp-content\/uploads\/2025\/05\/Dinnerware-China-Custom-Ceramic-Plates-Bulk-Pasta-Plate-4-12x12.webp 12w, https:\/\/www.yongjianceramic.com\/wp-content\/uploads\/2025\/05\/Dinnerware-China-Custom-Ceramic-Plates-Bulk-Pasta-Plate-4-285x285.webp 285w, https:\/\/www.yongjianceramic.com\/wp-content\/uploads\/2025\/05\/Dinnerware-China-Custom-Ceramic-Plates-Bulk-Pasta-Plate-4-270x270.webp 270w, https:\/\/www.yongjianceramic.com\/wp-content\/uploads\/2025\/05\/Dinnerware-China-Custom-Ceramic-Plates-Bulk-Pasta-Plate-4-540x540.webp 540w, https:\/\/www.yongjianceramic.com\/wp-content\/uploads\/2025\/05\/Dinnerware-China-Custom-Ceramic-Plates-Bulk-Pasta-Plate-4-660x660.webp 660w\" sizes=\"(max-width: 800px) 100vw, 800px\" \/><\/figure>\n<\/div>\n<\/div>","protected":false},"excerpt":{"rendered":"<p>Bem-vindo \u00e0 compra de pratos de cer\u00e2mica a granel. Estes pratos de cer\u00e2mica branca por atacado est\u00e3o cheios de sentido de design, com camadas ricas e beleza em forma e cor. \u00c9 adequado para casamentos, banquetes e locais de refei\u00e7\u00f5es sofisticados. \u00c9 pr\u00e1tico e de bom gosto.<\/p>\n<div class=\"NWlwsb\" dir=\"ltr\">\n<div class=\"WtlSJf Qbfsob KKjvXb\" data-alternative-index=\"0\">\n<div class=\"Z5VkA\">\n<table style=\"border-collapse: collapse; width: 327.02pt;\" border=\"0\" width=\"654\" cellspacing=\"0\" cellpadding=\"0\">\n<tbody>\n<tr style=\"height: 16.50pt;\">\n<td class=\"et3\" style=\"height: 16.50pt; width: 127.20pt;\" width=\"254\" height=\"33\">Fabricante<\/td>\n<td class=\"et3\" style=\"width: 200.15pt;\" width=\"400\">Yongjian<\/td>\n<\/tr>\n<tr style=\"height: 16.50pt;\">\n<td class=\"et3\" style=\"height: 16.50pt;\" height=\"33\">Modelo n.<\/td>\n<td class=\"et4\" style=\"width: 200.15pt;\" width=\"400\">YJ-133<\/td>\n<\/tr>\n<tr style=\"height: 16.50pt;\">\n<td class=\"et3\" style=\"height: 16.50pt;\" height=\"33\">Tipo de produto<\/td>\n<td class=\"et3\">Prato de servir<\/td>\n<\/tr>\n<tr style=\"height: 16.50pt;\">\n<td class=\"et3\" style=\"height: 16.50pt;\" height=\"33\">Material<\/td>\n<td class=\"et3\">Porcelana<\/td>\n<\/tr>\n<tr style=\"height: 16.50pt;\">\n<td class=\"et5\" style=\"height: 16.50pt;\" height=\"33\">Cor<\/td>\n<td class=\"et3\">Como imagem<\/td>\n<\/tr>\n<tr style=\"height: 33.00pt;\">\n<td class=\"et3\" style=\"height: 33.00pt;\" height=\"66\">Dimens\u00e3o<\/td>\n<td class=\"et6\" style=\"width: 200.15pt;\" width=\"400\">23*23*3cm 25,3*25,3*1,8cm<\/td>\n<\/tr>\n<tr style=\"height: 16.50pt;\">\n<td class=\"et3\" style=\"height: 16.50pt;\" height=\"33\">MOQ<\/td>\n<td class=\"et3\">500 unidades<\/td>\n<\/tr>\n<tr style=\"height: 16.50pt;\">\n<td class=\"et3\" style=\"height: 16.50pt;\" height=\"33\">Personalizado<\/td>\n<td class=\"et3\">Cor\/tamanho\/log\u00f3tipo\/embalagem<\/td>\n<\/tr>\n<\/tbody>\n<\/table>\n<\/div>\n<\/div>\n<\/div>","protected":false},"featured_media":4770,"comment_status":"closed","ping_status":"closed","template":"","meta":{"_acf_changed":false},"product_brand":[],"product_cat":[62,77,76],"product_tag":[81],"class_list":{"0":"post-4769","1":"product","2":"type-product","3":"status-publish","4":"has-post-thumbnail","6":"product_cat-ceramic-plates-wholesale","7":"product_cat-deep-plates-wholesale","8":"product_cat-wholesale-serving-platters","9":"product_tag-modern-design-dinnerware-set-wholesale","11":"first","12":"instock","13":"shipping-taxable","14":"product-type-simple"},"acf":[],"_links":{"self":[{"href":"https:\/\/www.yongjianceramic.com\/pt\/wp-json\/wp\/v2\/product\/4769","targetHints":{"allow":["GET"]}}],"collection":[{"href":"https:\/\/www.yongjianceramic.com\/pt\/wp-json\/wp\/v2\/product"}],"about":[{"href":"https:\/\/www.yongjianceramic.com\/pt\/wp-json\/wp\/v2\/types\/product"}],"replies":[{"embeddable":true,"href":"https:\/\/www.yongjianceramic.com\/pt\/wp-json\/wp\/v2\/comments?post=4769"}],"wp:featuredmedia":[{"embeddable":true,"href":"https:\/\/www.yongjianceramic.com\/pt\/wp-json\/wp\/v2\/media\/4770"}],"wp:attachment":[{"href":"https:\/\/www.yongjianceramic.com\/pt\/wp-json\/wp\/v2\/media?parent=4769"}],"wp:term":[{"taxonomy":"product_brand","embeddable":true,"href":"https:\/\/www.yongjianceramic.com\/pt\/wp-json\/wp\/v2\/product_brand?post=4769"},{"taxonomy":"product_cat","embeddable":true,"href":"https:\/\/www.yongjianceramic.com\/pt\/wp-json\/wp\/v2\/product_cat?post=4769"},{"taxonomy":"product_tag","embeddable":true,"href":"https:\/\/www.yongjianceramic.com\/pt\/wp-json\/wp\/v2\/product_tag?post=4769"}],"curies":[{"name":"wp","href":"https:\/\/api.w.org\/{rel}","templated":true}]}}