{"id":4778,"date":"2025-05-19T17:07:53","date_gmt":"2025-05-19T09:07:53","guid":{"rendered":"https:\/\/www.yongjianceramic.com\/?post_type=product&#038;p=4778"},"modified":"2025-05-19T17:12:59","modified_gmt":"2025-05-19T09:12:59","slug":"bistro-dinner-plates-bulk","status":"publish","type":"product","link":"https:\/\/www.yongjianceramic.com\/pt\/produto\/bistro-dinner-plates-bulk\/","title":{"rendered":"Pratos de jantar de bistr\u00f4 a granel, pratos de servir de cer\u00e2mica por atacado"},"content":{"rendered":"<div class=\"wp-block-columns is-layout-flex wp-container-core-columns-is-layout-9d6595d7 wp-block-columns-is-layout-flex\">\n<div class=\"wp-block-column is-layout-flow wp-block-column-is-layout-flow\">\n<h2 class=\"wp-block-heading\">Pratos de jantar Bistro Premium Carater\u00edsticas a granel:<\/h2>\n\n\n\n<ul class=\"wp-block-list\">\n<li><strong>Textura de pedra natural, textura de alta qualidade: <\/strong>A superf\u00edcie destes pratos de jantar bistr\u00f4 a granel adopta o design de textura de imita\u00e7\u00e3o de pedra natural, com textura clara e estilo \u00fanico, trazendo beleza natural e original e melhorando o estilo geral da mesa de jantar.<\/li>\n\n\n\n<li><strong>Forma de placa plana, pr\u00e1tica e vers\u00e1til: <\/strong>Os pratos de servir redondos cl\u00e1ssicos por atacado s\u00e3o adequados para comida ocidental, sobremesas, alimentos b\u00e1sicos e outros pratos, apresentando uma experi\u00eancia gastron\u00f3mica elegante e generosa.<\/li>\n\n\n\n<li><strong>Combina\u00e7\u00e3o de dois tamanhos, combina\u00e7\u00e3o flex\u00edvel: <\/strong>Estes pratos de bistr\u00f4 fornecem especifica\u00e7\u00f5es de 7,5 polegadas e 9,5 polegadas para satisfazer diferentes requisitos de capacidade, podem ser utilizados em combina\u00e7\u00e3o, adequados para uso dom\u00e9stico e em restaurantes comerciais em v\u00e1rios cen\u00e1rios.<\/li>\n\n\n\n<li><strong>Suporta a personaliza\u00e7\u00e3o, adaptando-se a v\u00e1rias necessidades:<\/strong> Os nossos pratos de servir por atacado podem personalizar padr\u00f5es, log\u00f3tipos e cores de acordo com os requisitos da marca e da cena, adequados para hot\u00e9is, casamentos, restaurantes e outras ocasi\u00f5es.<\/li>\n<\/ul>\n<\/div>\n\n\n\n<div class=\"wp-block-column is-layout-flow wp-block-column-is-layout-flow\">\n<figure class=\"wp-block-image size-full\"><img fetchpriority=\"high\" decoding=\"async\" width=\"800\" height=\"800\" src=\"https:\/\/www.yongjianceramic.com\/wp-content\/uploads\/2025\/05\/bulk-buy-dinner-platesceramic-plate-manufacturerchinese-crockery-wholesale-7.webp\" alt=\"Pratos de jantar Bistro a granel, pratos de servir em cer\u00e2mica por atacado-1\" class=\"wp-image-4785\" srcset=\"https:\/\/www.yongjianceramic.com\/wp-content\/uploads\/2025\/05\/bulk-buy-dinner-platesceramic-plate-manufacturerchinese-crockery-wholesale-7.webp 800w, https:\/\/www.yongjianceramic.com\/wp-content\/uploads\/2025\/05\/bulk-buy-dinner-platesceramic-plate-manufacturerchinese-crockery-wholesale-7-300x300.webp 300w, https:\/\/www.yongjianceramic.com\/wp-content\/uploads\/2025\/05\/bulk-buy-dinner-platesceramic-plate-manufacturerchinese-crockery-wholesale-7-150x150.webp 150w, https:\/\/www.yongjianceramic.com\/wp-content\/uploads\/2025\/05\/bulk-buy-dinner-platesceramic-plate-manufacturerchinese-crockery-wholesale-7-768x768.webp 768w, https:\/\/www.yongjianceramic.com\/wp-content\/uploads\/2025\/05\/bulk-buy-dinner-platesceramic-plate-manufacturerchinese-crockery-wholesale-7-12x12.webp 12w, https:\/\/www.yongjianceramic.com\/wp-content\/uploads\/2025\/05\/bulk-buy-dinner-platesceramic-plate-manufacturerchinese-crockery-wholesale-7-285x285.webp 285w, https:\/\/www.yongjianceramic.com\/wp-content\/uploads\/2025\/05\/bulk-buy-dinner-platesceramic-plate-manufacturerchinese-crockery-wholesale-7-270x270.webp 270w, https:\/\/www.yongjianceramic.com\/wp-content\/uploads\/2025\/05\/bulk-buy-dinner-platesceramic-plate-manufacturerchinese-crockery-wholesale-7-540x540.webp 540w, https:\/\/www.yongjianceramic.com\/wp-content\/uploads\/2025\/05\/bulk-buy-dinner-platesceramic-plate-manufacturerchinese-crockery-wholesale-7-660x660.webp 660w\" sizes=\"(max-width: 800px) 100vw, 800px\" \/><\/figure>\n<\/div>\n<\/div>","protected":false},"excerpt":{"rendered":"<p>Bem-vindo \u00e0 compra de pratos de servir por atacado. Estes pratos de jantar de bistr\u00f4 com granulado de pedra de 7,5\/9,5 polegadas combinam textura natural com design pr\u00e1tico, adequado para todos os tipos de comida e sobremesas ocidentais, e \u00e9 a melhor escolha para hot\u00e9is e restaurantes para melhorar seu sabor.<\/p>\n<table style=\"border-collapse: collapse; width: 327.02pt;\" border=\"0\" width=\"654\" cellspacing=\"0\" cellpadding=\"0\">\n<tbody>\n<tr style=\"height: 16.50pt;\">\n<td class=\"et3\" style=\"height: 16.50pt; width: 127.20pt;\" width=\"254\" height=\"33\">Fabricante<\/td>\n<td class=\"et3\" style=\"width: 200.15pt;\" width=\"400\">Yongjian<\/td>\n<\/tr>\n<tr style=\"height: 16.50pt;\">\n<td class=\"et3\" style=\"height: 16.50pt;\" height=\"33\">Modelo n.<\/td>\n<td class=\"et4\" style=\"width: 200.15pt;\" width=\"400\">YJ-134<\/td>\n<\/tr>\n<tr style=\"height: 16.50pt;\">\n<td class=\"et3\" style=\"height: 16.50pt;\" height=\"33\">Tipo de produto<\/td>\n<td class=\"et3\">Prato de servir<\/td>\n<\/tr>\n<tr style=\"height: 16.50pt;\">\n<td class=\"et3\" style=\"height: 16.50pt;\" height=\"33\">Material<\/td>\n<td class=\"et3\">Porcelana<\/td>\n<\/tr>\n<tr style=\"height: 16.50pt;\">\n<td class=\"et5\" style=\"height: 16.50pt;\" height=\"33\">Cor<\/td>\n<td class=\"et3\">Como imagem<\/td>\n<\/tr>\n<tr style=\"height: 33.00pt;\">\n<td class=\"et3\" style=\"height: 33.00pt;\" height=\"66\">Dimens\u00e3o<\/td>\n<td class=\"et6\" style=\"width: 200.15pt;\" width=\"400\">19,5*19,5*1,8cm 22,5*22,5*2cm<\/td>\n<\/tr>\n<tr style=\"height: 16.50pt;\">\n<td class=\"et3\" style=\"height: 16.50pt;\" height=\"33\">MOQ<\/td>\n<td class=\"et3\">500 unidades<\/td>\n<\/tr>\n<tr style=\"height: 16.50pt;\">\n<td class=\"et3\" style=\"height: 16.50pt;\" height=\"33\">Personalizado<\/td>\n<td class=\"et3\">Cor\/tamanho\/log\u00f3tipo\/embalagem<\/td>\n<\/tr>\n<\/tbody>\n<\/table>","protected":false},"featured_media":4784,"comment_status":"closed","ping_status":"closed","template":"","meta":{"_acf_changed":false},"product_brand":[],"product_cat":[93,62,76],"product_tag":[88,86],"class_list":{"0":"post-4778","1":"product","2":"type-product","3":"status-publish","4":"has-post-thumbnail","6":"product_cat-bulk-dinner-plates","7":"product_cat-ceramic-plates-wholesale","8":"product_cat-wholesale-serving-platters","9":"product_tag-japanese-style-dinnerware-set-wholesale","10":"product_tag-oriental-style-dinnerware-wholesale","12":"first","13":"instock","14":"shipping-taxable","15":"product-type-simple"},"acf":[],"_links":{"self":[{"href":"https:\/\/www.yongjianceramic.com\/pt\/wp-json\/wp\/v2\/product\/4778","targetHints":{"allow":["GET"]}}],"collection":[{"href":"https:\/\/www.yongjianceramic.com\/pt\/wp-json\/wp\/v2\/product"}],"about":[{"href":"https:\/\/www.yongjianceramic.com\/pt\/wp-json\/wp\/v2\/types\/product"}],"replies":[{"embeddable":true,"href":"https:\/\/www.yongjianceramic.com\/pt\/wp-json\/wp\/v2\/comments?post=4778"}],"wp:featuredmedia":[{"embeddable":true,"href":"https:\/\/www.yongjianceramic.com\/pt\/wp-json\/wp\/v2\/media\/4784"}],"wp:attachment":[{"href":"https:\/\/www.yongjianceramic.com\/pt\/wp-json\/wp\/v2\/media?parent=4778"}],"wp:term":[{"taxonomy":"product_brand","embeddable":true,"href":"https:\/\/www.yongjianceramic.com\/pt\/wp-json\/wp\/v2\/product_brand?post=4778"},{"taxonomy":"product_cat","embeddable":true,"href":"https:\/\/www.yongjianceramic.com\/pt\/wp-json\/wp\/v2\/product_cat?post=4778"},{"taxonomy":"product_tag","embeddable":true,"href":"https:\/\/www.yongjianceramic.com\/pt\/wp-json\/wp\/v2\/product_tag?post=4778"}],"curies":[{"name":"wp","href":"https:\/\/api.w.org\/{rel}","templated":true}]}}