{"id":4790,"date":"2025-05-19T16:49:44","date_gmt":"2025-05-19T08:49:44","guid":{"rendered":"https:\/\/www.yongjianceramic.com\/?post_type=product&#038;p=4790"},"modified":"2025-05-19T16:53:38","modified_gmt":"2025-05-19T08:53:38","slug":"wholesale-bowls","status":"publish","type":"product","link":"https:\/\/www.yongjianceramic.com\/pt\/produto\/wholesale-bowls\/","title":{"rendered":"Ta\u00e7as por atacado com esmalte reativo, conjuntos de ta\u00e7as para servir a granel"},"content":{"rendered":"<div class=\"wp-block-columns is-layout-flex wp-container-core-columns-is-layout-9d6595d7 wp-block-columns-is-layout-flex\">\n<div class=\"wp-block-column is-layout-flow wp-block-column-is-layout-flow\">\n<h2 class=\"wp-block-heading\">Ta\u00e7as por atacado com esmalte reativo de qualidade superior Carater\u00edsticas:<\/h2>\n\n\n\n<ul class=\"wp-block-list\">\n<li><strong>Design de tamanho duplo, flex\u00edvel e pr\u00e1tico: <\/strong>Estas ta\u00e7as para venda por grosso est\u00e3o dispon\u00edveis em tamanhos de 4,5 e 7 polegadas, adequadas para guardar sopas, snacks, arroz, massa e outros pratos, satisfazendo as diferentes necessidades de capacidade das fam\u00edlias e dos locais de refei\u00e7\u00f5es.<\/li>\n\n\n\n<li><strong>Design de boca fechada, bonito e anti-transbordamento:<\/strong> A forma ligeiramente fechada da boca destes conjuntos de ta\u00e7as para servir a granel n\u00e3o s\u00f3 tem linhas elegantes e suaves, como tamb\u00e9m evita eficazmente que a sopa transborde, melhorando o conforto e a praticidade das refei\u00e7\u00f5es.<\/li>\n\n\n\n<li><strong>Cor reactiva do esmalte, camadas ricas: <\/strong>As nossas ta\u00e7as por atacado utilizam o processo de rea\u00e7\u00e3o do esmalte, a cor flui naturalmente, cada ta\u00e7a tem uma cor de esmalte \u00fanica, cheia de sentido art\u00edstico e tridimensional, e real\u00e7a a beleza geral da mesa de jantar.<\/li>\n\n\n\n<li><strong>Cozedura a alta temperatura, resistente ao calor e dur\u00e1vel: <\/strong>Os nossos conjuntos de ta\u00e7as para servir a granel s\u00e3o adequados para equipamento de cozinha, como fornos micro-ondas e m\u00e1quinas de lavar lou\u00e7a, com uma superf\u00edcie lisa e delicada, f\u00e1cil de limpar, adequada para utiliza\u00e7\u00e3o em refei\u00e7\u00f5es de alta frequ\u00eancia.<\/li>\n<\/ul>\n<\/div>\n\n\n\n<div class=\"wp-block-column is-layout-flow wp-block-column-is-layout-flow\">\n<figure class=\"wp-block-image size-full\"><img fetchpriority=\"high\" decoding=\"async\" width=\"800\" height=\"800\" src=\"https:\/\/www.yongjianceramic.com\/wp-content\/uploads\/2025\/05\/bulk-soup-bowlscustom-made-ceramic-dinnerwaredinnerware-manufacturers-2.webp\" alt=\"Ta\u00e7as por atacado com esmalte reativo, conjuntos de ta\u00e7as para servir a granel-1\" class=\"wp-image-4792\" srcset=\"https:\/\/www.yongjianceramic.com\/wp-content\/uploads\/2025\/05\/bulk-soup-bowlscustom-made-ceramic-dinnerwaredinnerware-manufacturers-2.webp 800w, https:\/\/www.yongjianceramic.com\/wp-content\/uploads\/2025\/05\/bulk-soup-bowlscustom-made-ceramic-dinnerwaredinnerware-manufacturers-2-300x300.webp 300w, https:\/\/www.yongjianceramic.com\/wp-content\/uploads\/2025\/05\/bulk-soup-bowlscustom-made-ceramic-dinnerwaredinnerware-manufacturers-2-150x150.webp 150w, https:\/\/www.yongjianceramic.com\/wp-content\/uploads\/2025\/05\/bulk-soup-bowlscustom-made-ceramic-dinnerwaredinnerware-manufacturers-2-768x768.webp 768w, https:\/\/www.yongjianceramic.com\/wp-content\/uploads\/2025\/05\/bulk-soup-bowlscustom-made-ceramic-dinnerwaredinnerware-manufacturers-2-12x12.webp 12w, https:\/\/www.yongjianceramic.com\/wp-content\/uploads\/2025\/05\/bulk-soup-bowlscustom-made-ceramic-dinnerwaredinnerware-manufacturers-2-285x285.webp 285w, https:\/\/www.yongjianceramic.com\/wp-content\/uploads\/2025\/05\/bulk-soup-bowlscustom-made-ceramic-dinnerwaredinnerware-manufacturers-2-270x270.webp 270w, https:\/\/www.yongjianceramic.com\/wp-content\/uploads\/2025\/05\/bulk-soup-bowlscustom-made-ceramic-dinnerwaredinnerware-manufacturers-2-540x540.webp 540w, https:\/\/www.yongjianceramic.com\/wp-content\/uploads\/2025\/05\/bulk-soup-bowlscustom-made-ceramic-dinnerwaredinnerware-manufacturers-2-660x660.webp 660w\" sizes=\"(max-width: 800px) 100vw, 800px\" \/><\/figure>\n<\/div>\n<\/div>","protected":false},"excerpt":{"rendered":"<p>Bem-vindo \u00e0 compra de ta\u00e7as por grosso. Estes conjuntos de ta\u00e7as de cer\u00e2mica para servir a granel de 4,5 polegadas e 7 polegadas apresentam um esmalte alterado no forno e um design cl\u00e1ssico. S\u00e3o bonitos e pr\u00e1ticos, adequados para hot\u00e9is, restaurantes e uso dom\u00e9stico. S\u00e3o uma escolha ideal de utens\u00edlios de mesa que combina funcionalidade e beleza.<\/p>\n<table style=\"border-collapse: collapse; width: 327.02pt;\" border=\"0\" width=\"654\" cellspacing=\"0\" cellpadding=\"0\">\n<tbody>\n<tr style=\"height: 16.50pt;\">\n<td class=\"et3\" style=\"height: 16.50pt; width: 127.20pt;\" width=\"254\" height=\"33\">Fabricante<\/td>\n<td class=\"et3\" style=\"width: 200.15pt;\" width=\"400\">Yongjian<\/td>\n<\/tr>\n<tr style=\"height: 16.50pt;\">\n<td class=\"et3\" style=\"height: 16.50pt;\" height=\"33\">Modelo n.<\/td>\n<td class=\"et4\" style=\"width: 200.15pt;\" width=\"400\">YJ-135<\/td>\n<\/tr>\n<tr style=\"height: 16.50pt;\">\n<td class=\"et3\" style=\"height: 16.50pt;\" height=\"33\">Tipo de produto<\/td>\n<td class=\"et3\">Tigelas para sopa e ramen<\/td>\n<\/tr>\n<tr style=\"height: 16.50pt;\">\n<td class=\"et3\" style=\"height: 16.50pt;\" height=\"33\">Material<\/td>\n<td class=\"et3\">Porcelana<\/td>\n<\/tr>\n<tr style=\"height: 16.50pt;\">\n<td class=\"et5\" style=\"height: 16.50pt;\" height=\"33\">Cor<\/td>\n<td class=\"et3\">Como imagem<\/td>\n<\/tr>\n<tr style=\"height: 33.00pt;\">\n<td class=\"et3\" style=\"height: 33.00pt;\" height=\"66\">Dimens\u00e3o<\/td>\n<td class=\"et6\" style=\"width: 200.15pt;\" width=\"400\">11,5*11,5*5cm 18*18*5cm<\/td>\n<\/tr>\n<tr style=\"height: 16.50pt;\">\n<td class=\"et3\" style=\"height: 16.50pt;\" height=\"33\">MOQ<\/td>\n<td class=\"et3\">500 unidades<\/td>\n<\/tr>\n<tr style=\"height: 16.50pt;\">\n<td class=\"et3\" style=\"height: 16.50pt;\" height=\"33\">Personalizado<\/td>\n<td class=\"et3\">Cor\/tamanho\/log\u00f3tipo\/embalagem<\/td>\n<\/tr>\n<\/tbody>\n<\/table>","protected":false},"featured_media":4791,"comment_status":"closed","ping_status":"closed","template":"","meta":{"_acf_changed":false},"product_brand":[],"product_cat":[63,74,73],"product_tag":[88,81],"class_list":{"0":"post-4790","1":"product","2":"type-product","3":"status-publish","4":"has-post-thumbnail","6":"product_cat-wholesale-bowls","7":"product_cat-bulk-serving-bowls","8":"product_cat-bulk-soup-bowls","9":"product_tag-japanese-style-dinnerware-set-wholesale","10":"product_tag-modern-design-dinnerware-set-wholesale","12":"first","13":"instock","14":"shipping-taxable","15":"product-type-simple"},"acf":[],"_links":{"self":[{"href":"https:\/\/www.yongjianceramic.com\/pt\/wp-json\/wp\/v2\/product\/4790","targetHints":{"allow":["GET"]}}],"collection":[{"href":"https:\/\/www.yongjianceramic.com\/pt\/wp-json\/wp\/v2\/product"}],"about":[{"href":"https:\/\/www.yongjianceramic.com\/pt\/wp-json\/wp\/v2\/types\/product"}],"replies":[{"embeddable":true,"href":"https:\/\/www.yongjianceramic.com\/pt\/wp-json\/wp\/v2\/comments?post=4790"}],"wp:featuredmedia":[{"embeddable":true,"href":"https:\/\/www.yongjianceramic.com\/pt\/wp-json\/wp\/v2\/media\/4791"}],"wp:attachment":[{"href":"https:\/\/www.yongjianceramic.com\/pt\/wp-json\/wp\/v2\/media?parent=4790"}],"wp:term":[{"taxonomy":"product_brand","embeddable":true,"href":"https:\/\/www.yongjianceramic.com\/pt\/wp-json\/wp\/v2\/product_brand?post=4790"},{"taxonomy":"product_cat","embeddable":true,"href":"https:\/\/www.yongjianceramic.com\/pt\/wp-json\/wp\/v2\/product_cat?post=4790"},{"taxonomy":"product_tag","embeddable":true,"href":"https:\/\/www.yongjianceramic.com\/pt\/wp-json\/wp\/v2\/product_tag?post=4790"}],"curies":[{"name":"wp","href":"https:\/\/api.w.org\/{rel}","templated":true}]}}