{"id":4819,"date":"2025-05-27T11:43:28","date_gmt":"2025-05-27T03:43:28","guid":{"rendered":"https:\/\/www.yongjianceramic.com\/?post_type=product&#038;p=4819"},"modified":"2025-05-27T11:43:31","modified_gmt":"2025-05-27T03:43:31","slug":"custom-ceramic-bowls","status":"publish","type":"product","link":"https:\/\/www.yongjianceramic.com\/pt\/produto\/custom-ceramic-bowls\/","title":{"rendered":"Ta\u00e7as de cer\u00e2mica personalizadas com padr\u00e3o de pedra de 8 polegadas, conjunto de lou\u00e7a chinesa por atacado"},"content":{"rendered":"<div class=\"wp-block-columns is-layout-flex wp-container-core-columns-is-layout-9d6595d7 wp-block-columns-is-layout-flex\">\n<div class=\"wp-block-column is-layout-flow wp-block-column-is-layout-flow\">\n<h2 class=\"wp-block-heading\">Ta\u00e7as de cer\u00e2mica personalizadas Premium Carater\u00edsticas:<\/h2>\n\n\n\n<ul class=\"wp-block-list\">\n<li><strong>Tigela grande convencional de 8 polegadas, forte desempenho: <\/strong>Estas tigelas de cer\u00e2mica personalizadas t\u00eam uma capacidade comum, que pode satisfazer uma variedade de alimentos, como massas, sopas, tigelas de arroz, saladas, etc., para satisfazer as v\u00e1rias necessidades das fam\u00edlias e da ind\u00fastria da restaura\u00e7\u00e3o.<\/li>\n\n\n\n<li><strong>Desenho de textura de pedra, textura natural: <\/strong>A superf\u00edcie do conjunto de loi\u00e7a chinesa \u00e9 simulada com textura de pedra, \u00fanica e cheia de natureza, expressando um estilo de gr\u00e9s nos tempos modernos e textura de alta qualidade.<\/li>\n\n\n\n<li><strong>Quatro cores opcionais, correspond\u00eancia gratuita: <\/strong>Estas ta\u00e7as de cer\u00e2mica personalizadas oferecem 4 tons diferentes, desde o calmo ao fresco, para satisfazer necessidades de correspond\u00eancia personalizadas, adequadas a diferentes estilos de ambientes de refei\u00e7\u00f5es.<\/li>\n\n\n\n<li><strong>Cozedura a alta temperatura, dur\u00e1vel e f\u00e1cil de limpar:<\/strong> O conjunto de loi\u00e7a chinesa seleciona cer\u00e2mica de alta qualidade, moldagem por cozedura a alta temperatura, superf\u00edcie densa e lisa, resistente ao calor e aos riscos, mais conveniente para a utiliza\u00e7\u00e3o e limpeza di\u00e1rias.<\/li>\n<\/ul>\n<\/div>\n\n\n\n<div class=\"wp-block-column is-layout-flow wp-block-column-is-layout-flow\">\n<figure class=\"wp-block-image size-full\"><img fetchpriority=\"high\" decoding=\"async\" width=\"800\" height=\"800\" src=\"https:\/\/www.yongjianceramic.com\/wp-content\/uploads\/2025\/05\/chinese-crockery-setceramic-bowl-manufacturercustomized-dinnerware-4.webp\" alt=\"ta\u00e7as de cer\u00e2mica personalizadas de 8 polegadas com padr\u00e3o de pedra - conjunto de lou\u00e7a chinesa - 4\" class=\"wp-image-4823\" srcset=\"https:\/\/www.yongjianceramic.com\/wp-content\/uploads\/2025\/05\/chinese-crockery-setceramic-bowl-manufacturercustomized-dinnerware-4.webp 800w, https:\/\/www.yongjianceramic.com\/wp-content\/uploads\/2025\/05\/chinese-crockery-setceramic-bowl-manufacturercustomized-dinnerware-4-300x300.webp 300w, https:\/\/www.yongjianceramic.com\/wp-content\/uploads\/2025\/05\/chinese-crockery-setceramic-bowl-manufacturercustomized-dinnerware-4-150x150.webp 150w, https:\/\/www.yongjianceramic.com\/wp-content\/uploads\/2025\/05\/chinese-crockery-setceramic-bowl-manufacturercustomized-dinnerware-4-768x768.webp 768w, https:\/\/www.yongjianceramic.com\/wp-content\/uploads\/2025\/05\/chinese-crockery-setceramic-bowl-manufacturercustomized-dinnerware-4-12x12.webp 12w, https:\/\/www.yongjianceramic.com\/wp-content\/uploads\/2025\/05\/chinese-crockery-setceramic-bowl-manufacturercustomized-dinnerware-4-285x285.webp 285w, https:\/\/www.yongjianceramic.com\/wp-content\/uploads\/2025\/05\/chinese-crockery-setceramic-bowl-manufacturercustomized-dinnerware-4-270x270.webp 270w, https:\/\/www.yongjianceramic.com\/wp-content\/uploads\/2025\/05\/chinese-crockery-setceramic-bowl-manufacturercustomized-dinnerware-4-540x540.webp 540w, https:\/\/www.yongjianceramic.com\/wp-content\/uploads\/2025\/05\/chinese-crockery-setceramic-bowl-manufacturercustomized-dinnerware-4-660x660.webp 660w\" sizes=\"(max-width: 800px) 100vw, 800px\" \/><\/figure>\n<\/div>\n<\/div>","protected":false},"excerpt":{"rendered":"<p>Bem-vindo ao comprar as nossas ta\u00e7as de cer\u00e2mica personalizadas. Esta tigela de cer\u00e2mica com padr\u00e3o de pedra de 8 polegadas combina beleza natural com praticidade. Dispon\u00edvel em quatro cores, \u00e9 adequada para utiliza\u00e7\u00e3o numa variedade de cen\u00e1rios. Quer seja para a restaura\u00e7\u00e3o dom\u00e9stica ou comercial, \u00e9 uma escolha ideal com grande textura.<\/p>\n<table style=\"border-collapse: collapse; width: 327.02pt;\" border=\"0\" width=\"654\" cellspacing=\"0\" cellpadding=\"0\">\n<tbody>\n<tr style=\"height: 16.50pt;\">\n<td class=\"et3\" style=\"height: 16.50pt; width: 127.20pt;\" width=\"254\" height=\"33\">Fabricante<\/td>\n<td class=\"et3\" style=\"width: 200.15pt;\" width=\"400\">Yongjian<\/td>\n<\/tr>\n<tr style=\"height: 16.50pt;\">\n<td class=\"et3\" style=\"height: 16.50pt;\" height=\"33\">Modelo n.<\/td>\n<td class=\"et4\" style=\"width: 200.15pt;\" width=\"400\">YJ-137<\/td>\n<\/tr>\n<tr style=\"height: 16.50pt;\">\n<td class=\"et3\" style=\"height: 16.50pt;\" height=\"33\">Tipo de produto<\/td>\n<td class=\"et3\">Tigelas para sopa e ramen<\/td>\n<\/tr>\n<tr style=\"height: 16.50pt;\">\n<td class=\"et3\" style=\"height: 16.50pt;\" height=\"33\">Material<\/td>\n<td class=\"et3\">Porcelana<\/td>\n<\/tr>\n<tr style=\"height: 16.50pt;\">\n<td class=\"et5\" style=\"height: 16.50pt;\" height=\"33\">Cor<\/td>\n<td class=\"et3\">Como imagem<\/td>\n<\/tr>\n<tr style=\"height: 16.50pt;\">\n<td class=\"et3\" style=\"height: 16.50pt;\" height=\"33\">Dimens\u00e3o<\/td>\n<td class=\"et6\" style=\"width: 200.15pt;\" width=\"400\">20,8*20,8*8,5cm<\/td>\n<\/tr>\n<tr style=\"height: 16.50pt;\">\n<td class=\"et3\" style=\"height: 16.50pt;\" height=\"33\">MOQ<\/td>\n<td class=\"et3\">500 unidades<\/td>\n<\/tr>\n<tr style=\"height: 16.50pt;\">\n<td class=\"et3\" style=\"height: 16.50pt;\" height=\"33\">Personalizado<\/td>\n<td class=\"et3\">Cor\/tamanho\/log\u00f3tipo\/embalagem<\/td>\n<\/tr>\n<\/tbody>\n<\/table>","protected":false},"featured_media":4820,"comment_status":"closed","ping_status":"closed","template":"","meta":{"_acf_changed":false},"product_brand":[],"product_cat":[63,74],"product_tag":[88,81],"class_list":{"0":"post-4819","1":"product","2":"type-product","3":"status-publish","4":"has-post-thumbnail","6":"product_cat-wholesale-bowls","7":"product_cat-bulk-serving-bowls","8":"product_tag-japanese-style-dinnerware-set-wholesale","9":"product_tag-modern-design-dinnerware-set-wholesale","11":"first","12":"instock","13":"shipping-taxable","14":"product-type-simple"},"acf":[],"_links":{"self":[{"href":"https:\/\/www.yongjianceramic.com\/pt\/wp-json\/wp\/v2\/product\/4819","targetHints":{"allow":["GET"]}}],"collection":[{"href":"https:\/\/www.yongjianceramic.com\/pt\/wp-json\/wp\/v2\/product"}],"about":[{"href":"https:\/\/www.yongjianceramic.com\/pt\/wp-json\/wp\/v2\/types\/product"}],"replies":[{"embeddable":true,"href":"https:\/\/www.yongjianceramic.com\/pt\/wp-json\/wp\/v2\/comments?post=4819"}],"wp:featuredmedia":[{"embeddable":true,"href":"https:\/\/www.yongjianceramic.com\/pt\/wp-json\/wp\/v2\/media\/4820"}],"wp:attachment":[{"href":"https:\/\/www.yongjianceramic.com\/pt\/wp-json\/wp\/v2\/media?parent=4819"}],"wp:term":[{"taxonomy":"product_brand","embeddable":true,"href":"https:\/\/www.yongjianceramic.com\/pt\/wp-json\/wp\/v2\/product_brand?post=4819"},{"taxonomy":"product_cat","embeddable":true,"href":"https:\/\/www.yongjianceramic.com\/pt\/wp-json\/wp\/v2\/product_cat?post=4819"},{"taxonomy":"product_tag","embeddable":true,"href":"https:\/\/www.yongjianceramic.com\/pt\/wp-json\/wp\/v2\/product_tag?post=4819"}],"curies":[{"name":"wp","href":"https:\/\/api.w.org\/{rel}","templated":true}]}}