{"id":4843,"date":"2025-05-27T10:19:11","date_gmt":"2025-05-27T02:19:11","guid":{"rendered":"https:\/\/www.yongjianceramic.com\/?post_type=product&#038;p=4843"},"modified":"2025-05-27T10:19:14","modified_gmt":"2025-05-27T02:19:14","slug":"custom-made-ceramic-plates","status":"publish","type":"product","link":"https:\/\/www.yongjianceramic.com\/pt\/produto\/custom-made-ceramic-plates\/","title":{"rendered":"Pratos de cer\u00e2mica feitos \u00e0 medida, tipos de desenhos Prato para molhos Empresa grossista"},"content":{"rendered":"<div class=\"wp-block-columns is-layout-flex wp-container-core-columns-is-layout-9d6595d7 wp-block-columns-is-layout-flex\">\n<div class=\"wp-block-column is-layout-flow wp-block-column-is-layout-flow\">\n<h2 class=\"wp-block-heading\">Placas de cer\u00e2mica personalizadas de qualidade superior Carater\u00edsticas:<\/h2>\n\n\n\n<ul class=\"wp-block-list\">\n<li><strong>Tamanho compacto de 3,5 polegadas, pr\u00e1tico e c\u00f3modo:<\/strong> A molheira grossista de tamanho m\u00e9dio foi especialmente concebida para molhos, ketchup, molhos para salada e outros condimentos, ocupando menos espa\u00e7o e satisfazendo as necessidades di\u00e1rias.<\/li>\n\n\n\n<li><strong>V\u00e1rios estilos de design dispon\u00edveis, estilos ricos: <\/strong>Estes pratos de cer\u00e2mica personalizados t\u00eam diferentes designs e tipos de padr\u00f5es, adequados para diferentes estilos de restaurantes e configura\u00e7\u00f5es de mesa, e melhoram o aspeto geral e a experi\u00eancia de jantar.<\/li>\n\n\n\n<li><strong>Cer\u00e2mica de alta temperatura, saud\u00e1vel e duradoura:<\/strong> Estas placas de cer\u00e2mica feitas por medida utilizam a tecnologia de cozedura a alta temperatura, que \u00e9 duradoura e resistente, sem qu\u00edmicos e segura para o contacto com os alimentos. \u00c9 suficiente para a utiliza\u00e7\u00e3o quotidiana em casa e para a restaura\u00e7\u00e3o comercial.<\/li>\n\n\n\n<li><strong>Esmalte liso, f\u00e1cil de limpar e sem infiltra\u00e7\u00f5es de cor:<\/strong> A superf\u00edcie da molheira \u00e9 densa e lisa, n\u00e3o \u00e9 f\u00e1cil de ficar oleosa, \u00e9 f\u00e1cil de limpar e continua a brilhar como nova ap\u00f3s uma utiliza\u00e7\u00e3o prolongada, poupando preocupa\u00e7\u00f5es e esfor\u00e7o.<\/li>\n<\/ul>\n\n\n\n<p><\/p>\n<\/div>\n\n\n\n<div class=\"wp-block-column is-layout-flow wp-block-column-is-layout-flow\">\n<figure class=\"wp-block-image size-full\"><img fetchpriority=\"high\" decoding=\"async\" width=\"800\" height=\"800\" src=\"https:\/\/www.yongjianceramic.com\/wp-content\/uploads\/2025\/05\/custom-made-ceramic-platesceramic-dinnerware-companysuace-dish-wholesale-2.webp\" alt=\"placas-de-cer\u00e2mica-personalizadas-tipos-de-designs-sauce-dish-wholesale-company-2\" class=\"wp-image-4845\" srcset=\"https:\/\/www.yongjianceramic.com\/wp-content\/uploads\/2025\/05\/custom-made-ceramic-platesceramic-dinnerware-companysuace-dish-wholesale-2.webp 800w, https:\/\/www.yongjianceramic.com\/wp-content\/uploads\/2025\/05\/custom-made-ceramic-platesceramic-dinnerware-companysuace-dish-wholesale-2-300x300.webp 300w, https:\/\/www.yongjianceramic.com\/wp-content\/uploads\/2025\/05\/custom-made-ceramic-platesceramic-dinnerware-companysuace-dish-wholesale-2-150x150.webp 150w, https:\/\/www.yongjianceramic.com\/wp-content\/uploads\/2025\/05\/custom-made-ceramic-platesceramic-dinnerware-companysuace-dish-wholesale-2-768x768.webp 768w, https:\/\/www.yongjianceramic.com\/wp-content\/uploads\/2025\/05\/custom-made-ceramic-platesceramic-dinnerware-companysuace-dish-wholesale-2-12x12.webp 12w, https:\/\/www.yongjianceramic.com\/wp-content\/uploads\/2025\/05\/custom-made-ceramic-platesceramic-dinnerware-companysuace-dish-wholesale-2-285x285.webp 285w, https:\/\/www.yongjianceramic.com\/wp-content\/uploads\/2025\/05\/custom-made-ceramic-platesceramic-dinnerware-companysuace-dish-wholesale-2-270x270.webp 270w, https:\/\/www.yongjianceramic.com\/wp-content\/uploads\/2025\/05\/custom-made-ceramic-platesceramic-dinnerware-companysuace-dish-wholesale-2-540x540.webp 540w, https:\/\/www.yongjianceramic.com\/wp-content\/uploads\/2025\/05\/custom-made-ceramic-platesceramic-dinnerware-companysuace-dish-wholesale-2-660x660.webp 660w\" sizes=\"(max-width: 800px) 100vw, 800px\" \/><\/figure>\n<\/div>\n<\/div>","protected":false},"excerpt":{"rendered":"<p>Bem-vindo a comprar os nossos pratos de cer\u00e2mica feitos \u00e0 medida. Este prato para molhos de cer\u00e2mica de 3,5 polegadas foi concebido para molhos, saladas e outros temperos. Tem uma forma delicada e uma variedade de estilos. \u00c9 pr\u00e1tico e bonito, adequado para fam\u00edlias e v\u00e1rios locais de refei\u00e7\u00f5es.<\/p>\n<table style=\"border-collapse: collapse; width: 327.02pt;\" border=\"0\" width=\"654\" cellspacing=\"0\" cellpadding=\"0\">\n<tbody>\n<tr style=\"height: 16.50pt;\">\n<td class=\"et3\" style=\"height: 16.50pt; width: 127.20pt;\" width=\"254\" height=\"33\">Fabricante<\/td>\n<td class=\"et3\" style=\"width: 200.15pt;\" width=\"400\">Yongjian<\/td>\n<\/tr>\n<tr style=\"height: 16.50pt;\">\n<td class=\"et3\" style=\"height: 16.50pt;\" height=\"33\">Modelo n.<\/td>\n<td class=\"et4\" style=\"width: 200.15pt;\" width=\"400\">YJ-139<\/td>\n<\/tr>\n<tr style=\"height: 16.50pt;\">\n<td class=\"et3\" style=\"height: 16.50pt;\" height=\"33\">Tipo de produto<\/td>\n<td class=\"et3\">Prato pequeno<\/td>\n<\/tr>\n<tr style=\"height: 16.50pt;\">\n<td class=\"et3\" style=\"height: 16.50pt;\" height=\"33\">Material<\/td>\n<td class=\"et3\">Porcelana<\/td>\n<\/tr>\n<tr style=\"height: 16.50pt;\">\n<td class=\"et5\" style=\"height: 16.50pt;\" height=\"33\">Cor<\/td>\n<td class=\"et3\">Como imagem<\/td>\n<\/tr>\n<tr style=\"height: 16.50pt;\">\n<td class=\"et3\" style=\"height: 16.50pt;\" height=\"33\">Dimens\u00e3o<\/td>\n<td class=\"et6\" style=\"width: 200.15pt;\" width=\"400\">7,8*7,8*2,2cm<\/td>\n<\/tr>\n<tr style=\"height: 16.50pt;\">\n<td class=\"et3\" style=\"height: 16.50pt;\" height=\"33\">MOQ<\/td>\n<td class=\"et3\">500 unidades<\/td>\n<\/tr>\n<tr style=\"height: 16.50pt;\">\n<td class=\"et3\" style=\"height: 16.50pt;\" height=\"33\">Personalizado<\/td>\n<td class=\"et3\">Cor\/tamanho\/log\u00f3tipo\/embalagem<\/td>\n<\/tr>\n<\/tbody>\n<\/table>","protected":false},"featured_media":4847,"comment_status":"closed","ping_status":"closed","template":"","meta":{"_acf_changed":false},"product_brand":[],"product_cat":[62,92],"product_tag":[81],"class_list":{"0":"post-4843","1":"product","2":"type-product","3":"status-publish","4":"has-post-thumbnail","6":"product_cat-ceramic-plates-wholesale","7":"product_cat-small-dishes-wholesale","8":"product_tag-modern-design-dinnerware-set-wholesale","10":"first","11":"instock","12":"shipping-taxable","13":"product-type-simple"},"acf":[],"_links":{"self":[{"href":"https:\/\/www.yongjianceramic.com\/pt\/wp-json\/wp\/v2\/product\/4843","targetHints":{"allow":["GET"]}}],"collection":[{"href":"https:\/\/www.yongjianceramic.com\/pt\/wp-json\/wp\/v2\/product"}],"about":[{"href":"https:\/\/www.yongjianceramic.com\/pt\/wp-json\/wp\/v2\/types\/product"}],"replies":[{"embeddable":true,"href":"https:\/\/www.yongjianceramic.com\/pt\/wp-json\/wp\/v2\/comments?post=4843"}],"wp:featuredmedia":[{"embeddable":true,"href":"https:\/\/www.yongjianceramic.com\/pt\/wp-json\/wp\/v2\/media\/4847"}],"wp:attachment":[{"href":"https:\/\/www.yongjianceramic.com\/pt\/wp-json\/wp\/v2\/media?parent=4843"}],"wp:term":[{"taxonomy":"product_brand","embeddable":true,"href":"https:\/\/www.yongjianceramic.com\/pt\/wp-json\/wp\/v2\/product_brand?post=4843"},{"taxonomy":"product_cat","embeddable":true,"href":"https:\/\/www.yongjianceramic.com\/pt\/wp-json\/wp\/v2\/product_cat?post=4843"},{"taxonomy":"product_tag","embeddable":true,"href":"https:\/\/www.yongjianceramic.com\/pt\/wp-json\/wp\/v2\/product_tag?post=4843"}],"curies":[{"name":"wp","href":"https:\/\/api.w.org\/{rel}","templated":true}]}}