{"id":4870,"date":"2025-06-07T17:44:06","date_gmt":"2025-06-07T09:44:06","guid":{"rendered":"https:\/\/www.yongjianceramic.com\/?post_type=product&#038;p=4870"},"modified":"2025-06-07T17:44:08","modified_gmt":"2025-06-07T09:44:08","slug":"tapas-plates-wholesale","status":"publish","type":"product","link":"https:\/\/www.yongjianceramic.com\/pt\/produto\/tapas-plates-wholesale\/","title":{"rendered":"Lou\u00e7a Pratos de tapas por atacado, pratos de aperitivos pequenos a granel"},"content":{"rendered":"<div class=\"wp-block-columns is-layout-flex wp-container-core-columns-is-layout-9d6595d7 wp-block-columns-is-layout-flex\">\n<div class=\"wp-block-column is-layout-flow wp-block-column-is-layout-flow\">\n<h2 class=\"wp-block-heading\">Pratos de Tapas Premium Carater\u00edsticas por atacado:<\/h2>\n\n\n\n<ul class=\"wp-block-list\">\n<li><strong>Design integrado do prato de molho, pr\u00e1tico e atencioso: <\/strong>Estes pratos de tapas para venda por grosso t\u00eam uma \u00e1rea independente para molhos, que pode conter alimentos b\u00e1sicos e condimentos ao mesmo tempo, adequados para bolinhos de massa com vinagre, batatas fritas com ketchup, etc., o que \u00e9 mais conveniente para m\u00faltiplas combina\u00e7\u00f5es.<\/li>\n\n\n\n<li><strong>Design quadrado, moderno e bonito: <\/strong>A forma quadrada dos nossos pratos de aperitivos a granel \u00e9 generosa, com cantos e linhas bem definidos, adequados para restaurantes modernos e mesas familiares, melhorando o estilo geral.<\/li>\n\n\n\n<li><strong>Cer\u00e2mica de alta temperatura, segura e duradoura: <\/strong>Os nossos pratos de tapas por atacado s\u00e3o resistentes ao calor e \u00e0s fissuras, seguros para utiliza\u00e7\u00e3o em micro-ondas, fornos e m\u00e1quinas de lavar lou\u00e7a, satisfazendo as necessidades de utiliza\u00e7\u00e3o frequente do sector da restaura\u00e7\u00e3o.<\/li>\n\n\n\n<li><strong>Log\u00f3tipo personaliz\u00e1vel, que real\u00e7a a imagem da marca: <\/strong>Personaliza\u00e7\u00e3o total dispon\u00edvel, os nossos pratos de aperitivo a granel s\u00e3o adequados para a personaliza\u00e7\u00e3o de lou\u00e7a exclusiva para hot\u00e9is e restaurantes e aumentam o reconhecimento da marca e o profissionalismo.<\/li>\n<\/ul>\n<\/div>\n\n\n\n<div class=\"wp-block-column is-layout-flow wp-block-column-is-layout-flow\">\n<figure class=\"wp-block-image size-full\"><img fetchpriority=\"high\" decoding=\"async\" width=\"800\" height=\"800\" src=\"https:\/\/www.yongjianceramic.com\/wp-content\/uploads\/2025\/06\/restaurant-supply-dinnerwarebulk-crockerycustom-ceramic-plate-3.webp\" alt=\"Lou\u00e7a Pratos de tapas por atacado, pequenos pratos de aperitivo a granel-1\" class=\"wp-image-4873\" srcset=\"https:\/\/www.yongjianceramic.com\/wp-content\/uploads\/2025\/06\/restaurant-supply-dinnerwarebulk-crockerycustom-ceramic-plate-3.webp 800w, https:\/\/www.yongjianceramic.com\/wp-content\/uploads\/2025\/06\/restaurant-supply-dinnerwarebulk-crockerycustom-ceramic-plate-3-300x300.webp 300w, https:\/\/www.yongjianceramic.com\/wp-content\/uploads\/2025\/06\/restaurant-supply-dinnerwarebulk-crockerycustom-ceramic-plate-3-150x150.webp 150w, https:\/\/www.yongjianceramic.com\/wp-content\/uploads\/2025\/06\/restaurant-supply-dinnerwarebulk-crockerycustom-ceramic-plate-3-768x768.webp 768w, https:\/\/www.yongjianceramic.com\/wp-content\/uploads\/2025\/06\/restaurant-supply-dinnerwarebulk-crockerycustom-ceramic-plate-3-12x12.webp 12w, https:\/\/www.yongjianceramic.com\/wp-content\/uploads\/2025\/06\/restaurant-supply-dinnerwarebulk-crockerycustom-ceramic-plate-3-285x285.webp 285w, https:\/\/www.yongjianceramic.com\/wp-content\/uploads\/2025\/06\/restaurant-supply-dinnerwarebulk-crockerycustom-ceramic-plate-3-270x270.webp 270w, https:\/\/www.yongjianceramic.com\/wp-content\/uploads\/2025\/06\/restaurant-supply-dinnerwarebulk-crockerycustom-ceramic-plate-3-540x540.webp 540w, https:\/\/www.yongjianceramic.com\/wp-content\/uploads\/2025\/06\/restaurant-supply-dinnerwarebulk-crockerycustom-ceramic-plate-3-660x660.webp 660w\" sizes=\"(max-width: 800px) 100vw, 800px\" \/><\/figure>\n<\/div>\n<\/div>","protected":false},"excerpt":{"rendered":"<div class=\"lRu31\" dir=\"ltr\">Bem-vindo \u00e0 compra de pratos de aperitivo a granel. Os nossos pratos quadrados de cer\u00e2mica para tapas s\u00e3o perfeitos para servir bolinhos de massa com vinagre, batatas fritas com molho, etc. \u00c9 feito de cer\u00e2mica de alta temperatura, dur\u00e1vel e f\u00e1cil de limpar, e pode ser personalizado com logotipos, o que \u00e9 uma \u00f3tima op\u00e7\u00e3o para restaurantes e hot\u00e9is.<\/p>\n<div id=\"ow12\">\n<table style=\"border-collapse: collapse; width: 327.02pt;\" border=\"0\" width=\"654\" cellspacing=\"0\" cellpadding=\"0\">\n<tbody>\n<tr style=\"height: 16.50pt;\">\n<td class=\"et3\" style=\"height: 16.50pt; width: 127.20pt;\" width=\"254\" height=\"33\">Fabricante<\/td>\n<td class=\"et3\" style=\"width: 200.15pt;\" width=\"400\">Yongjian<\/td>\n<\/tr>\n<tr style=\"height: 16.50pt;\">\n<td class=\"et3\" style=\"height: 16.50pt;\" height=\"33\">Modelo n.<\/td>\n<td class=\"et4\" style=\"width: 200.15pt;\" width=\"400\">YJ-140<\/td>\n<\/tr>\n<tr style=\"height: 16.50pt;\">\n<td class=\"et3\" style=\"height: 16.50pt;\" height=\"33\">Tipo de produto<\/td>\n<td class=\"et3\">Prato de servir<\/td>\n<\/tr>\n<tr style=\"height: 16.50pt;\">\n<td class=\"et3\" style=\"height: 16.50pt;\" height=\"33\">Material<\/td>\n<td class=\"et3\">Porcelana<\/td>\n<\/tr>\n<tr style=\"height: 16.50pt;\">\n<td class=\"et5\" style=\"height: 16.50pt;\" height=\"33\">Cor<\/td>\n<td class=\"et3\">Como imagem<\/td>\n<\/tr>\n<tr style=\"height: 16.50pt;\">\n<td class=\"et3\" style=\"height: 16.50pt;\" height=\"33\">Dimens\u00e3o<\/td>\n<td class=\"et6\" style=\"width: 200.15pt;\" width=\"400\">18,8*17,5*4cm<\/td>\n<\/tr>\n<tr style=\"height: 16.50pt;\">\n<td class=\"et3\" style=\"height: 16.50pt;\" height=\"33\">MOQ<\/td>\n<td class=\"et3\">500 unidades<\/td>\n<\/tr>\n<tr style=\"height: 16.50pt;\">\n<td class=\"et3\" style=\"height: 16.50pt;\" height=\"33\">Personalizado<\/td>\n<td class=\"et3\">Cor\/tamanho\/log\u00f3tipo\/embalagem<\/td>\n<\/tr>\n<\/tbody>\n<\/table>\n<\/div>\n<\/div>\n<div class=\"UdTY9 WdefRb\" aria-hidden=\"true\" data-location=\"2\">\u00a0<\/div>","protected":false},"featured_media":4871,"comment_status":"closed","ping_status":"closed","template":"","meta":{"_acf_changed":false},"product_brand":[],"product_cat":[62,76,92],"product_tag":[88],"class_list":{"0":"post-4870","1":"product","2":"type-product","3":"status-publish","4":"has-post-thumbnail","6":"product_cat-ceramic-plates-wholesale","7":"product_cat-wholesale-serving-platters","8":"product_cat-small-dishes-wholesale","9":"product_tag-japanese-style-dinnerware-set-wholesale","11":"first","12":"instock","13":"shipping-taxable","14":"product-type-simple"},"acf":[],"_links":{"self":[{"href":"https:\/\/www.yongjianceramic.com\/pt\/wp-json\/wp\/v2\/product\/4870","targetHints":{"allow":["GET"]}}],"collection":[{"href":"https:\/\/www.yongjianceramic.com\/pt\/wp-json\/wp\/v2\/product"}],"about":[{"href":"https:\/\/www.yongjianceramic.com\/pt\/wp-json\/wp\/v2\/types\/product"}],"replies":[{"embeddable":true,"href":"https:\/\/www.yongjianceramic.com\/pt\/wp-json\/wp\/v2\/comments?post=4870"}],"wp:featuredmedia":[{"embeddable":true,"href":"https:\/\/www.yongjianceramic.com\/pt\/wp-json\/wp\/v2\/media\/4871"}],"wp:attachment":[{"href":"https:\/\/www.yongjianceramic.com\/pt\/wp-json\/wp\/v2\/media?parent=4870"}],"wp:term":[{"taxonomy":"product_brand","embeddable":true,"href":"https:\/\/www.yongjianceramic.com\/pt\/wp-json\/wp\/v2\/product_brand?post=4870"},{"taxonomy":"product_cat","embeddable":true,"href":"https:\/\/www.yongjianceramic.com\/pt\/wp-json\/wp\/v2\/product_cat?post=4870"},{"taxonomy":"product_tag","embeddable":true,"href":"https:\/\/www.yongjianceramic.com\/pt\/wp-json\/wp\/v2\/product_tag?post=4870"}],"curies":[{"name":"wp","href":"https:\/\/api.w.org\/{rel}","templated":true}]}}