{"id":4881,"date":"2025-06-07T17:27:47","date_gmt":"2025-06-07T09:27:47","guid":{"rendered":"https:\/\/www.yongjianceramic.com\/?post_type=product&#038;p=4881"},"modified":"2025-06-07T17:27:51","modified_gmt":"2025-06-07T09:27:51","slug":"tapas-serving-dishes-wholesale","status":"publish","type":"product","link":"https:\/\/www.yongjianceramic.com\/pt\/produto\/tapas-serving-dishes-wholesale\/","title":{"rendered":"Pratos de cer\u00e2mica para servir tapas por atacado, pratos de ostra a granel"},"content":{"rendered":"<div class=\"wp-block-columns is-layout-flex wp-container-core-columns-is-layout-9d6595d7 wp-block-columns-is-layout-flex\">\n<div class=\"wp-block-column is-layout-flow wp-block-column-is-layout-flow\">\n<h2 class=\"wp-block-heading\">Pratos para servir tapas Premium Carater\u00edsticas por atacado:<\/h2>\n\n\n\n<ul class=\"wp-block-list\">\n<li><strong>Desenho especial em forma de vulc\u00e3o: <\/strong>Estes pratos de tapas para servir por atacado s\u00e3o moldados de acordo com a forma vulc\u00e2nica natural, apresentando camadas tridimensionais densas e um forte impacto visual, tornando a mesa mais art\u00edstica.<\/li>\n\n\n\n<li><strong>Esmalte artesanal de mudan\u00e7a de forno, cores vivas:<\/strong> As nossas placas de cer\u00e2mica a granel s\u00e3o queimadas a fogo alto, com uma cor de esmalte fluida \u00fanica, grada\u00e7\u00e3o de cor natural e grande textura.<\/li>\n\n\n\n<li><strong>Concebida para aperitivos e ostras: <\/strong>As bordas destes pratos de servir tapas por atacado s\u00e3o estriadas, o que \u00e9 perfeito para colocar petiscos de tapas, ostras, mariscos, etc., para dar uma apresenta\u00e7\u00e3o \u00e0 comida.<\/li>\n\n\n\n<li><strong>Porcelana de alta temperatura, segura e duradoura: <\/strong>Os nossos pratos de cer\u00e2mica a granel s\u00e3o cozinhados em cer\u00e2mica de alta qualidade, resistente ao calor e dur\u00e1vel, segura para o micro-ondas e para a m\u00e1quina de lavar lou\u00e7a e conveniente para a utiliza\u00e7\u00e3o di\u00e1ria.<\/li>\n<\/ul>\n<\/div>\n\n\n\n<div class=\"wp-block-column is-layout-flow wp-block-column-is-layout-flow\">\n<figure class=\"wp-block-image size-full\"><img fetchpriority=\"high\" decoding=\"async\" width=\"800\" height=\"800\" src=\"https:\/\/www.yongjianceramic.com\/wp-content\/uploads\/2025\/06\/chinese-porcelain-dinnerware\uff0cbulk-ceramic-dinner-plates-for-wedding\uff0ctableware-set-factory-6.webp\" alt=\"Pratos de cer\u00e2mica para servir tapas por atacado, pratos de ostra a granel-1\" class=\"wp-image-4887\" srcset=\"https:\/\/www.yongjianceramic.com\/wp-content\/uploads\/2025\/06\/chinese-porcelain-dinnerware\uff0cbulk-ceramic-dinner-plates-for-wedding\uff0ctableware-set-factory-6.webp 800w, https:\/\/www.yongjianceramic.com\/wp-content\/uploads\/2025\/06\/chinese-porcelain-dinnerware\uff0cbulk-ceramic-dinner-plates-for-wedding\uff0ctableware-set-factory-6-300x300.webp 300w, https:\/\/www.yongjianceramic.com\/wp-content\/uploads\/2025\/06\/chinese-porcelain-dinnerware\uff0cbulk-ceramic-dinner-plates-for-wedding\uff0ctableware-set-factory-6-150x150.webp 150w, https:\/\/www.yongjianceramic.com\/wp-content\/uploads\/2025\/06\/chinese-porcelain-dinnerware\uff0cbulk-ceramic-dinner-plates-for-wedding\uff0ctableware-set-factory-6-768x768.webp 768w, https:\/\/www.yongjianceramic.com\/wp-content\/uploads\/2025\/06\/chinese-porcelain-dinnerware\uff0cbulk-ceramic-dinner-plates-for-wedding\uff0ctableware-set-factory-6-12x12.webp 12w, https:\/\/www.yongjianceramic.com\/wp-content\/uploads\/2025\/06\/chinese-porcelain-dinnerware\uff0cbulk-ceramic-dinner-plates-for-wedding\uff0ctableware-set-factory-6-285x285.webp 285w, https:\/\/www.yongjianceramic.com\/wp-content\/uploads\/2025\/06\/chinese-porcelain-dinnerware\uff0cbulk-ceramic-dinner-plates-for-wedding\uff0ctableware-set-factory-6-270x270.webp 270w, https:\/\/www.yongjianceramic.com\/wp-content\/uploads\/2025\/06\/chinese-porcelain-dinnerware\uff0cbulk-ceramic-dinner-plates-for-wedding\uff0ctableware-set-factory-6-540x540.webp 540w, https:\/\/www.yongjianceramic.com\/wp-content\/uploads\/2025\/06\/chinese-porcelain-dinnerware\uff0cbulk-ceramic-dinner-plates-for-wedding\uff0ctableware-set-factory-6-660x660.webp 660w\" sizes=\"(max-width: 800px) 100vw, 800px\" \/><\/figure>\n<\/div>\n<\/div>","protected":false},"excerpt":{"rendered":"<p>Bem-vindo \u00e0 compra de pratos de cer\u00e2mica a granel. Este prato de servir tapas em forma de vulc\u00e3o combina inspira\u00e7\u00e3o natural com arte de mudan\u00e7a de forno, com cores ricas e textura extraordin\u00e1ria. Foi concebido especialmente para a apresenta\u00e7\u00e3o requintada de tapas e ostras e \u00e9 a melhor escolha para restaurantes e banquetes sofisticados.<\/p>\n<table style=\"border-collapse: collapse; width: 327.02pt;\" border=\"0\" width=\"654\" cellspacing=\"0\" cellpadding=\"0\">\n<tbody>\n<tr style=\"height: 16.50pt;\">\n<td class=\"et3\" style=\"height: 16.50pt; width: 127.20pt;\" width=\"254\" height=\"33\">Fabricante<\/td>\n<td class=\"et3\" style=\"width: 200.15pt;\" width=\"400\">Yongjian<\/td>\n<\/tr>\n<tr style=\"height: 16.50pt;\">\n<td class=\"et3\" style=\"height: 16.50pt;\" height=\"33\">Modelo n.<\/td>\n<td class=\"et4\" style=\"width: 200.15pt;\" width=\"400\">YJ-141<\/td>\n<\/tr>\n<tr style=\"height: 16.50pt;\">\n<td class=\"et3\" style=\"height: 16.50pt;\" height=\"33\">Tipo de produto<\/td>\n<td class=\"et3\">Prato de servir<\/td>\n<\/tr>\n<tr style=\"height: 16.50pt;\">\n<td class=\"et3\" style=\"height: 16.50pt;\" height=\"33\">Material<\/td>\n<td class=\"et3\">Porcelana<\/td>\n<\/tr>\n<tr style=\"height: 16.50pt;\">\n<td class=\"et5\" style=\"height: 16.50pt;\" height=\"33\">Cor<\/td>\n<td class=\"et3\">Como imagem<\/td>\n<\/tr>\n<tr style=\"height: 16.50pt;\">\n<td class=\"et3\" style=\"height: 16.50pt;\" height=\"33\">Dimens\u00e3o<\/td>\n<td class=\"et6\" style=\"width: 200.15pt;\" width=\"400\">25,5*25,5*4cm<\/td>\n<\/tr>\n<tr style=\"height: 16.50pt;\">\n<td class=\"et3\" style=\"height: 16.50pt;\" height=\"33\">MOQ<\/td>\n<td class=\"et3\">500 unidades<\/td>\n<\/tr>\n<tr style=\"height: 16.50pt;\">\n<td class=\"et3\" style=\"height: 16.50pt;\" height=\"33\">Personalizado<\/td>\n<td class=\"et3\">Cor\/tamanho\/log\u00f3tipo\/embalagem<\/td>\n<\/tr>\n<\/tbody>\n<\/table>","protected":false},"featured_media":4883,"comment_status":"closed","ping_status":"closed","template":"","meta":{"_acf_changed":false},"product_brand":[],"product_cat":[62,76],"product_tag":[88,81],"class_list":{"0":"post-4881","1":"product","2":"type-product","3":"status-publish","4":"has-post-thumbnail","6":"product_cat-ceramic-plates-wholesale","7":"product_cat-wholesale-serving-platters","8":"product_tag-japanese-style-dinnerware-set-wholesale","9":"product_tag-modern-design-dinnerware-set-wholesale","11":"first","12":"instock","13":"shipping-taxable","14":"product-type-simple"},"acf":[],"_links":{"self":[{"href":"https:\/\/www.yongjianceramic.com\/pt\/wp-json\/wp\/v2\/product\/4881","targetHints":{"allow":["GET"]}}],"collection":[{"href":"https:\/\/www.yongjianceramic.com\/pt\/wp-json\/wp\/v2\/product"}],"about":[{"href":"https:\/\/www.yongjianceramic.com\/pt\/wp-json\/wp\/v2\/types\/product"}],"replies":[{"embeddable":true,"href":"https:\/\/www.yongjianceramic.com\/pt\/wp-json\/wp\/v2\/comments?post=4881"}],"wp:featuredmedia":[{"embeddable":true,"href":"https:\/\/www.yongjianceramic.com\/pt\/wp-json\/wp\/v2\/media\/4883"}],"wp:attachment":[{"href":"https:\/\/www.yongjianceramic.com\/pt\/wp-json\/wp\/v2\/media?parent=4881"}],"wp:term":[{"taxonomy":"product_brand","embeddable":true,"href":"https:\/\/www.yongjianceramic.com\/pt\/wp-json\/wp\/v2\/product_brand?post=4881"},{"taxonomy":"product_cat","embeddable":true,"href":"https:\/\/www.yongjianceramic.com\/pt\/wp-json\/wp\/v2\/product_cat?post=4881"},{"taxonomy":"product_tag","embeddable":true,"href":"https:\/\/www.yongjianceramic.com\/pt\/wp-json\/wp\/v2\/product_tag?post=4881"}],"curies":[{"name":"wp","href":"https:\/\/api.w.org\/{rel}","templated":true}]}}