{"id":4891,"date":"2025-06-07T17:13:34","date_gmt":"2025-06-07T09:13:34","guid":{"rendered":"https:\/\/www.yongjianceramic.com\/?post_type=product&#038;p=4891"},"modified":"2025-06-07T17:13:36","modified_gmt":"2025-06-07T09:13:36","slug":"ceramic-bowl-wholesale","status":"publish","type":"product","link":"https:\/\/www.yongjianceramic.com\/pt\/produto\/ceramic-bowl-wholesale\/","title":{"rendered":"Tigela de cer\u00e2mica para sopa Ramen por atacado para Izakaya japon\u00eas"},"content":{"rendered":"<div class=\"wp-block-columns is-layout-flex wp-container-core-columns-is-layout-9d6595d7 wp-block-columns-is-layout-flex\">\n<div class=\"wp-block-column is-layout-flow wp-block-column-is-layout-flow\">\n<h2 class=\"wp-block-heading\">Tigela de cer\u00e2mica Premium Carater\u00edsticas por atacado:<\/h2>\n\n\n\n<ul class=\"wp-block-list\">\n<li><strong>Design japon\u00eas, est\u00e9tica e funcionalidade: <\/strong>Esta ta\u00e7a de cer\u00e2mica por atacado tem um design japon\u00eas minimalista, com \u00eanfase nas linhas e na textura do esmalte, exibindo uma beleza oriental, melhor utilizada em restaurantes de luxo e mobili\u00e1rio de banquetes de hotel.<\/li>\n\n\n\n<li><strong>Orif\u00edcios para pauzinhos no rebordo da ta\u00e7a, design pensado e pr\u00e1tico: <\/strong>A borda destas ta\u00e7as de catering a granel tem dois orif\u00edcios, onde os pauzinhos podem ser colocados de forma segura, o que \u00e9 pr\u00e1tico e bonito, adequado para massas e sopas, e melhora a conveni\u00eancia das refei\u00e7\u00f5es.<\/li>\n\n\n\n<li><strong>Estrutura c\u00f3nica, grande capacidade:<\/strong> O design c\u00f3nico desta ta\u00e7a de cer\u00e2mica para venda por grosso pode acomodar uma quantidade suficiente de sopa de macarr\u00e3o, ramen, macarr\u00e3o e outros alimentos b\u00e1sicos, \u00e9 \u00e0 prova de salpicos e derrames e tem uma estrutura est\u00e1vel, adequada para uma utiliza\u00e7\u00e3o di\u00e1ria ou comercial de alta frequ\u00eancia.<\/li>\n\n\n\n<li><strong>Tecnologia cer\u00e2mica de alta temperatura, dur\u00e1vel e f\u00e1cil de limpar: <\/strong>As nossas ta\u00e7as de catering a granel s\u00e3o resistentes ao calor e aos riscos, t\u00eam uma superf\u00edcie lisa e n\u00e3o s\u00e3o f\u00e1ceis de absorver manchas de \u00f3leo, sendo adequadas para cen\u00e1rios de alto n\u00edvel, como hot\u00e9is e restaurantes.<\/li>\n<\/ul>\n<\/div>\n\n\n\n<div class=\"wp-block-column is-layout-flow wp-block-column-is-layout-flow\">\n<figure class=\"wp-block-image size-full\"><img fetchpriority=\"high\" decoding=\"async\" width=\"800\" height=\"800\" src=\"https:\/\/www.yongjianceramic.com\/wp-content\/uploads\/2025\/06\/dinnerware-sets-manufacturers\uff0ccustom-noodle-bowl\uff0cceramic-chinese-bowls-1.webp\" alt=\"Tigela de cer\u00e2mica para sopa Ramen por atacado para Izakaya-1 japon\u00eas\" class=\"wp-image-4892\" srcset=\"https:\/\/www.yongjianceramic.com\/wp-content\/uploads\/2025\/06\/dinnerware-sets-manufacturers\uff0ccustom-noodle-bowl\uff0cceramic-chinese-bowls-1.webp 800w, https:\/\/www.yongjianceramic.com\/wp-content\/uploads\/2025\/06\/dinnerware-sets-manufacturers\uff0ccustom-noodle-bowl\uff0cceramic-chinese-bowls-1-300x300.webp 300w, https:\/\/www.yongjianceramic.com\/wp-content\/uploads\/2025\/06\/dinnerware-sets-manufacturers\uff0ccustom-noodle-bowl\uff0cceramic-chinese-bowls-1-150x150.webp 150w, https:\/\/www.yongjianceramic.com\/wp-content\/uploads\/2025\/06\/dinnerware-sets-manufacturers\uff0ccustom-noodle-bowl\uff0cceramic-chinese-bowls-1-768x768.webp 768w, https:\/\/www.yongjianceramic.com\/wp-content\/uploads\/2025\/06\/dinnerware-sets-manufacturers\uff0ccustom-noodle-bowl\uff0cceramic-chinese-bowls-1-12x12.webp 12w, https:\/\/www.yongjianceramic.com\/wp-content\/uploads\/2025\/06\/dinnerware-sets-manufacturers\uff0ccustom-noodle-bowl\uff0cceramic-chinese-bowls-1-285x285.webp 285w, https:\/\/www.yongjianceramic.com\/wp-content\/uploads\/2025\/06\/dinnerware-sets-manufacturers\uff0ccustom-noodle-bowl\uff0cceramic-chinese-bowls-1-270x270.webp 270w, https:\/\/www.yongjianceramic.com\/wp-content\/uploads\/2025\/06\/dinnerware-sets-manufacturers\uff0ccustom-noodle-bowl\uff0cceramic-chinese-bowls-1-540x540.webp 540w, https:\/\/www.yongjianceramic.com\/wp-content\/uploads\/2025\/06\/dinnerware-sets-manufacturers\uff0ccustom-noodle-bowl\uff0cceramic-chinese-bowls-1-660x660.webp 660w\" sizes=\"(max-width: 800px) 100vw, 800px\" \/><\/figure>\n<\/div>\n<\/div>","protected":false},"excerpt":{"rendered":"<div class=\"lRu31\" dir=\"ltr\">Bem-vindo \u00e0 compra de ta\u00e7as de catering a granel. Esta tigela de cer\u00e2mica c\u00f3nica de estilo japon\u00eas tem um design \u00fanico e orif\u00edcios para pauzinhos na borda da tigela, o que \u00e9 conveniente e pr\u00e1tico. A grande capacidade e a tecnologia cer\u00e2mica de alta temperatura s\u00e3o adequadas para todos os tipos de sopa de macarr\u00e3o. \u00c9 uma escolha ideal de utens\u00edlios de mesa de alta qualidade para hot\u00e9is e restaurantes.<\/p>\n<div id=\"ow15\">\n<table style=\"border-collapse: collapse; width: 327.02pt;\" border=\"0\" width=\"654\" cellspacing=\"0\" cellpadding=\"0\">\n<tbody>\n<tr style=\"height: 16.50pt;\">\n<td class=\"et3\" style=\"height: 16.50pt; width: 127.20pt;\" width=\"254\" height=\"33\">Fabricante<\/td>\n<td class=\"et3\" style=\"width: 200.15pt;\" width=\"400\">Yongjian<\/td>\n<\/tr>\n<tr style=\"height: 16.50pt;\">\n<td class=\"et3\" style=\"height: 16.50pt;\" height=\"33\">Modelo n.<\/td>\n<td class=\"et4\" style=\"width: 200.15pt;\" width=\"400\">YJ-142<\/td>\n<\/tr>\n<tr style=\"height: 16.50pt;\">\n<td class=\"et3\" style=\"height: 16.50pt;\" height=\"33\">Tipo de produto<\/td>\n<td class=\"et3\">Tigelas para sopa e ramen<\/td>\n<\/tr>\n<tr style=\"height: 16.50pt;\">\n<td class=\"et3\" style=\"height: 16.50pt;\" height=\"33\">Material<\/td>\n<td class=\"et3\">Porcelana<\/td>\n<\/tr>\n<tr style=\"height: 16.50pt;\">\n<td class=\"et5\" style=\"height: 16.50pt;\" height=\"33\">Cor<\/td>\n<td class=\"et3\">Como imagem<\/td>\n<\/tr>\n<tr style=\"height: 16.50pt;\">\n<td class=\"et3\" style=\"height: 16.50pt;\" height=\"33\">Dimens\u00e3o<\/td>\n<td class=\"et6\" style=\"width: 200.15pt;\" width=\"400\">20*20*11cm<\/td>\n<\/tr>\n<tr style=\"height: 16.50pt;\">\n<td class=\"et3\" style=\"height: 16.50pt;\" height=\"33\">MOQ<\/td>\n<td class=\"et3\">500 unidades<\/td>\n<\/tr>\n<tr style=\"height: 16.50pt;\">\n<td class=\"et3\" style=\"height: 16.50pt;\" height=\"33\">Personalizado<\/td>\n<td class=\"et3\">Cor\/tamanho\/log\u00f3tipo\/embalagem<\/td>\n<\/tr>\n<\/tbody>\n<\/table>\n<\/div>\n<\/div>","protected":false},"featured_media":4893,"comment_status":"closed","ping_status":"closed","template":"","meta":{"_acf_changed":false},"product_brand":[],"product_cat":[73,63],"product_tag":[88],"class_list":{"0":"post-4891","1":"product","2":"type-product","3":"status-publish","4":"has-post-thumbnail","6":"product_cat-bulk-soup-bowls","7":"product_cat-wholesale-bowls","8":"product_tag-japanese-style-dinnerware-set-wholesale","10":"first","11":"instock","12":"shipping-taxable","13":"product-type-simple"},"acf":[],"_links":{"self":[{"href":"https:\/\/www.yongjianceramic.com\/pt\/wp-json\/wp\/v2\/product\/4891","targetHints":{"allow":["GET"]}}],"collection":[{"href":"https:\/\/www.yongjianceramic.com\/pt\/wp-json\/wp\/v2\/product"}],"about":[{"href":"https:\/\/www.yongjianceramic.com\/pt\/wp-json\/wp\/v2\/types\/product"}],"replies":[{"embeddable":true,"href":"https:\/\/www.yongjianceramic.com\/pt\/wp-json\/wp\/v2\/comments?post=4891"}],"wp:featuredmedia":[{"embeddable":true,"href":"https:\/\/www.yongjianceramic.com\/pt\/wp-json\/wp\/v2\/media\/4893"}],"wp:attachment":[{"href":"https:\/\/www.yongjianceramic.com\/pt\/wp-json\/wp\/v2\/media?parent=4891"}],"wp:term":[{"taxonomy":"product_brand","embeddable":true,"href":"https:\/\/www.yongjianceramic.com\/pt\/wp-json\/wp\/v2\/product_brand?post=4891"},{"taxonomy":"product_cat","embeddable":true,"href":"https:\/\/www.yongjianceramic.com\/pt\/wp-json\/wp\/v2\/product_cat?post=4891"},{"taxonomy":"product_tag","embeddable":true,"href":"https:\/\/www.yongjianceramic.com\/pt\/wp-json\/wp\/v2\/product_tag?post=4891"}],"curies":[{"name":"wp","href":"https:\/\/api.w.org\/{rel}","templated":true}]}}