{"id":4902,"date":"2025-06-07T16:33:06","date_gmt":"2025-06-07T08:33:06","guid":{"rendered":"https:\/\/www.yongjianceramic.com\/?post_type=product&#038;p=4902"},"modified":"2025-06-07T16:33:08","modified_gmt":"2025-06-07T08:33:08","slug":"bulk-restaurant-dinner-plates","status":"publish","type":"product","link":"https:\/\/www.yongjianceramic.com\/pt\/produto\/bulk-restaurant-dinner-plates\/","title":{"rendered":"Pratos de jantar de restaurante a granel com esmalte reativo por atacado"},"content":{"rendered":"<div class=\"wp-block-columns is-layout-flex wp-container-core-columns-is-layout-9d6595d7 wp-block-columns-is-layout-flex\">\n<div class=\"wp-block-column is-layout-flow wp-block-column-is-layout-flow\">\n<h2 class=\"wp-block-heading\">Pratos de jantar de restaurante a granel Premium Carater\u00edsticas:<\/h2>\n\n\n\n<ul class=\"wp-block-list\">\n<li><strong>Processo de esmaltagem reativo, cor de esmalte natural e \u00fanica: <\/strong>Estes pratos de restaurante a granel utilizam um processo de esmaltagem de rea\u00e7\u00e3o a alta temperatura, permitindo que a cor do esmalte flua naturalmente e apresente uma textura \u00fanica, real\u00e7ando a beleza art\u00edstica.<\/li>\n\n\n\n<li><strong>Placa rasa com design de borda grossa, pr\u00e1tica e anti-transbordamento: <\/strong>Estes pratos de cer\u00e2mica para venda por grosso com uma estrutura de bordos grossos n\u00e3o s\u00f3 aumentam a estabilidade geral, como tamb\u00e9m evitam eficazmente que a sopa transborde, o que \u00e9 muito pr\u00e1tico.<\/li>\n\n\n\n<li><strong>Est\u00e3o dispon\u00edveis tr\u00eas cores para v\u00e1rios cen\u00e1rios a condizer: <\/strong>Os nossos pratos de restaurante a granel t\u00eam tr\u00eas tons cl\u00e1ssicos que se adequam a diferentes estilos de mesa e pratos, satisfazendo diversas necessidades de correspond\u00eancia.<\/li>\n\n\n\n<li><strong>Adequado para compras em grande escala por restaurantes e hot\u00e9is:<\/strong> Resistentes ao calor e ao desgaste, os nossos pratos de cer\u00e2mica por atacado s\u00e3o adequados para uma utiliza\u00e7\u00e3o di\u00e1ria de alta frequ\u00eancia, perfeitos para compras a granel por locais de restaura\u00e7\u00e3o comercial, como restaurantes e hot\u00e9is.<\/li>\n<\/ul>\n<\/div>\n\n\n\n<div class=\"wp-block-column is-layout-flow wp-block-column-is-layout-flow\">\n<figure class=\"wp-block-image size-full\"><img fetchpriority=\"high\" decoding=\"async\" width=\"800\" height=\"800\" src=\"https:\/\/www.yongjianceramic.com\/wp-content\/uploads\/2025\/06\/dinner-plates-wholesale\uff0ccrockery-manufacturers-\uff0cceramic-plates-in-bulk\uff0c-7.webp\" alt=\"Pratos de jantar para restaurante a granel com esmalte reativo Venda por grosso-7\" class=\"wp-image-4909\" srcset=\"https:\/\/www.yongjianceramic.com\/wp-content\/uploads\/2025\/06\/dinner-plates-wholesale\uff0ccrockery-manufacturers-\uff0cceramic-plates-in-bulk\uff0c-7.webp 800w, https:\/\/www.yongjianceramic.com\/wp-content\/uploads\/2025\/06\/dinner-plates-wholesale\uff0ccrockery-manufacturers-\uff0cceramic-plates-in-bulk\uff0c-7-300x300.webp 300w, https:\/\/www.yongjianceramic.com\/wp-content\/uploads\/2025\/06\/dinner-plates-wholesale\uff0ccrockery-manufacturers-\uff0cceramic-plates-in-bulk\uff0c-7-150x150.webp 150w, https:\/\/www.yongjianceramic.com\/wp-content\/uploads\/2025\/06\/dinner-plates-wholesale\uff0ccrockery-manufacturers-\uff0cceramic-plates-in-bulk\uff0c-7-768x768.webp 768w, https:\/\/www.yongjianceramic.com\/wp-content\/uploads\/2025\/06\/dinner-plates-wholesale\uff0ccrockery-manufacturers-\uff0cceramic-plates-in-bulk\uff0c-7-12x12.webp 12w, https:\/\/www.yongjianceramic.com\/wp-content\/uploads\/2025\/06\/dinner-plates-wholesale\uff0ccrockery-manufacturers-\uff0cceramic-plates-in-bulk\uff0c-7-285x285.webp 285w, https:\/\/www.yongjianceramic.com\/wp-content\/uploads\/2025\/06\/dinner-plates-wholesale\uff0ccrockery-manufacturers-\uff0cceramic-plates-in-bulk\uff0c-7-270x270.webp 270w, https:\/\/www.yongjianceramic.com\/wp-content\/uploads\/2025\/06\/dinner-plates-wholesale\uff0ccrockery-manufacturers-\uff0cceramic-plates-in-bulk\uff0c-7-540x540.webp 540w, https:\/\/www.yongjianceramic.com\/wp-content\/uploads\/2025\/06\/dinner-plates-wholesale\uff0ccrockery-manufacturers-\uff0cceramic-plates-in-bulk\uff0c-7-660x660.webp 660w\" sizes=\"(max-width: 800px) 100vw, 800px\" \/><\/figure>\n<\/div>\n<\/div>","protected":false},"excerpt":{"rendered":"<p>Bem-vindo \u00e0 compra de pratos de cer\u00e2mica por atacado. Os nossos pratos de jantar de restaurante a granel de 7,5 polegadas utilizam tecnologia de esmalte reativo e est\u00e3o dispon\u00edveis em tr\u00eas cores. \u00c9 bonito e pr\u00e1tico com um design de borda grossa. \u00c9 adequado para uma variedade de refei\u00e7\u00f5es, como saladas e sobremesas. \u00c9 uma escolha ideal para restaura\u00e7\u00e3o comercial e uso dom\u00e9stico.<\/p>\n<table style=\"border-collapse: collapse; width: 327.02pt;\" border=\"0\" width=\"654\" cellspacing=\"0\" cellpadding=\"0\">\n<tbody>\n<tr style=\"height: 16.50pt;\">\n<td class=\"et3\" style=\"height: 16.50pt; width: 127.20pt;\" width=\"254\" height=\"33\">Fabricante<\/td>\n<td class=\"et3\" style=\"width: 200.15pt;\" width=\"400\">Yongjian<\/td>\n<\/tr>\n<tr style=\"height: 16.50pt;\">\n<td class=\"et3\" style=\"height: 16.50pt;\" height=\"33\">Modelo n.<\/td>\n<td class=\"et4\" style=\"width: 200.15pt;\" width=\"400\">YJ-143<\/td>\n<\/tr>\n<tr style=\"height: 16.50pt;\">\n<td class=\"et3\" style=\"height: 16.50pt;\" height=\"33\">Tipo de produto<\/td>\n<td class=\"et3\">Prato de jantar<\/td>\n<\/tr>\n<tr style=\"height: 16.50pt;\">\n<td class=\"et3\" style=\"height: 16.50pt;\" height=\"33\">Material<\/td>\n<td class=\"et3\">Porcelana<\/td>\n<\/tr>\n<tr style=\"height: 16.50pt;\">\n<td class=\"et5\" style=\"height: 16.50pt;\" height=\"33\">Cor<\/td>\n<td class=\"et3\">Como imagem<\/td>\n<\/tr>\n<tr style=\"height: 16.50pt;\">\n<td class=\"et3\" style=\"height: 16.50pt;\" height=\"33\">Dimens\u00e3o<\/td>\n<td class=\"et6\" style=\"width: 200.15pt;\" width=\"400\">19*19*2,5cm<\/td>\n<\/tr>\n<tr style=\"height: 16.50pt;\">\n<td class=\"et3\" style=\"height: 16.50pt;\" height=\"33\">MOQ<\/td>\n<td class=\"et3\">500 unidades<\/td>\n<\/tr>\n<tr style=\"height: 16.50pt;\">\n<td class=\"et3\" style=\"height: 16.50pt;\" height=\"33\">Personalizado<\/td>\n<td class=\"et3\">Cor\/tamanho\/log\u00f3tipo\/embalagem<\/td>\n<\/tr>\n<\/tbody>\n<\/table>","protected":false},"featured_media":4903,"comment_status":"closed","ping_status":"closed","template":"","meta":{"_acf_changed":false},"product_brand":[],"product_cat":[93,62],"product_tag":[88],"class_list":{"0":"post-4902","1":"product","2":"type-product","3":"status-publish","4":"has-post-thumbnail","6":"product_cat-bulk-dinner-plates","7":"product_cat-ceramic-plates-wholesale","8":"product_tag-japanese-style-dinnerware-set-wholesale","10":"first","11":"instock","12":"shipping-taxable","13":"product-type-simple"},"acf":[],"_links":{"self":[{"href":"https:\/\/www.yongjianceramic.com\/pt\/wp-json\/wp\/v2\/product\/4902","targetHints":{"allow":["GET"]}}],"collection":[{"href":"https:\/\/www.yongjianceramic.com\/pt\/wp-json\/wp\/v2\/product"}],"about":[{"href":"https:\/\/www.yongjianceramic.com\/pt\/wp-json\/wp\/v2\/types\/product"}],"replies":[{"embeddable":true,"href":"https:\/\/www.yongjianceramic.com\/pt\/wp-json\/wp\/v2\/comments?post=4902"}],"wp:featuredmedia":[{"embeddable":true,"href":"https:\/\/www.yongjianceramic.com\/pt\/wp-json\/wp\/v2\/media\/4903"}],"wp:attachment":[{"href":"https:\/\/www.yongjianceramic.com\/pt\/wp-json\/wp\/v2\/media?parent=4902"}],"wp:term":[{"taxonomy":"product_brand","embeddable":true,"href":"https:\/\/www.yongjianceramic.com\/pt\/wp-json\/wp\/v2\/product_brand?post=4902"},{"taxonomy":"product_cat","embeddable":true,"href":"https:\/\/www.yongjianceramic.com\/pt\/wp-json\/wp\/v2\/product_cat?post=4902"},{"taxonomy":"product_tag","embeddable":true,"href":"https:\/\/www.yongjianceramic.com\/pt\/wp-json\/wp\/v2\/product_tag?post=4902"}],"curies":[{"name":"wp","href":"https:\/\/api.w.org\/{rel}","templated":true}]}}