{"id":4973,"date":"2025-07-24T11:33:49","date_gmt":"2025-07-24T03:33:49","guid":{"rendered":"https:\/\/www.yongjianceramic.com\/?post_type=product&#038;p=4973"},"modified":"2025-07-24T11:41:02","modified_gmt":"2025-07-24T03:41:02","slug":"kitchen-bakeware-wholesale","status":"publish","type":"product","link":"https:\/\/www.yongjianceramic.com\/pt\/produto\/kitchen-bakeware-wholesale\/","title":{"rendered":"Bakeware de cozinha moderna por atacado, ca\u00e7arolas de lou\u00e7a a granel"},"content":{"rendered":"<div class=\"wp-block-columns is-layout-flex wp-container-core-columns-is-layout-9d6595d7 wp-block-columns-is-layout-flex\">\n<div class=\"wp-block-column is-layout-flow wp-block-column-is-layout-flow\">\n<h2 class=\"wp-block-heading\">Premium Modern Kitchen Bakeware Wholesale Carater\u00edsticas:<\/h2>\n\n\n\n<ul class=\"wp-block-list\">\n<li><strong>Design redondo com duas pegas, f\u00e1cil de utilizar:<\/strong> Os utens\u00edlios de cozinha por atacado t\u00eam uma forma redonda, combinada com o design de duas pegas, o que os torna f\u00e1ceis de pegar e transportar, adequados para todos os tipos de tabuleiros, ca\u00e7arolas e pratos de arroz cozido, combinando beleza e praticidade.<\/li>\n\n\n\n<li><strong>Cer\u00e2mica de alta temperatura:<\/strong> Os utens\u00edlios de cozinha por atacado podem ser utilizados como ca\u00e7arola. Feito de material cer\u00e2mico de alta temperatura, tem boa resist\u00eancia ao calor e \u00e9 adequado para uma variedade de m\u00e9todos de aquecimento, como chamas abertas, fornos e fornos de micro-ondas para atender \u00e0s necessidades de cozinhar ca\u00e7arolas.<\/li>\n\n\n\n<li><strong>Esmalte verde, fresco e natural: <\/strong>As ca\u00e7arolas de lou\u00e7a a granel s\u00e3o verdes, com tons suaves e frescos, conferindo um ambiente natural e moderno \u00e0 mesa de jantar, adequado a uma variedade de estilos de restaurantes.<\/li>\n\n\n\n<li><strong>Utiliza\u00e7\u00e3o multifuncional, grande adaptabilidade: <\/strong>Estes tabuleiros personalizados n\u00e3o s\u00e3o apenas adequados para uso dom\u00e9stico, mas tamb\u00e9m para locais comerciais, como hot\u00e9is e restaurantes. Podem conter sopas, arroz cozido, pastelaria e outros pratos para melhorar a experi\u00eancia gastron\u00f3mica.<\/li>\n<\/ul>\n<\/div>\n\n\n\n<div class=\"wp-block-column is-layout-flow wp-block-column-is-layout-flow\">\n<figure class=\"wp-block-image size-full\"><img fetchpriority=\"high\" decoding=\"async\" width=\"640\" height=\"640\" src=\"https:\/\/www.yongjianceramic.com\/wp-content\/uploads\/2025\/07\/modern-china-dinnerware\uff0cwholesale-crockery\uff0ctable-chargers-in-bulk-1.webp\" alt=\"cozinha-moderna-cozinhas-forno-por-grosso-cozinharias-casseroles-em-volume-1\" class=\"wp-image-4974\" srcset=\"https:\/\/www.yongjianceramic.com\/wp-content\/uploads\/2025\/07\/modern-china-dinnerware\uff0cwholesale-crockery\uff0ctable-chargers-in-bulk-1.webp 640w, https:\/\/www.yongjianceramic.com\/wp-content\/uploads\/2025\/07\/modern-china-dinnerware\uff0cwholesale-crockery\uff0ctable-chargers-in-bulk-1-300x300.webp 300w, https:\/\/www.yongjianceramic.com\/wp-content\/uploads\/2025\/07\/modern-china-dinnerware\uff0cwholesale-crockery\uff0ctable-chargers-in-bulk-1-150x150.webp 150w, https:\/\/www.yongjianceramic.com\/wp-content\/uploads\/2025\/07\/modern-china-dinnerware\uff0cwholesale-crockery\uff0ctable-chargers-in-bulk-1-12x12.webp 12w, https:\/\/www.yongjianceramic.com\/wp-content\/uploads\/2025\/07\/modern-china-dinnerware\uff0cwholesale-crockery\uff0ctable-chargers-in-bulk-1-285x285.webp 285w, https:\/\/www.yongjianceramic.com\/wp-content\/uploads\/2025\/07\/modern-china-dinnerware\uff0cwholesale-crockery\uff0ctable-chargers-in-bulk-1-270x270.webp 270w, https:\/\/www.yongjianceramic.com\/wp-content\/uploads\/2025\/07\/modern-china-dinnerware\uff0cwholesale-crockery\uff0ctable-chargers-in-bulk-1-540x540.webp 540w\" sizes=\"(max-width: 640px) 100vw, 640px\" \/><\/figure>\n<\/div>\n<\/div>","protected":false},"excerpt":{"rendered":"<div class=\"lRu31\" dir=\"ltr\">Bem-vindo a comprar os nossos modernos utens\u00edlios de cozinha por atacado. Esta forma redonda verde com duas pegas tem a fun\u00e7\u00e3o de uma ca\u00e7arola. \u00c9 feita de cer\u00e2mica de alta temperatura. Tem uma forma simples e pr\u00e1tica e \u00e9 adequada para uma variedade de pratos, como arroz cozido e sopa. Tem um esquema de cores fresco e um desempenho pr\u00e1tico, tornando-a uma escolha ideal para mesas de jantar modernas e cozinhas comerciais.<\/p>\n<div id=\"ow17\">\u00a0<\/div>\n<\/div>\n<div class=\"UdTY9 WdefRb\" aria-hidden=\"true\" data-location=\"2\">\n<table style=\"border-collapse: collapse; width: 327.02pt;\" border=\"0\" width=\"654\" cellspacing=\"0\" cellpadding=\"0\">\n<tbody>\n<tr style=\"height: 16.50pt;\">\n<td class=\"et3\" style=\"height: 16.50pt; width: 127.20pt;\" width=\"254\" height=\"33\">Fabricante<\/td>\n<td class=\"et3\" style=\"width: 200.15pt;\" width=\"400\">Yongjian<\/td>\n<\/tr>\n<tr style=\"height: 16.50pt;\">\n<td class=\"et3\" style=\"height: 16.50pt;\" height=\"33\">Modelo n.<\/td>\n<td class=\"et4\" style=\"width: 200.15pt;\" width=\"400\">YJ-147<\/td>\n<\/tr>\n<tr style=\"height: 16.50pt;\">\n<td class=\"et3\" style=\"height: 16.50pt;\" height=\"33\">Tipo de produto<\/td>\n<td class=\"et3\">Prato de servir<\/td>\n<\/tr>\n<tr style=\"height: 16.50pt;\">\n<td class=\"et3\" style=\"height: 16.50pt;\" height=\"33\">Material<\/td>\n<td class=\"et3\">Gr\u00e9s<\/td>\n<\/tr>\n<tr style=\"height: 16.50pt;\">\n<td class=\"et5\" style=\"height: 16.50pt;\" height=\"33\">Cor<\/td>\n<td class=\"et3\">Como imagem<\/td>\n<\/tr>\n<tr style=\"height: 16.50pt;\">\n<td class=\"et3\" style=\"height: 16.50pt;\" height=\"33\">Dimens\u00e3o<\/td>\n<td class=\"et6\" style=\"width: 200.15pt;\" width=\"400\">Tamanho personalizado<\/td>\n<\/tr>\n<tr style=\"height: 16.50pt;\">\n<td class=\"et3\" style=\"height: 16.50pt;\" height=\"33\">MOQ<\/td>\n<td class=\"et3\">500 unidades<\/td>\n<\/tr>\n<tr style=\"height: 16.50pt;\">\n<td class=\"et3\" style=\"height: 16.50pt;\" height=\"33\">Personalizado<\/td>\n<td class=\"et3\">Cor\/tamanho\/log\u00f3tipo\/embalagem<\/td>\n<\/tr>\n<\/tbody>\n<\/table>\n<\/div>","protected":false},"featured_media":4975,"comment_status":"closed","ping_status":"closed","template":"","meta":{"_acf_changed":false},"product_brand":[],"product_cat":[62,99],"product_tag":[81],"class_list":{"0":"post-4973","1":"product","2":"type-product","3":"status-publish","4":"has-post-thumbnail","6":"product_cat-ceramic-plates-wholesale","7":"product_cat-baking-dishes-wholesale","8":"product_tag-modern-design-dinnerware-set-wholesale","10":"first","11":"instock","12":"shipping-taxable","13":"product-type-simple"},"acf":[],"_links":{"self":[{"href":"https:\/\/www.yongjianceramic.com\/pt\/wp-json\/wp\/v2\/product\/4973","targetHints":{"allow":["GET"]}}],"collection":[{"href":"https:\/\/www.yongjianceramic.com\/pt\/wp-json\/wp\/v2\/product"}],"about":[{"href":"https:\/\/www.yongjianceramic.com\/pt\/wp-json\/wp\/v2\/types\/product"}],"replies":[{"embeddable":true,"href":"https:\/\/www.yongjianceramic.com\/pt\/wp-json\/wp\/v2\/comments?post=4973"}],"wp:featuredmedia":[{"embeddable":true,"href":"https:\/\/www.yongjianceramic.com\/pt\/wp-json\/wp\/v2\/media\/4975"}],"wp:attachment":[{"href":"https:\/\/www.yongjianceramic.com\/pt\/wp-json\/wp\/v2\/media?parent=4973"}],"wp:term":[{"taxonomy":"product_brand","embeddable":true,"href":"https:\/\/www.yongjianceramic.com\/pt\/wp-json\/wp\/v2\/product_brand?post=4973"},{"taxonomy":"product_cat","embeddable":true,"href":"https:\/\/www.yongjianceramic.com\/pt\/wp-json\/wp\/v2\/product_cat?post=4973"},{"taxonomy":"product_tag","embeddable":true,"href":"https:\/\/www.yongjianceramic.com\/pt\/wp-json\/wp\/v2\/product_tag?post=4973"}],"curies":[{"name":"wp","href":"https:\/\/api.w.org\/{rel}","templated":true}]}}