{"id":4993,"date":"2025-08-07T17:03:26","date_gmt":"2025-08-07T09:03:26","guid":{"rendered":"https:\/\/www.yongjianceramic.com\/?post_type=product&#038;p=4993"},"modified":"2025-08-07T17:03:30","modified_gmt":"2025-08-07T09:03:30","slug":"customized-baking-dish","status":"publish","type":"product","link":"https:\/\/www.yongjianceramic.com\/pt\/produto\/customized-baking-dish\/","title":{"rendered":"Assadeira retangular personalizada, assadeira de cer\u00e2mica azul por atacado para uso dom\u00e9stico"},"content":{"rendered":"<div class=\"wp-block-columns is-layout-flex wp-container-core-columns-is-layout-9d6595d7 wp-block-columns-is-layout-flex\">\n<div class=\"wp-block-column is-layout-flow wp-block-column-is-layout-flow\">\n<h2 class=\"wp-block-heading\">Prato retangular personalizado Premium Carater\u00edsticas:<\/h2>\n\n\n\n<ul class=\"wp-block-list\">\n<li><strong>Forma retangular com duas pegas:<\/strong> A assadeira retangular personalizada com duas pegas \u00e9 f\u00e1cil de transportar e servir e pode ser aplicada num vasto leque de situa\u00e7\u00f5es culin\u00e1rias, incluindo arroz cozido, alimentos grelhados e sobremesas.<\/li>\n\n\n\n<li><strong>Esmalte reativo:<\/strong> O processo reativo produz um esmalte que flui bem e possui uma textura carater\u00edstica. A cer\u00e2mica azul para pastelaria por atacado tem um fasc\u00ednio art\u00edstico extraordin\u00e1rio que produz um ambiente de jantar elegante e inovador.<\/li>\n\n\n\n<li><strong>Design flex\u00edvel: <\/strong>A assadeira retangular personalizada \u00e9 aplic\u00e1vel para cozinhar muitos alimentos caseiros, como arroz cozido, frango assado, lasanha, gratinado de legumes e sobremesas, etc. \u00c9 c\u00f3moda e pr\u00e1tica para uma utiliza\u00e7\u00e3o repetida.<\/li>\n\n\n\n<li><strong>Especifica\u00e7\u00f5es e log\u00f3tipos personalizados:<\/strong> Estas assadeiras de cer\u00e2mica por atacado fornecem servi\u00e7os personalizados OEM \/ ODM, incluindo tamanho, cor, padr\u00e3o e logotipo, de acordo com requisitos personalizados e s\u00e3o aplic\u00e1veis a pedidos por atacado de clientes de marca.<\/li>\n<\/ul>\n<\/div>\n\n\n\n<div class=\"wp-block-column is-layout-flow wp-block-column-is-layout-flow\">\n<figure class=\"wp-block-image size-full\"><img fetchpriority=\"high\" decoding=\"async\" width=\"640\" height=\"640\" src=\"https:\/\/www.yongjianceramic.com\/wp-content\/uploads\/2025\/08\/custom-ceramic-dinner-plates\uff0ccrockery-wholesale\uff0cceramic-bowl-supplier-4.webp\" alt=\"retangular-customized-baking-dish-blue-ceramic-bakeware-wholesale-for-household-4\" class=\"wp-image-4997\" srcset=\"https:\/\/www.yongjianceramic.com\/wp-content\/uploads\/2025\/08\/custom-ceramic-dinner-plates\uff0ccrockery-wholesale\uff0cceramic-bowl-supplier-4.webp 640w, https:\/\/www.yongjianceramic.com\/wp-content\/uploads\/2025\/08\/custom-ceramic-dinner-plates\uff0ccrockery-wholesale\uff0cceramic-bowl-supplier-4-300x300.webp 300w, https:\/\/www.yongjianceramic.com\/wp-content\/uploads\/2025\/08\/custom-ceramic-dinner-plates\uff0ccrockery-wholesale\uff0cceramic-bowl-supplier-4-150x150.webp 150w, https:\/\/www.yongjianceramic.com\/wp-content\/uploads\/2025\/08\/custom-ceramic-dinner-plates\uff0ccrockery-wholesale\uff0cceramic-bowl-supplier-4-12x12.webp 12w, https:\/\/www.yongjianceramic.com\/wp-content\/uploads\/2025\/08\/custom-ceramic-dinner-plates\uff0ccrockery-wholesale\uff0cceramic-bowl-supplier-4-285x285.webp 285w, https:\/\/www.yongjianceramic.com\/wp-content\/uploads\/2025\/08\/custom-ceramic-dinner-plates\uff0ccrockery-wholesale\uff0cceramic-bowl-supplier-4-270x270.webp 270w, https:\/\/www.yongjianceramic.com\/wp-content\/uploads\/2025\/08\/custom-ceramic-dinner-plates\uff0ccrockery-wholesale\uff0cceramic-bowl-supplier-4-540x540.webp 540w\" sizes=\"(max-width: 640px) 100vw, 640px\" \/><\/figure>\n<\/div>\n<\/div>","protected":false},"excerpt":{"rendered":"<p>Bem-vindo a comprar a nossa assadeira personalizada. Esta assadeira retangular de cer\u00e2mica azul por atacado combina um design contempor\u00e2neo e moderno e uma utiliza\u00e7\u00e3o pr\u00e1tica para dar beleza e conveni\u00eancia \u00e0 cozedura dom\u00e9stica. Feita de argila de alta qualidade e cozida a alta temperatura, tem perfeita resist\u00eancia ao calor e pode ser aplicada em qualquer condi\u00e7\u00e3o de cozimento.<\/p>\n<table style=\"border-collapse: collapse; width: 327.02pt;\" border=\"0\" width=\"654\" cellspacing=\"0\" cellpadding=\"0\">\n<tbody>\n<tr style=\"height: 16.50pt;\">\n<td class=\"et3\" style=\"height: 16.50pt; width: 127.20pt;\" width=\"254\" height=\"33\">Fabricante<\/td>\n<td class=\"et3\" style=\"width: 200.15pt;\" width=\"400\">Yongjian<\/td>\n<\/tr>\n<tr style=\"height: 16.50pt;\">\n<td class=\"et3\" style=\"height: 16.50pt;\" height=\"33\">Modelo n.<\/td>\n<td class=\"et4\" style=\"width: 200.15pt;\" width=\"400\">YJ-148<\/td>\n<\/tr>\n<tr style=\"height: 16.50pt;\">\n<td class=\"et3\" style=\"height: 16.50pt;\" height=\"33\">Tipo de produto<\/td>\n<td class=\"et3\">Prato de servir<\/td>\n<\/tr>\n<tr style=\"height: 16.50pt;\">\n<td class=\"et3\" style=\"height: 16.50pt;\" height=\"33\">Material<\/td>\n<td class=\"et3\">Gr\u00e9s<\/td>\n<\/tr>\n<tr style=\"height: 16.50pt;\">\n<td class=\"et5\" style=\"height: 16.50pt;\" height=\"33\">Cor<\/td>\n<td class=\"et3\">Como imagem<\/td>\n<\/tr>\n<tr style=\"height: 16.50pt;\">\n<td class=\"et3\" style=\"height: 16.50pt;\" height=\"33\">Dimens\u00e3o<\/td>\n<td class=\"et6\" style=\"width: 200.15pt;\" width=\"400\">Tamanho personalizado<\/td>\n<\/tr>\n<tr style=\"height: 16.50pt;\">\n<td class=\"et3\" style=\"height: 16.50pt;\" height=\"33\">MOQ<\/td>\n<td class=\"et3\">500 unidades<\/td>\n<\/tr>\n<tr style=\"height: 16.50pt;\">\n<td class=\"et3\" style=\"height: 16.50pt;\" height=\"33\">Personalizado<\/td>\n<td class=\"et3\">Cor\/tamanho\/log\u00f3tipo\/embalagem<\/td>\n<\/tr>\n<\/tbody>\n<\/table>\n<p><script src=\"chrome-extension:\/\/fpelahbljekknahkcaegamhcndkfpfnc\/iFrame.js\" type=\"text\/javascript\"><\/script><\/p>","protected":false},"featured_media":4996,"comment_status":"closed","ping_status":"closed","template":"","meta":{"_acf_changed":false},"product_brand":[],"product_cat":[62,99],"product_tag":[81],"class_list":{"0":"post-4993","1":"product","2":"type-product","3":"status-publish","4":"has-post-thumbnail","6":"product_cat-ceramic-plates-wholesale","7":"product_cat-baking-dishes-wholesale","8":"product_tag-modern-design-dinnerware-set-wholesale","10":"first","11":"instock","12":"shipping-taxable","13":"product-type-simple"},"acf":[],"_links":{"self":[{"href":"https:\/\/www.yongjianceramic.com\/pt\/wp-json\/wp\/v2\/product\/4993","targetHints":{"allow":["GET"]}}],"collection":[{"href":"https:\/\/www.yongjianceramic.com\/pt\/wp-json\/wp\/v2\/product"}],"about":[{"href":"https:\/\/www.yongjianceramic.com\/pt\/wp-json\/wp\/v2\/types\/product"}],"replies":[{"embeddable":true,"href":"https:\/\/www.yongjianceramic.com\/pt\/wp-json\/wp\/v2\/comments?post=4993"}],"wp:featuredmedia":[{"embeddable":true,"href":"https:\/\/www.yongjianceramic.com\/pt\/wp-json\/wp\/v2\/media\/4996"}],"wp:attachment":[{"href":"https:\/\/www.yongjianceramic.com\/pt\/wp-json\/wp\/v2\/media?parent=4993"}],"wp:term":[{"taxonomy":"product_brand","embeddable":true,"href":"https:\/\/www.yongjianceramic.com\/pt\/wp-json\/wp\/v2\/product_brand?post=4993"},{"taxonomy":"product_cat","embeddable":true,"href":"https:\/\/www.yongjianceramic.com\/pt\/wp-json\/wp\/v2\/product_cat?post=4993"},{"taxonomy":"product_tag","embeddable":true,"href":"https:\/\/www.yongjianceramic.com\/pt\/wp-json\/wp\/v2\/product_tag?post=4993"}],"curies":[{"name":"wp","href":"https:\/\/api.w.org\/{rel}","templated":true}]}}