{"id":5000,"date":"2025-08-07T16:36:06","date_gmt":"2025-08-07T08:36:06","guid":{"rendered":"https:\/\/www.yongjianceramic.com\/?post_type=product&#038;p=5000"},"modified":"2025-08-07T16:36:10","modified_gmt":"2025-08-07T08:36:10","slug":"custom-baking-dish","status":"publish","type":"product","link":"https:\/\/www.yongjianceramic.com\/pt\/produto\/custom-baking-dish\/","title":{"rendered":"Assadeira quadrada de cer\u00e2mica moderna e personalizada, atacado"},"content":{"rendered":"<div class=\"wp-block-columns is-layout-flex wp-container-core-columns-is-layout-9d6595d7 wp-block-columns-is-layout-flex\">\n<div class=\"wp-block-column is-layout-flow wp-block-column-is-layout-flow\">\n<h2 class=\"wp-block-heading\">Prato de cozimento personalizado moderno Premium Carater\u00edsticas:<\/h2>\n\n\n\n<ul class=\"wp-block-list\">\n<li><strong>Design de pega dupla quadrada: <\/strong>A assadeira quadrada de cer\u00e2mica com duas pegas est\u00e1 equipada com a carater\u00edstica de ader\u00eancia e estabilidade, sendo assim idealmente mais apropriada para todos os tipos de pratos, como arroz cozido, legumes assados e sobremesas, e dando-lhe um aspeto brilhante e elegante.<\/li>\n\n\n\n<li><strong>Ornamenta\u00e7\u00e3o floral:<\/strong> Juntamente com a cor vermelha da assadeira personalizada e o encantador padr\u00e3o floral, ambos contribuem para tornar qualquer mesa acolhedora e bonita em casa, elevando-a ao estatuto de pe\u00e7a de arte.<\/li>\n\n\n\n<li><strong>Cer\u00e2mica de alta temperatura:<\/strong> A assadeira personalizada de cer\u00e2mica cozida a alta temperatura \u00e9 isenta de calor, resistente ao calor e isenta de toxinas, e pode ser utilizada no micro-ondas, proporcionando seguran\u00e7a alimentar.<\/li>\n\n\n\n<li><strong>Esmalte liso, f\u00e1cil de limpar: <\/strong>A assadeira quadrada de cer\u00e2mica por atacado tem um esmalte suave e pesado que repele manchas e \u00f3leo, f\u00e1cil de limpar e mant\u00e9m a limpeza permanente. Adequado para uso di\u00e1rio em casa e em restaurantes.<\/li>\n<\/ul>\n<\/div>\n\n\n\n<div class=\"wp-block-column is-layout-flow wp-block-column-is-layout-flow\">\n<figure class=\"wp-block-image size-full\"><img fetchpriority=\"high\" decoding=\"async\" width=\"640\" height=\"640\" src=\"https:\/\/www.yongjianceramic.com\/wp-content\/uploads\/2025\/08\/custom-tableware\uff0crestaurant-crockery-suppliers\uff0cceramic-plate-manufacturing-process-4.webp\" alt=\"assadeira moderna-personalizada-panela quadrada de cer\u00e2mica-wholesale-4\" class=\"wp-image-5004\" srcset=\"https:\/\/www.yongjianceramic.com\/wp-content\/uploads\/2025\/08\/custom-tableware\uff0crestaurant-crockery-suppliers\uff0cceramic-plate-manufacturing-process-4.webp 640w, https:\/\/www.yongjianceramic.com\/wp-content\/uploads\/2025\/08\/custom-tableware\uff0crestaurant-crockery-suppliers\uff0cceramic-plate-manufacturing-process-4-300x300.webp 300w, https:\/\/www.yongjianceramic.com\/wp-content\/uploads\/2025\/08\/custom-tableware\uff0crestaurant-crockery-suppliers\uff0cceramic-plate-manufacturing-process-4-150x150.webp 150w, https:\/\/www.yongjianceramic.com\/wp-content\/uploads\/2025\/08\/custom-tableware\uff0crestaurant-crockery-suppliers\uff0cceramic-plate-manufacturing-process-4-12x12.webp 12w, https:\/\/www.yongjianceramic.com\/wp-content\/uploads\/2025\/08\/custom-tableware\uff0crestaurant-crockery-suppliers\uff0cceramic-plate-manufacturing-process-4-285x285.webp 285w, https:\/\/www.yongjianceramic.com\/wp-content\/uploads\/2025\/08\/custom-tableware\uff0crestaurant-crockery-suppliers\uff0cceramic-plate-manufacturing-process-4-270x270.webp 270w, https:\/\/www.yongjianceramic.com\/wp-content\/uploads\/2025\/08\/custom-tableware\uff0crestaurant-crockery-suppliers\uff0cceramic-plate-manufacturing-process-4-540x540.webp 540w\" sizes=\"(max-width: 640px) 100vw, 640px\" \/><\/figure>\n<\/div>\n<\/div>","protected":false},"excerpt":{"rendered":"<p>Bem-vindo a comprar a nossa assadeira personalizada. Esta assadeira de cer\u00e2mica quadrada com padr\u00e3o floral vermelho de duas al\u00e7as \u00e9 elegante e funcional. Feito de cer\u00e2mica de alta temperatura, \u00e9 \u00e0 prova de calor e seguro, e pode ser usado para servir v\u00e1rios pratos e banquetes de restaurante com uma sensa\u00e7\u00e3o de calor e eleg\u00e2ncia \u00e0 sua mesa de jantar.<\/p>\n<table style=\"border-collapse: collapse; width: 327.02pt;\" border=\"0\" width=\"654\" cellspacing=\"0\" cellpadding=\"0\">\n<tbody>\n<tr style=\"height: 16.50pt;\">\n<td class=\"et3\" style=\"height: 16.50pt; width: 127.20pt;\" width=\"254\" height=\"33\">Fabricante<\/td>\n<td class=\"et3\" style=\"width: 200.15pt;\" width=\"400\">Yongjian<\/td>\n<\/tr>\n<tr style=\"height: 16.50pt;\">\n<td class=\"et3\" style=\"height: 16.50pt;\" height=\"33\">Modelo n.<\/td>\n<td class=\"et4\" style=\"width: 200.15pt;\" width=\"400\">YJ-149<\/td>\n<\/tr>\n<tr style=\"height: 16.50pt;\">\n<td class=\"et3\" style=\"height: 16.50pt;\" height=\"33\">Tipo de produto<\/td>\n<td class=\"et3\">Prato de servir<\/td>\n<\/tr>\n<tr style=\"height: 16.50pt;\">\n<td class=\"et3\" style=\"height: 16.50pt;\" height=\"33\">Material<\/td>\n<td class=\"et3\">Gr\u00e9s<\/td>\n<\/tr>\n<tr style=\"height: 16.50pt;\">\n<td class=\"et5\" style=\"height: 16.50pt;\" height=\"33\">Cor<\/td>\n<td class=\"et3\">Como imagem<\/td>\n<\/tr>\n<tr style=\"height: 16.50pt;\">\n<td class=\"et3\" style=\"height: 16.50pt;\" height=\"33\">Dimens\u00e3o<\/td>\n<td class=\"et6\" style=\"width: 200.15pt;\" width=\"400\">Tamanho personalizado<\/td>\n<\/tr>\n<tr style=\"height: 16.50pt;\">\n<td class=\"et3\" style=\"height: 16.50pt;\" height=\"33\">MOQ<\/td>\n<td class=\"et3\">500 unidades<\/td>\n<\/tr>\n<tr style=\"height: 16.50pt;\">\n<td class=\"et3\" style=\"height: 16.50pt;\" height=\"33\">Personalizado<\/td>\n<td class=\"et3\">Cor\/tamanho\/log\u00f3tipo\/embalagem<\/td>\n<\/tr>\n<\/tbody>\n<\/table>\n<p>\n<script src=\"chrome-extension:\/\/fpelahbljekknahkcaegamhcndkfpfnc\/iFrame.js\" type=\"text\/javascript\"><\/script><\/p>","protected":false},"featured_media":5003,"comment_status":"closed","ping_status":"closed","template":"","meta":{"_acf_changed":false},"product_brand":[],"product_cat":[62,99],"product_tag":[81],"class_list":{"0":"post-5000","1":"product","2":"type-product","3":"status-publish","4":"has-post-thumbnail","6":"product_cat-ceramic-plates-wholesale","7":"product_cat-baking-dishes-wholesale","8":"product_tag-modern-design-dinnerware-set-wholesale","10":"first","11":"instock","12":"shipping-taxable","13":"product-type-simple"},"acf":[],"_links":{"self":[{"href":"https:\/\/www.yongjianceramic.com\/pt\/wp-json\/wp\/v2\/product\/5000","targetHints":{"allow":["GET"]}}],"collection":[{"href":"https:\/\/www.yongjianceramic.com\/pt\/wp-json\/wp\/v2\/product"}],"about":[{"href":"https:\/\/www.yongjianceramic.com\/pt\/wp-json\/wp\/v2\/types\/product"}],"replies":[{"embeddable":true,"href":"https:\/\/www.yongjianceramic.com\/pt\/wp-json\/wp\/v2\/comments?post=5000"}],"wp:featuredmedia":[{"embeddable":true,"href":"https:\/\/www.yongjianceramic.com\/pt\/wp-json\/wp\/v2\/media\/5003"}],"wp:attachment":[{"href":"https:\/\/www.yongjianceramic.com\/pt\/wp-json\/wp\/v2\/media?parent=5000"}],"wp:term":[{"taxonomy":"product_brand","embeddable":true,"href":"https:\/\/www.yongjianceramic.com\/pt\/wp-json\/wp\/v2\/product_brand?post=5000"},{"taxonomy":"product_cat","embeddable":true,"href":"https:\/\/www.yongjianceramic.com\/pt\/wp-json\/wp\/v2\/product_cat?post=5000"},{"taxonomy":"product_tag","embeddable":true,"href":"https:\/\/www.yongjianceramic.com\/pt\/wp-json\/wp\/v2\/product_tag?post=5000"}],"curies":[{"name":"wp","href":"https:\/\/api.w.org\/{rel}","templated":true}]}}