{"id":5006,"date":"2025-08-08T09:34:26","date_gmt":"2025-08-08T01:34:26","guid":{"rendered":"https:\/\/www.yongjianceramic.com\/?post_type=product&#038;p=5006"},"modified":"2025-09-04T10:03:51","modified_gmt":"2025-09-04T02:03:51","slug":"wholesale-cake-baking-pans","status":"publish","type":"product","link":"https:\/\/www.yongjianceramic.com\/pt\/produto\/wholesale-cake-baking-pans\/","title":{"rendered":"Formas para bolos por atacado, tigelas de cer\u00e2mica pequenas por atacado para jantares de casamento"},"content":{"rendered":"<div class=\"wp-block-columns is-layout-flex wp-container-core-columns-is-layout-9d6595d7 wp-block-columns-is-layout-flex\">\n<div class=\"wp-block-column is-layout-flow wp-block-column-is-layout-flow\">\n<h2 class=\"wp-block-heading\">Formas para bolos por atacado Premium Carater\u00edsticas:<\/h2>\n\n\n\n<ul class=\"wp-block-list\">\n<li><strong>Design redondo simples: <\/strong>As formas para bolos por atacado com forma redonda cl\u00e1ssica e esmalte branco puro apresentam um aspeto simples e elegante que complementa qualquer cen\u00e1rio de mesa e celebra\u00e7\u00e3o, especialmente adequado para casamentos e banquetes.<\/li>\n\n\n\n<li><strong>Cer\u00e2mica de alta temperatura:<\/strong> As formas para bolos por atacado s\u00e3o cozidas a alta temperatura, oferecendo maior resist\u00eancia ao calor e s\u00e3o seguras no forno e no micro-ondas, ideais para cozer bolos, pudins, arroz cozido e muitos outros.<\/li>\n\n\n\n<li><strong>Tamanho econ\u00f3mico, solu\u00e7\u00f5es universais: <\/strong>A ta\u00e7a para assar a granel tem o tamanho perfeito para servir sobremesas, saladas, acompanhamentos ou condimentos, e satisfaz muitas necessidades diferentes nas refei\u00e7\u00f5es.<\/li>\n\n\n\n<li><strong>Seguro, saud\u00e1vel e f\u00e1cil de limpar: <\/strong>A ta\u00e7a de cozedura a granel n\u00e3o cont\u00e9m produtos qu\u00edmicos nocivos, o esmalte \u00e9 macio e espesso, resistente a manchas de gordura, f\u00e1cil de limpar e mant\u00e9m o seu estado impec\u00e1vel mesmo com uma utiliza\u00e7\u00e3o intensiva.<\/li>\n<\/ul>\n<\/div>\n\n\n\n<div class=\"wp-block-column is-layout-flow wp-block-column-is-layout-flow\">\n<figure class=\"wp-block-image size-full\"><img fetchpriority=\"high\" decoding=\"async\" width=\"640\" height=\"640\" src=\"https:\/\/www.yongjianceramic.com\/wp-content\/uploads\/2025\/08\/custom-crockerywedding-dinnerware-bulksmall-ceramic-bowls-wholesale-4.webp\" alt=\"panelas para bolos-pequenas tigelas-de-cer\u00e2mica-por-grosso-talheres-de-casamento-4\" class=\"wp-image-5010\" srcset=\"https:\/\/www.yongjianceramic.com\/wp-content\/uploads\/2025\/08\/custom-crockerywedding-dinnerware-bulksmall-ceramic-bowls-wholesale-4.webp 640w, https:\/\/www.yongjianceramic.com\/wp-content\/uploads\/2025\/08\/custom-crockerywedding-dinnerware-bulksmall-ceramic-bowls-wholesale-4-300x300.webp 300w, https:\/\/www.yongjianceramic.com\/wp-content\/uploads\/2025\/08\/custom-crockerywedding-dinnerware-bulksmall-ceramic-bowls-wholesale-4-150x150.webp 150w, https:\/\/www.yongjianceramic.com\/wp-content\/uploads\/2025\/08\/custom-crockerywedding-dinnerware-bulksmall-ceramic-bowls-wholesale-4-12x12.webp 12w, https:\/\/www.yongjianceramic.com\/wp-content\/uploads\/2025\/08\/custom-crockerywedding-dinnerware-bulksmall-ceramic-bowls-wholesale-4-285x285.webp 285w, https:\/\/www.yongjianceramic.com\/wp-content\/uploads\/2025\/08\/custom-crockerywedding-dinnerware-bulksmall-ceramic-bowls-wholesale-4-270x270.webp 270w, https:\/\/www.yongjianceramic.com\/wp-content\/uploads\/2025\/08\/custom-crockerywedding-dinnerware-bulksmall-ceramic-bowls-wholesale-4-540x540.webp 540w\" sizes=\"(max-width: 640px) 100vw, 640px\" \/><\/figure>\n<\/div>\n<\/div>","protected":false},"excerpt":{"rendered":"<p>Bem-vindo a comprar as nossas formas para bolos por atacado. Esta forma redonda de cer\u00e2mica branca apresenta um design simples e elegante e pode ser utilizada para muitos alimentos cozinhados, como bolos e pudins. O material cer\u00e2mico de alta temperatura \u00e9 resistente ao calor e seguro para uso, t\u00e3o vers\u00e1til e pr\u00e1tico que \u00e9 uma escolha perfeita para casamentos e refei\u00e7\u00f5es di\u00e1rias.<\/p>\n<table style=\"border-collapse: collapse; width: 327.02pt;\" border=\"0\" width=\"654\" cellspacing=\"0\" cellpadding=\"0\">\n<tbody>\n<tr style=\"height: 16.50pt;\">\n<td class=\"et3\" style=\"height: 16.50pt; width: 127.20pt;\" width=\"254\" height=\"33\">Fabricante<\/td>\n<td class=\"et3\" style=\"width: 200.15pt;\" width=\"400\">Yongjian<\/td>\n<\/tr>\n<tr style=\"height: 16.50pt;\">\n<td class=\"et3\" style=\"height: 16.50pt;\" height=\"33\">Modelo n.<\/td>\n<td class=\"et4\" style=\"width: 200.15pt;\" width=\"400\">YJ-150<\/td>\n<\/tr>\n<tr style=\"height: 16.50pt;\">\n<td class=\"et3\" style=\"height: 16.50pt;\" height=\"33\">Tipo de produto<\/td>\n<td class=\"et3\">Prato de servir<\/td>\n<\/tr>\n<tr style=\"height: 16.50pt;\">\n<td class=\"et3\" style=\"height: 16.50pt;\" height=\"33\">Material<\/td>\n<td class=\"et3\">Gr\u00e9s<\/td>\n<\/tr>\n<tr style=\"height: 16.50pt;\">\n<td class=\"et5\" style=\"height: 16.50pt;\" height=\"33\">Cor<\/td>\n<td class=\"et3\">Como imagem<\/td>\n<\/tr>\n<tr style=\"height: 16.50pt;\">\n<td class=\"et3\" style=\"height: 16.50pt;\" height=\"33\">Dimens\u00e3o<\/td>\n<td class=\"et6\" style=\"width: 200.15pt;\" width=\"400\">Tamanho personalizado<\/td>\n<\/tr>\n<tr style=\"height: 16.50pt;\">\n<td class=\"et3\" style=\"height: 16.50pt;\" height=\"33\">MOQ<\/td>\n<td class=\"et3\">500 unidades<\/td>\n<\/tr>\n<tr style=\"height: 16.50pt;\">\n<td class=\"et3\" style=\"height: 16.50pt;\" height=\"33\">Personalizado<\/td>\n<td class=\"et3\">Cor\/tamanho\/log\u00f3tipo\/embalagem<\/td>\n<\/tr>\n<\/tbody>\n<\/table>\n<p><script src=\"chrome-extension:\/\/fpelahbljekknahkcaegamhcndkfpfnc\/iFrame.js\" type=\"text\/javascript\"><\/script><\/p>\n<p>\n<script src=\"chrome-extension:\/\/fpelahbljekknahkcaegamhcndkfpfnc\/iFrame.js\" type=\"text\/javascript\"><\/script><\/p>","protected":false},"featured_media":5009,"comment_status":"closed","ping_status":"closed","template":"","meta":{"_acf_changed":false},"product_brand":[],"product_cat":[99],"product_tag":[81],"class_list":{"0":"post-5006","1":"product","2":"type-product","3":"status-publish","4":"has-post-thumbnail","6":"product_cat-baking-dishes-wholesale","7":"product_tag-modern-design-dinnerware-set-wholesale","9":"first","10":"instock","11":"shipping-taxable","12":"product-type-simple"},"acf":[],"_links":{"self":[{"href":"https:\/\/www.yongjianceramic.com\/pt\/wp-json\/wp\/v2\/product\/5006","targetHints":{"allow":["GET"]}}],"collection":[{"href":"https:\/\/www.yongjianceramic.com\/pt\/wp-json\/wp\/v2\/product"}],"about":[{"href":"https:\/\/www.yongjianceramic.com\/pt\/wp-json\/wp\/v2\/types\/product"}],"replies":[{"embeddable":true,"href":"https:\/\/www.yongjianceramic.com\/pt\/wp-json\/wp\/v2\/comments?post=5006"}],"wp:featuredmedia":[{"embeddable":true,"href":"https:\/\/www.yongjianceramic.com\/pt\/wp-json\/wp\/v2\/media\/5009"}],"wp:attachment":[{"href":"https:\/\/www.yongjianceramic.com\/pt\/wp-json\/wp\/v2\/media?parent=5006"}],"wp:term":[{"taxonomy":"product_brand","embeddable":true,"href":"https:\/\/www.yongjianceramic.com\/pt\/wp-json\/wp\/v2\/product_brand?post=5006"},{"taxonomy":"product_cat","embeddable":true,"href":"https:\/\/www.yongjianceramic.com\/pt\/wp-json\/wp\/v2\/product_cat?post=5006"},{"taxonomy":"product_tag","embeddable":true,"href":"https:\/\/www.yongjianceramic.com\/pt\/wp-json\/wp\/v2\/product_tag?post=5006"}],"curies":[{"name":"wp","href":"https:\/\/api.w.org\/{rel}","templated":true}]}}