{"id":5012,"date":"2025-08-07T17:53:51","date_gmt":"2025-08-07T09:53:51","guid":{"rendered":"https:\/\/www.yongjianceramic.com\/?post_type=product&#038;p=5012"},"modified":"2025-08-07T17:53:54","modified_gmt":"2025-08-07T09:53:54","slug":"custom-bakeware","status":"publish","type":"product","link":"https:\/\/www.yongjianceramic.com\/pt\/produto\/custom-bakeware\/","title":{"rendered":"Assadeira de al\u00e7a dupla personalizada, assadeira de cer\u00e2mica esmaltada por atacado"},"content":{"rendered":"<div class=\"wp-block-columns is-layout-flex wp-container-core-columns-is-layout-9d6595d7 wp-block-columns-is-layout-flex\">\n<div class=\"wp-block-column is-layout-flow wp-block-column-is-layout-flow\">\n<h2 class=\"wp-block-heading\">Carater\u00edsticas do tabuleiro personalizado Premium de pega dupla:<\/h2>\n\n\n\n<ul class=\"wp-block-list\">\n<li><strong>Design de pega dupla quadrada:<\/strong> O tabuleiro quadrado personalizado com pegas duplas torna-o f\u00e1cil de segurar. Os cantos arredondados n\u00e3o s\u00f3 facilitam o aquecimento homog\u00e9neo dos alimentos, como tamb\u00e9m o tornam f\u00e1cil de segurar e transportar, c\u00f3modo e seguro de utilizar.<\/li>\n\n\n\n<li><strong>Padr\u00e3o \u00e0s riscas, elegante e apelativo: <\/strong>A assadeira de cer\u00e2mica esmaltada com riscas laranja e brancas vibrantes d\u00e1 um toque jovem e moderno \u00e0 sua mesa.<\/li>\n\n\n\n<li><strong>Cer\u00e2mica de alta temperatura: <\/strong>O tabuleiro quadrado personalizado, fabricado com um processo de cozedura a alta temperatura, oferece uma excelente resist\u00eancia ao calor, pode ir ao forno e ao micro-ondas e resiste a fissuras mesmo ap\u00f3s uma utiliza\u00e7\u00e3o prolongada.<\/li>\n\n\n\n<li><strong>Servi\u00e7o personalizado:<\/strong> Estas assadeiras de cer\u00e2mica por atacado fornecem servi\u00e7os personalizados OEM \/ ODM, incluindo tamanho, cor, padr\u00e3o e logotipo, de acordo com requisitos personalizados e s\u00e3o aplic\u00e1veis a pedidos por atacado de clientes de marca.<\/li>\n<\/ul>\n<\/div>\n\n\n\n<div class=\"wp-block-column is-layout-flow wp-block-column-is-layout-flow\">\n<figure class=\"wp-block-image size-full\"><img fetchpriority=\"high\" decoding=\"async\" width=\"640\" height=\"640\" src=\"https:\/\/www.yongjianceramic.com\/wp-content\/uploads\/2025\/08\/bowl-factoryceramic-dinner-plates-bulkcustom-made-crockery-5.webp\" alt=\"assadeira de cer\u00e2mica com duas pegas, personalizada, com esmalte - atacado - 5\" class=\"wp-image-5017\" srcset=\"https:\/\/www.yongjianceramic.com\/wp-content\/uploads\/2025\/08\/bowl-factoryceramic-dinner-plates-bulkcustom-made-crockery-5.webp 640w, https:\/\/www.yongjianceramic.com\/wp-content\/uploads\/2025\/08\/bowl-factoryceramic-dinner-plates-bulkcustom-made-crockery-5-300x300.webp 300w, https:\/\/www.yongjianceramic.com\/wp-content\/uploads\/2025\/08\/bowl-factoryceramic-dinner-plates-bulkcustom-made-crockery-5-150x150.webp 150w, https:\/\/www.yongjianceramic.com\/wp-content\/uploads\/2025\/08\/bowl-factoryceramic-dinner-plates-bulkcustom-made-crockery-5-12x12.webp 12w, https:\/\/www.yongjianceramic.com\/wp-content\/uploads\/2025\/08\/bowl-factoryceramic-dinner-plates-bulkcustom-made-crockery-5-285x285.webp 285w, https:\/\/www.yongjianceramic.com\/wp-content\/uploads\/2025\/08\/bowl-factoryceramic-dinner-plates-bulkcustom-made-crockery-5-270x270.webp 270w, https:\/\/www.yongjianceramic.com\/wp-content\/uploads\/2025\/08\/bowl-factoryceramic-dinner-plates-bulkcustom-made-crockery-5-540x540.webp 540w\" sizes=\"(max-width: 640px) 100vw, 640px\" \/><\/figure>\n<\/div>\n<\/div>","protected":false},"excerpt":{"rendered":"<p>Bem-vindo ao comprar os nossos utens\u00edlios de pastelaria quadrados personalizados. Esta forma de cozer por atacado \u00e0s riscas laranja e brancas com duas pegas apresenta cores vibrantes e elegantes, perfeitas para uma variedade de pratos cozinhados e gratinados. Fabricada em cer\u00e2mica de alta temperatura, \u00e9 pr\u00e1tica e resistente ao calor, combinando beleza e funcionalidade, o que a torna num utens\u00edlio de mesa ideal para uso dom\u00e9stico e em restaurantes.<\/p>\n<table style=\"border-collapse: collapse; width: 327.02pt;\" border=\"0\" width=\"654\" cellspacing=\"0\" cellpadding=\"0\">\n<tbody>\n<tr style=\"height: 16.50pt;\">\n<td class=\"et3\" style=\"height: 16.50pt; width: 127.20pt;\" width=\"254\" height=\"33\">Fabricante<\/td>\n<td class=\"et3\" style=\"width: 200.15pt;\" width=\"400\">Yongjian<\/td>\n<\/tr>\n<tr style=\"height: 16.50pt;\">\n<td class=\"et3\" style=\"height: 16.50pt;\" height=\"33\">Modelo n.<\/td>\n<td class=\"et4\" style=\"width: 200.15pt;\" width=\"400\">YJ-151<\/td>\n<\/tr>\n<tr style=\"height: 16.50pt;\">\n<td class=\"et3\" style=\"height: 16.50pt;\" height=\"33\">Tipo de produto<\/td>\n<td class=\"et3\">Prato de servir<\/td>\n<\/tr>\n<tr style=\"height: 16.50pt;\">\n<td class=\"et3\" style=\"height: 16.50pt;\" height=\"33\">Material<\/td>\n<td class=\"et3\">Gr\u00e9s<\/td>\n<\/tr>\n<tr style=\"height: 16.50pt;\">\n<td class=\"et5\" style=\"height: 16.50pt;\" height=\"33\">Cor<\/td>\n<td class=\"et3\">Como imagem<\/td>\n<\/tr>\n<tr style=\"height: 16.50pt;\">\n<td class=\"et3\" style=\"height: 16.50pt;\" height=\"33\">Dimens\u00e3o<\/td>\n<td class=\"et6\" style=\"width: 200.15pt;\" width=\"400\">Tamanho personalizado<\/td>\n<\/tr>\n<tr style=\"height: 16.50pt;\">\n<td class=\"et3\" style=\"height: 16.50pt;\" height=\"33\">MOQ<\/td>\n<td class=\"et3\">500 unidades<\/td>\n<\/tr>\n<tr style=\"height: 16.50pt;\">\n<td class=\"et3\" style=\"height: 16.50pt;\" height=\"33\">Personalizado<\/td>\n<td class=\"et3\">Cor\/tamanho\/log\u00f3tipo\/embalagem<\/td>\n<\/tr>\n<\/tbody>\n<\/table>\n<p><script src=\"chrome-extension:\/\/fpelahbljekknahkcaegamhcndkfpfnc\/iFrame.js\" type=\"text\/javascript\"><\/script><\/p>","protected":false},"featured_media":5015,"comment_status":"closed","ping_status":"closed","template":"","meta":{"_acf_changed":false},"product_brand":[],"product_cat":[62,99],"product_tag":[81],"class_list":{"0":"post-5012","1":"product","2":"type-product","3":"status-publish","4":"has-post-thumbnail","6":"product_cat-ceramic-plates-wholesale","7":"product_cat-baking-dishes-wholesale","8":"product_tag-modern-design-dinnerware-set-wholesale","10":"first","11":"instock","12":"shipping-taxable","13":"product-type-simple"},"acf":[],"_links":{"self":[{"href":"https:\/\/www.yongjianceramic.com\/pt\/wp-json\/wp\/v2\/product\/5012","targetHints":{"allow":["GET"]}}],"collection":[{"href":"https:\/\/www.yongjianceramic.com\/pt\/wp-json\/wp\/v2\/product"}],"about":[{"href":"https:\/\/www.yongjianceramic.com\/pt\/wp-json\/wp\/v2\/types\/product"}],"replies":[{"embeddable":true,"href":"https:\/\/www.yongjianceramic.com\/pt\/wp-json\/wp\/v2\/comments?post=5012"}],"wp:featuredmedia":[{"embeddable":true,"href":"https:\/\/www.yongjianceramic.com\/pt\/wp-json\/wp\/v2\/media\/5015"}],"wp:attachment":[{"href":"https:\/\/www.yongjianceramic.com\/pt\/wp-json\/wp\/v2\/media?parent=5012"}],"wp:term":[{"taxonomy":"product_brand","embeddable":true,"href":"https:\/\/www.yongjianceramic.com\/pt\/wp-json\/wp\/v2\/product_brand?post=5012"},{"taxonomy":"product_cat","embeddable":true,"href":"https:\/\/www.yongjianceramic.com\/pt\/wp-json\/wp\/v2\/product_cat?post=5012"},{"taxonomy":"product_tag","embeddable":true,"href":"https:\/\/www.yongjianceramic.com\/pt\/wp-json\/wp\/v2\/product_tag?post=5012"}],"curies":[{"name":"wp","href":"https:\/\/api.w.org\/{rel}","templated":true}]}}