{"id":5030,"date":"2025-08-16T10:05:47","date_gmt":"2025-08-16T02:05:47","guid":{"rendered":"https:\/\/www.yongjianceramic.com\/?post_type=product&#038;p=5030"},"modified":"2025-09-04T10:03:28","modified_gmt":"2025-09-04T02:03:28","slug":"customized-round-baking-pan","status":"publish","type":"product","link":"https:\/\/www.yongjianceramic.com\/pt\/produto\/customized-round-baking-pan\/","title":{"rendered":"Assadeira redonda personalizada, Pratos de torta de cer\u00e2mica por atacado"},"content":{"rendered":"<div class=\"wp-block-columns is-layout-flex wp-container-core-columns-is-layout-9d6595d7 wp-block-columns-is-layout-flex\">\n<div class=\"wp-block-column is-layout-flow wp-block-column-is-layout-flow\">\n<h2 class=\"wp-block-heading\">Carater\u00edsticas da assadeira redonda personalizada Premium:<\/h2>\n\n\n\n<ul class=\"wp-block-list\">\n<li><strong>Forma redonda, tradicional e universal: <\/strong>Os pratos para tartes por atacado de formato redondo podem ser utilizados para diferentes cozinhas, como tartes, bolos e gratinados, e oferecem beleza culin\u00e1ria e de apresenta\u00e7\u00e3o.<\/li>\n\n\n\n<li><strong>Verde escuro com branco, sofisticado e topo de gama: <\/strong>A assadeira redonda personalizada verde-escura por fora e branca por dentro cont\u00e9m uma nova camada visual, que pode dar um ar de sofistica\u00e7\u00e3o \u00e0 mesa de jantar.<\/li>\n\n\n\n<li><strong>Design gravado, detalhes delicados:<\/strong> O interior intrincadamente gravado da forma redonda personalizada confere-lhe um aspeto artesanal e um charme artesanal.<\/li>\n\n\n\n<li><strong>Cer\u00e2mica de alta temperatura, resistente ao calor e segura:<\/strong> Os pratos para tartes a granel s\u00e3o fabricados em cer\u00e2mica de alta qualidade cozida a alta temperatura, apta para micro-ondas e forno, com resist\u00eancia ao calor e utiliza\u00e7\u00e3o duradoura.<\/li>\n<\/ul>\n<\/div>\n\n\n\n<div class=\"wp-block-column is-layout-flow wp-block-column-is-layout-flow\">\n<figure class=\"wp-block-image size-full\"><img fetchpriority=\"high\" decoding=\"async\" width=\"640\" height=\"640\" src=\"https:\/\/www.yongjianceramic.com\/wp-content\/uploads\/2025\/08\/custom-dinnerware-sets\uff0cceramic-plates-wholesale\uff0ctableware-set-manufacturer-1.webp\" alt=\"assadeiras redondas de cer\u00e2mica para tartes personalizadas - venda por grosso-1\" class=\"wp-image-5031\" srcset=\"https:\/\/www.yongjianceramic.com\/wp-content\/uploads\/2025\/08\/custom-dinnerware-sets\uff0cceramic-plates-wholesale\uff0ctableware-set-manufacturer-1.webp 640w, https:\/\/www.yongjianceramic.com\/wp-content\/uploads\/2025\/08\/custom-dinnerware-sets\uff0cceramic-plates-wholesale\uff0ctableware-set-manufacturer-1-300x300.webp 300w, https:\/\/www.yongjianceramic.com\/wp-content\/uploads\/2025\/08\/custom-dinnerware-sets\uff0cceramic-plates-wholesale\uff0ctableware-set-manufacturer-1-150x150.webp 150w, https:\/\/www.yongjianceramic.com\/wp-content\/uploads\/2025\/08\/custom-dinnerware-sets\uff0cceramic-plates-wholesale\uff0ctableware-set-manufacturer-1-12x12.webp 12w, https:\/\/www.yongjianceramic.com\/wp-content\/uploads\/2025\/08\/custom-dinnerware-sets\uff0cceramic-plates-wholesale\uff0ctableware-set-manufacturer-1-285x285.webp 285w, https:\/\/www.yongjianceramic.com\/wp-content\/uploads\/2025\/08\/custom-dinnerware-sets\uff0cceramic-plates-wholesale\uff0ctableware-set-manufacturer-1-270x270.webp 270w, https:\/\/www.yongjianceramic.com\/wp-content\/uploads\/2025\/08\/custom-dinnerware-sets\uff0cceramic-plates-wholesale\uff0ctableware-set-manufacturer-1-540x540.webp 540w\" sizes=\"(max-width: 640px) 100vw, 640px\" \/><\/figure>\n<\/div>\n<\/div>","protected":false},"excerpt":{"rendered":"<p>Bem-vindo a comprar a nossa forma redonda personalizada. Esta forma redonda gravada a verde e branco, com a sua forma elegante e detalhes finos, n\u00e3o \u00e9 apenas um utens\u00edlio de pastelaria, mas tamb\u00e9m uma decora\u00e7\u00e3o de mesa. Fabricado em cer\u00e2mica de alta temperatura, \u00e9 dur\u00e1vel e seguro, bom para uso em restaurantes e em casa.<\/p>\n<table style=\"border-collapse: collapse; width: 327.02pt;\" border=\"0\" width=\"654\" cellspacing=\"0\" cellpadding=\"0\">\n<tbody>\n<tr style=\"height: 16.50pt;\">\n<td class=\"et3\" style=\"height: 16.50pt; width: 127.20pt;\" width=\"254\" height=\"33\">Fabricante<\/td>\n<td class=\"et3\" style=\"width: 200.15pt;\" width=\"400\">Yongjian<\/td>\n<\/tr>\n<tr style=\"height: 16.50pt;\">\n<td class=\"et3\" style=\"height: 16.50pt;\" height=\"33\">Modelo n.<\/td>\n<td class=\"et4\" style=\"width: 200.15pt;\" width=\"400\">YJ-152<\/td>\n<\/tr>\n<tr style=\"height: 16.50pt;\">\n<td class=\"et3\" style=\"height: 16.50pt;\" height=\"33\">Tipo de produto<\/td>\n<td class=\"et3\">Prato de servir<\/td>\n<\/tr>\n<tr style=\"height: 16.50pt;\">\n<td class=\"et3\" style=\"height: 16.50pt;\" height=\"33\">Material<\/td>\n<td class=\"et3\">Gr\u00e9s<\/td>\n<\/tr>\n<tr style=\"height: 16.50pt;\">\n<td class=\"et5\" style=\"height: 16.50pt;\" height=\"33\">Cor<\/td>\n<td class=\"et3\">Como imagem<\/td>\n<\/tr>\n<tr style=\"height: 16.50pt;\">\n<td class=\"et3\" style=\"height: 16.50pt;\" height=\"33\">Dimens\u00e3o<\/td>\n<td class=\"et6\" style=\"width: 200.15pt;\" width=\"400\">Tamanho personalizado<\/td>\n<\/tr>\n<tr style=\"height: 16.50pt;\">\n<td class=\"et3\" style=\"height: 16.50pt;\" height=\"33\">MOQ<\/td>\n<td class=\"et3\">500 unidades<\/td>\n<\/tr>\n<tr style=\"height: 16.50pt;\">\n<td class=\"et3\" style=\"height: 16.50pt;\" height=\"33\">Personalizado<\/td>\n<td class=\"et3\">Cor\/tamanho\/log\u00f3tipo\/embalagem<\/td>\n<\/tr>\n<\/tbody>\n<\/table>\n<p>\n<script src=\"chrome-extension:\/\/fpelahbljekknahkcaegamhcndkfpfnc\/iFrame.js\" type=\"text\/javascript\"><\/script><\/p>","protected":false},"featured_media":5035,"comment_status":"closed","ping_status":"closed","template":"","meta":{"_acf_changed":false},"product_brand":[],"product_cat":[99],"product_tag":[88,81],"class_list":{"0":"post-5030","1":"product","2":"type-product","3":"status-publish","4":"has-post-thumbnail","6":"product_cat-baking-dishes-wholesale","7":"product_tag-japanese-style-dinnerware-set-wholesale","8":"product_tag-modern-design-dinnerware-set-wholesale","10":"first","11":"instock","12":"shipping-taxable","13":"product-type-simple"},"acf":[],"_links":{"self":[{"href":"https:\/\/www.yongjianceramic.com\/pt\/wp-json\/wp\/v2\/product\/5030","targetHints":{"allow":["GET"]}}],"collection":[{"href":"https:\/\/www.yongjianceramic.com\/pt\/wp-json\/wp\/v2\/product"}],"about":[{"href":"https:\/\/www.yongjianceramic.com\/pt\/wp-json\/wp\/v2\/types\/product"}],"replies":[{"embeddable":true,"href":"https:\/\/www.yongjianceramic.com\/pt\/wp-json\/wp\/v2\/comments?post=5030"}],"wp:featuredmedia":[{"embeddable":true,"href":"https:\/\/www.yongjianceramic.com\/pt\/wp-json\/wp\/v2\/media\/5035"}],"wp:attachment":[{"href":"https:\/\/www.yongjianceramic.com\/pt\/wp-json\/wp\/v2\/media?parent=5030"}],"wp:term":[{"taxonomy":"product_brand","embeddable":true,"href":"https:\/\/www.yongjianceramic.com\/pt\/wp-json\/wp\/v2\/product_brand?post=5030"},{"taxonomy":"product_cat","embeddable":true,"href":"https:\/\/www.yongjianceramic.com\/pt\/wp-json\/wp\/v2\/product_cat?post=5030"},{"taxonomy":"product_tag","embeddable":true,"href":"https:\/\/www.yongjianceramic.com\/pt\/wp-json\/wp\/v2\/product_tag?post=5030"}],"curies":[{"name":"wp","href":"https:\/\/api.w.org\/{rel}","templated":true}]}}