{"id":5043,"date":"2025-08-16T09:31:10","date_gmt":"2025-08-16T01:31:10","guid":{"rendered":"https:\/\/www.yongjianceramic.com\/?post_type=product&#038;p=5043"},"modified":"2025-09-04T10:03:04","modified_gmt":"2025-09-04T02:03:04","slug":"bulk-baking-pans","status":"publish","type":"product","link":"https:\/\/www.yongjianceramic.com\/pt\/produto\/bulk-baking-pans\/","title":{"rendered":"Panelas de cozimento a granel na China, lou\u00e7a de restaurante personalizada por atacado"},"content":{"rendered":"<div class=\"wp-block-columns is-layout-flex wp-container-core-columns-is-layout-9d6595d7 wp-block-columns-is-layout-flex\">\n<div class=\"wp-block-column is-layout-flow wp-block-column-is-layout-flow\">\n<h2 class=\"wp-block-heading\">Formas de cozimento a granel Premium China Carater\u00edsticas:<\/h2>\n\n\n\n<ul class=\"wp-block-list\">\n<li><strong>Conjunto grande, m\u00e9dio e pequeno para satisfazer as diversas necessidades culin\u00e1rias: <\/strong>As formas a granel t\u00eam tamanhos dispon\u00edveis para cozinhar de forma vers\u00e1til, incluindo churrasco, arroz cozido e sobremesas.<\/li>\n\n\n\n<li><strong>Interior em esmalte preto, resistente \u00e0s manchas e f\u00e1cil de limpar: <\/strong>O esmalte preto liso dos tabuleiros a granel reduz eficazmente os res\u00edduos alimentares, \u00e9 f\u00e1cil de limpar e resiste \u00e0s manchas.<\/li>\n\n\n\n<li><strong>Exterior esmaltado reativo, textura art\u00edstica \u00fanica:<\/strong> A cor reactiva de cada pe\u00e7a de pastelaria por atacado flui naturalmente, com uma textura \u00fanica que mostra o trabalho meticuloso do artes\u00e3o.<\/li>\n\n\n\n<li><strong>Cer\u00e2mica resistente ao calor, segura e saud\u00e1vel: <\/strong>A queima a alta temperatura da lou\u00e7a personalizada para restaurante torna-a adequada para utiliza\u00e7\u00e3o no forno e no micro-ondas, garantindo seguran\u00e7a, prote\u00e7\u00e3o e durabilidade.<\/li>\n<\/ul>\n<\/div>\n\n\n\n<div class=\"wp-block-column is-layout-flow wp-block-column-is-layout-flow\">\n<figure class=\"wp-block-image size-full\"><img fetchpriority=\"high\" decoding=\"async\" width=\"1600\" height=\"1600\" src=\"https:\/\/www.yongjianceramic.com\/wp-content\/uploads\/2025\/08\/wholesale-tableware-setcustomized-dinner-plates-restaurant-dinnerware-wholesale-3.webp\" alt=\"panelas de cozimento a granel personalizadas para restaurantes - atacado - 3\" class=\"wp-image-5046\" srcset=\"https:\/\/www.yongjianceramic.com\/wp-content\/uploads\/2025\/08\/wholesale-tableware-setcustomized-dinner-plates-restaurant-dinnerware-wholesale-3.webp 1600w, https:\/\/www.yongjianceramic.com\/wp-content\/uploads\/2025\/08\/wholesale-tableware-setcustomized-dinner-plates-restaurant-dinnerware-wholesale-3-300x300.webp 300w, https:\/\/www.yongjianceramic.com\/wp-content\/uploads\/2025\/08\/wholesale-tableware-setcustomized-dinner-plates-restaurant-dinnerware-wholesale-3-150x150.webp 150w, https:\/\/www.yongjianceramic.com\/wp-content\/uploads\/2025\/08\/wholesale-tableware-setcustomized-dinner-plates-restaurant-dinnerware-wholesale-3-768x768.webp 768w, https:\/\/www.yongjianceramic.com\/wp-content\/uploads\/2025\/08\/wholesale-tableware-setcustomized-dinner-plates-restaurant-dinnerware-wholesale-3-12x12.webp 12w, https:\/\/www.yongjianceramic.com\/wp-content\/uploads\/2025\/08\/wholesale-tableware-setcustomized-dinner-plates-restaurant-dinnerware-wholesale-3-285x285.webp 285w, https:\/\/www.yongjianceramic.com\/wp-content\/uploads\/2025\/08\/wholesale-tableware-setcustomized-dinner-plates-restaurant-dinnerware-wholesale-3-270x270.webp 270w, https:\/\/www.yongjianceramic.com\/wp-content\/uploads\/2025\/08\/wholesale-tableware-setcustomized-dinner-plates-restaurant-dinnerware-wholesale-3-540x540.webp 540w, https:\/\/www.yongjianceramic.com\/wp-content\/uploads\/2025\/08\/wholesale-tableware-setcustomized-dinner-plates-restaurant-dinnerware-wholesale-3-660x660.webp 660w\" sizes=\"(max-width: 1600px) 100vw, 1600px\" \/><\/figure>\n<\/div>\n<\/div>","protected":false},"excerpt":{"rendered":"<div class=\"highlights-border-container\" data-v-8a832c06=\"\"><span class=\"highlights\" data-v-8a832c06=\"\">Bem-vindo ao comprar as nossas formas para cozer a granel. Este conjunto de panelas grandes, m\u00e9dias e pequenas, com um interior em esmalte preto e um exterior em esmalte reativo, \u00e9 pr\u00e1tico e esteticamente agrad\u00e1vel. \u00c9 resistente ao calor e dur\u00e1vel, tornando-a adequada para cozer e servir pratos tanto em casa como em restaurantes.<\/span><\/div>\n<div class=\"text-stats\" data-v-8a832c06=\"\">\u00a0<\/div>\n<table style=\"border-collapse: collapse; width: 327.02pt;\" border=\"0\" width=\"654\" cellspacing=\"0\" cellpadding=\"0\">\n<tbody>\n<tr style=\"height: 16.50pt;\">\n<td class=\"et3\" style=\"height: 16.50pt; width: 127.20pt;\" width=\"254\" height=\"33\">Fabricante<\/td>\n<td class=\"et3\" style=\"width: 200.15pt;\" width=\"400\">Yongjian<\/td>\n<\/tr>\n<tr style=\"height: 16.50pt;\">\n<td class=\"et3\" style=\"height: 16.50pt;\" height=\"33\">Modelo n.<\/td>\n<td class=\"et4\" style=\"width: 200.15pt;\" width=\"400\">YJ-154<\/td>\n<\/tr>\n<tr style=\"height: 16.50pt;\">\n<td class=\"et5\" style=\"height: 16.50pt; width: 127.20pt;\" width=\"254\" height=\"33\">Tipo de lou\u00e7a<\/td>\n<td class=\"et5\" style=\"width: 200.15pt;\" width=\"400\">Conjunto de pastelaria<\/td>\n<\/tr>\n<tr style=\"height: 16.50pt;\">\n<td class=\"et3\" style=\"height: 16.50pt;\" height=\"33\">T\u00e9cnica<\/td>\n<td class=\"et3\">Colors Glaze+Reactive Glaze<\/td>\n<\/tr>\n<tr style=\"height: 16.50pt;\">\n<td class=\"et3\" style=\"height: 16.50pt;\" height=\"33\">Material<\/td>\n<td class=\"et3\">Gr\u00e9s<\/td>\n<\/tr>\n<tr style=\"height: 33.00pt;\">\n<td class=\"et6\" style=\"height: 33.00pt;\" height=\"66\">Aplic\u00e1vel<\/td>\n<td class=\"et5\" style=\"width: 200.15pt;\" width=\"400\">Esterilizador, M\u00e1quina de lavar loi\u00e7a, Forno, Micro-ondas<\/td>\n<\/tr>\n<tr style=\"height: 16.50pt;\">\n<td class=\"et3\" style=\"height: 16.50pt;\" height=\"33\">Dimens\u00e3o<\/td>\n<td class=\"et3\">Como imagem<\/td>\n<\/tr>\n<tr style=\"height: 16.50pt;\">\n<td class=\"et3\" style=\"height: 16.50pt;\" height=\"33\">MOQ<\/td>\n<td class=\"et3\">500 unidades<\/td>\n<\/tr>\n<tr style=\"height: 16.50pt;\">\n<td class=\"et3\" style=\"height: 16.50pt;\" height=\"33\">Personalizado<\/td>\n<td class=\"et3\">Cor\/tamanho\/log\u00f3tipo\/embalagem<\/td>\n<\/tr>\n<\/tbody>\n<\/table>\n<p>\n<script src=\"chrome-extension:\/\/fpelahbljekknahkcaegamhcndkfpfnc\/iFrame.js\" type=\"text\/javascript\"><\/script><\/p>","protected":false},"featured_media":5048,"comment_status":"closed","ping_status":"closed","template":"","meta":{"_acf_changed":false},"product_brand":[],"product_cat":[99],"product_tag":[81],"class_list":{"0":"post-5043","1":"product","2":"type-product","3":"status-publish","4":"has-post-thumbnail","6":"product_cat-baking-dishes-wholesale","7":"product_tag-modern-design-dinnerware-set-wholesale","9":"first","10":"instock","11":"shipping-taxable","12":"product-type-simple"},"acf":[],"_links":{"self":[{"href":"https:\/\/www.yongjianceramic.com\/pt\/wp-json\/wp\/v2\/product\/5043","targetHints":{"allow":["GET"]}}],"collection":[{"href":"https:\/\/www.yongjianceramic.com\/pt\/wp-json\/wp\/v2\/product"}],"about":[{"href":"https:\/\/www.yongjianceramic.com\/pt\/wp-json\/wp\/v2\/types\/product"}],"replies":[{"embeddable":true,"href":"https:\/\/www.yongjianceramic.com\/pt\/wp-json\/wp\/v2\/comments?post=5043"}],"wp:featuredmedia":[{"embeddable":true,"href":"https:\/\/www.yongjianceramic.com\/pt\/wp-json\/wp\/v2\/media\/5048"}],"wp:attachment":[{"href":"https:\/\/www.yongjianceramic.com\/pt\/wp-json\/wp\/v2\/media?parent=5043"}],"wp:term":[{"taxonomy":"product_brand","embeddable":true,"href":"https:\/\/www.yongjianceramic.com\/pt\/wp-json\/wp\/v2\/product_brand?post=5043"},{"taxonomy":"product_cat","embeddable":true,"href":"https:\/\/www.yongjianceramic.com\/pt\/wp-json\/wp\/v2\/product_cat?post=5043"},{"taxonomy":"product_tag","embeddable":true,"href":"https:\/\/www.yongjianceramic.com\/pt\/wp-json\/wp\/v2\/product_tag?post=5043"}],"curies":[{"name":"wp","href":"https:\/\/api.w.org\/{rel}","templated":true}]}}