{"id":5051,"date":"2025-08-15T22:34:24","date_gmt":"2025-08-15T14:34:24","guid":{"rendered":"https:\/\/www.yongjianceramic.com\/?post_type=product&#038;p=5051"},"modified":"2025-09-04T10:03:37","modified_gmt":"2025-09-04T02:03:37","slug":"custom-size-baking-pans","status":"publish","type":"product","link":"https:\/\/www.yongjianceramic.com\/pt\/produto\/custom-size-baking-pans\/","title":{"rendered":"Assadeiras de tamanho personalizado, assadeiras com al\u00e7a por atacado"},"content":{"rendered":"<div class=\"wp-block-columns is-layout-flex wp-container-core-columns-is-layout-9d6595d7 wp-block-columns-is-layout-flex\">\n<div class=\"wp-block-column is-layout-flow wp-block-column-is-layout-flow\">\n<h2 class=\"wp-block-heading\">Formas de tamanho personalizado Premium Carater\u00edsticas:<\/h2>\n\n\n\n<ul class=\"wp-block-list\">\n<li><strong>Design grande alargado (14 polegadas): <\/strong>Os tabuleiros de tamanho personalizado t\u00eam uma capacidade ampla, perfeita para grelhar peixe, carne ou pratos grandes em reuni\u00f5es familiares, tornando mais elegante servir um prato.<\/li>\n\n\n\n<li><strong>Pegas duplas para uma remo\u00e7\u00e3o f\u00e1cil:<\/strong> O design de duas pegas das formas de tamanho personalizado facilita a remo\u00e7\u00e3o e \u00e9 \u00e0 prova de calor, permitindo-lhe retirar e servir facilmente os seus alimentos do forno.<\/li>\n\n\n\n<li><strong>V\u00e1rias cores para se adaptar a diferentes estilos de mesa:<\/strong> Este utens\u00edlio de pastelaria por atacado est\u00e1 dispon\u00edvel em 4 cores, desde tons quentes a tons frescos, perfeitos para uma variedade de estilos de restaurantes e casas.<\/li>\n\n\n\n<li><strong>Cer\u00e2mica resistente ao calor, saud\u00e1vel e amiga do ambiente:<\/strong> Esta cozedura a alta temperatura por atacado, adequada para fornos e micro-ondas, segura e isenta de subst\u00e2ncias nocivas, dur\u00e1vel e f\u00e1cil de limpar.<\/li>\n<\/ul>\n<\/div>\n\n\n\n<div class=\"wp-block-column is-layout-flow wp-block-column-is-layout-flow\">\n<figure class=\"wp-block-image size-full\"><img fetchpriority=\"high\" decoding=\"async\" width=\"1600\" height=\"1600\" src=\"https:\/\/www.yongjianceramic.com\/wp-content\/uploads\/2025\/08\/custom-dinnerware-manufacturerwholesale-and-custom-ceramic-platesbulk-dinnerwareceramic-crockery-2.webp\" alt=\"assadeiras de tamanho personalizado - panelas de venda por grosso - com pega-2\" class=\"wp-image-5053\" srcset=\"https:\/\/www.yongjianceramic.com\/wp-content\/uploads\/2025\/08\/custom-dinnerware-manufacturerwholesale-and-custom-ceramic-platesbulk-dinnerwareceramic-crockery-2.webp 1600w, https:\/\/www.yongjianceramic.com\/wp-content\/uploads\/2025\/08\/custom-dinnerware-manufacturerwholesale-and-custom-ceramic-platesbulk-dinnerwareceramic-crockery-2-300x300.webp 300w, https:\/\/www.yongjianceramic.com\/wp-content\/uploads\/2025\/08\/custom-dinnerware-manufacturerwholesale-and-custom-ceramic-platesbulk-dinnerwareceramic-crockery-2-150x150.webp 150w, https:\/\/www.yongjianceramic.com\/wp-content\/uploads\/2025\/08\/custom-dinnerware-manufacturerwholesale-and-custom-ceramic-platesbulk-dinnerwareceramic-crockery-2-768x768.webp 768w, https:\/\/www.yongjianceramic.com\/wp-content\/uploads\/2025\/08\/custom-dinnerware-manufacturerwholesale-and-custom-ceramic-platesbulk-dinnerwareceramic-crockery-2-12x12.webp 12w, https:\/\/www.yongjianceramic.com\/wp-content\/uploads\/2025\/08\/custom-dinnerware-manufacturerwholesale-and-custom-ceramic-platesbulk-dinnerwareceramic-crockery-2-285x285.webp 285w, https:\/\/www.yongjianceramic.com\/wp-content\/uploads\/2025\/08\/custom-dinnerware-manufacturerwholesale-and-custom-ceramic-platesbulk-dinnerwareceramic-crockery-2-270x270.webp 270w, https:\/\/www.yongjianceramic.com\/wp-content\/uploads\/2025\/08\/custom-dinnerware-manufacturerwholesale-and-custom-ceramic-platesbulk-dinnerwareceramic-crockery-2-540x540.webp 540w, https:\/\/www.yongjianceramic.com\/wp-content\/uploads\/2025\/08\/custom-dinnerware-manufacturerwholesale-and-custom-ceramic-platesbulk-dinnerwareceramic-crockery-2-660x660.webp 660w\" sizes=\"(max-width: 1600px) 100vw, 1600px\" \/><\/figure>\n<\/div>\n<\/div>\n\n\n\n<p><\/p>","protected":false},"excerpt":{"rendered":"<p>Bem-vindo ao comprar as nossas formas de tamanho personalizado. Uma grande assadeira de 14 polegadas com duas pegas, dispon\u00edvel em quatro cores, possui uma grande capacidade e seguran\u00e7a resistente ao calor, tornando-a ideal para reuni\u00f5es familiares e grandes por\u00e7\u00f5es em restaurantes.<\/p>\n<table style=\"border-collapse: collapse; width: 327.02pt;\" border=\"0\" width=\"654\" cellspacing=\"0\" cellpadding=\"0\">\n<tbody>\n<tr style=\"height: 16.50pt;\">\n<td class=\"et3\" style=\"height: 16.50pt; width: 127.20pt;\" width=\"254\" height=\"33\">Fabricante<\/td>\n<td class=\"et3\" style=\"width: 200.15pt;\" width=\"400\">Yongjian<\/td>\n<\/tr>\n<tr style=\"height: 16.50pt;\">\n<td class=\"et3\" style=\"height: 16.50pt;\" height=\"33\">Modelo n.<\/td>\n<td class=\"et4\" style=\"width: 200.15pt;\" width=\"400\">YJ-155<\/td>\n<\/tr>\n<tr style=\"height: 16.50pt;\">\n<td class=\"et3\" style=\"height: 16.50pt;\" height=\"33\">Tipo de produto<\/td>\n<td class=\"et3\">Prato de servir<\/td>\n<\/tr>\n<tr style=\"height: 16.50pt;\">\n<td class=\"et3\" style=\"height: 16.50pt;\" height=\"33\">Material<\/td>\n<td class=\"et3\">Gr\u00e9s<\/td>\n<\/tr>\n<tr style=\"height: 16.50pt;\">\n<td class=\"et5\" style=\"height: 16.50pt;\" height=\"33\">Cor<\/td>\n<td class=\"et3\">Como imagem<\/td>\n<\/tr>\n<tr style=\"height: 16.50pt;\">\n<td class=\"et3\" style=\"height: 16.50pt;\" height=\"33\">Dimens\u00e3o<\/td>\n<td class=\"et6\" style=\"width: 200.15pt;\" width=\"400\">Tamanho personalizado<\/td>\n<\/tr>\n<tr style=\"height: 16.50pt;\">\n<td class=\"et3\" style=\"height: 16.50pt;\" height=\"33\">MOQ<\/td>\n<td class=\"et3\">500 unidades<\/td>\n<\/tr>\n<tr style=\"height: 16.50pt;\">\n<td class=\"et3\" style=\"height: 16.50pt;\" height=\"33\">Personalizado<\/td>\n<td class=\"et3\">Cor\/tamanho\/log\u00f3tipo\/embalagem<\/td>\n<\/tr>\n<\/tbody>\n<\/table>\n<p><script src=\"chrome-extension:\/\/fpelahbljekknahkcaegamhcndkfpfnc\/iFrame.js\" type=\"text\/javascript\"><\/script><\/p>","protected":false},"featured_media":5052,"comment_status":"closed","ping_status":"closed","template":"","meta":{"_acf_changed":false},"product_brand":[],"product_cat":[99],"product_tag":[81],"class_list":{"0":"post-5051","1":"product","2":"type-product","3":"status-publish","4":"has-post-thumbnail","6":"product_cat-baking-dishes-wholesale","7":"product_tag-modern-design-dinnerware-set-wholesale","9":"first","10":"instock","11":"shipping-taxable","12":"product-type-simple"},"acf":[],"_links":{"self":[{"href":"https:\/\/www.yongjianceramic.com\/pt\/wp-json\/wp\/v2\/product\/5051","targetHints":{"allow":["GET"]}}],"collection":[{"href":"https:\/\/www.yongjianceramic.com\/pt\/wp-json\/wp\/v2\/product"}],"about":[{"href":"https:\/\/www.yongjianceramic.com\/pt\/wp-json\/wp\/v2\/types\/product"}],"replies":[{"embeddable":true,"href":"https:\/\/www.yongjianceramic.com\/pt\/wp-json\/wp\/v2\/comments?post=5051"}],"wp:featuredmedia":[{"embeddable":true,"href":"https:\/\/www.yongjianceramic.com\/pt\/wp-json\/wp\/v2\/media\/5052"}],"wp:attachment":[{"href":"https:\/\/www.yongjianceramic.com\/pt\/wp-json\/wp\/v2\/media?parent=5051"}],"wp:term":[{"taxonomy":"product_brand","embeddable":true,"href":"https:\/\/www.yongjianceramic.com\/pt\/wp-json\/wp\/v2\/product_brand?post=5051"},{"taxonomy":"product_cat","embeddable":true,"href":"https:\/\/www.yongjianceramic.com\/pt\/wp-json\/wp\/v2\/product_cat?post=5051"},{"taxonomy":"product_tag","embeddable":true,"href":"https:\/\/www.yongjianceramic.com\/pt\/wp-json\/wp\/v2\/product_tag?post=5051"}],"curies":[{"name":"wp","href":"https:\/\/api.w.org\/{rel}","templated":true}]}}