{"id":5073,"date":"2025-08-29T11:28:01","date_gmt":"2025-08-29T03:28:01","guid":{"rendered":"https:\/\/www.yongjianceramic.com\/?post_type=product&#038;p=5073"},"modified":"2025-09-01T09:12:05","modified_gmt":"2025-09-01T01:12:05","slug":"bulk-bakeware-set","status":"publish","type":"product","link":"https:\/\/www.yongjianceramic.com\/pt\/produto\/bulk-bakeware-set\/","title":{"rendered":"Conjunto de utens\u00edlios para pastelaria brancos a granel, pratos de jantar de porcelana para pastelaria Fornecedor grossista"},"content":{"rendered":"<div class=\"wp-block-columns is-layout-flex wp-container-core-columns-is-layout-9d6595d7 wp-block-columns-is-layout-flex\">\n<div class=\"wp-block-column is-layout-flow wp-block-column-is-layout-flow\">\n<h2 class=\"wp-block-heading\">Conjunto de utens\u00edlios de pastelaria Premium branco a granel Carater\u00edsticas:<\/h2>\n\n\n\n<ul class=\"wp-block-list\">\n<li><strong>Design pr\u00e1tico e c\u00f3modo com duas pegas:<\/strong> As pegas refor\u00e7adas do conjunto de pastelaria a granel em ambos os lados dos pratos de pastelaria facilitam a remo\u00e7\u00e3o e o servi\u00e7o, tornando-o seguro e f\u00e1cil, perfeito para utiliza\u00e7\u00e3o frequente em casa e no restaurante.<\/li>\n\n\n\n<li><strong>Porcelana resistente a altas temperaturas:<\/strong> Os pratos para assar por atacado s\u00e3o amigos do ambiente e simples de limpar, sendo constru\u00eddos em porcelana de alta temperatura, s\u00e3o altamente resistentes ao calor e podem ser aquecidos no micro-ondas e no forno.<\/li>\n\n\n\n<li><strong>Mistura vers\u00e1til:<\/strong> O conjunto de panelas a granel inclui panelas com tamanhos variados para cozer, grelhar, fazer massa, sobremesas e cozinhar em casa.<\/li>\n\n\n\n<li><strong>Branco f\u00e1cil, aspeto elegante: <\/strong>O design branco e o esquema de cores elegantes dos pratos de cozinha por grosso complementam qualquer arranjo de mesa. N\u00e3o cont\u00e9m chumbo e n\u00e3o \u00e9 t\u00f3xico, pode ser utilizado no micro-ondas, no forno, na m\u00e1quina de lavar lou\u00e7a e no congelador, o que o torna perfeito para utiliza\u00e7\u00e3o em casa, no restaurante e no hotel.<\/li>\n<\/ul>\n<\/div>\n\n\n\n<div class=\"wp-block-column is-layout-flow wp-block-column-is-layout-flow\">\n<figure class=\"wp-block-image size-full\"><img fetchpriority=\"high\" decoding=\"async\" width=\"2400\" height=\"2400\" src=\"https:\/\/www.yongjianceramic.com\/wp-content\/uploads\/2025\/08\/bulk-dinnerware-sets\uff0cceramic-dinnerware-manufacturing-process\uff0cwhite-porcelain-dinner-plates-bulk-5.webp\" alt=\"conjunto de panelas brancas-porcelana-pratos-de-cozinhar-porcelana-fornecedor-grossista-5\" class=\"wp-image-5078\" srcset=\"https:\/\/www.yongjianceramic.com\/wp-content\/uploads\/2025\/08\/bulk-dinnerware-sets\uff0cceramic-dinnerware-manufacturing-process\uff0cwhite-porcelain-dinner-plates-bulk-5.webp 2400w, https:\/\/www.yongjianceramic.com\/wp-content\/uploads\/2025\/08\/bulk-dinnerware-sets\uff0cceramic-dinnerware-manufacturing-process\uff0cwhite-porcelain-dinner-plates-bulk-5-300x300.webp 300w, https:\/\/www.yongjianceramic.com\/wp-content\/uploads\/2025\/08\/bulk-dinnerware-sets\uff0cceramic-dinnerware-manufacturing-process\uff0cwhite-porcelain-dinner-plates-bulk-5-150x150.webp 150w, https:\/\/www.yongjianceramic.com\/wp-content\/uploads\/2025\/08\/bulk-dinnerware-sets\uff0cceramic-dinnerware-manufacturing-process\uff0cwhite-porcelain-dinner-plates-bulk-5-768x768.webp 768w, https:\/\/www.yongjianceramic.com\/wp-content\/uploads\/2025\/08\/bulk-dinnerware-sets\uff0cceramic-dinnerware-manufacturing-process\uff0cwhite-porcelain-dinner-plates-bulk-5-12x12.webp 12w, https:\/\/www.yongjianceramic.com\/wp-content\/uploads\/2025\/08\/bulk-dinnerware-sets\uff0cceramic-dinnerware-manufacturing-process\uff0cwhite-porcelain-dinner-plates-bulk-5-285x285.webp 285w, https:\/\/www.yongjianceramic.com\/wp-content\/uploads\/2025\/08\/bulk-dinnerware-sets\uff0cceramic-dinnerware-manufacturing-process\uff0cwhite-porcelain-dinner-plates-bulk-5-1600x1600.webp 1600w, https:\/\/www.yongjianceramic.com\/wp-content\/uploads\/2025\/08\/bulk-dinnerware-sets\uff0cceramic-dinnerware-manufacturing-process\uff0cwhite-porcelain-dinner-plates-bulk-5-270x270.webp 270w, https:\/\/www.yongjianceramic.com\/wp-content\/uploads\/2025\/08\/bulk-dinnerware-sets\uff0cceramic-dinnerware-manufacturing-process\uff0cwhite-porcelain-dinner-plates-bulk-5-540x540.webp 540w, https:\/\/www.yongjianceramic.com\/wp-content\/uploads\/2025\/08\/bulk-dinnerware-sets\uff0cceramic-dinnerware-manufacturing-process\uff0cwhite-porcelain-dinner-plates-bulk-5-660x660.webp 660w\" sizes=\"(max-width: 2400px) 100vw, 2400px\" \/><\/figure>\n<\/div>\n<\/div>","protected":false},"excerpt":{"rendered":"<p>Como um fornecedor fi\u00e1vel de pratos de porcelana para assar por atacado, oferecemos o melhor conjunto de assadeiras brancas a granel feito de porcelana dur\u00e1vel, seguro para o forno, seguro para o micro-ondas, seguro para a m\u00e1quina de lavar lou\u00e7a e seguro para o congelador.<\/p>\n<table style=\"border-collapse: collapse; width: 327.02pt;\" border=\"0\" width=\"654\" cellspacing=\"0\" cellpadding=\"0\">\n<tbody>\n<tr style=\"height: 16.50pt;\">\n<td class=\"et3\" style=\"height: 16.50pt; width: 127.20pt;\" width=\"254\" height=\"33\">Fabricante<\/td>\n<td class=\"et3\" style=\"width: 200.15pt;\" width=\"400\">Yongjian<\/td>\n<\/tr>\n<tr style=\"height: 16.50pt;\">\n<td class=\"et3\" style=\"height: 16.50pt;\" height=\"33\">Modelo n.<\/td>\n<td class=\"et4\" style=\"width: 200.15pt;\" width=\"400\">YJ-156<\/td>\n<\/tr>\n<tr style=\"height: 16.50pt;\">\n<td class=\"et3\" style=\"height: 16.50pt;\" height=\"33\">Tipo de produto<\/td>\n<td class=\"et3\">Prato de servir<\/td>\n<\/tr>\n<tr style=\"height: 16.50pt;\">\n<td class=\"et3\" style=\"height: 16.50pt;\" height=\"33\">Material<\/td>\n<td class=\"et3\">Gr\u00e9s<\/td>\n<\/tr>\n<tr style=\"height: 16.50pt;\">\n<td class=\"et5\" style=\"height: 16.50pt;\" height=\"33\">Cor<\/td>\n<td class=\"et3\">Como imagem<\/td>\n<\/tr>\n<tr style=\"height: 16.50pt;\">\n<td class=\"et3\" style=\"height: 16.50pt;\" height=\"33\">Dimens\u00e3o<\/td>\n<td class=\"et6\" style=\"width: 200.15pt;\" width=\"400\">Tamanho personalizado<\/td>\n<\/tr>\n<tr style=\"height: 16.50pt;\">\n<td class=\"et3\" style=\"height: 16.50pt;\" height=\"33\">MOQ<\/td>\n<td class=\"et3\">500 unidades<\/td>\n<\/tr>\n<tr style=\"height: 16.50pt;\">\n<td class=\"et3\" style=\"height: 16.50pt;\" height=\"33\">Personalizado<\/td>\n<td class=\"et3\">Cor\/tamanho\/log\u00f3tipo\/embalagem<\/td>\n<\/tr>\n<\/tbody>\n<\/table>","protected":false},"featured_media":5075,"comment_status":"closed","ping_status":"closed","template":"","meta":{"_acf_changed":false},"product_brand":[],"product_cat":[62,99],"product_tag":[],"class_list":{"0":"post-5073","1":"product","2":"type-product","3":"status-publish","4":"has-post-thumbnail","6":"product_cat-ceramic-plates-wholesale","7":"product_cat-baking-dishes-wholesale","9":"first","10":"instock","11":"shipping-taxable","12":"product-type-simple"},"acf":[],"_links":{"self":[{"href":"https:\/\/www.yongjianceramic.com\/pt\/wp-json\/wp\/v2\/product\/5073","targetHints":{"allow":["GET"]}}],"collection":[{"href":"https:\/\/www.yongjianceramic.com\/pt\/wp-json\/wp\/v2\/product"}],"about":[{"href":"https:\/\/www.yongjianceramic.com\/pt\/wp-json\/wp\/v2\/types\/product"}],"replies":[{"embeddable":true,"href":"https:\/\/www.yongjianceramic.com\/pt\/wp-json\/wp\/v2\/comments?post=5073"}],"wp:featuredmedia":[{"embeddable":true,"href":"https:\/\/www.yongjianceramic.com\/pt\/wp-json\/wp\/v2\/media\/5075"}],"wp:attachment":[{"href":"https:\/\/www.yongjianceramic.com\/pt\/wp-json\/wp\/v2\/media?parent=5073"}],"wp:term":[{"taxonomy":"product_brand","embeddable":true,"href":"https:\/\/www.yongjianceramic.com\/pt\/wp-json\/wp\/v2\/product_brand?post=5073"},{"taxonomy":"product_cat","embeddable":true,"href":"https:\/\/www.yongjianceramic.com\/pt\/wp-json\/wp\/v2\/product_cat?post=5073"},{"taxonomy":"product_tag","embeddable":true,"href":"https:\/\/www.yongjianceramic.com\/pt\/wp-json\/wp\/v2\/product_tag?post=5073"}],"curies":[{"name":"wp","href":"https:\/\/api.w.org\/{rel}","templated":true}]}}