{"id":5086,"date":"2025-08-29T10:21:06","date_gmt":"2025-08-29T02:21:06","guid":{"rendered":"https:\/\/www.yongjianceramic.com\/?post_type=product&#038;p=5086"},"modified":"2025-09-04T10:02:30","modified_gmt":"2025-09-04T02:02:30","slug":"wholesale-small-baking-pans","status":"publish","type":"product","link":"https:\/\/www.yongjianceramic.com\/pt\/produto\/wholesale-small-baking-pans\/","title":{"rendered":"Panelas pequenas por atacado, Fabricante de lou\u00e7a de cer\u00e2mica por atacado para casamentos"},"content":{"rendered":"<div class=\"wp-block-columns is-layout-flex wp-container-core-columns-is-layout-9d6595d7 wp-block-columns-is-layout-flex\">\n<div class=\"wp-block-column is-layout-flow wp-block-column-is-layout-flow\">\n<h2 class=\"wp-block-heading\">Formas de cozimento pequenas por atacado Premium Carater\u00edsticas:<\/h2>\n\n\n\n<ul class=\"wp-block-list\">\n<li><strong>Estilo branco minimalista: <\/strong>Estas pequenas formas para bolos por atacado t\u00eam um design quadrado limpo com simplicidade moderna, perfeito para casamentos, hot\u00e9is e casas.<\/li>\n\n\n\n<li><strong>Design de pega dupla: <\/strong>Estes tabuleiros para bolos por grosso s\u00e3o leves para transportar e servir, ideais para alimentos quentes, sopas ou produtos de pastelaria.<\/li>\n\n\n\n<li><strong>Aplica\u00e7\u00e3o polivalente:<\/strong> As tigelas de cer\u00e2mica personalizadas s\u00e3o vers\u00e1teis e podem ser utilizadas como assadeira, tigela de sopa, tigela de salada ou tigela de servir.<\/li>\n\n\n\n<li><strong>Material cer\u00e2mico de longa dura\u00e7\u00e3o:<\/strong> As tigelas de cer\u00e2mica personalizadas s\u00e3o feitas de porcelana de alta qualidade, seguras para forno\/micro-ondas\/lava-lou\u00e7as, ecol\u00f3gicas e duradouras.<\/li>\n<\/ul>\n<\/div>\n\n\n\n<div class=\"wp-block-column is-layout-flow wp-block-column-is-layout-flow\">\n<figure class=\"wp-block-image size-full\"><img fetchpriority=\"high\" decoding=\"async\" width=\"1600\" height=\"1600\" src=\"https:\/\/www.yongjianceramic.com\/wp-content\/uploads\/2025\/08\/wholesale-dinnerware-for-weddings\uff0cceramic-dinnerware-manufacturer\uff0ccustom-serving-bowl-6.webp\" alt=\"grossista-pequenas-panelas-cer\u00e2mica-jantar-fabricante-agrossista-para-casamentos-6\" class=\"wp-image-5091\" srcset=\"https:\/\/www.yongjianceramic.com\/wp-content\/uploads\/2025\/08\/wholesale-dinnerware-for-weddings\uff0cceramic-dinnerware-manufacturer\uff0ccustom-serving-bowl-6.webp 1600w, https:\/\/www.yongjianceramic.com\/wp-content\/uploads\/2025\/08\/wholesale-dinnerware-for-weddings\uff0cceramic-dinnerware-manufacturer\uff0ccustom-serving-bowl-6-300x300.webp 300w, https:\/\/www.yongjianceramic.com\/wp-content\/uploads\/2025\/08\/wholesale-dinnerware-for-weddings\uff0cceramic-dinnerware-manufacturer\uff0ccustom-serving-bowl-6-150x150.webp 150w, https:\/\/www.yongjianceramic.com\/wp-content\/uploads\/2025\/08\/wholesale-dinnerware-for-weddings\uff0cceramic-dinnerware-manufacturer\uff0ccustom-serving-bowl-6-768x768.webp 768w, https:\/\/www.yongjianceramic.com\/wp-content\/uploads\/2025\/08\/wholesale-dinnerware-for-weddings\uff0cceramic-dinnerware-manufacturer\uff0ccustom-serving-bowl-6-12x12.webp 12w, https:\/\/www.yongjianceramic.com\/wp-content\/uploads\/2025\/08\/wholesale-dinnerware-for-weddings\uff0cceramic-dinnerware-manufacturer\uff0ccustom-serving-bowl-6-285x285.webp 285w, https:\/\/www.yongjianceramic.com\/wp-content\/uploads\/2025\/08\/wholesale-dinnerware-for-weddings\uff0cceramic-dinnerware-manufacturer\uff0ccustom-serving-bowl-6-270x270.webp 270w, https:\/\/www.yongjianceramic.com\/wp-content\/uploads\/2025\/08\/wholesale-dinnerware-for-weddings\uff0cceramic-dinnerware-manufacturer\uff0ccustom-serving-bowl-6-540x540.webp 540w, https:\/\/www.yongjianceramic.com\/wp-content\/uploads\/2025\/08\/wholesale-dinnerware-for-weddings\uff0cceramic-dinnerware-manufacturer\uff0ccustom-serving-bowl-6-660x660.webp 660w\" sizes=\"(max-width: 1600px) 100vw, 1600px\" \/><\/figure>\n<\/div>\n<\/div>","protected":false},"excerpt":{"rendered":"<p>Compra por grosso de pequenas formas quadradas com pegas duplas, tipo tigela de sopa branca lisa. Universal para cozer, servir e servir. Resist\u00eancia da porcelana, ideal para casamentos, restaurantes e uso dom\u00e9stico.<\/p>\n<table style=\"border-collapse: collapse; width: 327.02pt;\" border=\"0\" width=\"654\" cellspacing=\"0\" cellpadding=\"0\">\n<tbody>\n<tr style=\"height: 16.50pt;\">\n<td class=\"et3\" style=\"height: 16.50pt; width: 127.20pt;\" width=\"254\" height=\"33\">Fabricante<\/td>\n<td class=\"et3\" style=\"width: 200.15pt;\" width=\"400\">Yongjian<\/td>\n<\/tr>\n<tr style=\"height: 16.50pt;\">\n<td class=\"et3\" style=\"height: 16.50pt;\" height=\"33\">Modelo n.<\/td>\n<td class=\"et4\" style=\"width: 200.15pt;\" width=\"400\">YJ-158<\/td>\n<\/tr>\n<tr style=\"height: 16.50pt;\">\n<td class=\"et3\" style=\"height: 16.50pt;\" height=\"33\">Tipo de produto<\/td>\n<td class=\"et3\">Tigelas com al\u00e7as<\/td>\n<\/tr>\n<tr style=\"height: 16.50pt;\">\n<td class=\"et3\" style=\"height: 16.50pt;\" height=\"33\">Material<\/td>\n<td class=\"et3\">Gr\u00e9s<\/td>\n<\/tr>\n<tr style=\"height: 16.50pt;\">\n<td class=\"et5\" style=\"height: 16.50pt;\" height=\"33\">Cor<\/td>\n<td class=\"et3\">Como imagem<\/td>\n<\/tr>\n<tr style=\"height: 16.50pt;\">\n<td class=\"et3\" style=\"height: 16.50pt;\" height=\"33\">Dimens\u00e3o<\/td>\n<td class=\"et6\" style=\"width: 200.15pt;\" width=\"400\">Tamanho personalizado<\/td>\n<\/tr>\n<tr style=\"height: 16.50pt;\">\n<td class=\"et3\" style=\"height: 16.50pt;\" height=\"33\">MOQ<\/td>\n<td class=\"et3\">500 unidades<\/td>\n<\/tr>\n<tr style=\"height: 16.50pt;\">\n<td class=\"et3\" style=\"height: 16.50pt;\" height=\"33\">Personalizado<\/td>\n<td class=\"et3\">Cor\/tamanho\/log\u00f3tipo\/embalagem<\/td>\n<\/tr>\n<\/tbody>\n<\/table>","protected":false},"featured_media":5089,"comment_status":"closed","ping_status":"closed","template":"","meta":{"_acf_changed":false},"product_brand":[],"product_cat":[99],"product_tag":[],"class_list":{"0":"post-5086","1":"product","2":"type-product","3":"status-publish","4":"has-post-thumbnail","6":"product_cat-baking-dishes-wholesale","8":"first","9":"instock","10":"shipping-taxable","11":"product-type-simple"},"acf":[],"_links":{"self":[{"href":"https:\/\/www.yongjianceramic.com\/pt\/wp-json\/wp\/v2\/product\/5086","targetHints":{"allow":["GET"]}}],"collection":[{"href":"https:\/\/www.yongjianceramic.com\/pt\/wp-json\/wp\/v2\/product"}],"about":[{"href":"https:\/\/www.yongjianceramic.com\/pt\/wp-json\/wp\/v2\/types\/product"}],"replies":[{"embeddable":true,"href":"https:\/\/www.yongjianceramic.com\/pt\/wp-json\/wp\/v2\/comments?post=5086"}],"wp:featuredmedia":[{"embeddable":true,"href":"https:\/\/www.yongjianceramic.com\/pt\/wp-json\/wp\/v2\/media\/5089"}],"wp:attachment":[{"href":"https:\/\/www.yongjianceramic.com\/pt\/wp-json\/wp\/v2\/media?parent=5086"}],"wp:term":[{"taxonomy":"product_brand","embeddable":true,"href":"https:\/\/www.yongjianceramic.com\/pt\/wp-json\/wp\/v2\/product_brand?post=5086"},{"taxonomy":"product_cat","embeddable":true,"href":"https:\/\/www.yongjianceramic.com\/pt\/wp-json\/wp\/v2\/product_cat?post=5086"},{"taxonomy":"product_tag","embeddable":true,"href":"https:\/\/www.yongjianceramic.com\/pt\/wp-json\/wp\/v2\/product_tag?post=5086"}],"curies":[{"name":"wp","href":"https:\/\/api.w.org\/{rel}","templated":true}]}}