{"id":5094,"date":"2025-08-29T09:59:40","date_gmt":"2025-08-29T01:59:40","guid":{"rendered":"https:\/\/www.yongjianceramic.com\/?post_type=product&#038;p=5094"},"modified":"2025-09-04T10:01:54","modified_gmt":"2025-09-04T02:01:54","slug":"ceramic-baking-dish-wholesale","status":"publish","type":"product","link":"https:\/\/www.yongjianceramic.com\/pt\/produto\/ceramic-baking-dish-wholesale\/","title":{"rendered":"Tamanho grande Bohemian Ceramic Baking Dish Wholesale, fornecedor de tigelas de massa personalizadas"},"content":{"rendered":"<div class=\"wp-block-columns is-layout-flex wp-container-core-columns-is-layout-9d6595d7 wp-block-columns-is-layout-flex\">\n<div class=\"wp-block-column is-layout-flow wp-block-column-is-layout-flow\">\n<h2 class=\"wp-block-heading\">Prato de cer\u00e2mica Bo\u00e9mia Premium para assar por atacado Carater\u00edsticas:<\/h2>\n\n\n\n<ul class=\"wp-block-list\">\n<li><strong>Estilo inspirado na bo\u00e9mia:<\/strong> A assadeira de cer\u00e2mica de forma redonda com acabamento em relevo proporciona um aspeto despreocupado, bo\u00e9mio e ex\u00f3tico.<\/li>\n\n\n\n<li><strong>Cozedura a alta temperatura: <\/strong>A assadeira de cer\u00e2mica cozida a alta temperatura por atacado \u00e9 feita de cer\u00e2mica de alta qualidade, resistente ao calor e a rachaduras, adequada para cozimento frequente e uso na mesa.<\/li>\n\n\n\n<li><strong>Flexibilidade funcional: <\/strong>Estas ta\u00e7as para massa personalizadas s\u00e3o suficientemente vers\u00e1teis para se adaptarem a v\u00e1rias fun\u00e7\u00f5es - sendo uma boa forma para cozer, uma ta\u00e7a para massa, uma saladeira ou um prato de sobremesa para satisfazer v\u00e1rias necessidades gastron\u00f3micas.<\/li>\n\n\n\n<li><strong>Op\u00e7\u00f5es personalizadas: <\/strong>Os nossos bakeware de cer\u00e2mica de grandes dimens\u00f5es por atacado v\u00eam em op\u00e7\u00f5es personaliz\u00e1veis de cor, tamanho e embalagem. Isto torna-o adequado para restaurantes, casamentos, banquetes e brindes de empresas.<\/li>\n<\/ul>\n<\/div>\n\n\n\n<div class=\"wp-block-column is-layout-flow wp-block-column-is-layout-flow\">\n<figure class=\"wp-block-image size-full\"><img fetchpriority=\"high\" decoding=\"async\" width=\"1600\" height=\"1600\" src=\"https:\/\/www.yongjianceramic.com\/wp-content\/uploads\/2025\/08\/china-ceramic-platescrockery-factorycustom-pasta-bowls-1.webp\" alt=\"grande-bo\u00e9mia-cer\u00e2mica-cozinhar-pratos-por-grosso-custom-pasta-bowls-fornecedor-1\" class=\"wp-image-5095\" srcset=\"https:\/\/www.yongjianceramic.com\/wp-content\/uploads\/2025\/08\/china-ceramic-platescrockery-factorycustom-pasta-bowls-1.webp 1600w, https:\/\/www.yongjianceramic.com\/wp-content\/uploads\/2025\/08\/china-ceramic-platescrockery-factorycustom-pasta-bowls-1-300x300.webp 300w, https:\/\/www.yongjianceramic.com\/wp-content\/uploads\/2025\/08\/china-ceramic-platescrockery-factorycustom-pasta-bowls-1-150x150.webp 150w, https:\/\/www.yongjianceramic.com\/wp-content\/uploads\/2025\/08\/china-ceramic-platescrockery-factorycustom-pasta-bowls-1-768x768.webp 768w, https:\/\/www.yongjianceramic.com\/wp-content\/uploads\/2025\/08\/china-ceramic-platescrockery-factorycustom-pasta-bowls-1-12x12.webp 12w, https:\/\/www.yongjianceramic.com\/wp-content\/uploads\/2025\/08\/china-ceramic-platescrockery-factorycustom-pasta-bowls-1-285x285.webp 285w, https:\/\/www.yongjianceramic.com\/wp-content\/uploads\/2025\/08\/china-ceramic-platescrockery-factorycustom-pasta-bowls-1-270x270.webp 270w, https:\/\/www.yongjianceramic.com\/wp-content\/uploads\/2025\/08\/china-ceramic-platescrockery-factorycustom-pasta-bowls-1-540x540.webp 540w, https:\/\/www.yongjianceramic.com\/wp-content\/uploads\/2025\/08\/china-ceramic-platescrockery-factorycustom-pasta-bowls-1-660x660.webp 660w\" sizes=\"(max-width: 1600px) 100vw, 1600px\" \/><\/figure>\n<\/div>\n<\/div>","protected":false},"excerpt":{"rendered":"<p>Convidamo-lo a comprar a nossa assadeira de cer\u00e2mica por grosso. Este tabuleiro redondo em relevo, de inspira\u00e7\u00e3o bo\u00e9mia, n\u00e3o s\u00f3 acrescenta beleza \u00e0 sua paisagem de mesa, como tamb\u00e9m apresenta durabilidade e versatilidade. \u00c9 ideal tanto para uso dom\u00e9stico como em restaurantes.<\/p>\n<table style=\"border-collapse: collapse; width: 327.02pt;\" border=\"0\" width=\"654\" cellspacing=\"0\" cellpadding=\"0\">\n<tbody>\n<tr style=\"height: 16.50pt;\">\n<td class=\"et3\" style=\"height: 16.50pt; width: 127.20pt;\" width=\"254\" height=\"33\">Fabricante<\/td>\n<td class=\"et3\" style=\"width: 200.15pt;\" width=\"400\">Yongjian<\/td>\n<\/tr>\n<tr style=\"height: 16.50pt;\">\n<td class=\"et3\" style=\"height: 16.50pt;\" height=\"33\">Modelo n.<\/td>\n<td class=\"et4\" style=\"width: 200.15pt;\" width=\"400\">YJ-159<\/td>\n<\/tr>\n<tr style=\"height: 16.50pt;\">\n<td class=\"et3\" style=\"height: 16.50pt;\" height=\"33\">Tipo de produto<\/td>\n<td class=\"et3\">Prato de servir<\/td>\n<\/tr>\n<tr style=\"height: 16.50pt;\">\n<td class=\"et3\" style=\"height: 16.50pt;\" height=\"33\">Material<\/td>\n<td class=\"et3\">Gr\u00e9s<\/td>\n<\/tr>\n<tr style=\"height: 16.50pt;\">\n<td class=\"et5\" style=\"height: 16.50pt;\" height=\"33\">Cor<\/td>\n<td class=\"et3\">Como imagem<\/td>\n<\/tr>\n<tr style=\"height: 16.50pt;\">\n<td class=\"et3\" style=\"height: 16.50pt;\" height=\"33\">Dimens\u00e3o<\/td>\n<td class=\"et6\" style=\"width: 200.15pt;\" width=\"400\">Tamanho personalizado<\/td>\n<\/tr>\n<tr style=\"height: 16.50pt;\">\n<td class=\"et3\" style=\"height: 16.50pt;\" height=\"33\">MOQ<\/td>\n<td class=\"et3\">500 unidades<\/td>\n<\/tr>\n<tr style=\"height: 16.50pt;\">\n<td class=\"et3\" style=\"height: 16.50pt;\" height=\"33\">Personalizado<\/td>\n<td class=\"et3\">Cor\/tamanho\/log\u00f3tipo\/embalagem<\/td>\n<\/tr>\n<\/tbody>\n<\/table>","protected":false},"featured_media":5097,"comment_status":"closed","ping_status":"closed","template":"","meta":{"_acf_changed":false},"product_brand":[],"product_cat":[99],"product_tag":[84],"class_list":{"0":"post-5094","1":"product","2":"type-product","3":"status-publish","4":"has-post-thumbnail","6":"product_cat-baking-dishes-wholesale","7":"product_tag-retro-design-dinnerware-wholesale","9":"first","10":"instock","11":"shipping-taxable","12":"product-type-simple"},"acf":[],"_links":{"self":[{"href":"https:\/\/www.yongjianceramic.com\/pt\/wp-json\/wp\/v2\/product\/5094","targetHints":{"allow":["GET"]}}],"collection":[{"href":"https:\/\/www.yongjianceramic.com\/pt\/wp-json\/wp\/v2\/product"}],"about":[{"href":"https:\/\/www.yongjianceramic.com\/pt\/wp-json\/wp\/v2\/types\/product"}],"replies":[{"embeddable":true,"href":"https:\/\/www.yongjianceramic.com\/pt\/wp-json\/wp\/v2\/comments?post=5094"}],"wp:featuredmedia":[{"embeddable":true,"href":"https:\/\/www.yongjianceramic.com\/pt\/wp-json\/wp\/v2\/media\/5097"}],"wp:attachment":[{"href":"https:\/\/www.yongjianceramic.com\/pt\/wp-json\/wp\/v2\/media?parent=5094"}],"wp:term":[{"taxonomy":"product_brand","embeddable":true,"href":"https:\/\/www.yongjianceramic.com\/pt\/wp-json\/wp\/v2\/product_brand?post=5094"},{"taxonomy":"product_cat","embeddable":true,"href":"https:\/\/www.yongjianceramic.com\/pt\/wp-json\/wp\/v2\/product_cat?post=5094"},{"taxonomy":"product_tag","embeddable":true,"href":"https:\/\/www.yongjianceramic.com\/pt\/wp-json\/wp\/v2\/product_tag?post=5094"}],"curies":[{"name":"wp","href":"https:\/\/api.w.org\/{rel}","templated":true}]}}