{"id":5169,"date":"2025-10-23T17:15:33","date_gmt":"2025-10-23T09:15:33","guid":{"rendered":"https:\/\/www.yongjianceramic.com\/?post_type=product&#038;p=5169"},"modified":"2025-10-23T17:34:19","modified_gmt":"2025-10-23T09:34:19","slug":"catering-dinner-plates-in-bulk","status":"publish","type":"product","link":"https:\/\/www.yongjianceramic.com\/pt\/produto\/catering-dinner-plates-in-bulk\/","title":{"rendered":"Pratos de jantar para restaura\u00e7\u00e3o de 8 polegadas a granel com padr\u00e3o em espiral"},"content":{"rendered":"<div class=\"wp-block-columns is-layout-flex wp-container-core-columns-is-layout-9d6595d7 wp-block-columns-is-layout-flex\">\n<div class=\"wp-block-column is-layout-flow wp-block-column-is-layout-flow\">\n<h2 class=\"wp-block-heading\">Pratos de jantar Premium para catering a granel Carater\u00edsticas:<\/h2>\n\n\n\n<ul class=\"wp-block-list\">\n<li><strong>Porcelana Premium Material: <\/strong>Estes pratos de catering a granel s\u00e3o feitos de porcelana de alta qualidade que foi cozida a uma temperatura elevada para maior durabilidade, resist\u00eancia a riscos e um acabamento brilhante duradouro.<\/li>\n\n\n\n<li><strong>Design bonito pintado \u00e0 m\u00e3o:<\/strong> Os nossos pratos de jantar para catering a granel adequam-se tanto a fins residenciais como comerciais, apresentando um belo sotaque azul pintado \u00e0 m\u00e3o, mostrando um toque art\u00edstico com sofistica\u00e7\u00e3o moderna para qualquer ocasi\u00e3o de jantar.<\/li>\n\n\n\n<li><strong>Tamanho padr\u00e3o de 8 polegadas: <\/strong>Os nossos pratos de jantar por atacado s\u00e3o mais adequados para utiliza\u00e7\u00e3o em restaurantes e em casa para servir pratos principais, acompanhamentos, sopas, sobremesas, saladas e aperitivos.<\/li>\n\n\n\n<li><strong>Seguro para utiliza\u00e7\u00e3o quotidiana: <\/strong>Os nossos pratos de catering t\u00eam um esmalte totalmente isento de c\u00e1dmio, s\u00e3o seguros para alimentos e podem ser lavados na m\u00e1quina de lavar lou\u00e7a de acordo com as normas de seguran\u00e7a nacionais e internacionais (em conformidade com a FDA\/LFGB).<\/li>\n<\/ul>\n<\/div>\n\n\n\n<div class=\"wp-block-column is-layout-flow wp-block-column-is-layout-flow\">\n<figure class=\"wp-block-image size-full\"><img fetchpriority=\"high\" decoding=\"async\" width=\"1080\" height=\"1080\" src=\"https:\/\/www.yongjianceramic.com\/wp-content\/uploads\/2025\/10\/8-inch-catering-dinner-plates-in-bulk-with-spiral-pattern-3.webp\" alt=\"Pratos de jantar de 8 polegadas a granel com padr\u00e3o em espiral-3\" class=\"wp-image-5172\" srcset=\"https:\/\/www.yongjianceramic.com\/wp-content\/uploads\/2025\/10\/8-inch-catering-dinner-plates-in-bulk-with-spiral-pattern-3.webp 1080w, https:\/\/www.yongjianceramic.com\/wp-content\/uploads\/2025\/10\/8-inch-catering-dinner-plates-in-bulk-with-spiral-pattern-3-300x300.webp 300w, https:\/\/www.yongjianceramic.com\/wp-content\/uploads\/2025\/10\/8-inch-catering-dinner-plates-in-bulk-with-spiral-pattern-3-150x150.webp 150w, https:\/\/www.yongjianceramic.com\/wp-content\/uploads\/2025\/10\/8-inch-catering-dinner-plates-in-bulk-with-spiral-pattern-3-768x768.webp 768w, https:\/\/www.yongjianceramic.com\/wp-content\/uploads\/2025\/10\/8-inch-catering-dinner-plates-in-bulk-with-spiral-pattern-3-12x12.webp 12w, https:\/\/www.yongjianceramic.com\/wp-content\/uploads\/2025\/10\/8-inch-catering-dinner-plates-in-bulk-with-spiral-pattern-3-285x285.webp 285w, https:\/\/www.yongjianceramic.com\/wp-content\/uploads\/2025\/10\/8-inch-catering-dinner-plates-in-bulk-with-spiral-pattern-3-270x270.webp 270w, https:\/\/www.yongjianceramic.com\/wp-content\/uploads\/2025\/10\/8-inch-catering-dinner-plates-in-bulk-with-spiral-pattern-3-540x540.webp 540w, https:\/\/www.yongjianceramic.com\/wp-content\/uploads\/2025\/10\/8-inch-catering-dinner-plates-in-bulk-with-spiral-pattern-3-660x660.webp 660w\" sizes=\"(max-width: 1080px) 100vw, 1080px\" \/><\/figure>\n<\/div>\n<\/div>","protected":false},"excerpt":{"rendered":"<p>Venha e compre estes pratos de jantar de catering de 8 polegadas a granel da Yongjian, que apresentam um design azul em espiral pintado \u00e0 m\u00e3o, combinando t\u00e9cnicas antigas com estilo moderno. \u00c9 resistente a lascas, duradouro e seguro para uso di\u00e1rio, feito de porcelana de alta temperatura. Adequado para servir uma grande variedade de alimentos, o prato confere eleg\u00e2ncia art\u00edstica a todas as refei\u00e7\u00f5es. Os servi\u00e7os por grosso e personalizados podem ser fornecidos para compradores internacionais e fornecedores de restaurantes.<\/p>\n<table border=\"0\" width=\"309\" cellspacing=\"0\" cellpadding=\"0\">\n<tbody>\n<tr>\n<td width=\"120\" height=\"17\">Fabricante<\/td>\n<td width=\"189\">Yongjian<\/td>\n<\/tr>\n<tr>\n<td height=\"18\">Modelo n.<\/td>\n<td width=\"189\">YJ-160<\/td>\n<\/tr>\n<tr>\n<td height=\"17\">Tipo de produto<\/td>\n<td>Prato de jantar<\/td>\n<\/tr>\n<tr>\n<td height=\"17\">Material<\/td>\n<td>Porcelana<\/td>\n<\/tr>\n<tr>\n<td height=\"17\">Cor<\/td>\n<td>Como imagem<\/td>\n<\/tr>\n<tr>\n<td height=\"18\">Dimens\u00e3o<\/td>\n<td width=\"189\">20*20*4cm<\/td>\n<\/tr>\n<tr>\n<td height=\"17\">MOQ<\/td>\n<td>500 unidades<\/td>\n<\/tr>\n<tr>\n<td height=\"17\">Personalizado<\/td>\n<td>Cor\/tamanho\/log\u00f3tipo\/embalagem<\/td>\n<\/tr>\n<\/tbody>\n<\/table>","protected":false},"featured_media":5170,"comment_status":"closed","ping_status":"closed","template":"","meta":{"_acf_changed":false},"product_brand":[],"product_cat":[93,62],"product_tag":[81],"class_list":{"0":"post-5169","1":"product","2":"type-product","3":"status-publish","4":"has-post-thumbnail","6":"product_cat-bulk-dinner-plates","7":"product_cat-ceramic-plates-wholesale","8":"product_tag-modern-design-dinnerware-set-wholesale","10":"first","11":"instock","12":"shipping-taxable","13":"product-type-simple"},"acf":[],"_links":{"self":[{"href":"https:\/\/www.yongjianceramic.com\/pt\/wp-json\/wp\/v2\/product\/5169","targetHints":{"allow":["GET"]}}],"collection":[{"href":"https:\/\/www.yongjianceramic.com\/pt\/wp-json\/wp\/v2\/product"}],"about":[{"href":"https:\/\/www.yongjianceramic.com\/pt\/wp-json\/wp\/v2\/types\/product"}],"replies":[{"embeddable":true,"href":"https:\/\/www.yongjianceramic.com\/pt\/wp-json\/wp\/v2\/comments?post=5169"}],"wp:featuredmedia":[{"embeddable":true,"href":"https:\/\/www.yongjianceramic.com\/pt\/wp-json\/wp\/v2\/media\/5170"}],"wp:attachment":[{"href":"https:\/\/www.yongjianceramic.com\/pt\/wp-json\/wp\/v2\/media?parent=5169"}],"wp:term":[{"taxonomy":"product_brand","embeddable":true,"href":"https:\/\/www.yongjianceramic.com\/pt\/wp-json\/wp\/v2\/product_brand?post=5169"},{"taxonomy":"product_cat","embeddable":true,"href":"https:\/\/www.yongjianceramic.com\/pt\/wp-json\/wp\/v2\/product_cat?post=5169"},{"taxonomy":"product_tag","embeddable":true,"href":"https:\/\/www.yongjianceramic.com\/pt\/wp-json\/wp\/v2\/product_tag?post=5169"}],"curies":[{"name":"wp","href":"https:\/\/api.w.org\/{rel}","templated":true}]}}