{"id":5173,"date":"2025-10-23T17:34:27","date_gmt":"2025-10-23T09:34:27","guid":{"rendered":"https:\/\/www.yongjianceramic.com\/?post_type=product&#038;p=5173"},"modified":"2025-10-30T11:27:18","modified_gmt":"2025-10-30T03:27:18","slug":"bulk-ceramic-dishes","status":"publish","type":"product","link":"https:\/\/www.yongjianceramic.com\/pt\/produto\/bulk-ceramic-dishes\/","title":{"rendered":"Pratos de cer\u00e2mica a granel com padr\u00e3o de pontos radiantes para restaurante e casa"},"content":{"rendered":"<div class=\"wp-block-columns is-layout-flex wp-container-core-columns-is-layout-9d6595d7 wp-block-columns-is-layout-flex\">\n<div class=\"wp-block-column is-layout-flow wp-block-column-is-layout-flow\">\n<h2 class=\"wp-block-heading\">Pratos cer\u00e2micos a granel premium Caracter\u00edsticas:<\/h2>\n\n\n\n<ul class=\"wp-block-list\">\n<li><strong>Padr\u00e3o moderno de pontos radiantes:<\/strong> Os pratos cer\u00e2micos a granel foram decorados \u00e0 m\u00e3o com um padr\u00e3o geom\u00e9trico em forma de raios de sol, conferindo um estilo contempor\u00e2neo aos espa\u00e7os de refei\u00e7\u00f5es, perfeito para grupos de lou\u00e7as de restaurante e boutique.<\/li>\n\n\n\n<li><strong>Material de porcelana de alta qualidade: <\/strong>As placas cer\u00e2micas a granel s\u00e3o fabricadas em porcelana cozida a alta temperatura, proporcionando um acabamento dur\u00e1vel e resistente a lascas que mant\u00e9m um brilho duradouro.<\/li>\n\n\n\n<li><strong>Multiusos com 8 polegadas de di\u00e2metro:<\/strong> O prato de jantar por atacado com 20 cm de di\u00e2metro \u00e9 ideal para servir saladas, aperitivos ou sobremesas e \u00e9 perfeito para lou\u00e7as informais e catering.<\/li>\n\n\n\n<li><strong>Servi\u00e7o de personaliza\u00e7\u00e3o OEM\/ODM:<\/strong> A Yongjian pode aplicar impress\u00e3o de logotipos, modifica\u00e7\u00e3o de cores e personaliza\u00e7\u00e3o de embalagens para compradores grossistas e facilitadores no setor hoteleiro.<\/li>\n<\/ul>\n<\/div>\n\n\n\n<div class=\"wp-block-column is-layout-flow wp-block-column-is-layout-flow\">\n<figure class=\"wp-block-image size-full\"><img fetchpriority=\"high\" decoding=\"async\" width=\"1080\" height=\"1080\" src=\"https:\/\/www.yongjianceramic.com\/wp-content\/uploads\/2025\/10\/bulk-ceramic-dishes-with-radiating-dot-pattern-for-restaurant-home-3.webp\" alt=\"pratos-de-cer\u00e2mica-a-granel-com-padr\u00e3o-de-pontos-radiantes-para-restaurantes-e-casas-3\" class=\"wp-image-5177\" srcset=\"https:\/\/www.yongjianceramic.com\/wp-content\/uploads\/2025\/10\/bulk-ceramic-dishes-with-radiating-dot-pattern-for-restaurant-home-3.webp 1080w, https:\/\/www.yongjianceramic.com\/wp-content\/uploads\/2025\/10\/bulk-ceramic-dishes-with-radiating-dot-pattern-for-restaurant-home-3-300x300.webp 300w, https:\/\/www.yongjianceramic.com\/wp-content\/uploads\/2025\/10\/bulk-ceramic-dishes-with-radiating-dot-pattern-for-restaurant-home-3-150x150.webp 150w, https:\/\/www.yongjianceramic.com\/wp-content\/uploads\/2025\/10\/bulk-ceramic-dishes-with-radiating-dot-pattern-for-restaurant-home-3-768x768.webp 768w, https:\/\/www.yongjianceramic.com\/wp-content\/uploads\/2025\/10\/bulk-ceramic-dishes-with-radiating-dot-pattern-for-restaurant-home-3-12x12.webp 12w, https:\/\/www.yongjianceramic.com\/wp-content\/uploads\/2025\/10\/bulk-ceramic-dishes-with-radiating-dot-pattern-for-restaurant-home-3-285x285.webp 285w, https:\/\/www.yongjianceramic.com\/wp-content\/uploads\/2025\/10\/bulk-ceramic-dishes-with-radiating-dot-pattern-for-restaurant-home-3-270x270.webp 270w, https:\/\/www.yongjianceramic.com\/wp-content\/uploads\/2025\/10\/bulk-ceramic-dishes-with-radiating-dot-pattern-for-restaurant-home-3-540x540.webp 540w, https:\/\/www.yongjianceramic.com\/wp-content\/uploads\/2025\/10\/bulk-ceramic-dishes-with-radiating-dot-pattern-for-restaurant-home-3-660x660.webp 660w\" sizes=\"(max-width: 1080px) 100vw, 1080px\" \/><\/figure>\n<\/div>\n<\/div>","protected":false},"excerpt":{"rendered":"<p>Bem-vindo \u00e0 compra de pratos de cer\u00e2mica a granel da Yongjian, com um impressionante padr\u00e3o de pontos radiantes. Fabricados em porcelana premium, s\u00e3o dur\u00e1veis, seguros para alimentos e ideais para uso dom\u00e9stico e em restaurantes.<\/p>\n<table border=\"0\" width=\"309\" cellspacing=\"0\" cellpadding=\"0\">\n<tbody>\n<tr>\n<td width=\"120\" height=\"17\">Fabricante<\/td>\n<td width=\"189\">Yongjian<\/td>\n<\/tr>\n<tr>\n<td height=\"18\">Modelo n.<\/td>\n<td width=\"189\">YJ-161<\/td>\n<\/tr>\n<tr>\n<td height=\"17\">Tipo de produto<\/td>\n<td>Prato de jantar<\/td>\n<\/tr>\n<tr>\n<td height=\"17\">Material<\/td>\n<td>Porcelana<\/td>\n<\/tr>\n<tr>\n<td height=\"17\">Cor<\/td>\n<td>Como imagem<\/td>\n<\/tr>\n<tr>\n<td height=\"18\">Dimens\u00e3o<\/td>\n<td width=\"189\">20*20*4cm<\/td>\n<\/tr>\n<tr>\n<td height=\"17\">MOQ<\/td>\n<td>500 unidades<\/td>\n<\/tr>\n<tr>\n<td height=\"17\">Personalizado<\/td>\n<td>Cor\/tamanho\/log\u00f3tipo\/embalagem<\/td>\n<\/tr>\n<\/tbody>\n<\/table>","protected":false},"featured_media":5175,"comment_status":"closed","ping_status":"closed","template":"","meta":{"_acf_changed":false},"product_brand":[],"product_cat":[93,62],"product_tag":[81],"class_list":{"0":"post-5173","1":"product","2":"type-product","3":"status-publish","4":"has-post-thumbnail","6":"product_cat-bulk-dinner-plates","7":"product_cat-ceramic-plates-wholesale","8":"product_tag-modern-design-dinnerware-set-wholesale","10":"first","11":"instock","12":"shipping-taxable","13":"product-type-simple"},"acf":[],"_links":{"self":[{"href":"https:\/\/www.yongjianceramic.com\/pt\/wp-json\/wp\/v2\/product\/5173","targetHints":{"allow":["GET"]}}],"collection":[{"href":"https:\/\/www.yongjianceramic.com\/pt\/wp-json\/wp\/v2\/product"}],"about":[{"href":"https:\/\/www.yongjianceramic.com\/pt\/wp-json\/wp\/v2\/types\/product"}],"replies":[{"embeddable":true,"href":"https:\/\/www.yongjianceramic.com\/pt\/wp-json\/wp\/v2\/comments?post=5173"}],"wp:featuredmedia":[{"embeddable":true,"href":"https:\/\/www.yongjianceramic.com\/pt\/wp-json\/wp\/v2\/media\/5175"}],"wp:attachment":[{"href":"https:\/\/www.yongjianceramic.com\/pt\/wp-json\/wp\/v2\/media?parent=5173"}],"wp:term":[{"taxonomy":"product_brand","embeddable":true,"href":"https:\/\/www.yongjianceramic.com\/pt\/wp-json\/wp\/v2\/product_brand?post=5173"},{"taxonomy":"product_cat","embeddable":true,"href":"https:\/\/www.yongjianceramic.com\/pt\/wp-json\/wp\/v2\/product_cat?post=5173"},{"taxonomy":"product_tag","embeddable":true,"href":"https:\/\/www.yongjianceramic.com\/pt\/wp-json\/wp\/v2\/product_tag?post=5173"}],"curies":[{"name":"wp","href":"https:\/\/api.w.org\/{rel}","templated":true}]}}