{"id":5198,"date":"2025-10-31T00:26:09","date_gmt":"2025-10-30T16:26:09","guid":{"rendered":"https:\/\/www.yongjianceramic.com\/?post_type=product&#038;p=5198"},"modified":"2025-10-31T00:56:35","modified_gmt":"2025-10-30T16:56:35","slug":"dinner-plates-in-bulk","status":"publish","type":"product","link":"https:\/\/www.yongjianceramic.com\/pt\/produto\/dinner-plates-in-bulk\/","title":{"rendered":"Pratos de jantar diretos da f\u00e1brica a granel com um padr\u00e3o floral"},"content":{"rendered":"<div class=\"wp-block-columns is-layout-flex wp-container-core-columns-is-layout-9d6595d7 wp-block-columns-is-layout-flex\">\n<div class=\"wp-block-column is-layout-flow wp-block-column-is-layout-flow\">\n<h2 class=\"wp-block-heading\">Pratos de jantar Premium a granel Carater\u00edsticas:<\/h2>\n\n\n\n<ul class=\"wp-block-list\">\n<li><strong>Estilo vintage elegante:<\/strong> Estes pratos de jantar a granel apresentam um design floral rico em pormenores em azul e preto. O emparelhamento cl\u00e1ssico de cores proporciona uma vibra\u00e7\u00e3o vintage e art\u00edstica para acrescentar um interesse visual significativo \u00e0 sua mesa de jantar \u00e0 hora das refei\u00e7\u00f5es. Perfeitos para restaurantes tem\u00e1ticos, hot\u00e9is de luxo e muito mais.<\/li>\n\n\n\n<li><strong>Funcional:<\/strong> Estes pratos de jantar de 8 polegadas a granel s\u00e3o perfeitos como prato principal, prato de massa ou prato para partilhar. O volume moderado permite pratos com por\u00e7\u00f5es razo\u00e1veis, ao mesmo tempo que se empilham e armazenam bem, e s\u00e3o f\u00e1ceis de limpar depois.<\/li>\n\n\n\n<li><strong>Material de qualidade e duradouro: <\/strong>Fabricados a partir de mat\u00e9rias-primas cer\u00e2micas de qualidade e cozidos a alta temperatura, estes pratos de jantar por atacado apresentam uma textura fina e dura e um esmalte liso e uniforme para criar resist\u00eancia e impermeabilidade.<\/li>\n\n\n\n<li><strong>Potenciais utiliza\u00e7\u00f5es vers\u00e1teis: <\/strong>Estes pratos personalizados s\u00e3o ideais para utiliza\u00e7\u00e3o di\u00e1ria em restaurantes, hot\u00e9is e caf\u00e9s; o padr\u00e3o decorativo ser\u00e1 dinamicamente enriquecido pela comida que \u00e9 colocada no interior, tornando o aspeto vibrante e apetitoso.<\/li>\n<\/ul>\n<\/div>\n\n\n\n<div class=\"wp-block-column is-layout-flow wp-block-column-is-layout-flow\">\n<figure class=\"wp-block-image size-full\"><img fetchpriority=\"high\" decoding=\"async\" width=\"1080\" height=\"1080\" src=\"https:\/\/www.yongjianceramic.com\/wp-content\/uploads\/2025\/10\/factory-direct-ceramic-dinner-plates-in-bulk-with-a-floral-pattern-3.webp\" alt=\"pratos de jantar em cer\u00e2mica a granel com um padr\u00e3o floral-3\" class=\"wp-image-5201\" srcset=\"https:\/\/www.yongjianceramic.com\/wp-content\/uploads\/2025\/10\/factory-direct-ceramic-dinner-plates-in-bulk-with-a-floral-pattern-3.webp 1080w, https:\/\/www.yongjianceramic.com\/wp-content\/uploads\/2025\/10\/factory-direct-ceramic-dinner-plates-in-bulk-with-a-floral-pattern-3-300x300.webp 300w, https:\/\/www.yongjianceramic.com\/wp-content\/uploads\/2025\/10\/factory-direct-ceramic-dinner-plates-in-bulk-with-a-floral-pattern-3-150x150.webp 150w, https:\/\/www.yongjianceramic.com\/wp-content\/uploads\/2025\/10\/factory-direct-ceramic-dinner-plates-in-bulk-with-a-floral-pattern-3-768x768.webp 768w, https:\/\/www.yongjianceramic.com\/wp-content\/uploads\/2025\/10\/factory-direct-ceramic-dinner-plates-in-bulk-with-a-floral-pattern-3-12x12.webp 12w, https:\/\/www.yongjianceramic.com\/wp-content\/uploads\/2025\/10\/factory-direct-ceramic-dinner-plates-in-bulk-with-a-floral-pattern-3-285x285.webp 285w, https:\/\/www.yongjianceramic.com\/wp-content\/uploads\/2025\/10\/factory-direct-ceramic-dinner-plates-in-bulk-with-a-floral-pattern-3-270x270.webp 270w, https:\/\/www.yongjianceramic.com\/wp-content\/uploads\/2025\/10\/factory-direct-ceramic-dinner-plates-in-bulk-with-a-floral-pattern-3-540x540.webp 540w, https:\/\/www.yongjianceramic.com\/wp-content\/uploads\/2025\/10\/factory-direct-ceramic-dinner-plates-in-bulk-with-a-floral-pattern-3-660x660.webp 660w\" sizes=\"(max-width: 1080px) 100vw, 1080px\" \/><\/figure>\n<\/div>\n<\/div>","protected":false},"excerpt":{"rendered":"<p>Bem-vindo ao comprar os nossos pratos de jantar de cer\u00e2mica a granel. Estes pratos t\u00eam 8 polegadas e t\u00eam um padr\u00e3o vintage, tornando-os perfeitos para a ind\u00fastria de servi\u00e7os alimentares. Yongjian suporta atacado a granel e designs personalizados, tornando-nos ideais para restaurantes, hot\u00e9is e fornecedores de presentes. Contacte-nos para obter cota\u00e7\u00f5es por grosso e op\u00e7\u00f5es de personaliza\u00e7\u00e3o.<\/p>\n<table border=\"0\" width=\"309\" cellspacing=\"0\" cellpadding=\"0\">\n<tbody>\n<tr>\n<td width=\"120\" height=\"17\">Fabricante<\/td>\n<td width=\"189\">Yongjian<\/td>\n<\/tr>\n<tr>\n<td height=\"18\">Modelo n.<\/td>\n<td width=\"189\">YJ-164<\/td>\n<\/tr>\n<tr>\n<td height=\"17\">Tipo de produto<\/td>\n<td>Prato de jantar<\/td>\n<\/tr>\n<tr>\n<td height=\"17\">Material<\/td>\n<td>Porcelana<\/td>\n<\/tr>\n<tr>\n<td height=\"17\">Cor<\/td>\n<td>Como imagem<\/td>\n<\/tr>\n<tr>\n<td height=\"18\">Dimens\u00e3o<\/td>\n<td width=\"189\">20*20*4cm<\/td>\n<\/tr>\n<tr>\n<td height=\"17\">MOQ<\/td>\n<td>500 unidades<\/td>\n<\/tr>\n<tr>\n<td height=\"17\">Personalizado<\/td>\n<td>Cor\/tamanho\/log\u00f3tipo\/embalagem<\/td>\n<\/tr>\n<\/tbody>\n<\/table>","protected":false},"featured_media":5199,"comment_status":"closed","ping_status":"closed","template":"","meta":{"_acf_changed":false},"product_brand":[],"product_cat":[93,62],"product_tag":[86],"class_list":{"0":"post-5198","1":"product","2":"type-product","3":"status-publish","4":"has-post-thumbnail","6":"product_cat-bulk-dinner-plates","7":"product_cat-ceramic-plates-wholesale","8":"product_tag-oriental-style-dinnerware-wholesale","10":"first","11":"instock","12":"shipping-taxable","13":"product-type-simple"},"acf":[],"_links":{"self":[{"href":"https:\/\/www.yongjianceramic.com\/pt\/wp-json\/wp\/v2\/product\/5198","targetHints":{"allow":["GET"]}}],"collection":[{"href":"https:\/\/www.yongjianceramic.com\/pt\/wp-json\/wp\/v2\/product"}],"about":[{"href":"https:\/\/www.yongjianceramic.com\/pt\/wp-json\/wp\/v2\/types\/product"}],"replies":[{"embeddable":true,"href":"https:\/\/www.yongjianceramic.com\/pt\/wp-json\/wp\/v2\/comments?post=5198"}],"wp:featuredmedia":[{"embeddable":true,"href":"https:\/\/www.yongjianceramic.com\/pt\/wp-json\/wp\/v2\/media\/5199"}],"wp:attachment":[{"href":"https:\/\/www.yongjianceramic.com\/pt\/wp-json\/wp\/v2\/media?parent=5198"}],"wp:term":[{"taxonomy":"product_brand","embeddable":true,"href":"https:\/\/www.yongjianceramic.com\/pt\/wp-json\/wp\/v2\/product_brand?post=5198"},{"taxonomy":"product_cat","embeddable":true,"href":"https:\/\/www.yongjianceramic.com\/pt\/wp-json\/wp\/v2\/product_cat?post=5198"},{"taxonomy":"product_tag","embeddable":true,"href":"https:\/\/www.yongjianceramic.com\/pt\/wp-json\/wp\/v2\/product_tag?post=5198"}],"curies":[{"name":"wp","href":"https:\/\/api.w.org\/{rel}","templated":true}]}}