{"id":5225,"date":"2025-11-06T08:48:30","date_gmt":"2025-11-06T00:48:30","guid":{"rendered":"https:\/\/www.yongjianceramic.com\/?post_type=product&#038;p=5225"},"modified":"2025-11-06T09:50:23","modified_gmt":"2025-11-06T01:50:23","slug":"custom-ceramic-dishes","status":"publish","type":"product","link":"https:\/\/www.yongjianceramic.com\/pt\/produto\/custom-ceramic-dishes\/","title":{"rendered":"Pratos de cer\u00e2mica simples personalizados, Pratos de jantar para restaurante por atacado"},"content":{"rendered":"<div class=\"wp-block-columns is-layout-flex wp-container-core-columns-is-layout-9d6595d7 wp-block-columns-is-layout-flex\">\n<div class=\"wp-block-column is-layout-flow wp-block-column-is-layout-flow\">\n<h2 class=\"wp-block-heading\">Pratos de cer\u00e2mica personalizados Premium Carater\u00edsticas:<\/h2>\n\n\n\n<ul class=\"wp-block-list\">\n<li><strong>Proporcionar um novo ambiente:<\/strong> Estes pratos de cer\u00e2mica personalizados apresentam uma paleta de cores azul e branca e desenhos de flores naturais que conferem uma est\u00e9tica visual calma e nova, chegando com a qualidade alegre e vibrante associada \u00e0 natureza \u00e0 sua mesa ou \u00e0 sua casa.<\/li>\n\n\n\n<li><strong>Belos padr\u00f5es florais:<\/strong> Estes pratos de cer\u00e2mica personalizados gravam desenhos florais da natureza em diferentes tamanhos num padr\u00e3o circular. Os pratos t\u00eam um fino pormenor castanho \u00e0 volta do bordo para proporcionar um belo detalhe, uma impress\u00e3o art\u00edstica e uma sensa\u00e7\u00e3o de ritmo.<\/li>\n\n\n\n<li><strong>Funcional e pr\u00e1tico:<\/strong> Estes pratos de restaurante por atacado s\u00e3o de tamanho normal, adequados tanto para servir comida como para expor artigos.<\/li>\n\n\n\n<li><strong>Material de alta qualidade e duradouro:<\/strong> Estes pratos de restaurante por atacado s\u00e3o feitos de mat\u00e9rias-primas cer\u00e2micas de alta qualidade, cozidas a altas temperaturas, resultando numa textura delicada mas dura, um esmalte suave e uniforme, e durabilidade. S\u00e3o tamb\u00e9m \u00e0 prova de \u00e1gua.<\/li>\n<\/ul>\n<\/div>\n\n\n\n<div class=\"wp-block-column is-layout-flow wp-block-column-is-layout-flow\">\n<figure class=\"wp-block-image size-full\"><img fetchpriority=\"high\" decoding=\"async\" width=\"1080\" height=\"1080\" src=\"https:\/\/www.yongjianceramic.com\/wp-content\/uploads\/2025\/11\/custom-ceramic-dishes-restaurant-dinner-plates-wholesale-3.webp\" alt=\"pratos de cer\u00e2mica personalizados para restaurantes - pratos de jantar - venda por grosso - 3\" class=\"wp-image-5228\" srcset=\"https:\/\/www.yongjianceramic.com\/wp-content\/uploads\/2025\/11\/custom-ceramic-dishes-restaurant-dinner-plates-wholesale-3.webp 1080w, https:\/\/www.yongjianceramic.com\/wp-content\/uploads\/2025\/11\/custom-ceramic-dishes-restaurant-dinner-plates-wholesale-3-300x300.webp 300w, https:\/\/www.yongjianceramic.com\/wp-content\/uploads\/2025\/11\/custom-ceramic-dishes-restaurant-dinner-plates-wholesale-3-150x150.webp 150w, https:\/\/www.yongjianceramic.com\/wp-content\/uploads\/2025\/11\/custom-ceramic-dishes-restaurant-dinner-plates-wholesale-3-768x768.webp 768w, https:\/\/www.yongjianceramic.com\/wp-content\/uploads\/2025\/11\/custom-ceramic-dishes-restaurant-dinner-plates-wholesale-3-12x12.webp 12w, https:\/\/www.yongjianceramic.com\/wp-content\/uploads\/2025\/11\/custom-ceramic-dishes-restaurant-dinner-plates-wholesale-3-285x285.webp 285w, https:\/\/www.yongjianceramic.com\/wp-content\/uploads\/2025\/11\/custom-ceramic-dishes-restaurant-dinner-plates-wholesale-3-270x270.webp 270w, https:\/\/www.yongjianceramic.com\/wp-content\/uploads\/2025\/11\/custom-ceramic-dishes-restaurant-dinner-plates-wholesale-3-540x540.webp 540w, https:\/\/www.yongjianceramic.com\/wp-content\/uploads\/2025\/11\/custom-ceramic-dishes-restaurant-dinner-plates-wholesale-3-660x660.webp 660w\" sizes=\"(max-width: 1080px) 100vw, 1080px\" \/><\/figure>\n<\/div>\n<\/div>","protected":false},"excerpt":{"rendered":"<p>Bem-vindo a comprar os nossos pratos de cer\u00e2mica personalizados. Este prato de jantar de restaurante por atacado apresenta um esquema de cores azul e branco refrescante e padr\u00f5es florais naturais, exalando um toque art\u00edstico n\u00f3rdico minimalista. N\u00e3o \u00e9 apenas um prato pr\u00e1tico, mas tamb\u00e9m uma decora\u00e7\u00e3o elegante para a casa. O seu tamanho padr\u00e3o torna-o adequado para v\u00e1rios ambientes de refei\u00e7\u00f5es, desde casas a restaurantes e hot\u00e9is, combinando praticidade e est\u00e9tica.<\/p>\n<table border=\"0\" width=\"309\" cellspacing=\"0\" cellpadding=\"0\">\n<tbody>\n<tr>\n<td width=\"120\" height=\"17\">Fabricante<\/td>\n<td width=\"189\">Yongjian<\/td>\n<\/tr>\n<tr>\n<td height=\"18\">Modelo n.<\/td>\n<td width=\"189\">YJ-165<\/td>\n<\/tr>\n<tr>\n<td height=\"17\">Tipo de produto<\/td>\n<td>Prato de jantar<\/td>\n<\/tr>\n<tr>\n<td height=\"17\">Material<\/td>\n<td>Porcelana<\/td>\n<\/tr>\n<tr>\n<td height=\"17\">Cor<\/td>\n<td>Como imagem<\/td>\n<\/tr>\n<tr>\n<td height=\"18\">Dimens\u00e3o<\/td>\n<td width=\"189\">20*20*4cm<\/td>\n<\/tr>\n<tr>\n<td height=\"17\">MOQ<\/td>\n<td>500 unidades<\/td>\n<\/tr>\n<tr>\n<td height=\"17\">Personalizado<\/td>\n<td>Cor\/tamanho\/log\u00f3tipo\/embalagem<\/td>\n<\/tr>\n<\/tbody>\n<\/table>","protected":false},"featured_media":5226,"comment_status":"closed","ping_status":"closed","template":"","meta":{"_acf_changed":false},"product_brand":[],"product_cat":[93,62],"product_tag":[81],"class_list":{"0":"post-5225","1":"product","2":"type-product","3":"status-publish","4":"has-post-thumbnail","6":"product_cat-bulk-dinner-plates","7":"product_cat-ceramic-plates-wholesale","8":"product_tag-modern-design-dinnerware-set-wholesale","10":"first","11":"instock","12":"shipping-taxable","13":"product-type-simple"},"acf":[],"_links":{"self":[{"href":"https:\/\/www.yongjianceramic.com\/pt\/wp-json\/wp\/v2\/product\/5225","targetHints":{"allow":["GET"]}}],"collection":[{"href":"https:\/\/www.yongjianceramic.com\/pt\/wp-json\/wp\/v2\/product"}],"about":[{"href":"https:\/\/www.yongjianceramic.com\/pt\/wp-json\/wp\/v2\/types\/product"}],"replies":[{"embeddable":true,"href":"https:\/\/www.yongjianceramic.com\/pt\/wp-json\/wp\/v2\/comments?post=5225"}],"wp:featuredmedia":[{"embeddable":true,"href":"https:\/\/www.yongjianceramic.com\/pt\/wp-json\/wp\/v2\/media\/5226"}],"wp:attachment":[{"href":"https:\/\/www.yongjianceramic.com\/pt\/wp-json\/wp\/v2\/media?parent=5225"}],"wp:term":[{"taxonomy":"product_brand","embeddable":true,"href":"https:\/\/www.yongjianceramic.com\/pt\/wp-json\/wp\/v2\/product_brand?post=5225"},{"taxonomy":"product_cat","embeddable":true,"href":"https:\/\/www.yongjianceramic.com\/pt\/wp-json\/wp\/v2\/product_cat?post=5225"},{"taxonomy":"product_tag","embeddable":true,"href":"https:\/\/www.yongjianceramic.com\/pt\/wp-json\/wp\/v2\/product_tag?post=5225"}],"curies":[{"name":"wp","href":"https:\/\/api.w.org\/{rel}","templated":true}]}}