{"id":5233,"date":"2025-11-06T10:40:25","date_gmt":"2025-11-06T02:40:25","guid":{"rendered":"https:\/\/www.yongjianceramic.com\/?post_type=product&#038;p=5233"},"modified":"2025-11-06T11:24:35","modified_gmt":"2025-11-06T03:24:35","slug":"porcelain-dinner-plates-wholesale","status":"publish","type":"product","link":"https:\/\/www.yongjianceramic.com\/pt\/produto\/porcelain-dinner-plates-wholesale\/","title":{"rendered":"Pratos de jantar de porcelana por atacado, ODM fornecimento de pratos de cer\u00e2mica"},"content":{"rendered":"<div class=\"wp-block-columns is-layout-flex wp-container-core-columns-is-layout-9d6595d7 wp-block-columns-is-layout-flex\">\n<div class=\"wp-block-column is-layout-flow wp-block-column-is-layout-flow\">\n<h2 class=\"wp-block-heading\">Pratos de jantar de porcelana premium por atacado Carater\u00edsticas:<\/h2>\n\n\n\n<ul class=\"wp-block-list\">\n<li><strong>Estilo distinto:<\/strong> O padr\u00e3o de redemoinho azul profundo nestes pratos de porcelana por atacado \u00e9 moderno e art\u00edstico, ao mesmo tempo que tem uma forma elegante e linhas suaves. Este padr\u00e3o acrescenta um encanto visual \u00e0 mesa que combina arte moderna com sabor oriental.<\/li>\n\n\n\n<li><strong>Tecido de porcelana de qualidade:<\/strong> Os nossos pratos de porcelana por atacado s\u00e3o feitos de porcelana de qualidade cozida a alta temperatura. \u00c9 dura e densa, n\u00e3o absorve \u00e1gua t\u00e3o facilmente, \u00e9 dur\u00e1vel e tolerante ao desgaste, e tem um brilho duradouro ap\u00f3s uma utiliza\u00e7\u00e3o prolongada.<\/li>\n\n\n\n<li><strong>Esmalte liso:<\/strong> A superf\u00edcie dos nossos modelos de pratos de cer\u00e2mica personalizados tem um esmalte delicado e suave que \u00e9 f\u00e1cil de limpar e n\u00e3o ret\u00e9m manchas de \u00f3leo ou descolora facilmente. As superf\u00edcies cumprem a norma de seguran\u00e7a em contacto com os alimentos para utiliza\u00e7\u00e3o di\u00e1ria.<\/li>\n\n\n\n<li><strong>Aplica\u00e7\u00e3o em v\u00e1rias cenas: <\/strong>Os nossos pratos de cer\u00e2mica personalizados s\u00e3o adequados para utiliza\u00e7\u00e3o em casas, restaurantes, hot\u00e9is, caf\u00e9s e outros estabelecimentos de restaura\u00e7\u00e3o, e tamb\u00e9m podem ser utilizados como presentes ou como parte de conjuntos de loi\u00e7a.<\/li>\n\n\n\n<li><strong>Servi\u00e7o de personaliza\u00e7\u00e3o dispon\u00edvel:<\/strong> Estes pratos de porcelana por atacado oferecem servi\u00e7os OEM\/ODM, permitindo a personaliza\u00e7\u00e3o de log\u00f3tipos, padr\u00f5es, cores e embalagens de acordo com as necessidades do cliente para satisfazer os requisitos de individualidade da marca.<\/li>\n<\/ul>\n<\/div>\n\n\n\n<div class=\"wp-block-column is-layout-flow wp-block-column-is-layout-flow\">\n<figure class=\"wp-block-image size-full\"><img fetchpriority=\"high\" decoding=\"async\" width=\"1080\" height=\"1080\" src=\"https:\/\/www.yongjianceramic.com\/wp-content\/uploads\/2025\/11\/porcelain-dinner-plates-wholesale-odm-ceramic-dish-supply-3.webp\" alt=\"pratos de jantar de porcelana - venda por grosso - odm - fornecimento de lou\u00e7a cer\u00e2mica - 3\" class=\"wp-image-5237\" srcset=\"https:\/\/www.yongjianceramic.com\/wp-content\/uploads\/2025\/11\/porcelain-dinner-plates-wholesale-odm-ceramic-dish-supply-3.webp 1080w, https:\/\/www.yongjianceramic.com\/wp-content\/uploads\/2025\/11\/porcelain-dinner-plates-wholesale-odm-ceramic-dish-supply-3-300x300.webp 300w, https:\/\/www.yongjianceramic.com\/wp-content\/uploads\/2025\/11\/porcelain-dinner-plates-wholesale-odm-ceramic-dish-supply-3-150x150.webp 150w, https:\/\/www.yongjianceramic.com\/wp-content\/uploads\/2025\/11\/porcelain-dinner-plates-wholesale-odm-ceramic-dish-supply-3-768x768.webp 768w, https:\/\/www.yongjianceramic.com\/wp-content\/uploads\/2025\/11\/porcelain-dinner-plates-wholesale-odm-ceramic-dish-supply-3-12x12.webp 12w, https:\/\/www.yongjianceramic.com\/wp-content\/uploads\/2025\/11\/porcelain-dinner-plates-wholesale-odm-ceramic-dish-supply-3-285x285.webp 285w, https:\/\/www.yongjianceramic.com\/wp-content\/uploads\/2025\/11\/porcelain-dinner-plates-wholesale-odm-ceramic-dish-supply-3-270x270.webp 270w, https:\/\/www.yongjianceramic.com\/wp-content\/uploads\/2025\/11\/porcelain-dinner-plates-wholesale-odm-ceramic-dish-supply-3-540x540.webp 540w, https:\/\/www.yongjianceramic.com\/wp-content\/uploads\/2025\/11\/porcelain-dinner-plates-wholesale-odm-ceramic-dish-supply-3-660x660.webp 660w\" sizes=\"(max-width: 1080px) 100vw, 1080px\" \/><\/figure>\n<\/div>\n<\/div>","protected":false},"excerpt":{"rendered":"<p>Bem-vindo ao comprar estes pratos de porcelana por grosso. Com um design \u00fanico de padr\u00e3o ondulante azul, estes pratos de porcelana de alta qualidade s\u00e3o cozinhados a altas temperaturas e s\u00e3o amplamente utilizados em restaurantes, hot\u00e9is e refei\u00e7\u00f5es em casa. Apoiamos o servi\u00e7o OEM\/ODM e somos \u00f3ptimos para parcerias de co-branding e venda por grosso, e fornecemos um produto que tem um valor est\u00e9tico melhorado e uma competitividade melhorada.<\/p>\n<table border=\"0\" width=\"309\" cellspacing=\"0\" cellpadding=\"0\">\n<tbody>\n<tr>\n<td width=\"120\" height=\"17\">Fabricante<\/td>\n<td width=\"189\">Yongjian<\/td>\n<\/tr>\n<tr>\n<td height=\"18\">Modelo n.<\/td>\n<td width=\"189\">YJ-167<\/td>\n<\/tr>\n<tr>\n<td height=\"17\">Tipo de produto<\/td>\n<td>Prato de jantar<\/td>\n<\/tr>\n<tr>\n<td height=\"17\">Material<\/td>\n<td>Porcelana<\/td>\n<\/tr>\n<tr>\n<td height=\"17\">Cor<\/td>\n<td>Como imagem<\/td>\n<\/tr>\n<tr>\n<td height=\"18\">Dimens\u00e3o<\/td>\n<td width=\"189\">20*20*4cm<\/td>\n<\/tr>\n<tr>\n<td height=\"17\">MOQ<\/td>\n<td>500 unidades<\/td>\n<\/tr>\n<tr>\n<td height=\"17\">Personalizado<\/td>\n<td>Cor\/tamanho\/log\u00f3tipo\/embalagem<\/td>\n<\/tr>\n<\/tbody>\n<\/table>","protected":false},"featured_media":5235,"comment_status":"closed","ping_status":"closed","template":"","meta":{"_acf_changed":false},"product_brand":[],"product_cat":[93,62],"product_tag":[81],"class_list":{"0":"post-5233","1":"product","2":"type-product","3":"status-publish","4":"has-post-thumbnail","6":"product_cat-bulk-dinner-plates","7":"product_cat-ceramic-plates-wholesale","8":"product_tag-modern-design-dinnerware-set-wholesale","10":"first","11":"instock","12":"shipping-taxable","13":"product-type-simple"},"acf":[],"_links":{"self":[{"href":"https:\/\/www.yongjianceramic.com\/pt\/wp-json\/wp\/v2\/product\/5233","targetHints":{"allow":["GET"]}}],"collection":[{"href":"https:\/\/www.yongjianceramic.com\/pt\/wp-json\/wp\/v2\/product"}],"about":[{"href":"https:\/\/www.yongjianceramic.com\/pt\/wp-json\/wp\/v2\/types\/product"}],"replies":[{"embeddable":true,"href":"https:\/\/www.yongjianceramic.com\/pt\/wp-json\/wp\/v2\/comments?post=5233"}],"wp:featuredmedia":[{"embeddable":true,"href":"https:\/\/www.yongjianceramic.com\/pt\/wp-json\/wp\/v2\/media\/5235"}],"wp:attachment":[{"href":"https:\/\/www.yongjianceramic.com\/pt\/wp-json\/wp\/v2\/media?parent=5233"}],"wp:term":[{"taxonomy":"product_brand","embeddable":true,"href":"https:\/\/www.yongjianceramic.com\/pt\/wp-json\/wp\/v2\/product_brand?post=5233"},{"taxonomy":"product_cat","embeddable":true,"href":"https:\/\/www.yongjianceramic.com\/pt\/wp-json\/wp\/v2\/product_cat?post=5233"},{"taxonomy":"product_tag","embeddable":true,"href":"https:\/\/www.yongjianceramic.com\/pt\/wp-json\/wp\/v2\/product_tag?post=5233"}],"curies":[{"name":"wp","href":"https:\/\/api.w.org\/{rel}","templated":true}]}}