{"id":5238,"date":"2025-11-06T11:26:07","date_gmt":"2025-11-06T03:26:07","guid":{"rendered":"https:\/\/www.yongjianceramic.com\/?post_type=product&#038;p=5238"},"modified":"2025-11-06T14:25:24","modified_gmt":"2025-11-06T06:25:24","slug":"bulk-wholesale-ceramic-plates","status":"publish","type":"product","link":"https:\/\/www.yongjianceramic.com\/pt\/produto\/bulk-wholesale-ceramic-plates\/","title":{"rendered":"Pratos de cer\u00e2mica com padr\u00e3o de cris\u00e2ntemo por atacado a granel"},"content":{"rendered":"<div class=\"wp-block-columns is-layout-flex wp-container-core-columns-is-layout-9d6595d7 wp-block-columns-is-layout-flex\">\n<div class=\"wp-block-column is-layout-flow wp-block-column-is-layout-flow\">\n<h2 class=\"wp-block-heading\">Placas de cer\u00e2mica Premium Bulk Wholesale Carater\u00edsticas:<\/h2>\n\n\n\n<ul class=\"wp-block-list\">\n<li><strong>Desenho de padr\u00e3o de cris\u00e2ntemo:<\/strong> Estes pratos de cer\u00e2mica a granel por atacado t\u00eam um belo padr\u00e3o de cris\u00e2ntemo que \u00e9 inspirado na arte tradicional chinesa. Estes elegantes pratos t\u00eam uma pureza e uma beleza intemporal.<\/li>\n\n\n\n<li><strong>Material cer\u00e2mico de alta qualidade:<\/strong> Estes pratos de jantar por atacado s\u00e3o feitos de cer\u00e2mica dur\u00e1vel de alta cozedura. A durabilidade desta placa leva a uma excelente dureza, textura suave e resist\u00eancia ao desgaste e aos riscos relacionados com a utiliza\u00e7\u00e3o di\u00e1ria.<\/li>\n\n\n\n<li><strong>Esmalte sem chumbo e seguro para alimentos:<\/strong> Estas placas de cer\u00e2mica a granel por atacado s\u00e3o acabadas com esmalte n\u00e3o t\u00f3xico sem chumbo, que \u00e9 amigo do ambiente e seguro para os alimentos. \u00c9 ideal para uso dom\u00e9stico ou em restaurantes.<\/li>\n\n\n\n<li><strong>Perfeito para utilizar em qualquer altura:<\/strong> Estes pratos personalizados s\u00e3o perfeitos para refei\u00e7\u00f5es di\u00e1rias, catering, utiliza\u00e7\u00e3o em mesas de restaurantes ou hot\u00e9is. O padr\u00e3o art\u00edstico \u00e9 uma mais-valia para servir comida e apresenta-se lindamente numa mesa de jantar.<\/li>\n<\/ul>\n<\/div>\n\n\n\n<div class=\"wp-block-column is-layout-flow wp-block-column-is-layout-flow\">\n<figure class=\"wp-block-image size-full\"><img fetchpriority=\"high\" decoding=\"async\" width=\"1080\" height=\"1080\" src=\"https:\/\/www.yongjianceramic.com\/wp-content\/uploads\/2025\/11\/bulk-wholesale-ceramic-plates-with-chrysanthemum-pattern-3.webp\" alt=\"venda a granel de placas de cer\u00e2mica com padr\u00e3o de cris\u00e2ntemo - 3\" class=\"wp-image-5241\" srcset=\"https:\/\/www.yongjianceramic.com\/wp-content\/uploads\/2025\/11\/bulk-wholesale-ceramic-plates-with-chrysanthemum-pattern-3.webp 1080w, https:\/\/www.yongjianceramic.com\/wp-content\/uploads\/2025\/11\/bulk-wholesale-ceramic-plates-with-chrysanthemum-pattern-3-300x300.webp 300w, https:\/\/www.yongjianceramic.com\/wp-content\/uploads\/2025\/11\/bulk-wholesale-ceramic-plates-with-chrysanthemum-pattern-3-150x150.webp 150w, https:\/\/www.yongjianceramic.com\/wp-content\/uploads\/2025\/11\/bulk-wholesale-ceramic-plates-with-chrysanthemum-pattern-3-768x768.webp 768w, https:\/\/www.yongjianceramic.com\/wp-content\/uploads\/2025\/11\/bulk-wholesale-ceramic-plates-with-chrysanthemum-pattern-3-12x12.webp 12w, https:\/\/www.yongjianceramic.com\/wp-content\/uploads\/2025\/11\/bulk-wholesale-ceramic-plates-with-chrysanthemum-pattern-3-285x285.webp 285w, https:\/\/www.yongjianceramic.com\/wp-content\/uploads\/2025\/11\/bulk-wholesale-ceramic-plates-with-chrysanthemum-pattern-3-270x270.webp 270w, https:\/\/www.yongjianceramic.com\/wp-content\/uploads\/2025\/11\/bulk-wholesale-ceramic-plates-with-chrysanthemum-pattern-3-540x540.webp 540w, https:\/\/www.yongjianceramic.com\/wp-content\/uploads\/2025\/11\/bulk-wholesale-ceramic-plates-with-chrysanthemum-pattern-3-660x660.webp 660w\" sizes=\"(max-width: 1080px) 100vw, 1080px\" \/><\/figure>\n<\/div>\n<\/div>","protected":false},"excerpt":{"rendered":"<p>Bem-vindo ao comprar estes pratos de cer\u00e2mica por atacado a granel, que s\u00e3o feitos de cer\u00e2mica dur\u00e1vel de qualidade alimentar com um esmalte suave e s\u00e3o ideais para restaurantes, hot\u00e9is e uso dom\u00e9stico. O prato apresenta um elegante padr\u00e3o de cris\u00e2ntemo com uma linha suave, atingindo um equil\u00edbrio entre a est\u00e9tica minimalista moderna e a influ\u00eancia oriental tradicional. Representa um servi\u00e7o de mesa comercial de elevado desempenho, para al\u00e9m de ser duradouro e pr\u00e1tico. Est\u00e3o dispon\u00edveis servi\u00e7os OEM e ODM.<\/p>\n<table border=\"0\" width=\"309\" cellspacing=\"0\" cellpadding=\"0\">\n<tbody>\n<tr>\n<td width=\"120\" height=\"17\">Fabricante<\/td>\n<td width=\"189\">Yongjian<\/td>\n<\/tr>\n<tr>\n<td height=\"18\">Modelo n.<\/td>\n<td width=\"189\">YJ-168<\/td>\n<\/tr>\n<tr>\n<td height=\"17\">Tipo de produto<\/td>\n<td>Prato de jantar<\/td>\n<\/tr>\n<tr>\n<td height=\"17\">Material<\/td>\n<td>Porcelana<\/td>\n<\/tr>\n<tr>\n<td height=\"17\">Cor<\/td>\n<td>Como imagem<\/td>\n<\/tr>\n<tr>\n<td height=\"18\">Dimens\u00e3o<\/td>\n<td width=\"189\">20*20*4cm<\/td>\n<\/tr>\n<tr>\n<td height=\"17\">MOQ<\/td>\n<td>500 unidades<\/td>\n<\/tr>\n<tr>\n<td height=\"17\">Personalizado<\/td>\n<td>Cor\/tamanho\/log\u00f3tipo\/embalagem<\/td>\n<\/tr>\n<\/tbody>\n<\/table>","protected":false},"featured_media":5239,"comment_status":"closed","ping_status":"closed","template":"","meta":{"_acf_changed":false},"product_brand":[],"product_cat":[93,62],"product_tag":[81,86],"class_list":{"0":"post-5238","1":"product","2":"type-product","3":"status-publish","4":"has-post-thumbnail","6":"product_cat-bulk-dinner-plates","7":"product_cat-ceramic-plates-wholesale","8":"product_tag-modern-design-dinnerware-set-wholesale","9":"product_tag-oriental-style-dinnerware-wholesale","11":"first","12":"instock","13":"shipping-taxable","14":"product-type-simple"},"acf":[],"_links":{"self":[{"href":"https:\/\/www.yongjianceramic.com\/pt\/wp-json\/wp\/v2\/product\/5238","targetHints":{"allow":["GET"]}}],"collection":[{"href":"https:\/\/www.yongjianceramic.com\/pt\/wp-json\/wp\/v2\/product"}],"about":[{"href":"https:\/\/www.yongjianceramic.com\/pt\/wp-json\/wp\/v2\/types\/product"}],"replies":[{"embeddable":true,"href":"https:\/\/www.yongjianceramic.com\/pt\/wp-json\/wp\/v2\/comments?post=5238"}],"wp:featuredmedia":[{"embeddable":true,"href":"https:\/\/www.yongjianceramic.com\/pt\/wp-json\/wp\/v2\/media\/5239"}],"wp:attachment":[{"href":"https:\/\/www.yongjianceramic.com\/pt\/wp-json\/wp\/v2\/media?parent=5238"}],"wp:term":[{"taxonomy":"product_brand","embeddable":true,"href":"https:\/\/www.yongjianceramic.com\/pt\/wp-json\/wp\/v2\/product_brand?post=5238"},{"taxonomy":"product_cat","embeddable":true,"href":"https:\/\/www.yongjianceramic.com\/pt\/wp-json\/wp\/v2\/product_cat?post=5238"},{"taxonomy":"product_tag","embeddable":true,"href":"https:\/\/www.yongjianceramic.com\/pt\/wp-json\/wp\/v2\/product_tag?post=5238"}],"curies":[{"name":"wp","href":"https:\/\/api.w.org\/{rel}","templated":true}]}}