{"id":5242,"date":"2025-11-06T12:00:37","date_gmt":"2025-11-06T04:00:37","guid":{"rendered":"https:\/\/www.yongjianceramic.com\/?post_type=product&#038;p=5242"},"modified":"2025-11-06T15:26:13","modified_gmt":"2025-11-06T07:26:13","slug":"custom-printed-soup-bowls","status":"publish","type":"product","link":"https:\/\/www.yongjianceramic.com\/pt\/produto\/custom-printed-soup-bowls\/","title":{"rendered":"Ta\u00e7as para sopa com impress\u00e3o personalizada e padr\u00e3o floral de mandala"},"content":{"rendered":"<div class=\"wp-block-columns is-layout-flex wp-container-core-columns-is-layout-9d6595d7 wp-block-columns-is-layout-flex\">\n<div class=\"wp-block-column is-layout-flow wp-block-column-is-layout-flow\">\n<h2 class=\"wp-block-heading\">Ta\u00e7as de sopa impressas personalizadas Premium Carater\u00edsticas:<\/h2>\n\n\n\n<ul class=\"wp-block-list\">\n<li><strong>Design floral distinto da Mandala: <\/strong>Estas tigelas de sopa impressas personalizadas apresentam belos desenhos florais de mandala no interior das tigelas, com cores suaves e camadas complexas. O corpo da tigela apresenta uma cor de fundo de alta satura\u00e7\u00e3o com desenhos florais brancos simplistas desenhados \u00e0 m\u00e3o que exibem um estilo de arte e design do Oriente ao Ocidente.<\/li>\n\n\n\n<li><strong>Design de pega \u00fanica: <\/strong>Estas tigelas de sopa com impress\u00e3o personalizada t\u00eam uma pega \u00fanica de um lado. A pega permite agarrar facilmente as sopas ou papas quentes, criando desempenho e conforto.<\/li>\n\n\n\n<li><strong>Material cer\u00e2mico de alta qualidade: <\/strong>Estas tigelas de sopa para venda por grosso s\u00e3o feitas de cer\u00e2mica de alta qualidade, cozida em forno a altas temperaturas, o que as torna robustas, resistentes ao calor e \u00e0s fissuras. T\u00eam um esmalte liso e brilhante que \u00e9 f\u00e1cil de lavar e seguro para comer, uma vez que n\u00e3o s\u00e3o t\u00f3xicos e s\u00e3o adequados para o uso di\u00e1rio em casa, caf\u00e9s e restaurantes.<\/li>\n\n\n\n<li><strong>Vasta gama de aplica\u00e7\u00f5es:<\/strong> Estas tigelas de sopa por atacado com uma \u00fanica pega s\u00e3o adequadas para servir sopas, cereais, sobremesas, saladas, etc. Estas tigelas s\u00e3o ideais para casas, restaurantes, hot\u00e9is ou conjuntos de oferta.<\/li>\n<\/ul>\n<\/div>\n\n\n\n<div class=\"wp-block-column is-vertically-aligned-center is-layout-flow wp-block-column-is-layout-flow\"><div class=\"wp-block-image\">\n<figure class=\"aligncenter size-full\"><img fetchpriority=\"high\" decoding=\"async\" width=\"1080\" height=\"1080\" src=\"https:\/\/www.yongjianceramic.com\/wp-content\/uploads\/2025\/11\/custom-printed-soup-bowls-with-mandala-floral-pattern-5.webp\" alt=\"ta\u00e7as para sopa com padr\u00e3o floral-mandala-5 com impress\u00e3o personalizada\" class=\"wp-image-5248\" srcset=\"https:\/\/www.yongjianceramic.com\/wp-content\/uploads\/2025\/11\/custom-printed-soup-bowls-with-mandala-floral-pattern-5.webp 1080w, https:\/\/www.yongjianceramic.com\/wp-content\/uploads\/2025\/11\/custom-printed-soup-bowls-with-mandala-floral-pattern-5-300x300.webp 300w, https:\/\/www.yongjianceramic.com\/wp-content\/uploads\/2025\/11\/custom-printed-soup-bowls-with-mandala-floral-pattern-5-150x150.webp 150w, https:\/\/www.yongjianceramic.com\/wp-content\/uploads\/2025\/11\/custom-printed-soup-bowls-with-mandala-floral-pattern-5-768x768.webp 768w, https:\/\/www.yongjianceramic.com\/wp-content\/uploads\/2025\/11\/custom-printed-soup-bowls-with-mandala-floral-pattern-5-12x12.webp 12w, https:\/\/www.yongjianceramic.com\/wp-content\/uploads\/2025\/11\/custom-printed-soup-bowls-with-mandala-floral-pattern-5-285x285.webp 285w, https:\/\/www.yongjianceramic.com\/wp-content\/uploads\/2025\/11\/custom-printed-soup-bowls-with-mandala-floral-pattern-5-270x270.webp 270w, https:\/\/www.yongjianceramic.com\/wp-content\/uploads\/2025\/11\/custom-printed-soup-bowls-with-mandala-floral-pattern-5-540x540.webp 540w, https:\/\/www.yongjianceramic.com\/wp-content\/uploads\/2025\/11\/custom-printed-soup-bowls-with-mandala-floral-pattern-5-660x660.webp 660w\" sizes=\"(max-width: 1080px) 100vw, 1080px\" \/><\/figure>\n<\/div><\/div>\n<\/div>\n\n\n\n<p><\/p>","protected":false},"excerpt":{"rendered":"<p>Bem-vindo ao comprar as nossas tigelas de sopa impressas personalizadas com uma elegante mandala floral com uma \u00fanica pega, fabricadas em cer\u00e2mica dur\u00e1vel e com suporte de servi\u00e7o OEM\/ODM. Ideais para servir sopas ou cereais em casa, caf\u00e9s e restaurantes, estas tigelas combinam o design art\u00edstico com a praticidade quotidiana e s\u00e3o perfeitas para personaliza\u00e7\u00e3o a granel e promo\u00e7\u00e3o da marca.<\/p>\n<table border=\"0\" width=\"309\" cellspacing=\"0\" cellpadding=\"0\">\n<tbody>\n<tr>\n<td width=\"120\" height=\"17\">Fabricante<\/td>\n<td width=\"189\">Yongjian<\/td>\n<\/tr>\n<tr>\n<td height=\"36\">Modelo n.<\/td>\n<td width=\"189\">YJ-169<br \/>YJ-170<\/td>\n<\/tr>\n<tr>\n<td height=\"17\">Tipo de produto<\/td>\n<td>Tigelas com cabo, Tigelas para sopa e Ramen<\/td>\n<\/tr>\n<tr>\n<td height=\"17\">Material<\/td>\n<td>Porcelana<\/td>\n<\/tr>\n<tr>\n<td height=\"17\">Cor<\/td>\n<td>Como imagem<\/td>\n<\/tr>\n<tr>\n<td height=\"18\">Dimens\u00e3o<\/td>\n<td width=\"189\">15*15*5,5cm<\/td>\n<\/tr>\n<tr>\n<td height=\"17\">MOQ<\/td>\n<td>500 unidades<\/td>\n<\/tr>\n<tr>\n<td height=\"17\">Personalizado<\/td>\n<td>Cor\/tamanho\/log\u00f3tipo\/embalagem<\/td>\n<\/tr>\n<\/tbody>\n<\/table>","protected":false},"featured_media":5249,"comment_status":"closed","ping_status":"closed","template":"","meta":{"_acf_changed":false},"product_brand":[],"product_cat":[63,75,73],"product_tag":[84],"class_list":{"0":"post-5242","1":"product","2":"type-product","3":"status-publish","4":"has-post-thumbnail","6":"product_cat-wholesale-bowls","7":"product_cat-handled-bowls-wholesale","8":"product_cat-bulk-soup-bowls","9":"product_tag-retro-design-dinnerware-wholesale","11":"first","12":"instock","13":"shipping-taxable","14":"product-type-simple"},"acf":[],"_links":{"self":[{"href":"https:\/\/www.yongjianceramic.com\/pt\/wp-json\/wp\/v2\/product\/5242","targetHints":{"allow":["GET"]}}],"collection":[{"href":"https:\/\/www.yongjianceramic.com\/pt\/wp-json\/wp\/v2\/product"}],"about":[{"href":"https:\/\/www.yongjianceramic.com\/pt\/wp-json\/wp\/v2\/types\/product"}],"replies":[{"embeddable":true,"href":"https:\/\/www.yongjianceramic.com\/pt\/wp-json\/wp\/v2\/comments?post=5242"}],"wp:featuredmedia":[{"embeddable":true,"href":"https:\/\/www.yongjianceramic.com\/pt\/wp-json\/wp\/v2\/media\/5249"}],"wp:attachment":[{"href":"https:\/\/www.yongjianceramic.com\/pt\/wp-json\/wp\/v2\/media?parent=5242"}],"wp:term":[{"taxonomy":"product_brand","embeddable":true,"href":"https:\/\/www.yongjianceramic.com\/pt\/wp-json\/wp\/v2\/product_brand?post=5242"},{"taxonomy":"product_cat","embeddable":true,"href":"https:\/\/www.yongjianceramic.com\/pt\/wp-json\/wp\/v2\/product_cat?post=5242"},{"taxonomy":"product_tag","embeddable":true,"href":"https:\/\/www.yongjianceramic.com\/pt\/wp-json\/wp\/v2\/product_tag?post=5242"}],"curies":[{"name":"wp","href":"https:\/\/api.w.org\/{rel}","templated":true}]}}